{"id":495024,"date":"2025-04-24T09:25:55","date_gmt":"2025-04-24T09:25:56","guid":{"rendered":"https:\/\/www.erresse-shop.it\/?post_type=product&#038;p=495024"},"modified":"2026-02-10T10:11:27","modified_gmt":"2026-02-10T10:11:27","slug":"ken-hom-wok-excellence-antihaftbeschichtung-35-cm-kohlenstoffstahl","status":"publish","type":"product","link":"https:\/\/www.erresse-shop.it\/de\/shop\/toepfe-pfannen\/wok-topf-pfanne\/ken-hom-wok-excellence-antihaftbeschichtung-35-cm-kohlenstoffstahl\/","title":{"rendered":"KEN HOM Wok Excellence Antihaftbeschichtung 35 cm Kohlenstoffstahl"},"content":{"rendered":"<p>Dieser Wok ist f\u00fcr Induktionskochfelder geeignet und erm\u00f6glicht schnelles und einfaches Kochen in der Pfanne. Er bietet das ideale Fassungsverm\u00f6gen f\u00fcr die Zubereitung einer leckeren Mahlzeit f\u00fcr 3 oder 4 Personen. Dank seines geringen Gewichts und des flachen Bodens ist er einfach zu handhaben und eignet sich perfekt f\u00fcr alle Herdarten, einschlie\u00dflich Induktion. Dieser Wok ist sp\u00fclmaschinenfest und hat 5 Jahre Garantie.<\/p>\n<ul>\n<li>Leichter Wok aus Karbonstahl mit doppelter Antihaftbeschichtung<\/li>\n<li>Hergestellt aus 1,5 mm dickem Kohlenstoffstahl<\/li>\n<li>Sp\u00fclmaschinenfest<\/li>\n<li>Kompatibel mit Induktionskochfeldern<\/li>\n<li>PFOA-frei<\/li>\n<li>PFAS-frei<\/li>\n<li>5 Jahre Garantie<\/li>\n<\/ul>\n<p><strong>Au\u00dfergew\u00f6hnliche Qualit\u00e4t<\/strong><\/p>\n<p>Es besteht aus 1,5 mm dickem Kohlenstoffstahl und bietet eine hervorragende W\u00e4rmeleitung, wodurch es sich ideal zum Kochen bei hohen Temperaturen und hoher Geschwindigkeit eignet und gleichzeitig eine konstante Temperatur gew\u00e4hrleistet. Die Antihaftbeschichtung ist f\u00fcr die Verwendung mit Metallutensilien geeignet.<\/p>\n<p>Der lange Phenolgriff erm\u00f6glicht ein bequemes Tragen und eine perfekte Balance, wodurch ein Umkippen verhindert wird. Es ist mit zwei Nieten sicher am Wok befestigt, sodass es sich mit der Zeit nicht l\u00f6st oder wackelt.<\/p>\n<p><strong>WICHTIG:<\/strong><\/p>\n<p>Dieser Wok ist nicht mit Metallutensilien kompatibel; Um Kratzer zu vermeiden, verwenden Sie vorzugsweise Utensilien aus Holz oder Nylon.<\/p>\n<p>Der Wok ist f\u00fcr alle Herdarten geeignet, auch f\u00fcr Induktion; Es empfiehlt sich jedoch, zus\u00e4tzlich die Gebrauchsanweisung des Kochfeldherstellers zu beachten. Nicht f\u00fcr die Verwendung in herk\u00f6mmlichen \u00d6fen oder Mikrowellen geeignet. Sollte sich der Griff w\u00e4hrend des Gebrauchs l\u00f6sen, ziehen Sie ihn sofort fest. Passen Sie den Boden des Woks immer an die Kochzone an, auf der er verwendet wird. \u00d6l in den Wok geben und vorsichtig erhitzen, bis sich auf der \u00d6loberfl\u00e4che kleine \u201eWellen\u201c bilden.<\/p>\n<p><strong>Reinigung:<\/strong><\/p>\n<p>Lassen Sie den Wok vor der Reinigung einige Minuten abk\u00fchlen. Bei hartn\u00e4ckigen Speiseresten warmes Seifenwasser auff\u00fcllen und einweichen lassen. Verwenden Sie nur Reinigungsschw\u00e4mme, die speziell f\u00fcr antihaftbeschichtete Oberfl\u00e4chen entwickelt wurden. Verwenden Sie auf keiner Oberfl\u00e4che Metallschw\u00e4mme, scheuernde oder sehr harte Schw\u00e4mme, Sp\u00fclb\u00fcrsten oder Scheuermittel.<\/p>\n<p><strong>Ma\u00dfe Wok:<\/strong> 60 x 35.5 x 12 cm<br \/>\n<strong>Durchmesser Wokboden:<\/strong> 17 cm<br \/>\n<strong>Gewicht: <\/strong>1.6 kg<\/p>\n","protected":false},"excerpt":{"rendered":"<p>Dieser Wok ist f\u00fcr Induktionskochfelder geeignet und erm\u00f6glicht schnelles und einfaches Kochen in der Pfanne. Er bietet das ideale Fassungsverm\u00f6gen<\/p>\n","protected":false},"featured_media":495045,"template":"","meta":{"_acf_changed":false,"inline_featured_image":false},"product_cat":[6709,6781],"product_tag":[25027,11395,23911,24398,21533,25022,11690],"acf":[],"yoast_head":"<!-- This site is optimized with the Yoast SEO Premium plugin v18.6 (Yoast SEO v19.13) - https:\/\/yoast.com\/wordpress\/plugins\/seo\/ -->\n<title>KEN HOM Wok Excellence Antihaftbeschichtung 35 cm Kohlenstoffstahl - Erresse Shop<\/title>\n<meta name=\"description\" content=\"Dieser Wok ist f\u00fcr Induktionskochfelder geeignet und erm\u00f6glicht schnelles und einfaches Kochen in der Pfanne. Er bietet das ideale Fassungsverm\u00f6gen f\u00fcr\" \/>\n<meta name=\"robots\" content=\"index, follow, max-snippet:-1, max-image-preview:large, max-video-preview:-1\" \/>\n<link rel=\"canonical\" href=\"https:\/\/www.erresse-shop.it\/de\/shop\/toepfe-pfannen\/wok-topf-pfanne\/ken-hom-wok-excellence-antihaftbeschichtung-35-cm-kohlenstoffstahl\/\" \/>\n<meta property=\"og:locale\" content=\"de_DE\" \/>\n<meta property=\"og:type\" content=\"article\" \/>\n<meta property=\"og:title\" content=\"KEN HOM Wok Excellence Antihaftbeschichtung 35 cm Kohlenstoffstahl\" \/>\n<meta property=\"og:description\" content=\"Dieser Wok ist f\u00fcr Induktionskochfelder geeignet und erm\u00f6glicht schnelles und einfaches Kochen in der Pfanne. Er bietet das ideale Fassungsverm\u00f6gen f\u00fcr\" \/>\n<meta property=\"og:url\" content=\"https:\/\/www.erresse-shop.it\/de\/shop\/toepfe-pfannen\/wok-topf-pfanne\/ken-hom-wok-excellence-antihaftbeschichtung-35-cm-kohlenstoffstahl\/\" \/>\n<meta property=\"og:site_name\" content=\"Erresse Shop\" \/>\n<meta property=\"article:modified_time\" content=\"2026-02-10T10:11:27+00:00\" \/>\n<meta property=\"og:image\" content=\"https:\/\/www.erresse-shop.it\/wp-content\/uploads\/2025\/04\/KEN-HOM-Wok-Excellence-Antiaderente-35-cm-Acciaio-al-Carbonio.jpg\" \/>\n\t<meta property=\"og:image:width\" content=\"1200\" \/>\n\t<meta property=\"og:image:height\" content=\"1200\" \/>\n\t<meta property=\"og:image:type\" content=\"image\/jpeg\" \/>\n<meta name=\"twitter:card\" content=\"summary_large_image\" \/>\n<script type=\"application\/ld+json\" class=\"yoast-schema-graph\">{\"@context\":\"https:\/\/schema.org\",\"@graph\":[{\"@type\":\"WebPage\",\"@id\":\"https:\/\/www.erresse-shop.it\/de\/shop\/toepfe-pfannen\/wok-topf-pfanne\/ken-hom-wok-excellence-antihaftbeschichtung-35-cm-kohlenstoffstahl\/\",\"url\":\"https:\/\/www.erresse-shop.it\/de\/shop\/toepfe-pfannen\/wok-topf-pfanne\/ken-hom-wok-excellence-antihaftbeschichtung-35-cm-kohlenstoffstahl\/\",\"name\":\"KEN HOM Wok Excellence Antihaftbeschichtung 35 cm Kohlenstoffstahl - Erresse Shop\",\"isPartOf\":{\"@id\":\"https:\/\/www.erresse-shop.it\/de\/#website\"},\"datePublished\":\"2025-04-24T09:25:56+00:00\",\"dateModified\":\"2026-02-10T10:11:27+00:00\",\"description\":\"Dieser Wok ist f\u00fcr Induktionskochfelder geeignet und erm\u00f6glicht schnelles und einfaches Kochen in der Pfanne. Er bietet das ideale Fassungsverm\u00f6gen f\u00fcr\",\"breadcrumb\":{\"@id\":\"https:\/\/www.erresse-shop.it\/de\/shop\/toepfe-pfannen\/wok-topf-pfanne\/ken-hom-wok-excellence-antihaftbeschichtung-35-cm-kohlenstoffstahl\/#breadcrumb\"},\"inLanguage\":\"de-DE\",\"potentialAction\":[{\"@type\":\"ReadAction\",\"target\":[\"https:\/\/www.erresse-shop.it\/de\/shop\/toepfe-pfannen\/wok-topf-pfanne\/ken-hom-wok-excellence-antihaftbeschichtung-35-cm-kohlenstoffstahl\/\"]}]},{\"@type\":\"BreadcrumbList\",\"@id\":\"https:\/\/www.erresse-shop.it\/de\/shop\/toepfe-pfannen\/wok-topf-pfanne\/ken-hom-wok-excellence-antihaftbeschichtung-35-cm-kohlenstoffstahl\/#breadcrumb\",\"itemListElement\":[{\"@type\":\"ListItem\",\"position\":1,\"name\":\"Home\",\"item\":\"https:\/\/www.erresse-shop.it\/de\/\"},{\"@type\":\"ListItem\",\"position\":2,\"name\":\"Shop\",\"item\":\"https:\/\/www.erresse-shop.it\/de\/shop\/\"},{\"@type\":\"ListItem\",\"position\":3,\"name\":\"KEN HOM Wok Excellence Antihaftbeschichtung 35 cm Kohlenstoffstahl\"}]},{\"@type\":\"WebSite\",\"@id\":\"https:\/\/www.erresse-shop.it\/de\/#website\",\"url\":\"https:\/\/www.erresse-shop.it\/de\/\",\"name\":\"Erresse Shop\",\"description\":\"Articoli di qualit\u00e0 per la casa\",\"potentialAction\":[{\"@type\":\"SearchAction\",\"target\":{\"@type\":\"EntryPoint\",\"urlTemplate\":\"https:\/\/www.erresse-shop.it\/de\/?s={search_term_string}\"},\"query-input\":\"required name=search_term_string\"}],\"inLanguage\":\"de-DE\"}]}<\/script>\n<!-- \/ Yoast SEO Premium plugin. -->","yoast_head_json":{"title":"KEN HOM Wok Excellence Antihaftbeschichtung 35 cm Kohlenstoffstahl - Erresse Shop","description":"Dieser Wok ist f\u00fcr Induktionskochfelder geeignet und erm\u00f6glicht schnelles und einfaches Kochen in der Pfanne. Er bietet das ideale Fassungsverm\u00f6gen f\u00fcr","robots":{"index":"index","follow":"follow","max-snippet":"max-snippet:-1","max-image-preview":"max-image-preview:large","max-video-preview":"max-video-preview:-1"},"canonical":"https:\/\/www.erresse-shop.it\/de\/shop\/toepfe-pfannen\/wok-topf-pfanne\/ken-hom-wok-excellence-antihaftbeschichtung-35-cm-kohlenstoffstahl\/","og_locale":"de_DE","og_type":"article","og_title":"KEN HOM Wok Excellence Antihaftbeschichtung 35 cm Kohlenstoffstahl","og_description":"Dieser Wok ist f\u00fcr Induktionskochfelder geeignet und erm\u00f6glicht schnelles und einfaches Kochen in der Pfanne. Er bietet das ideale Fassungsverm\u00f6gen f\u00fcr","og_url":"https:\/\/www.erresse-shop.it\/de\/shop\/toepfe-pfannen\/wok-topf-pfanne\/ken-hom-wok-excellence-antihaftbeschichtung-35-cm-kohlenstoffstahl\/","og_site_name":"Erresse Shop","article_modified_time":"2026-02-10T10:11:27+00:00","og_image":[{"width":1200,"height":1200,"url":"https:\/\/www.erresse-shop.it\/wp-content\/uploads\/2025\/04\/KEN-HOM-Wok-Excellence-Antiaderente-35-cm-Acciaio-al-Carbonio.jpg","type":"image\/jpeg"}],"twitter_card":"summary_large_image","schema":{"@context":"https:\/\/schema.org","@graph":[{"@type":"WebPage","@id":"https:\/\/www.erresse-shop.it\/de\/shop\/toepfe-pfannen\/wok-topf-pfanne\/ken-hom-wok-excellence-antihaftbeschichtung-35-cm-kohlenstoffstahl\/","url":"https:\/\/www.erresse-shop.it\/de\/shop\/toepfe-pfannen\/wok-topf-pfanne\/ken-hom-wok-excellence-antihaftbeschichtung-35-cm-kohlenstoffstahl\/","name":"KEN HOM Wok Excellence Antihaftbeschichtung 35 cm Kohlenstoffstahl - Erresse Shop","isPartOf":{"@id":"https:\/\/www.erresse-shop.it\/de\/#website"},"datePublished":"2025-04-24T09:25:56+00:00","dateModified":"2026-02-10T10:11:27+00:00","description":"Dieser Wok ist f\u00fcr Induktionskochfelder geeignet und erm\u00f6glicht schnelles und einfaches Kochen in der Pfanne. Er bietet das ideale Fassungsverm\u00f6gen f\u00fcr","breadcrumb":{"@id":"https:\/\/www.erresse-shop.it\/de\/shop\/toepfe-pfannen\/wok-topf-pfanne\/ken-hom-wok-excellence-antihaftbeschichtung-35-cm-kohlenstoffstahl\/#breadcrumb"},"inLanguage":"de-DE","potentialAction":[{"@type":"ReadAction","target":["https:\/\/www.erresse-shop.it\/de\/shop\/toepfe-pfannen\/wok-topf-pfanne\/ken-hom-wok-excellence-antihaftbeschichtung-35-cm-kohlenstoffstahl\/"]}]},{"@type":"BreadcrumbList","@id":"https:\/\/www.erresse-shop.it\/de\/shop\/toepfe-pfannen\/wok-topf-pfanne\/ken-hom-wok-excellence-antihaftbeschichtung-35-cm-kohlenstoffstahl\/#breadcrumb","itemListElement":[{"@type":"ListItem","position":1,"name":"Home","item":"https:\/\/www.erresse-shop.it\/de\/"},{"@type":"ListItem","position":2,"name":"Shop","item":"https:\/\/www.erresse-shop.it\/de\/shop\/"},{"@type":"ListItem","position":3,"name":"KEN HOM Wok Excellence Antihaftbeschichtung 35 cm Kohlenstoffstahl"}]},{"@type":"WebSite","@id":"https:\/\/www.erresse-shop.it\/de\/#website","url":"https:\/\/www.erresse-shop.it\/de\/","name":"Erresse Shop","description":"Articoli di qualit\u00e0 per la casa","potentialAction":[{"@type":"SearchAction","target":{"@type":"EntryPoint","urlTemplate":"https:\/\/www.erresse-shop.it\/de\/?s={search_term_string}"},"query-input":"required name=search_term_string"}],"inLanguage":"de-DE"}]}},"df_price":29.95,"df_sale_price":29.95,"df_regular_price":46.75,"df_image_link":"https:\/\/www.erresse-shop.it\/wp-content\/uploads\/2025\/04\/KEN-HOM-Wok-Excellence-Antiaderente-35-cm-Acciaio-al-Carbonio-300x300.jpg","_links":{"self":[{"href":"https:\/\/www.erresse-shop.it\/de\/wp-json\/wp\/v2\/product\/495024"}],"collection":[{"href":"https:\/\/www.erresse-shop.it\/de\/wp-json\/wp\/v2\/product"}],"about":[{"href":"https:\/\/www.erresse-shop.it\/de\/wp-json\/wp\/v2\/types\/product"}],"wp:featuredmedia":[{"embeddable":true,"href":"https:\/\/www.erresse-shop.it\/de\/wp-json\/wp\/v2\/media\/495045"}],"wp:attachment":[{"href":"https:\/\/www.erresse-shop.it\/de\/wp-json\/wp\/v2\/media?parent=495024"}],"wp:term":[{"taxonomy":"product_cat","embeddable":true,"href":"https:\/\/www.erresse-shop.it\/de\/wp-json\/wp\/v2\/product_cat?post=495024"},{"taxonomy":"product_tag","embeddable":true,"href":"https:\/\/www.erresse-shop.it\/de\/wp-json\/wp\/v2\/product_tag?post=495024"}],"curies":[{"name":"wp","href":"https:\/\/api.w.org\/{rel}","templated":true}]}}