{"id":493615,"date":"2025-04-22T06:27:29","date_gmt":"2025-04-22T06:27:30","guid":{"rendered":"https:\/\/www.erresse-shop.it\/?post_type=product&#038;p=493615"},"modified":"2025-04-22T06:40:17","modified_gmt":"2025-04-22T06:40:17","slug":"bamix-set-baking-copia","status":"publish","type":"product","link":"https:\/\/www.erresse-shop.it\/de\/shop\/kleine-elektrogeraete\/mixer\/bamix-set-baking-copia\/","title":{"rendered":"BAMIX Gastro 350 Wei\u00df"},"content":{"rendered":"<div class=\"metafield-rich_text_field\">\n<p><strong>Gastro: die Profi-Version der kleinen bamix K\u00fcchenmaschine<\/strong><\/p>\n<p>Gastro ist die fortschrittlichste Version der bamix K\u00fcchenmaschine, konzipiert f\u00fcr den professionellen Einsatz. Ausgestattet mit einem extrem leistungsstarken AC-Motor erreicht er Geschwindigkeiten von 18.000 und 22.000 U\/min und sorgt so f\u00fcr hohe Leistung bei jeder kulinarischen Zubereitung. Sein 28,7 cm langer Stab erm\u00f6glicht das Arbeiten direkt in T\u00f6pfen auf dem Herd, ohne dass die Zutaten umgef\u00fcllt werden m\u00fcssen.<\/p>\n<p><strong>Mehrzweckklinge: Die Vielseitigkeit von Gastro<\/strong><\/p>\n<p>Eine der St\u00e4rken von Gastro ist seine Mehrzweckklinge. Mit dieser Universalklinge k\u00f6nnen Sie eine gro\u00dfe Bandbreite an Lebensmitteln, darunter auch Tiefk\u00fchlkost und Eisw\u00fcrfel, zerkleinern, schneiden und mixen. Perfekt f\u00fcr die Zubereitung von Suppen, Cremes, Pesto, Marmelade, Eiscreme, Smoothies, Milchshakes, Pizzateig und s\u00fc\u00dfem Teig, zeichnet sich das Mehrzweckmesser durch seine Vielseitigkeit aus.<\/p>\n<p><strong>Schneebesen f\u00fcr locker-leichte Zubereitungen<\/strong><\/p>\n<p>Der Gastro-Schneebesen ist ideal zum Erzielen leichter und homogener Konsistenzen. Es schl\u00e4gt Sahne, Magermilch und Eiwei\u00df im Handumdrehen und eignet sich perfekt f\u00fcr Mousse, Zabaione, Tiramisu und B\u00e9chamelsauce. Der Schneebesen macht nicht nur Desserts noch weicher, sondern emulgiert auch So\u00dfen und Milchshakes mit Leichtigkeit, sodass jede Zubereitung schnell und klumpenfrei gelingt.<\/p>\n<p><strong>Mixer: Die L\u00f6sung f\u00fcr cremige Zubereitungen<\/strong><\/p>\n<p>Der Gastro-Mixer ist f\u00fcr die Herstellung perfekter Emulsionen und homogener Mischungen konzipiert. Von Kartoffelp\u00fcree bis hin zu Mayonnaise, Pudding und Cr\u00e8me Caramel eignet sich dieses Zubeh\u00f6r perfekt f\u00fcr cremige und dichte Zubereitungen. Auch f\u00fcr die schnelle und einfache Zubereitung von Cocktails und Smoothies ist er bestens geeignet.<\/p>\n<p><strong>Innovation und Leistung auf Knopfdruck<\/strong><\/p>\n<p>Gastro von bamix steht f\u00fcr Spitzenleistungen im Bereich professioneller K\u00fcchenmaschinen. Mit seinem ergonomischen Design und den fortschrittlichen Funktionen passt es sich perfekt an alle kulinarischen Bed\u00fcrfnisse an. Egal ob in der privaten oder professionellen K\u00fcche, diese K\u00fcchenmaschine garantiert hohe Leistung und einwandfreie Ergebnisse bei jeder Zubereitung.<\/p>\n<\/div>\n<p><strong>EIGENSCHAFTEN<\/strong><\/p>\n<ul>\n<li><strong>Material<\/strong>: Kunststoff und Stahl<\/li>\n<li><strong>Abmessungen<\/strong>: 7 x 6,5 x 35,5 cm<\/li>\n<li><strong>Gewicht<\/strong>: 950 g<\/li>\n<\/ul>\n<p><strong>NOT FOR SALE OUTSIDE EUROPE<\/strong><\/p>\n","protected":false},"excerpt":{"rendered":"<p>Gastro: die Profi-Version der kleinen bamix K\u00fcchenmaschine Gastro ist die fortschrittlichste Version der bamix K\u00fcchenmaschine, konzipiert f\u00fcr den professionellen Einsatz.<\/p>\n","protected":false},"featured_media":493636,"template":"","meta":{"_acf_changed":false,"inline_featured_image":false},"product_cat":[6703,6886],"product_tag":[11415,11413,11925,21533,24762,20851],"acf":[],"yoast_head":"<!-- This site is optimized with the Yoast SEO Premium plugin v18.6 (Yoast SEO v19.13) - https:\/\/yoast.com\/wordpress\/plugins\/seo\/ -->\n<title>BAMIX Swissline Stabmixer Schwarz<\/title>\n<meta name=\"description\" content=\"Entdecken Sie BAMIX Swissline Stabmixer Schwarz bei ErresseShop. Qualit\u00e4t, Stil und Funktionalit\u00e4t \u2013 jetzt online bestellen!\" \/>\n<meta name=\"robots\" content=\"index, follow, max-snippet:-1, max-image-preview:large, max-video-preview:-1\" \/>\n<link rel=\"canonical\" href=\"https:\/\/www.erresse-shop.it\/de\/shop\/kleine-elektrogeraete\/mixer\/bamix-set-baking-copia\/\" \/>\n<meta property=\"og:locale\" content=\"de_DE\" \/>\n<meta property=\"og:type\" content=\"article\" \/>\n<meta property=\"og:title\" content=\"BAMIX Gastro 350 Wei\u00df\" \/>\n<meta property=\"og:description\" content=\"Entdecken Sie BAMIX Swissline Stabmixer Schwarz bei ErresseShop. Qualit\u00e4t, Stil und Funktionalit\u00e4t \u2013 jetzt online bestellen!\" \/>\n<meta property=\"og:url\" content=\"https:\/\/www.erresse-shop.it\/de\/shop\/kleine-elektrogeraete\/mixer\/bamix-set-baking-copia\/\" \/>\n<meta property=\"og:site_name\" content=\"Erresse Shop\" \/>\n<meta property=\"article:modified_time\" content=\"2025-04-22T06:40:17+00:00\" \/>\n<meta property=\"og:image\" content=\"https:\/\/www.erresse-shop.it\/wp-content\/uploads\/2025\/04\/BAMIX-Gastro-350-Bianco.jpg\" \/>\n\t<meta property=\"og:image:width\" content=\"1200\" \/>\n\t<meta property=\"og:image:height\" content=\"1200\" \/>\n\t<meta property=\"og:image:type\" content=\"image\/jpeg\" \/>\n<meta name=\"twitter:card\" content=\"summary_large_image\" \/>\n<script type=\"application\/ld+json\" class=\"yoast-schema-graph\">{\"@context\":\"https:\/\/schema.org\",\"@graph\":[{\"@type\":\"WebPage\",\"@id\":\"https:\/\/www.erresse-shop.it\/de\/shop\/kleine-elektrogeraete\/mixer\/bamix-set-baking-copia\/\",\"url\":\"https:\/\/www.erresse-shop.it\/de\/shop\/kleine-elektrogeraete\/mixer\/bamix-set-baking-copia\/\",\"name\":\"BAMIX Swissline Stabmixer Schwarz\",\"isPartOf\":{\"@id\":\"https:\/\/www.erresse-shop.it\/de\/#website\"},\"datePublished\":\"2025-04-22T06:27:30+00:00\",\"dateModified\":\"2025-04-22T06:40:17+00:00\",\"description\":\"Entdecken Sie BAMIX Swissline Stabmixer Schwarz bei ErresseShop. Qualit\u00e4t, Stil und Funktionalit\u00e4t \u2013 jetzt online bestellen!\",\"breadcrumb\":{\"@id\":\"https:\/\/www.erresse-shop.it\/de\/shop\/kleine-elektrogeraete\/mixer\/bamix-set-baking-copia\/#breadcrumb\"},\"inLanguage\":\"de-DE\",\"potentialAction\":[{\"@type\":\"ReadAction\",\"target\":[\"https:\/\/www.erresse-shop.it\/de\/shop\/kleine-elektrogeraete\/mixer\/bamix-set-baking-copia\/\"]}]},{\"@type\":\"BreadcrumbList\",\"@id\":\"https:\/\/www.erresse-shop.it\/de\/shop\/kleine-elektrogeraete\/mixer\/bamix-set-baking-copia\/#breadcrumb\",\"itemListElement\":[{\"@type\":\"ListItem\",\"position\":1,\"name\":\"Home\",\"item\":\"https:\/\/www.erresse-shop.it\/de\/\"},{\"@type\":\"ListItem\",\"position\":2,\"name\":\"Shop\",\"item\":\"https:\/\/www.erresse-shop.it\/de\/shop\/\"},{\"@type\":\"ListItem\",\"position\":3,\"name\":\"BAMIX Gastro 350 Wei\u00df\"}]},{\"@type\":\"WebSite\",\"@id\":\"https:\/\/www.erresse-shop.it\/de\/#website\",\"url\":\"https:\/\/www.erresse-shop.it\/de\/\",\"name\":\"Erresse Shop\",\"description\":\"Articoli di qualit\u00e0 per la casa\",\"potentialAction\":[{\"@type\":\"SearchAction\",\"target\":{\"@type\":\"EntryPoint\",\"urlTemplate\":\"https:\/\/www.erresse-shop.it\/de\/?s={search_term_string}\"},\"query-input\":\"required name=search_term_string\"}],\"inLanguage\":\"de-DE\"}]}<\/script>\n<!-- \/ Yoast SEO Premium plugin. -->","yoast_head_json":{"title":"BAMIX Swissline Stabmixer Schwarz","description":"Entdecken Sie BAMIX Swissline Stabmixer Schwarz bei ErresseShop. Qualit\u00e4t, Stil und Funktionalit\u00e4t \u2013 jetzt online bestellen!","robots":{"index":"index","follow":"follow","max-snippet":"max-snippet:-1","max-image-preview":"max-image-preview:large","max-video-preview":"max-video-preview:-1"},"canonical":"https:\/\/www.erresse-shop.it\/de\/shop\/kleine-elektrogeraete\/mixer\/bamix-set-baking-copia\/","og_locale":"de_DE","og_type":"article","og_title":"BAMIX Gastro 350 Wei\u00df","og_description":"Entdecken Sie BAMIX Swissline Stabmixer Schwarz bei ErresseShop. Qualit\u00e4t, Stil und Funktionalit\u00e4t \u2013 jetzt online bestellen!","og_url":"https:\/\/www.erresse-shop.it\/de\/shop\/kleine-elektrogeraete\/mixer\/bamix-set-baking-copia\/","og_site_name":"Erresse Shop","article_modified_time":"2025-04-22T06:40:17+00:00","og_image":[{"width":1200,"height":1200,"url":"https:\/\/www.erresse-shop.it\/wp-content\/uploads\/2025\/04\/BAMIX-Gastro-350-Bianco.jpg","type":"image\/jpeg"}],"twitter_card":"summary_large_image","schema":{"@context":"https:\/\/schema.org","@graph":[{"@type":"WebPage","@id":"https:\/\/www.erresse-shop.it\/de\/shop\/kleine-elektrogeraete\/mixer\/bamix-set-baking-copia\/","url":"https:\/\/www.erresse-shop.it\/de\/shop\/kleine-elektrogeraete\/mixer\/bamix-set-baking-copia\/","name":"BAMIX Swissline Stabmixer Schwarz","isPartOf":{"@id":"https:\/\/www.erresse-shop.it\/de\/#website"},"datePublished":"2025-04-22T06:27:30+00:00","dateModified":"2025-04-22T06:40:17+00:00","description":"Entdecken Sie BAMIX Swissline Stabmixer Schwarz bei ErresseShop. Qualit\u00e4t, Stil und Funktionalit\u00e4t \u2013 jetzt online bestellen!","breadcrumb":{"@id":"https:\/\/www.erresse-shop.it\/de\/shop\/kleine-elektrogeraete\/mixer\/bamix-set-baking-copia\/#breadcrumb"},"inLanguage":"de-DE","potentialAction":[{"@type":"ReadAction","target":["https:\/\/www.erresse-shop.it\/de\/shop\/kleine-elektrogeraete\/mixer\/bamix-set-baking-copia\/"]}]},{"@type":"BreadcrumbList","@id":"https:\/\/www.erresse-shop.it\/de\/shop\/kleine-elektrogeraete\/mixer\/bamix-set-baking-copia\/#breadcrumb","itemListElement":[{"@type":"ListItem","position":1,"name":"Home","item":"https:\/\/www.erresse-shop.it\/de\/"},{"@type":"ListItem","position":2,"name":"Shop","item":"https:\/\/www.erresse-shop.it\/de\/shop\/"},{"@type":"ListItem","position":3,"name":"BAMIX Gastro 350 Wei\u00df"}]},{"@type":"WebSite","@id":"https:\/\/www.erresse-shop.it\/de\/#website","url":"https:\/\/www.erresse-shop.it\/de\/","name":"Erresse Shop","description":"Articoli di qualit\u00e0 per la casa","potentialAction":[{"@type":"SearchAction","target":{"@type":"EntryPoint","urlTemplate":"https:\/\/www.erresse-shop.it\/de\/?s={search_term_string}"},"query-input":"required name=search_term_string"}],"inLanguage":"de-DE"}]}},"df_price":399.9,"df_sale_price":399.9,"df_regular_price":399.9,"df_image_link":"https:\/\/www.erresse-shop.it\/wp-content\/uploads\/2025\/04\/BAMIX-Gastro-350-Bianco-300x300.jpg","_links":{"self":[{"href":"https:\/\/www.erresse-shop.it\/de\/wp-json\/wp\/v2\/product\/493615"}],"collection":[{"href":"https:\/\/www.erresse-shop.it\/de\/wp-json\/wp\/v2\/product"}],"about":[{"href":"https:\/\/www.erresse-shop.it\/de\/wp-json\/wp\/v2\/types\/product"}],"wp:featuredmedia":[{"embeddable":true,"href":"https:\/\/www.erresse-shop.it\/de\/wp-json\/wp\/v2\/media\/493636"}],"wp:attachment":[{"href":"https:\/\/www.erresse-shop.it\/de\/wp-json\/wp\/v2\/media?parent=493615"}],"wp:term":[{"taxonomy":"product_cat","embeddable":true,"href":"https:\/\/www.erresse-shop.it\/de\/wp-json\/wp\/v2\/product_cat?post=493615"},{"taxonomy":"product_tag","embeddable":true,"href":"https:\/\/www.erresse-shop.it\/de\/wp-json\/wp\/v2\/product_tag?post=493615"}],"curies":[{"name":"wp","href":"https:\/\/api.w.org\/{rel}","templated":true}]}}