{"id":493588,"date":"2025-04-22T06:08:10","date_gmt":"2025-04-22T06:08:11","guid":{"rendered":"https:\/\/www.erresse-shop.it\/?post_type=product&#038;p=493588"},"modified":"2026-02-10T11:00:33","modified_gmt":"2026-02-10T11:00:33","slug":"bamix-set-baking","status":"publish","type":"product","link":"https:\/\/www.erresse-shop.it\/de\/shop\/kleine-elektrogeraete\/mixer\/bamix-set-baking\/","title":{"rendered":"BAMIX Set Baking"},"content":{"rendered":"<div class=\"metafield-rich_text_field\">\n<p><strong>Bamix Backen: Einf\u00fchrung in den Stabmixer<\/strong><\/p>\n<p>bamix Baking ist ein vielseitiger Stabmixer mit AC-Motor und doppelter Isolierung, der f\u00fcr zuverl\u00e4ssige und lang anhaltende Leistung in der K\u00fcche konzipiert ist. Damit ist diese K\u00fcchenmaschine ein zuverl\u00e4ssiger und unverzichtbarer Begleiter f\u00fcr alle, die gerne mit Leichtigkeit und Pr\u00e4zision in der K\u00fcche experimentieren.<\/p>\n<p><strong>Mixer: Cremige und vielseitige Zubereitungen<\/strong><\/p>\n<p>Dank seiner F\u00e4higkeit, Dressings, Cremes und Teige zu emulgieren, eignet sich bamix Baking ideal f\u00fcr die Zubereitung von Mayonnaise, Kartoffelp\u00fcree, Cocktails und vielem mehr. Auch das Mixen von P\u00fcrees und die Zubereitung k\u00f6stlicher Saucen und Puddings im Handumdrehen ist damit kein Problem.<\/p>\n<p><strong>Fleisch- und Gem\u00fcseklinge: Vielseitigkeit f\u00fcr jeden Schnitt<\/strong><\/p>\n<p>Mit der speziellen Klinge f\u00fcr Fleisch und Gem\u00fcse k\u00f6nnen Sie Fleisch, Fisch und faseriges Gem\u00fcse m\u00fchelos zerkleinern, hacken und p\u00fcrieren. Es eignet sich perfekt f\u00fcr Zubereitungen, die eine pr\u00e4zise und schnelle Verarbeitung erfordern.<\/p>\n<p><strong>Mehrzweckklinge: universell und praktisch<\/strong><\/p>\n<p>Das Bamix-Mehrzweckmesser zerkleinert, schneidet und mixt Zutaten aller Art, auch Tiefk\u00fchlkost und Eisw\u00fcrfel. Kann direkt in T\u00f6pfen auf dem Herd verwendet werden und eignet sich zur Zubereitung von Suppen, Cremes, Eiscreme, Pesto und vielem mehr.<\/p>\n<p><strong>Peitsche: Leichtigkeit und Weichheit<\/strong><\/p>\n<p>Ausgestattet mit einem Schneebesen ist bamix Baking ideal zum Schlagen von Sahne, Eiwei\u00df und Mousse. Emulgiert Saucen, Cremes und Milchshakes und erleichtert so die Zubereitung von Desserts wie Tiramisu, Zabaione und cremigem Cappuccino.<\/p>\n<\/div>\n<p><strong>EIGENSCHAFTEN<\/strong><\/p>\n<ul>\n<li><strong>Material<\/strong>: Kunststoff und Stahl<\/li>\n<li><strong>Abmessungen<\/strong>: 7 x 6,5 x 35,5 cm<\/li>\n<li><strong>Gewicht<\/strong>: 950 g<\/li>\n<\/ul>\n<p><strong>NOT FOR SALE OUTSIDE EUROPE<\/strong><\/p>\n","protected":false},"excerpt":{"rendered":"<p>Bamix Backen: Einf\u00fchrung in den Stabmixer bamix Baking ist ein vielseitiger Stabmixer mit AC-Motor und doppelter Isolierung, der f\u00fcr zuverl\u00e4ssige<\/p>\n","protected":false},"featured_media":493609,"template":"","meta":{"_acf_changed":false,"inline_featured_image":false},"product_cat":[6703,6886],"product_tag":[11415,11413,11925,24762,20851],"acf":[],"yoast_head":"<!-- This site is optimized with the Yoast SEO Premium plugin v18.6 (Yoast SEO v19.13) - https:\/\/yoast.com\/wordpress\/plugins\/seo\/ -->\n<title>BAMIX Set Baking - Erresse Shop<\/title>\n<meta name=\"description\" content=\"Bamix Backen: Einf\u00fchrung in den Stabmixer bamix Baking ist ein vielseitiger Stabmixer mit AC-Motor und doppelter Isolierung, der f\u00fcr zuverl\u00e4ssige und lang\" \/>\n<meta name=\"robots\" content=\"index, follow, max-snippet:-1, max-image-preview:large, max-video-preview:-1\" \/>\n<link rel=\"canonical\" href=\"https:\/\/www.erresse-shop.it\/de\/shop\/kleine-elektrogeraete\/mixer\/bamix-set-baking\/\" \/>\n<meta property=\"og:locale\" content=\"de_DE\" \/>\n<meta property=\"og:type\" content=\"article\" \/>\n<meta property=\"og:title\" content=\"BAMIX Set Baking\" \/>\n<meta property=\"og:description\" content=\"Bamix Backen: Einf\u00fchrung in den Stabmixer bamix Baking ist ein vielseitiger Stabmixer mit AC-Motor und doppelter Isolierung, der f\u00fcr zuverl\u00e4ssige und lang\" \/>\n<meta property=\"og:url\" content=\"https:\/\/www.erresse-shop.it\/de\/shop\/kleine-elektrogeraete\/mixer\/bamix-set-baking\/\" \/>\n<meta property=\"og:site_name\" content=\"Erresse Shop\" \/>\n<meta property=\"article:modified_time\" content=\"2026-02-10T11:00:33+00:00\" \/>\n<meta property=\"og:image\" content=\"https:\/\/www.erresse-shop.it\/wp-content\/uploads\/2025\/04\/BAMIX-Set-Baking.jpg\" \/>\n\t<meta property=\"og:image:width\" content=\"1200\" \/>\n\t<meta property=\"og:image:height\" content=\"1200\" \/>\n\t<meta property=\"og:image:type\" content=\"image\/jpeg\" \/>\n<meta name=\"twitter:card\" content=\"summary_large_image\" \/>\n<script type=\"application\/ld+json\" class=\"yoast-schema-graph\">{\"@context\":\"https:\/\/schema.org\",\"@graph\":[{\"@type\":\"WebPage\",\"@id\":\"https:\/\/www.erresse-shop.it\/de\/shop\/kleine-elektrogeraete\/mixer\/bamix-set-baking\/\",\"url\":\"https:\/\/www.erresse-shop.it\/de\/shop\/kleine-elektrogeraete\/mixer\/bamix-set-baking\/\",\"name\":\"BAMIX Set Baking - Erresse Shop\",\"isPartOf\":{\"@id\":\"https:\/\/www.erresse-shop.it\/de\/#website\"},\"datePublished\":\"2025-04-22T06:08:11+00:00\",\"dateModified\":\"2026-02-10T11:00:33+00:00\",\"description\":\"Bamix Backen: Einf\u00fchrung in den Stabmixer bamix Baking ist ein vielseitiger Stabmixer mit AC-Motor und doppelter Isolierung, der f\u00fcr zuverl\u00e4ssige und lang\",\"breadcrumb\":{\"@id\":\"https:\/\/www.erresse-shop.it\/de\/shop\/kleine-elektrogeraete\/mixer\/bamix-set-baking\/#breadcrumb\"},\"inLanguage\":\"de-DE\",\"potentialAction\":[{\"@type\":\"ReadAction\",\"target\":[\"https:\/\/www.erresse-shop.it\/de\/shop\/kleine-elektrogeraete\/mixer\/bamix-set-baking\/\"]}]},{\"@type\":\"BreadcrumbList\",\"@id\":\"https:\/\/www.erresse-shop.it\/de\/shop\/kleine-elektrogeraete\/mixer\/bamix-set-baking\/#breadcrumb\",\"itemListElement\":[{\"@type\":\"ListItem\",\"position\":1,\"name\":\"Home\",\"item\":\"https:\/\/www.erresse-shop.it\/de\/\"},{\"@type\":\"ListItem\",\"position\":2,\"name\":\"Shop\",\"item\":\"https:\/\/www.erresse-shop.it\/de\/shop\/\"},{\"@type\":\"ListItem\",\"position\":3,\"name\":\"BAMIX Set Baking\"}]},{\"@type\":\"WebSite\",\"@id\":\"https:\/\/www.erresse-shop.it\/de\/#website\",\"url\":\"https:\/\/www.erresse-shop.it\/de\/\",\"name\":\"Erresse Shop\",\"description\":\"Articoli di qualit\u00e0 per la casa\",\"potentialAction\":[{\"@type\":\"SearchAction\",\"target\":{\"@type\":\"EntryPoint\",\"urlTemplate\":\"https:\/\/www.erresse-shop.it\/de\/?s={search_term_string}\"},\"query-input\":\"required name=search_term_string\"}],\"inLanguage\":\"de-DE\"}]}<\/script>\n<!-- \/ Yoast SEO Premium plugin. -->","yoast_head_json":{"title":"BAMIX Set Baking - Erresse Shop","description":"Bamix Backen: Einf\u00fchrung in den Stabmixer bamix Baking ist ein vielseitiger Stabmixer mit AC-Motor und doppelter Isolierung, der f\u00fcr zuverl\u00e4ssige und lang","robots":{"index":"index","follow":"follow","max-snippet":"max-snippet:-1","max-image-preview":"max-image-preview:large","max-video-preview":"max-video-preview:-1"},"canonical":"https:\/\/www.erresse-shop.it\/de\/shop\/kleine-elektrogeraete\/mixer\/bamix-set-baking\/","og_locale":"de_DE","og_type":"article","og_title":"BAMIX Set Baking","og_description":"Bamix Backen: Einf\u00fchrung in den Stabmixer bamix Baking ist ein vielseitiger Stabmixer mit AC-Motor und doppelter Isolierung, der f\u00fcr zuverl\u00e4ssige und lang","og_url":"https:\/\/www.erresse-shop.it\/de\/shop\/kleine-elektrogeraete\/mixer\/bamix-set-baking\/","og_site_name":"Erresse Shop","article_modified_time":"2026-02-10T11:00:33+00:00","og_image":[{"width":1200,"height":1200,"url":"https:\/\/www.erresse-shop.it\/wp-content\/uploads\/2025\/04\/BAMIX-Set-Baking.jpg","type":"image\/jpeg"}],"twitter_card":"summary_large_image","schema":{"@context":"https:\/\/schema.org","@graph":[{"@type":"WebPage","@id":"https:\/\/www.erresse-shop.it\/de\/shop\/kleine-elektrogeraete\/mixer\/bamix-set-baking\/","url":"https:\/\/www.erresse-shop.it\/de\/shop\/kleine-elektrogeraete\/mixer\/bamix-set-baking\/","name":"BAMIX Set Baking - Erresse Shop","isPartOf":{"@id":"https:\/\/www.erresse-shop.it\/de\/#website"},"datePublished":"2025-04-22T06:08:11+00:00","dateModified":"2026-02-10T11:00:33+00:00","description":"Bamix Backen: Einf\u00fchrung in den Stabmixer bamix Baking ist ein vielseitiger Stabmixer mit AC-Motor und doppelter Isolierung, der f\u00fcr zuverl\u00e4ssige und lang","breadcrumb":{"@id":"https:\/\/www.erresse-shop.it\/de\/shop\/kleine-elektrogeraete\/mixer\/bamix-set-baking\/#breadcrumb"},"inLanguage":"de-DE","potentialAction":[{"@type":"ReadAction","target":["https:\/\/www.erresse-shop.it\/de\/shop\/kleine-elektrogeraete\/mixer\/bamix-set-baking\/"]}]},{"@type":"BreadcrumbList","@id":"https:\/\/www.erresse-shop.it\/de\/shop\/kleine-elektrogeraete\/mixer\/bamix-set-baking\/#breadcrumb","itemListElement":[{"@type":"ListItem","position":1,"name":"Home","item":"https:\/\/www.erresse-shop.it\/de\/"},{"@type":"ListItem","position":2,"name":"Shop","item":"https:\/\/www.erresse-shop.it\/de\/shop\/"},{"@type":"ListItem","position":3,"name":"BAMIX Set Baking"}]},{"@type":"WebSite","@id":"https:\/\/www.erresse-shop.it\/de\/#website","url":"https:\/\/www.erresse-shop.it\/de\/","name":"Erresse Shop","description":"Articoli di qualit\u00e0 per la casa","potentialAction":[{"@type":"SearchAction","target":{"@type":"EntryPoint","urlTemplate":"https:\/\/www.erresse-shop.it\/de\/?s={search_term_string}"},"query-input":"required name=search_term_string"}],"inLanguage":"de-DE"}]}},"df_price":389,"df_sale_price":389,"df_regular_price":389,"df_image_link":"https:\/\/www.erresse-shop.it\/wp-content\/uploads\/2025\/04\/BAMIX-Set-Baking-300x300.jpg","_links":{"self":[{"href":"https:\/\/www.erresse-shop.it\/de\/wp-json\/wp\/v2\/product\/493588"}],"collection":[{"href":"https:\/\/www.erresse-shop.it\/de\/wp-json\/wp\/v2\/product"}],"about":[{"href":"https:\/\/www.erresse-shop.it\/de\/wp-json\/wp\/v2\/types\/product"}],"wp:featuredmedia":[{"embeddable":true,"href":"https:\/\/www.erresse-shop.it\/de\/wp-json\/wp\/v2\/media\/493609"}],"wp:attachment":[{"href":"https:\/\/www.erresse-shop.it\/de\/wp-json\/wp\/v2\/media?parent=493588"}],"wp:term":[{"taxonomy":"product_cat","embeddable":true,"href":"https:\/\/www.erresse-shop.it\/de\/wp-json\/wp\/v2\/product_cat?post=493588"},{"taxonomy":"product_tag","embeddable":true,"href":"https:\/\/www.erresse-shop.it\/de\/wp-json\/wp\/v2\/product_tag?post=493588"}],"curies":[{"name":"wp","href":"https:\/\/api.w.org\/{rel}","templated":true}]}}