{"id":493449,"date":"2025-04-18T10:25:46","date_gmt":"2025-04-18T10:25:47","guid":{"rendered":"https:\/\/www.erresse-shop.it\/?post_type=product&#038;p=493449"},"modified":"2026-02-10T11:06:39","modified_gmt":"2026-02-10T11:06:39","slug":"bamix-swissline-stabmixer-silver","status":"publish","type":"product","link":"https:\/\/www.erresse-shop.it\/de\/shop\/kleine-elektrogeraete\/mixer\/bamix-swissline-stabmixer-silver\/","title":{"rendered":"BAMIX Swissline Stabmixer Silver"},"content":{"rendered":"<div class=\"metafield-rich_text_field\">\n<p><strong>Ein exklusives Set f\u00fcr professionelle Ergebnisse<\/strong><\/p>\n<\/div>\n<div class=\"product__description-formated \">\n<div class=\"metafield-rich_text_field\">\n<p>Der Bamix SwissLine Mango mit SliceSy Black ist viel mehr als nur ein einfacher Mixer: Er ist ein Komplettset f\u00fcr alle, die in ihrer K\u00fcche das Beste wollen. Dieses exklusive Set vereint Schweizer Technologie mit edlem Design und bietet Vielseitigkeit und hohe Leistung f\u00fcr jede Zubereitungsart. Dank des mitgelieferten Zubeh\u00f6rs mixen, hacken, schlagen und schneiden Sie pr\u00e4zise und reduzieren so die Verarbeitungszeit ohne Qualit\u00e4tseinbu\u00dfen.<\/p>\n<p><strong>Hochwertige Klingen f\u00fcr jeden Bedarf<\/strong><\/p>\n<p>Das Set enth\u00e4lt verschiedene Klingen, die jeweils f\u00fcr einen bestimmten Zweck entwickelt wurden. Das Mehrzweckmesser eignet sich perfekt zum Mixen und Vermengen, w\u00e4hrend die flachen und perforierten Scheiben pr\u00e4zise Schnitte garantieren. Mit dem Fleisch- und Gem\u00fcsemesser k\u00f6nnen Sie m\u00fchelos auch gr\u00f6\u00dfere Zutaten verarbeiten. Jede Komponente ist auf einwandfreie Ergebnisse ausgelegt und macht jedes Rezept zum Erfolg.<\/p>\n<p><strong>SliceSy: Das Geheimnis einer smarten K\u00fcche<\/strong><\/p>\n<p>Das Besondere an diesem Set ist der SliceSy Black, ein innovatives Zubeh\u00f6rteil, das den Bamix in eine multifunktionale K\u00fcchenmaschine verwandelt. Mit SliceSy schneiden, reiben und hacken Sie ganz einfach und vereinfachen so die t\u00e4gliche Zubereitung und sparen Zeit. Dieses Werkzeug erweitert die Leistungsf\u00e4higkeit des Mixers und macht ihn zu einem unverzichtbaren Begleiter in jeder K\u00fcche.<\/p>\n<p><strong>Praktisches Zubeh\u00f6r f\u00fcr unbegrenzten Einsatz<\/strong><\/p>\n<p>Neben den Klingen und dem SliceSy enth\u00e4lt das Set einen 1-Liter-Beh\u00e4lter zum Mixen und Aufbewahren von Zutaten, einen Mixer f\u00fcr trockene Zutaten und Gew\u00fcrze sowie einen Standfu\u00df, der f\u00fcr Ordnung sorgt. Jedes Zubeh\u00f6rteil ist praktisch und komfortabel und verbessert Ihr K\u00fcchenerlebnis.<\/p>\n<p><strong>Schweizer Technologie f\u00fcr exzellente Leistung<\/strong><\/p>\n<p>Der Bamix SwissLine Mango mit SliceSy Black steht f\u00fcr Qualit\u00e4t und Innovation. Hergestellt aus widerstandsf\u00e4higen Materialien und ausgestattet mit einem leistungsstarken und zuverl\u00e4ssigen Motor, ist dieses Set auf Langlebigkeit ausgelegt und garantiert hohe Leistung bei jedem Einsatz. Entscheiden Sie sich f\u00fcr Bamix und bringen Sie Schweizer Perfektion in Ihre K\u00fcche \u2013 f\u00fcr stets einwandfreie Ergebnisse!<\/p>\n<\/div>\n<\/div>\n<p><strong>FUNKTIONEN<\/strong><\/p>\n<ul>\n<li>1 Bamix Swiss Line<\/li>\n<li>1 Mehrzweckmesser<\/li>\n<li>1 Flachscheibenmesser<\/li>\n<li>1 Lochscheibenmesser<\/li>\n<li>1 Fleisch- und Gem\u00fcsemesser<\/li>\n<li>1 Tischst\u00e4nder<\/li>\n<li>1 1,0-l-Beh\u00e4lter<\/li>\n<li>1 Prozessor (ohne Pulverscheibe)<\/li>\n<li>1 SliceSy schwarz<\/li>\n<\/ul>\n<p><strong>NOT FOR SALE OUTSIDE EUROPE<\/strong><\/p>\n","protected":false},"excerpt":{"rendered":"<p>Ein exklusives Set f\u00fcr professionelle Ergebnisse Der Bamix SwissLine Mango mit SliceSy Black ist viel mehr als nur ein einfacher<\/p>\n","protected":false},"featured_media":493470,"template":"","meta":{"_acf_changed":false,"inline_featured_image":false},"product_cat":[6703,6886],"product_tag":[11415,11413,11925,21533,24762,20851],"acf":[],"yoast_head":"<!-- This site is optimized with the Yoast SEO Premium plugin v18.6 (Yoast SEO v19.13) - https:\/\/yoast.com\/wordpress\/plugins\/seo\/ -->\n<title>BAMIX Swissline Stabmixer Silver - Erresse Shop<\/title>\n<meta name=\"description\" content=\"Ein exklusives Set f\u00fcr professionelle Ergebnisse Der Bamix SwissLine Mango mit SliceSy Black ist viel mehr als nur ein einfacher Mixer: Er ist ein\" \/>\n<meta name=\"robots\" content=\"index, follow, max-snippet:-1, max-image-preview:large, max-video-preview:-1\" \/>\n<link rel=\"canonical\" href=\"https:\/\/www.erresse-shop.it\/de\/shop\/kleine-elektrogeraete\/mixer\/bamix-swissline-stabmixer-silver\/\" \/>\n<meta property=\"og:locale\" content=\"de_DE\" \/>\n<meta property=\"og:type\" content=\"article\" \/>\n<meta property=\"og:title\" content=\"BAMIX Swissline Stabmixer Silver\" \/>\n<meta property=\"og:description\" content=\"Ein exklusives Set f\u00fcr professionelle Ergebnisse Der Bamix SwissLine Mango mit SliceSy Black ist viel mehr als nur ein einfacher Mixer: Er ist ein\" \/>\n<meta property=\"og:url\" content=\"https:\/\/www.erresse-shop.it\/de\/shop\/kleine-elektrogeraete\/mixer\/bamix-swissline-stabmixer-silver\/\" \/>\n<meta property=\"og:site_name\" content=\"Erresse Shop\" \/>\n<meta property=\"article:modified_time\" content=\"2026-02-10T11:06:39+00:00\" \/>\n<meta property=\"og:image\" content=\"https:\/\/www.erresse-shop.it\/wp-content\/uploads\/2025\/04\/BAMIX-Swissline-Frullatore-ad-Immersione-Silver.jpg\" \/>\n\t<meta property=\"og:image:width\" content=\"1200\" \/>\n\t<meta property=\"og:image:height\" content=\"1200\" \/>\n\t<meta property=\"og:image:type\" content=\"image\/jpeg\" \/>\n<meta name=\"twitter:card\" content=\"summary_large_image\" \/>\n<script type=\"application\/ld+json\" class=\"yoast-schema-graph\">{\"@context\":\"https:\/\/schema.org\",\"@graph\":[{\"@type\":\"WebPage\",\"@id\":\"https:\/\/www.erresse-shop.it\/de\/shop\/kleine-elektrogeraete\/mixer\/bamix-swissline-stabmixer-silver\/\",\"url\":\"https:\/\/www.erresse-shop.it\/de\/shop\/kleine-elektrogeraete\/mixer\/bamix-swissline-stabmixer-silver\/\",\"name\":\"BAMIX Swissline Stabmixer Silver - Erresse Shop\",\"isPartOf\":{\"@id\":\"https:\/\/www.erresse-shop.it\/de\/#website\"},\"datePublished\":\"2025-04-18T10:25:47+00:00\",\"dateModified\":\"2026-02-10T11:06:39+00:00\",\"description\":\"Ein exklusives Set f\u00fcr professionelle Ergebnisse Der Bamix SwissLine Mango mit SliceSy Black ist viel mehr als nur ein einfacher Mixer: Er ist ein\",\"breadcrumb\":{\"@id\":\"https:\/\/www.erresse-shop.it\/de\/shop\/kleine-elektrogeraete\/mixer\/bamix-swissline-stabmixer-silver\/#breadcrumb\"},\"inLanguage\":\"de-DE\",\"potentialAction\":[{\"@type\":\"ReadAction\",\"target\":[\"https:\/\/www.erresse-shop.it\/de\/shop\/kleine-elektrogeraete\/mixer\/bamix-swissline-stabmixer-silver\/\"]}]},{\"@type\":\"BreadcrumbList\",\"@id\":\"https:\/\/www.erresse-shop.it\/de\/shop\/kleine-elektrogeraete\/mixer\/bamix-swissline-stabmixer-silver\/#breadcrumb\",\"itemListElement\":[{\"@type\":\"ListItem\",\"position\":1,\"name\":\"Home\",\"item\":\"https:\/\/www.erresse-shop.it\/de\/\"},{\"@type\":\"ListItem\",\"position\":2,\"name\":\"Shop\",\"item\":\"https:\/\/www.erresse-shop.it\/de\/shop\/\"},{\"@type\":\"ListItem\",\"position\":3,\"name\":\"BAMIX Swissline Stabmixer Silver\"}]},{\"@type\":\"WebSite\",\"@id\":\"https:\/\/www.erresse-shop.it\/de\/#website\",\"url\":\"https:\/\/www.erresse-shop.it\/de\/\",\"name\":\"Erresse Shop\",\"description\":\"Articoli di qualit\u00e0 per la casa\",\"potentialAction\":[{\"@type\":\"SearchAction\",\"target\":{\"@type\":\"EntryPoint\",\"urlTemplate\":\"https:\/\/www.erresse-shop.it\/de\/?s={search_term_string}\"},\"query-input\":\"required name=search_term_string\"}],\"inLanguage\":\"de-DE\"}]}<\/script>\n<!-- \/ Yoast SEO Premium plugin. -->","yoast_head_json":{"title":"BAMIX Swissline Stabmixer Silver - Erresse Shop","description":"Ein exklusives Set f\u00fcr professionelle Ergebnisse Der Bamix SwissLine Mango mit SliceSy Black ist viel mehr als nur ein einfacher Mixer: Er ist ein","robots":{"index":"index","follow":"follow","max-snippet":"max-snippet:-1","max-image-preview":"max-image-preview:large","max-video-preview":"max-video-preview:-1"},"canonical":"https:\/\/www.erresse-shop.it\/de\/shop\/kleine-elektrogeraete\/mixer\/bamix-swissline-stabmixer-silver\/","og_locale":"de_DE","og_type":"article","og_title":"BAMIX Swissline Stabmixer Silver","og_description":"Ein exklusives Set f\u00fcr professionelle Ergebnisse Der Bamix SwissLine Mango mit SliceSy Black ist viel mehr als nur ein einfacher Mixer: Er ist ein","og_url":"https:\/\/www.erresse-shop.it\/de\/shop\/kleine-elektrogeraete\/mixer\/bamix-swissline-stabmixer-silver\/","og_site_name":"Erresse Shop","article_modified_time":"2026-02-10T11:06:39+00:00","og_image":[{"width":1200,"height":1200,"url":"https:\/\/www.erresse-shop.it\/wp-content\/uploads\/2025\/04\/BAMIX-Swissline-Frullatore-ad-Immersione-Silver.jpg","type":"image\/jpeg"}],"twitter_card":"summary_large_image","schema":{"@context":"https:\/\/schema.org","@graph":[{"@type":"WebPage","@id":"https:\/\/www.erresse-shop.it\/de\/shop\/kleine-elektrogeraete\/mixer\/bamix-swissline-stabmixer-silver\/","url":"https:\/\/www.erresse-shop.it\/de\/shop\/kleine-elektrogeraete\/mixer\/bamix-swissline-stabmixer-silver\/","name":"BAMIX Swissline Stabmixer Silver - Erresse Shop","isPartOf":{"@id":"https:\/\/www.erresse-shop.it\/de\/#website"},"datePublished":"2025-04-18T10:25:47+00:00","dateModified":"2026-02-10T11:06:39+00:00","description":"Ein exklusives Set f\u00fcr professionelle Ergebnisse Der Bamix SwissLine Mango mit SliceSy Black ist viel mehr als nur ein einfacher Mixer: Er ist ein","breadcrumb":{"@id":"https:\/\/www.erresse-shop.it\/de\/shop\/kleine-elektrogeraete\/mixer\/bamix-swissline-stabmixer-silver\/#breadcrumb"},"inLanguage":"de-DE","potentialAction":[{"@type":"ReadAction","target":["https:\/\/www.erresse-shop.it\/de\/shop\/kleine-elektrogeraete\/mixer\/bamix-swissline-stabmixer-silver\/"]}]},{"@type":"BreadcrumbList","@id":"https:\/\/www.erresse-shop.it\/de\/shop\/kleine-elektrogeraete\/mixer\/bamix-swissline-stabmixer-silver\/#breadcrumb","itemListElement":[{"@type":"ListItem","position":1,"name":"Home","item":"https:\/\/www.erresse-shop.it\/de\/"},{"@type":"ListItem","position":2,"name":"Shop","item":"https:\/\/www.erresse-shop.it\/de\/shop\/"},{"@type":"ListItem","position":3,"name":"BAMIX Swissline Stabmixer Silver"}]},{"@type":"WebSite","@id":"https:\/\/www.erresse-shop.it\/de\/#website","url":"https:\/\/www.erresse-shop.it\/de\/","name":"Erresse Shop","description":"Articoli di qualit\u00e0 per la casa","potentialAction":[{"@type":"SearchAction","target":{"@type":"EntryPoint","urlTemplate":"https:\/\/www.erresse-shop.it\/de\/?s={search_term_string}"},"query-input":"required name=search_term_string"}],"inLanguage":"de-DE"}]}},"df_price":379.8,"df_sale_price":379.8,"df_regular_price":379.8,"df_image_link":"https:\/\/www.erresse-shop.it\/wp-content\/uploads\/2025\/04\/BAMIX-Swissline-Frullatore-ad-Immersione-Silver-300x300.jpg","_links":{"self":[{"href":"https:\/\/www.erresse-shop.it\/de\/wp-json\/wp\/v2\/product\/493449"}],"collection":[{"href":"https:\/\/www.erresse-shop.it\/de\/wp-json\/wp\/v2\/product"}],"about":[{"href":"https:\/\/www.erresse-shop.it\/de\/wp-json\/wp\/v2\/types\/product"}],"wp:featuredmedia":[{"embeddable":true,"href":"https:\/\/www.erresse-shop.it\/de\/wp-json\/wp\/v2\/media\/493470"}],"wp:attachment":[{"href":"https:\/\/www.erresse-shop.it\/de\/wp-json\/wp\/v2\/media?parent=493449"}],"wp:term":[{"taxonomy":"product_cat","embeddable":true,"href":"https:\/\/www.erresse-shop.it\/de\/wp-json\/wp\/v2\/product_cat?post=493449"},{"taxonomy":"product_tag","embeddable":true,"href":"https:\/\/www.erresse-shop.it\/de\/wp-json\/wp\/v2\/product_tag?post=493449"}],"curies":[{"name":"wp","href":"https:\/\/api.w.org\/{rel}","templated":true}]}}