{"id":493208,"date":"2025-04-17T10:07:30","date_gmt":"2025-04-17T10:07:49","guid":{"rendered":"https:\/\/www.erresse-shop.it\/?post_type=product&#038;p=493208"},"modified":"2026-02-27T10:27:44","modified_gmt":"2026-02-27T10:27:44","slug":"la-pavoni-semiprofessionelle-kaffeemaschine-botticelli-specialty","status":"publish","type":"product","link":"https:\/\/www.erresse-shop.it\/de\/shop\/kleine-elektrogeraete\/kaffeemaschinen-espresso\/handbuecher\/la-pavoni-semiprofessionelle-kaffeemaschine-botticelli-specialty\/","title":{"rendered":"LA PAVONI Semiprofessionelle Kaffeemaschine Botticelli Specialty"},"content":{"rendered":"<p>Maschine f\u00fcr Spezialisten. Ausgestattet mit dem Brewing Pressure Profile Control-System zur Modulation des Wasserflusses w\u00e4hrend der Infusion. Der Doppel-PID bietet zudem eine optimale Wahl der Kesseltemperatur. Je nach Bedarf k\u00f6nnen Sie zwischen einem Wassertank oder einem Wasseranschluss w\u00e4hlen und den Dampfkessel abschalten. F\u00fcr professionelle Extraktionen werden eine Reihe von Filtern und Wettkampf-Duschk\u00f6pfen mitgeliefert.<\/p>\n<p>Alle semiprofessionellen 230-V-Maschinen von La Pavoni sind zertifiziert durch:<\/p>\n<p><a href=\"https:\/\/www.erresse-shop.it\/wp-content\/uploads\/2021\/02\/La-Pavoni-Certificato-150x150.png\"><img decoding=\"async\" class=\"alignnone size-thumbnail wp-image-91732\" src=\"https:\/\/www.erresse-shop.it\/wp-content\/uploads\/2021\/02\/La-Pavoni-Certificato-150x150.png\" alt=\"La Pavoni Certified\" width=\"150\" height=\"150\" \/><\/a><\/p>\n<p><strong>\u00c4STHETIK<\/strong><\/p>\n<ul>\n<li>\n<div class=\"col-6 fs-6\"><strong>Farbe<\/strong>: Edelstahl<\/div>\n<\/li>\n<li>\n<div class=\"col-6 fs-6\"><strong>Oberfl\u00e4che:<\/strong> Gl\u00e4nzend<\/div>\n<\/li>\n<li>\n<div class=\"col-6 fs-6\"><strong>\u00c4sthetik:<\/strong> Spezialgebiet<\/div>\n<\/li>\n<li>\n<div class=\"col-6 fs-6\"><strong>Serie:<\/strong> Botticelli<\/div>\n<\/li>\n<li>\n<div class=\"col-6 fs-6\"><strong>Geh\u00e4usematerial:<\/strong> Edelstahl<\/div>\n<\/li>\n<li>\n<div class=\"col-6 fs-6\"><strong>Material der Tropfschale<\/strong>: Edelstahl<\/div>\n<\/li>\n<li>\n<div class=\"col-6 fs-6\"><strong>Material Tassenablagerost:<\/strong> Edelstahl<\/div>\n<\/li>\n<li>\n<div class=\"col-6 fs-6\"><strong>Material der Dampfd\u00fcse:<\/strong> Edelstahl \u2013 Cool Touch<\/div>\n<\/li>\n<li>\n<div class=\"col-6 fs-6\"><strong>Material der Hei\u00dfwasserd\u00fcse:<\/strong> Edelstahl \u2013 Cool Touch<\/div>\n<\/li>\n<li>\n<div class=\"col-6 fs-6\"><strong>Abgabegruppe:<\/strong> E61<\/div>\n<\/li>\n<li>\n<div class=\"col-6 fs-6\"><strong>Material der Spendergruppe<\/strong>: Messing<\/div>\n<\/li>\n<li>\n<div class=\"col-6 fs-6\"><strong>Farbe der Spendergruppe:<\/strong> Chrom<\/div>\n<\/li>\n<li>\n<div class=\"col-6 fs-6\"><strong>Griffmaterial:<\/strong> Schwarzes Bakelit<\/div>\n<\/li>\n<li>\n<div class=\"col-6 fs-6\"><strong>Grifftyp:<\/strong> Hebel<\/div>\n<\/li>\n<\/ul>\n<p><strong>PROGRAMME \/ FUNKTIONEN<\/strong><\/p>\n<ul>\n<li><strong>Kaffeeausgabefunktion<\/strong>: Ja<\/li>\n<li><strong>Dampffunktion<\/strong>: Ja<\/li>\n<li><strong>Warmwasserfunktion<\/strong>: Ja<\/li>\n<li><strong>Wassermangelwarnung<\/strong>: Ja<\/li>\n<\/ul>\n<p><strong>TECHNISCHE MERKMALE<\/strong><\/p>\n<ul>\n<li><strong>Kesseltyp:<\/strong> Doppelkessel<\/li>\n<li><strong>Material des Kaffeekessels:<\/strong> Kupfer und Messing<\/li>\n<li><strong>Material des Servicekessels:<\/strong> Kupfer und Messing<\/li>\n<li><strong>Kapazit\u00e4t des Kaffeekessels:<\/strong> 0,6 l<\/li>\n<li><strong>Kapazit\u00e4t des Servicekessels:<\/strong> 1,8 l<\/li>\n<li><strong>Pumpentyp:<\/strong> Rotationspumpe<\/li>\n<li><strong>Pumpendruck:<\/strong> 20 bar<\/li>\n<li><strong>Druckmesser der Spendergruppe:<\/strong> Ja<\/li>\n<li><strong>Wassertankkapazit\u00e4t:<\/strong> 2,9 l<\/li>\n<li><strong>Elektronische automatische Wasserwaage:<\/strong> Ja<\/li>\n<li><strong>Vakuumschutz:<\/strong> Ja<\/li>\n<li><strong>Abnehmbare Tropfschale<\/strong>: Ja<\/li>\n<li><strong>Wasserablauf:<\/strong> Ja<\/li>\n<li><strong>Abnehmbarer Wasserbeh\u00e4lter:<\/strong> Ja<\/li>\n<li><strong>Anschluss an die Wasserleitung:<\/strong> Ja<\/li>\n<li><strong>Pumpendruckmesser:<\/strong> Ja<\/li>\n<li><strong>Kesseldruckmesser:<\/strong> Ja<\/li>\n<li><strong>PID f\u00fcr Kaffeetemperatur:<\/strong> Ja<\/li>\n<li><strong>PID f\u00fcr Dampftemperatur:<\/strong> Ja<\/li>\n<li><strong>Innendurchmesser des Filterhalters (mit Filter):<\/strong> 58 mm<\/li>\n<li><strong>Temperaturanzeigeleuchte:<\/strong> Ja<\/li>\n<li><strong>Br\u00fchdruckprofilierung (BPPC):<\/strong> Ja<\/li>\n<li><strong>Tassenw\u00e4rmer:<\/strong> Passiv<\/li>\n<li><strong>Dampfd\u00fcse:<\/strong> Ja \u2013 Cool Touch<\/li>\n<li><strong>Hei\u00dfwasserspender:<\/strong> Si-Cool Touch<\/li>\n<\/ul>\n<p><strong>ZUBEH\u00d6R INKLUSIVE<\/strong><\/p>\n<ul>\n<li><strong>Filter:<\/strong> Blind\/ Wettkampf 16 gr\/ Wettkampf 20 gr<\/li>\n<li><strong>Reinigungsb\u00fcrste:<\/strong> Ja<\/li>\n<li><strong>Stampfer aus Edelstahl:<\/strong> Ja<\/li>\n<li><strong>Messbecher:<\/strong> Ja<\/li>\n<li><strong>Filterhalter:<\/strong> Doppelauslauf, Charm<\/li>\n<li><strong>Filterhalterdichtung:<\/strong> Ja<\/li>\n<li><strong>Wasseranschlussleitung:<\/strong> Ja<\/li>\n<li><strong>Wasserablaufschlauch:<\/strong> Ja<\/li>\n<\/ul>\n<p><strong>ELEKTRISCHER ANSCHLUSS<\/strong><\/p>\n<ul>\n<li><strong>Stecker:<\/strong> (F;E) Schuko<\/li>\n<li><strong>Spannung (V):<\/strong> 220\u2013240 V<\/li>\n<li><strong>Frequenz Hz:<\/strong> 50 Hz<\/li>\n<li><strong>L\u00e4nge des Netzkabels:<\/strong> 1,8 m<\/li>\n<\/ul>\n<p><span style=\"text-decoration: underline;\"><strong>Not for sale outside Europe<\/strong><\/span><\/p>\n","protected":false},"excerpt":{"rendered":"<p>Maschine f\u00fcr Spezialisten. Ausgestattet mit dem Brewing Pressure Profile Control-System zur Modulation des Wasserflusses w\u00e4hrend der Infusion. Der Doppel-PID bietet<\/p>\n","protected":false},"featured_media":493220,"template":"","meta":{"_acf_changed":false,"inline_featured_image":false},"product_cat":[6733,6703,25366],"product_tag":[23564,24681,11718,23582],"acf":[],"yoast_head":"<!-- This site is optimized with the Yoast SEO Premium plugin v18.6 (Yoast SEO v19.13) - https:\/\/yoast.com\/wordpress\/plugins\/seo\/ -->\n<title>LA PAVONI Semiprofessionelle Kaffeemaschine Botticelli Specialty - Erresse Shop<\/title>\n<meta name=\"description\" content=\"Maschine f\u00fcr Spezialisten. Ausgestattet mit dem Brewing Pressure Profile Control-System zur Modulation des Wasserflusses w\u00e4hrend der Infusion. Der\" \/>\n<meta name=\"robots\" content=\"index, follow, max-snippet:-1, max-image-preview:large, max-video-preview:-1\" \/>\n<link rel=\"canonical\" href=\"https:\/\/www.erresse-shop.it\/de\/shop\/kleine-elektrogeraete\/kaffeemaschinen-espresso\/handbuecher\/la-pavoni-semiprofessionelle-kaffeemaschine-botticelli-specialty\/\" \/>\n<meta property=\"og:locale\" content=\"de_DE\" \/>\n<meta property=\"og:type\" content=\"article\" \/>\n<meta property=\"og:title\" content=\"LA PAVONI Semiprofessionelle Kaffeemaschine Botticelli Specialty\" \/>\n<meta property=\"og:description\" content=\"Maschine f\u00fcr Spezialisten. Ausgestattet mit dem Brewing Pressure Profile Control-System zur Modulation des Wasserflusses w\u00e4hrend der Infusion. Der\" \/>\n<meta property=\"og:url\" content=\"https:\/\/www.erresse-shop.it\/de\/shop\/kleine-elektrogeraete\/kaffeemaschinen-espresso\/handbuecher\/la-pavoni-semiprofessionelle-kaffeemaschine-botticelli-specialty\/\" \/>\n<meta property=\"og:site_name\" content=\"Erresse Shop\" \/>\n<meta property=\"article:modified_time\" content=\"2026-02-27T10:27:44+00:00\" \/>\n<meta property=\"og:image\" content=\"https:\/\/www.erresse-shop.it\/wp-content\/uploads\/2025\/04\/LA-PAVONI-Macchina-da-Caffe-Semi-Professionale-Botticelli-Specialty.jpg\" \/>\n\t<meta property=\"og:image:width\" content=\"1200\" \/>\n\t<meta property=\"og:image:height\" content=\"1200\" \/>\n\t<meta property=\"og:image:type\" content=\"image\/jpeg\" \/>\n<meta name=\"twitter:card\" content=\"summary_large_image\" \/>\n<script type=\"application\/ld+json\" class=\"yoast-schema-graph\">{\"@context\":\"https:\/\/schema.org\",\"@graph\":[{\"@type\":\"WebPage\",\"@id\":\"https:\/\/www.erresse-shop.it\/de\/shop\/kleine-elektrogeraete\/kaffeemaschinen-espresso\/handbuecher\/la-pavoni-semiprofessionelle-kaffeemaschine-botticelli-specialty\/\",\"url\":\"https:\/\/www.erresse-shop.it\/de\/shop\/kleine-elektrogeraete\/kaffeemaschinen-espresso\/handbuecher\/la-pavoni-semiprofessionelle-kaffeemaschine-botticelli-specialty\/\",\"name\":\"LA PAVONI Semiprofessionelle Kaffeemaschine Botticelli Specialty - Erresse Shop\",\"isPartOf\":{\"@id\":\"https:\/\/www.erresse-shop.it\/de\/#website\"},\"datePublished\":\"2025-04-17T10:07:49+00:00\",\"dateModified\":\"2026-02-27T10:27:44+00:00\",\"description\":\"Maschine f\u00fcr Spezialisten. Ausgestattet mit dem Brewing Pressure Profile Control-System zur Modulation des Wasserflusses w\u00e4hrend der Infusion. Der\",\"breadcrumb\":{\"@id\":\"https:\/\/www.erresse-shop.it\/de\/shop\/kleine-elektrogeraete\/kaffeemaschinen-espresso\/handbuecher\/la-pavoni-semiprofessionelle-kaffeemaschine-botticelli-specialty\/#breadcrumb\"},\"inLanguage\":\"de-DE\",\"potentialAction\":[{\"@type\":\"ReadAction\",\"target\":[\"https:\/\/www.erresse-shop.it\/de\/shop\/kleine-elektrogeraete\/kaffeemaschinen-espresso\/handbuecher\/la-pavoni-semiprofessionelle-kaffeemaschine-botticelli-specialty\/\"]}]},{\"@type\":\"BreadcrumbList\",\"@id\":\"https:\/\/www.erresse-shop.it\/de\/shop\/kleine-elektrogeraete\/kaffeemaschinen-espresso\/handbuecher\/la-pavoni-semiprofessionelle-kaffeemaschine-botticelli-specialty\/#breadcrumb\",\"itemListElement\":[{\"@type\":\"ListItem\",\"position\":1,\"name\":\"Home\",\"item\":\"https:\/\/www.erresse-shop.it\/de\/\"},{\"@type\":\"ListItem\",\"position\":2,\"name\":\"Shop\",\"item\":\"https:\/\/www.erresse-shop.it\/de\/shop\/\"},{\"@type\":\"ListItem\",\"position\":3,\"name\":\"LA PAVONI Semiprofessionelle Kaffeemaschine Botticelli Specialty\"}]},{\"@type\":\"WebSite\",\"@id\":\"https:\/\/www.erresse-shop.it\/de\/#website\",\"url\":\"https:\/\/www.erresse-shop.it\/de\/\",\"name\":\"Erresse Shop\",\"description\":\"Articoli di qualit\u00e0 per la casa\",\"potentialAction\":[{\"@type\":\"SearchAction\",\"target\":{\"@type\":\"EntryPoint\",\"urlTemplate\":\"https:\/\/www.erresse-shop.it\/de\/?s={search_term_string}\"},\"query-input\":\"required name=search_term_string\"}],\"inLanguage\":\"de-DE\"}]}<\/script>\n<!-- \/ Yoast SEO Premium plugin. -->","yoast_head_json":{"title":"LA PAVONI Semiprofessionelle Kaffeemaschine Botticelli Specialty - Erresse Shop","description":"Maschine f\u00fcr Spezialisten. Ausgestattet mit dem Brewing Pressure Profile Control-System zur Modulation des Wasserflusses w\u00e4hrend der Infusion. Der","robots":{"index":"index","follow":"follow","max-snippet":"max-snippet:-1","max-image-preview":"max-image-preview:large","max-video-preview":"max-video-preview:-1"},"canonical":"https:\/\/www.erresse-shop.it\/de\/shop\/kleine-elektrogeraete\/kaffeemaschinen-espresso\/handbuecher\/la-pavoni-semiprofessionelle-kaffeemaschine-botticelli-specialty\/","og_locale":"de_DE","og_type":"article","og_title":"LA PAVONI Semiprofessionelle Kaffeemaschine Botticelli Specialty","og_description":"Maschine f\u00fcr Spezialisten. Ausgestattet mit dem Brewing Pressure Profile Control-System zur Modulation des Wasserflusses w\u00e4hrend der Infusion. Der","og_url":"https:\/\/www.erresse-shop.it\/de\/shop\/kleine-elektrogeraete\/kaffeemaschinen-espresso\/handbuecher\/la-pavoni-semiprofessionelle-kaffeemaschine-botticelli-specialty\/","og_site_name":"Erresse Shop","article_modified_time":"2026-02-27T10:27:44+00:00","og_image":[{"width":1200,"height":1200,"url":"https:\/\/www.erresse-shop.it\/wp-content\/uploads\/2025\/04\/LA-PAVONI-Macchina-da-Caffe-Semi-Professionale-Botticelli-Specialty.jpg","type":"image\/jpeg"}],"twitter_card":"summary_large_image","schema":{"@context":"https:\/\/schema.org","@graph":[{"@type":"WebPage","@id":"https:\/\/www.erresse-shop.it\/de\/shop\/kleine-elektrogeraete\/kaffeemaschinen-espresso\/handbuecher\/la-pavoni-semiprofessionelle-kaffeemaschine-botticelli-specialty\/","url":"https:\/\/www.erresse-shop.it\/de\/shop\/kleine-elektrogeraete\/kaffeemaschinen-espresso\/handbuecher\/la-pavoni-semiprofessionelle-kaffeemaschine-botticelli-specialty\/","name":"LA PAVONI Semiprofessionelle Kaffeemaschine Botticelli Specialty - Erresse Shop","isPartOf":{"@id":"https:\/\/www.erresse-shop.it\/de\/#website"},"datePublished":"2025-04-17T10:07:49+00:00","dateModified":"2026-02-27T10:27:44+00:00","description":"Maschine f\u00fcr Spezialisten. Ausgestattet mit dem Brewing Pressure Profile Control-System zur Modulation des Wasserflusses w\u00e4hrend der Infusion. Der","breadcrumb":{"@id":"https:\/\/www.erresse-shop.it\/de\/shop\/kleine-elektrogeraete\/kaffeemaschinen-espresso\/handbuecher\/la-pavoni-semiprofessionelle-kaffeemaschine-botticelli-specialty\/#breadcrumb"},"inLanguage":"de-DE","potentialAction":[{"@type":"ReadAction","target":["https:\/\/www.erresse-shop.it\/de\/shop\/kleine-elektrogeraete\/kaffeemaschinen-espresso\/handbuecher\/la-pavoni-semiprofessionelle-kaffeemaschine-botticelli-specialty\/"]}]},{"@type":"BreadcrumbList","@id":"https:\/\/www.erresse-shop.it\/de\/shop\/kleine-elektrogeraete\/kaffeemaschinen-espresso\/handbuecher\/la-pavoni-semiprofessionelle-kaffeemaschine-botticelli-specialty\/#breadcrumb","itemListElement":[{"@type":"ListItem","position":1,"name":"Home","item":"https:\/\/www.erresse-shop.it\/de\/"},{"@type":"ListItem","position":2,"name":"Shop","item":"https:\/\/www.erresse-shop.it\/de\/shop\/"},{"@type":"ListItem","position":3,"name":"LA PAVONI Semiprofessionelle Kaffeemaschine Botticelli Specialty"}]},{"@type":"WebSite","@id":"https:\/\/www.erresse-shop.it\/de\/#website","url":"https:\/\/www.erresse-shop.it\/de\/","name":"Erresse Shop","description":"Articoli di qualit\u00e0 per la casa","potentialAction":[{"@type":"SearchAction","target":{"@type":"EntryPoint","urlTemplate":"https:\/\/www.erresse-shop.it\/de\/?s={search_term_string}"},"query-input":"required name=search_term_string"}],"inLanguage":"de-DE"}]}},"df_price":1374.45,"df_sale_price":1374.45,"df_regular_price":2499,"df_image_link":"https:\/\/www.erresse-shop.it\/wp-content\/uploads\/2025\/04\/LA-PAVONI-Macchina-da-Caffe-Semi-Professionale-Botticelli-Specialty-300x300.jpg","_links":{"self":[{"href":"https:\/\/www.erresse-shop.it\/de\/wp-json\/wp\/v2\/product\/493208"}],"collection":[{"href":"https:\/\/www.erresse-shop.it\/de\/wp-json\/wp\/v2\/product"}],"about":[{"href":"https:\/\/www.erresse-shop.it\/de\/wp-json\/wp\/v2\/types\/product"}],"wp:featuredmedia":[{"embeddable":true,"href":"https:\/\/www.erresse-shop.it\/de\/wp-json\/wp\/v2\/media\/493220"}],"wp:attachment":[{"href":"https:\/\/www.erresse-shop.it\/de\/wp-json\/wp\/v2\/media?parent=493208"}],"wp:term":[{"taxonomy":"product_cat","embeddable":true,"href":"https:\/\/www.erresse-shop.it\/de\/wp-json\/wp\/v2\/product_cat?post=493208"},{"taxonomy":"product_tag","embeddable":true,"href":"https:\/\/www.erresse-shop.it\/de\/wp-json\/wp\/v2\/product_tag?post=493208"}],"curies":[{"name":"wp","href":"https:\/\/api.w.org\/{rel}","templated":true}]}}