{"id":492777,"date":"2025-04-16T13:15:54","date_gmt":"2025-04-16T13:15:55","guid":{"rendered":"https:\/\/www.erresse-shop.it\/?post_type=product&#038;p=492777"},"modified":"2026-02-27T10:53:39","modified_gmt":"2026-02-27T10:53:39","slug":"instant-pot-heissluftfritteuse-vortex-clearcook-13-l","status":"publish","type":"product","link":"https:\/\/www.erresse-shop.it\/de\/shop\/kleine-elektrogeraete\/heissluftfritteusen\/instant-pot-heissluftfritteuse-vortex-clearcook-13-l\/","title":{"rendered":"INSTANT POT Hei\u00dfluftfritteuse Vortex ClearCook 13 L"},"content":{"rendered":"<div>\n<div>\n<div>\n<p><strong>Entdecken Sie eine v\u00f6llig neue Art zu kochen<\/strong><\/p>\n<\/div>\n<div class=\"product__description-formatiert \">\n<div>\n<p>Die ClearCook 13L Vortex Air Fryer revolutioniert die Art und Weise, wie Sie zu Hause kochen. Kompakt und dennoch ger\u00e4umig, mit einem Fassungsverm\u00f6gen von 13 Litern bietet es Geschwindigkeit und Effizienz ohne Kompromisse. Dank der 360\u00b0-Hei\u00dflufttechnologie k\u00f6nnen Sie grillen, braten, toasten, backen und sogar d\u00f6rren und dabei sicherstellen, dass die Speisen au\u00dfen knusprig und innen zart sind.<\/p>\n<p><strong>Vielseitigkeit und Funktionalit\u00e4t in der K\u00fcche<\/strong><\/p>\n<p>Ausgestattet mit 9 voreingestellten Programmen passt sich der Vortex ClearCook jedem Bedarf an: vom knusprigen Brath\u00e4hnchen bis zum perfekten Espresso-Toast. Das digitale Touch-Bedienfeld und das ClearCook-Fenster machen das Kochen intuitiv und einfach zu \u00fcberwachen. Dank der zweistufigen Tabletts und des Drehspie\u00dfs wird das gleichzeitige Kochen verschiedener Gerichte zum Kinderspiel.<\/p>\n<p><strong>Energieeinsparung und Gesundheit<\/strong><\/p>\n<p>Da diese Fritteuse bis zu 80 % weniger Energie als herk\u00f6mmliche \u00d6fen verbraucht und den \u00d6lverbrauch um 95 % reduziert, ist sie die ideale Wahl f\u00fcr alle, die Wert auf Effizienz und gesunde Ern\u00e4hrung legen. Durch das schnelle Vorheizen wird die Vorbereitungszeit verk\u00fcrzt, sodass Sie bis zu 50 % schneller kochen k\u00f6nnen.<\/p>\n<p><strong>Komplettes Zubeh\u00f6r f\u00fcr professionelle Ergebnisse<\/strong><\/p>\n<p>Mit mitgeliefertem Zubeh\u00f6r wie perforierten Tabletts, einer Auffangschale und einem kompletten Drehspie\u00df-Set bietet der Vortex ClearCook alles, was Sie zum Experimentieren mit verschiedenen Rezepten ben\u00f6tigen. Alle Zubeh\u00f6rteile sind sp\u00fclmaschinenfest und erm\u00f6glichen so eine schnelle und einfache Reinigung.<\/p>\n<p><strong>Innovation und Stil f\u00fcr Ihre K\u00fcche<\/strong><\/p>\n<p>Die ClearCook Vortex-Fritteuse besteht aus hochwertigen Materialien wie Edelstahl und langlebigem Kunststoff und vereint Design und Funktionalit\u00e4t. Mit einer Leistung von 1700 W und einer Temperaturregelung bis 205 \u00b0C garantiert es hohe Leistung in einem kompakten und modernen Format.<\/p>\n<\/div>\n<\/div>\n<\/div>\n<\/div>\n<div class=\"product__description-formatiert \">\n<p><strong>Technische Daten:<\/strong><\/p>\n<ul class=\"product__spec-list\">\n<li class=\"product__tag\">Fassungsverm\u00f6gen 13 l<\/li>\n<li class=\"product__tag\">Material: Kunststoff und Metall<\/li>\n<li class=\"product__tag\">2 Jahre Garantie<\/li>\n<li class=\"product__tag\">Abmessungen 35 x 34,5 x 37,5 cm<\/li>\n<li class=\"product__tag\">Gewicht 8200 g<\/li>\n<li class=\"product__tag\">Anzahl der Funktionen: 9 &#8211; One-Touch-Funktionen<\/li>\n<\/ul>\n<p><strong>Not for sale outside Europe<\/strong><\/p>\n<\/div>\n","protected":false},"excerpt":{"rendered":"<p>Entdecken Sie eine v\u00f6llig neue Art zu kochen Die ClearCook 13L Vortex Air Fryer revolutioniert die Art und Weise, wie<\/p>\n","protected":false},"featured_media":492799,"template":"","meta":{"_acf_changed":false,"inline_featured_image":false},"product_cat":[6703,25388],"product_tag":[21496,12328,23661,24416,13399,24455,21822],"acf":[],"yoast_head":"<!-- This site is optimized with the Yoast SEO Premium plugin v18.6 (Yoast SEO v19.13) - https:\/\/yoast.com\/wordpress\/plugins\/seo\/ -->\n<title>INSTANT POT Hei\u00dfluftfritteuse Vortex ClearCook 13 L - Erresse Shop<\/title>\n<meta name=\"description\" content=\"Entdecken Sie eine v\u00f6llig neue Art zu kochen Die ClearCook 13L Vortex Air Fryer revolutioniert die Art und Weise, wie Sie zu Hause kochen. Kompakt und\" \/>\n<meta name=\"robots\" content=\"index, follow, max-snippet:-1, max-image-preview:large, max-video-preview:-1\" \/>\n<link rel=\"canonical\" href=\"https:\/\/www.erresse-shop.it\/de\/shop\/kleine-elektrogeraete\/heissluftfritteusen\/instant-pot-heissluftfritteuse-vortex-clearcook-13-l\/\" \/>\n<meta property=\"og:locale\" content=\"de_DE\" \/>\n<meta property=\"og:type\" content=\"article\" \/>\n<meta property=\"og:title\" content=\"INSTANT POT Hei\u00dfluftfritteuse Vortex ClearCook 13 L\" \/>\n<meta property=\"og:description\" content=\"Entdecken Sie eine v\u00f6llig neue Art zu kochen Die ClearCook 13L Vortex Air Fryer revolutioniert die Art und Weise, wie Sie zu Hause kochen. Kompakt und\" \/>\n<meta property=\"og:url\" content=\"https:\/\/www.erresse-shop.it\/de\/shop\/kleine-elektrogeraete\/heissluftfritteusen\/instant-pot-heissluftfritteuse-vortex-clearcook-13-l\/\" \/>\n<meta property=\"og:site_name\" content=\"Erresse Shop\" \/>\n<meta property=\"article:modified_time\" content=\"2026-02-27T10:53:39+00:00\" \/>\n<meta property=\"og:image\" content=\"https:\/\/www.erresse-shop.it\/wp-content\/uploads\/2025\/04\/INSTANT-POT-Friggitrice-ad-Aria-Vortex-ClearCook-13-L.jpg\" \/>\n\t<meta property=\"og:image:width\" content=\"1200\" \/>\n\t<meta property=\"og:image:height\" content=\"1200\" \/>\n\t<meta property=\"og:image:type\" content=\"image\/jpeg\" \/>\n<meta name=\"twitter:card\" content=\"summary_large_image\" \/>\n<script type=\"application\/ld+json\" class=\"yoast-schema-graph\">{\"@context\":\"https:\/\/schema.org\",\"@graph\":[{\"@type\":\"WebPage\",\"@id\":\"https:\/\/www.erresse-shop.it\/de\/shop\/kleine-elektrogeraete\/heissluftfritteusen\/instant-pot-heissluftfritteuse-vortex-clearcook-13-l\/\",\"url\":\"https:\/\/www.erresse-shop.it\/de\/shop\/kleine-elektrogeraete\/heissluftfritteusen\/instant-pot-heissluftfritteuse-vortex-clearcook-13-l\/\",\"name\":\"INSTANT POT Hei\u00dfluftfritteuse Vortex ClearCook 13 L - Erresse Shop\",\"isPartOf\":{\"@id\":\"https:\/\/www.erresse-shop.it\/de\/#website\"},\"datePublished\":\"2025-04-16T13:15:55+00:00\",\"dateModified\":\"2026-02-27T10:53:39+00:00\",\"description\":\"Entdecken Sie eine v\u00f6llig neue Art zu kochen Die ClearCook 13L Vortex Air Fryer revolutioniert die Art und Weise, wie Sie zu Hause kochen. Kompakt und\",\"breadcrumb\":{\"@id\":\"https:\/\/www.erresse-shop.it\/de\/shop\/kleine-elektrogeraete\/heissluftfritteusen\/instant-pot-heissluftfritteuse-vortex-clearcook-13-l\/#breadcrumb\"},\"inLanguage\":\"de-DE\",\"potentialAction\":[{\"@type\":\"ReadAction\",\"target\":[\"https:\/\/www.erresse-shop.it\/de\/shop\/kleine-elektrogeraete\/heissluftfritteusen\/instant-pot-heissluftfritteuse-vortex-clearcook-13-l\/\"]}]},{\"@type\":\"BreadcrumbList\",\"@id\":\"https:\/\/www.erresse-shop.it\/de\/shop\/kleine-elektrogeraete\/heissluftfritteusen\/instant-pot-heissluftfritteuse-vortex-clearcook-13-l\/#breadcrumb\",\"itemListElement\":[{\"@type\":\"ListItem\",\"position\":1,\"name\":\"Home\",\"item\":\"https:\/\/www.erresse-shop.it\/de\/\"},{\"@type\":\"ListItem\",\"position\":2,\"name\":\"Shop\",\"item\":\"https:\/\/www.erresse-shop.it\/de\/shop\/\"},{\"@type\":\"ListItem\",\"position\":3,\"name\":\"INSTANT POT Hei\u00dfluftfritteuse Vortex ClearCook 13 L\"}]},{\"@type\":\"WebSite\",\"@id\":\"https:\/\/www.erresse-shop.it\/de\/#website\",\"url\":\"https:\/\/www.erresse-shop.it\/de\/\",\"name\":\"Erresse Shop\",\"description\":\"Articoli di qualit\u00e0 per la casa\",\"potentialAction\":[{\"@type\":\"SearchAction\",\"target\":{\"@type\":\"EntryPoint\",\"urlTemplate\":\"https:\/\/www.erresse-shop.it\/de\/?s={search_term_string}\"},\"query-input\":\"required name=search_term_string\"}],\"inLanguage\":\"de-DE\"}]}<\/script>\n<!-- \/ Yoast SEO Premium plugin. -->","yoast_head_json":{"title":"INSTANT POT Hei\u00dfluftfritteuse Vortex ClearCook 13 L - Erresse Shop","description":"Entdecken Sie eine v\u00f6llig neue Art zu kochen Die ClearCook 13L Vortex Air Fryer revolutioniert die Art und Weise, wie Sie zu Hause kochen. Kompakt und","robots":{"index":"index","follow":"follow","max-snippet":"max-snippet:-1","max-image-preview":"max-image-preview:large","max-video-preview":"max-video-preview:-1"},"canonical":"https:\/\/www.erresse-shop.it\/de\/shop\/kleine-elektrogeraete\/heissluftfritteusen\/instant-pot-heissluftfritteuse-vortex-clearcook-13-l\/","og_locale":"de_DE","og_type":"article","og_title":"INSTANT POT Hei\u00dfluftfritteuse Vortex ClearCook 13 L","og_description":"Entdecken Sie eine v\u00f6llig neue Art zu kochen Die ClearCook 13L Vortex Air Fryer revolutioniert die Art und Weise, wie Sie zu Hause kochen. Kompakt und","og_url":"https:\/\/www.erresse-shop.it\/de\/shop\/kleine-elektrogeraete\/heissluftfritteusen\/instant-pot-heissluftfritteuse-vortex-clearcook-13-l\/","og_site_name":"Erresse Shop","article_modified_time":"2026-02-27T10:53:39+00:00","og_image":[{"width":1200,"height":1200,"url":"https:\/\/www.erresse-shop.it\/wp-content\/uploads\/2025\/04\/INSTANT-POT-Friggitrice-ad-Aria-Vortex-ClearCook-13-L.jpg","type":"image\/jpeg"}],"twitter_card":"summary_large_image","schema":{"@context":"https:\/\/schema.org","@graph":[{"@type":"WebPage","@id":"https:\/\/www.erresse-shop.it\/de\/shop\/kleine-elektrogeraete\/heissluftfritteusen\/instant-pot-heissluftfritteuse-vortex-clearcook-13-l\/","url":"https:\/\/www.erresse-shop.it\/de\/shop\/kleine-elektrogeraete\/heissluftfritteusen\/instant-pot-heissluftfritteuse-vortex-clearcook-13-l\/","name":"INSTANT POT Hei\u00dfluftfritteuse Vortex ClearCook 13 L - Erresse Shop","isPartOf":{"@id":"https:\/\/www.erresse-shop.it\/de\/#website"},"datePublished":"2025-04-16T13:15:55+00:00","dateModified":"2026-02-27T10:53:39+00:00","description":"Entdecken Sie eine v\u00f6llig neue Art zu kochen Die ClearCook 13L Vortex Air Fryer revolutioniert die Art und Weise, wie Sie zu Hause kochen. Kompakt und","breadcrumb":{"@id":"https:\/\/www.erresse-shop.it\/de\/shop\/kleine-elektrogeraete\/heissluftfritteusen\/instant-pot-heissluftfritteuse-vortex-clearcook-13-l\/#breadcrumb"},"inLanguage":"de-DE","potentialAction":[{"@type":"ReadAction","target":["https:\/\/www.erresse-shop.it\/de\/shop\/kleine-elektrogeraete\/heissluftfritteusen\/instant-pot-heissluftfritteuse-vortex-clearcook-13-l\/"]}]},{"@type":"BreadcrumbList","@id":"https:\/\/www.erresse-shop.it\/de\/shop\/kleine-elektrogeraete\/heissluftfritteusen\/instant-pot-heissluftfritteuse-vortex-clearcook-13-l\/#breadcrumb","itemListElement":[{"@type":"ListItem","position":1,"name":"Home","item":"https:\/\/www.erresse-shop.it\/de\/"},{"@type":"ListItem","position":2,"name":"Shop","item":"https:\/\/www.erresse-shop.it\/de\/shop\/"},{"@type":"ListItem","position":3,"name":"INSTANT POT Hei\u00dfluftfritteuse Vortex ClearCook 13 L"}]},{"@type":"WebSite","@id":"https:\/\/www.erresse-shop.it\/de\/#website","url":"https:\/\/www.erresse-shop.it\/de\/","name":"Erresse Shop","description":"Articoli di qualit\u00e0 per la casa","potentialAction":[{"@type":"SearchAction","target":{"@type":"EntryPoint","urlTemplate":"https:\/\/www.erresse-shop.it\/de\/?s={search_term_string}"},"query-input":"required name=search_term_string"}],"inLanguage":"de-DE"}]}},"df_price":127.4925,"df_sale_price":127.4925,"df_regular_price":169.99,"df_image_link":"https:\/\/www.erresse-shop.it\/wp-content\/uploads\/2025\/04\/INSTANT-POT-Friggitrice-ad-Aria-Vortex-ClearCook-13-L-300x300.jpg","_links":{"self":[{"href":"https:\/\/www.erresse-shop.it\/de\/wp-json\/wp\/v2\/product\/492777"}],"collection":[{"href":"https:\/\/www.erresse-shop.it\/de\/wp-json\/wp\/v2\/product"}],"about":[{"href":"https:\/\/www.erresse-shop.it\/de\/wp-json\/wp\/v2\/types\/product"}],"wp:featuredmedia":[{"embeddable":true,"href":"https:\/\/www.erresse-shop.it\/de\/wp-json\/wp\/v2\/media\/492799"}],"wp:attachment":[{"href":"https:\/\/www.erresse-shop.it\/de\/wp-json\/wp\/v2\/media?parent=492777"}],"wp:term":[{"taxonomy":"product_cat","embeddable":true,"href":"https:\/\/www.erresse-shop.it\/de\/wp-json\/wp\/v2\/product_cat?post=492777"},{"taxonomy":"product_tag","embeddable":true,"href":"https:\/\/www.erresse-shop.it\/de\/wp-json\/wp\/v2\/product_tag?post=492777"}],"curies":[{"name":"wp","href":"https:\/\/api.w.org\/{rel}","templated":true}]}}