{"id":492280,"date":"2025-04-15T12:39:23","date_gmt":"2025-04-15T12:39:31","guid":{"rendered":"https:\/\/www.erresse-shop.it\/?post_type=product&#038;p=492280"},"modified":"2026-02-27T10:55:49","modified_gmt":"2026-02-27T10:55:49","slug":"outdoorchef-ascona-gasgrill-570-g-all-black","status":"publish","type":"product","link":"https:\/\/www.erresse-shop.it\/de\/shop\/kleine-elektrogeraete\/grills-und-barbecues\/outdoorchef-ascona-gasgrill-570-g-all-black\/","title":{"rendered":"Outdoorchef Ascona Gasgrill 570 G All Black"},"content":{"rendered":"<p><span style=\"font-size: 14pt;\"><strong>Unbegrenzte Vielseitigkeit f\u00fcr jede Art des Kochens<\/strong><\/span><\/p>\n<p>Mit dem Outdoorchef Ascona 570 G All Black Gasgrill kannst du von klassischen Fleischgrills bis hin zu langsamer, kontrollierter Zubereitung f\u00fcr saftige und unwiderstehliche Ergebnisse alles machen. Dank der Temperaturregelung zwischen 80\u2013120\u00b0C und 180\u2013360\u00b0C kannst du bei niedriger Temperatur garen, r\u00e4uchern, Fisch und Gem\u00fcse grillen und sogar Pizza und Desserts gleichm\u00e4\u00dfig zubereiten.<\/p>\n<p><span style=\"font-size: 14pt;\"><strong>Trichtersystem f\u00fcr stressfreies Reinigen<\/strong><\/span><\/p>\n<p>Vergiss den Reinigungsstress nach dem Grillen! Das praktische Trichtersystem sammelt Fett schnell und einfach, verhindert pl\u00f6tzliche Flammen und reduziert Abf\u00e4lle. In wenigen Minuten ist dein Grill bereit f\u00fcr das n\u00e4chste kulinarische Abenteuer \u2013 ganz ohne Aufwand.<\/p>\n<p><span style=\"font-size: 14pt;\"><strong>Robuste Materialien und funktionales Design<\/strong><\/span><\/p>\n<p>Hergestellt aus hochwertigen Materialien mit porzellanisierter Oberfl\u00e4che, bietet der Ascona 570 G All Black Langlebigkeit und Hitzebest\u00e4ndigkeit. Die gro\u00dfz\u00fcgige Ablagefl\u00e4che h\u00e4lt deine Utensilien und Zutaten stets griffbereit und macht jede Kochphase praktischer und organisierter.<\/p>\n<p><span style=\"font-size: 14pt;\"><strong>\u00dcberall leicht zu transportieren<\/strong><\/span><\/p>\n<p>Dank der gro\u00dfen Kunststoffr\u00e4der l\u00e4sst sich der Grill m\u00fchelos bewegen \u2013 ob im Garten, auf der Terrasse oder im eigenen Grillbereich. Genie\u00dfe deinen Au\u00dfenbereich in vollen Z\u00fcgen!<\/p>\n<p><span style=\"font-size: 14pt;\"><strong>Leistung und Effizienz f\u00fcr perfektes Grillen<\/strong><\/span><\/p>\n<p>Mit einer Leistung von 9,7 kW und einem Grilldurchmesser von 54 cm bietet dieser Grill eine gro\u00dfe Grillfl\u00e4che, um mehrere Gerichte gleichzeitig<\/p>\n","protected":false},"excerpt":{"rendered":"<p>Unbegrenzte Vielseitigkeit f\u00fcr jede Art des Kochens Mit dem Outdoorchef Ascona 570 G All Black Gasgrill kannst du von klassischen<\/p>\n","protected":false},"featured_media":492318,"template":"","meta":{"_acf_changed":false,"inline_featured_image":false},"product_cat":[6703,13378],"product_tag":[25182,13379,24604,23632,12210,12211,25022,22516],"acf":[],"yoast_head":"<!-- This site is optimized with the Yoast SEO Premium plugin v18.6 (Yoast SEO v19.13) - https:\/\/yoast.com\/wordpress\/plugins\/seo\/ -->\n<title>WEBER Elektrogrill Pulse 1000 Schwarz<\/title>\n<meta name=\"description\" content=\"Entdecken Sie WEBER Elektrogrill Pulse 1000 Schwarz bei ErresseShop. Qualit\u00e4t, Stil und Funktionalit\u00e4t \u2013 jetzt online bestellen!\" \/>\n<meta name=\"robots\" content=\"index, follow, max-snippet:-1, max-image-preview:large, max-video-preview:-1\" \/>\n<link rel=\"canonical\" href=\"https:\/\/www.erresse-shop.it\/de\/shop\/kleine-elektrogeraete\/grills-und-barbecues\/outdoorchef-ascona-gasgrill-570-g-all-black\/\" \/>\n<meta property=\"og:locale\" content=\"de_DE\" \/>\n<meta property=\"og:type\" content=\"article\" \/>\n<meta property=\"og:title\" content=\"Outdoorchef Ascona Gasgrill 570 G All Black\" \/>\n<meta property=\"og:description\" content=\"Entdecken Sie WEBER Elektrogrill Pulse 1000 Schwarz bei ErresseShop. Qualit\u00e4t, Stil und Funktionalit\u00e4t \u2013 jetzt online bestellen!\" \/>\n<meta property=\"og:url\" content=\"https:\/\/www.erresse-shop.it\/de\/shop\/kleine-elektrogeraete\/grills-und-barbecues\/outdoorchef-ascona-gasgrill-570-g-all-black\/\" \/>\n<meta property=\"og:site_name\" content=\"Erresse Shop\" \/>\n<meta property=\"article:modified_time\" content=\"2026-02-27T10:55:49+00:00\" \/>\n<meta property=\"og:image\" content=\"https:\/\/www.erresse-shop.it\/wp-content\/uploads\/2025\/04\/Outdoorchef-Ascona-Barbecue-a-Gas-570-G-All-Black.jpg\" \/>\n\t<meta property=\"og:image:width\" content=\"1200\" \/>\n\t<meta property=\"og:image:height\" content=\"1200\" \/>\n\t<meta property=\"og:image:type\" content=\"image\/jpeg\" \/>\n<meta name=\"twitter:card\" content=\"summary_large_image\" \/>\n<script type=\"application\/ld+json\" class=\"yoast-schema-graph\">{\"@context\":\"https:\/\/schema.org\",\"@graph\":[{\"@type\":\"WebPage\",\"@id\":\"https:\/\/www.erresse-shop.it\/de\/shop\/kleine-elektrogeraete\/grills-und-barbecues\/outdoorchef-ascona-gasgrill-570-g-all-black\/\",\"url\":\"https:\/\/www.erresse-shop.it\/de\/shop\/kleine-elektrogeraete\/grills-und-barbecues\/outdoorchef-ascona-gasgrill-570-g-all-black\/\",\"name\":\"WEBER Elektrogrill Pulse 1000 Schwarz\",\"isPartOf\":{\"@id\":\"https:\/\/www.erresse-shop.it\/de\/#website\"},\"datePublished\":\"2025-04-15T12:39:31+00:00\",\"dateModified\":\"2026-02-27T10:55:49+00:00\",\"description\":\"Entdecken Sie WEBER Elektrogrill Pulse 1000 Schwarz bei ErresseShop. Qualit\u00e4t, Stil und Funktionalit\u00e4t \u2013 jetzt online bestellen!\",\"breadcrumb\":{\"@id\":\"https:\/\/www.erresse-shop.it\/de\/shop\/kleine-elektrogeraete\/grills-und-barbecues\/outdoorchef-ascona-gasgrill-570-g-all-black\/#breadcrumb\"},\"inLanguage\":\"de-DE\",\"potentialAction\":[{\"@type\":\"ReadAction\",\"target\":[\"https:\/\/www.erresse-shop.it\/de\/shop\/kleine-elektrogeraete\/grills-und-barbecues\/outdoorchef-ascona-gasgrill-570-g-all-black\/\"]}]},{\"@type\":\"BreadcrumbList\",\"@id\":\"https:\/\/www.erresse-shop.it\/de\/shop\/kleine-elektrogeraete\/grills-und-barbecues\/outdoorchef-ascona-gasgrill-570-g-all-black\/#breadcrumb\",\"itemListElement\":[{\"@type\":\"ListItem\",\"position\":1,\"name\":\"Home\",\"item\":\"https:\/\/www.erresse-shop.it\/de\/\"},{\"@type\":\"ListItem\",\"position\":2,\"name\":\"Shop\",\"item\":\"https:\/\/www.erresse-shop.it\/de\/shop\/\"},{\"@type\":\"ListItem\",\"position\":3,\"name\":\"Outdoorchef Ascona Gasgrill 570 G All Black\"}]},{\"@type\":\"WebSite\",\"@id\":\"https:\/\/www.erresse-shop.it\/de\/#website\",\"url\":\"https:\/\/www.erresse-shop.it\/de\/\",\"name\":\"Erresse Shop\",\"description\":\"Articoli di qualit\u00e0 per la casa\",\"potentialAction\":[{\"@type\":\"SearchAction\",\"target\":{\"@type\":\"EntryPoint\",\"urlTemplate\":\"https:\/\/www.erresse-shop.it\/de\/?s={search_term_string}\"},\"query-input\":\"required name=search_term_string\"}],\"inLanguage\":\"de-DE\"}]}<\/script>\n<!-- \/ Yoast SEO Premium plugin. -->","yoast_head_json":{"title":"WEBER Elektrogrill Pulse 1000 Schwarz","description":"Entdecken Sie WEBER Elektrogrill Pulse 1000 Schwarz bei ErresseShop. Qualit\u00e4t, Stil und Funktionalit\u00e4t \u2013 jetzt online bestellen!","robots":{"index":"index","follow":"follow","max-snippet":"max-snippet:-1","max-image-preview":"max-image-preview:large","max-video-preview":"max-video-preview:-1"},"canonical":"https:\/\/www.erresse-shop.it\/de\/shop\/kleine-elektrogeraete\/grills-und-barbecues\/outdoorchef-ascona-gasgrill-570-g-all-black\/","og_locale":"de_DE","og_type":"article","og_title":"Outdoorchef Ascona Gasgrill 570 G All Black","og_description":"Entdecken Sie WEBER Elektrogrill Pulse 1000 Schwarz bei ErresseShop. Qualit\u00e4t, Stil und Funktionalit\u00e4t \u2013 jetzt online bestellen!","og_url":"https:\/\/www.erresse-shop.it\/de\/shop\/kleine-elektrogeraete\/grills-und-barbecues\/outdoorchef-ascona-gasgrill-570-g-all-black\/","og_site_name":"Erresse Shop","article_modified_time":"2026-02-27T10:55:49+00:00","og_image":[{"width":1200,"height":1200,"url":"https:\/\/www.erresse-shop.it\/wp-content\/uploads\/2025\/04\/Outdoorchef-Ascona-Barbecue-a-Gas-570-G-All-Black.jpg","type":"image\/jpeg"}],"twitter_card":"summary_large_image","schema":{"@context":"https:\/\/schema.org","@graph":[{"@type":"WebPage","@id":"https:\/\/www.erresse-shop.it\/de\/shop\/kleine-elektrogeraete\/grills-und-barbecues\/outdoorchef-ascona-gasgrill-570-g-all-black\/","url":"https:\/\/www.erresse-shop.it\/de\/shop\/kleine-elektrogeraete\/grills-und-barbecues\/outdoorchef-ascona-gasgrill-570-g-all-black\/","name":"WEBER Elektrogrill Pulse 1000 Schwarz","isPartOf":{"@id":"https:\/\/www.erresse-shop.it\/de\/#website"},"datePublished":"2025-04-15T12:39:31+00:00","dateModified":"2026-02-27T10:55:49+00:00","description":"Entdecken Sie WEBER Elektrogrill Pulse 1000 Schwarz bei ErresseShop. Qualit\u00e4t, Stil und Funktionalit\u00e4t \u2013 jetzt online bestellen!","breadcrumb":{"@id":"https:\/\/www.erresse-shop.it\/de\/shop\/kleine-elektrogeraete\/grills-und-barbecues\/outdoorchef-ascona-gasgrill-570-g-all-black\/#breadcrumb"},"inLanguage":"de-DE","potentialAction":[{"@type":"ReadAction","target":["https:\/\/www.erresse-shop.it\/de\/shop\/kleine-elektrogeraete\/grills-und-barbecues\/outdoorchef-ascona-gasgrill-570-g-all-black\/"]}]},{"@type":"BreadcrumbList","@id":"https:\/\/www.erresse-shop.it\/de\/shop\/kleine-elektrogeraete\/grills-und-barbecues\/outdoorchef-ascona-gasgrill-570-g-all-black\/#breadcrumb","itemListElement":[{"@type":"ListItem","position":1,"name":"Home","item":"https:\/\/www.erresse-shop.it\/de\/"},{"@type":"ListItem","position":2,"name":"Shop","item":"https:\/\/www.erresse-shop.it\/de\/shop\/"},{"@type":"ListItem","position":3,"name":"Outdoorchef Ascona Gasgrill 570 G All Black"}]},{"@type":"WebSite","@id":"https:\/\/www.erresse-shop.it\/de\/#website","url":"https:\/\/www.erresse-shop.it\/de\/","name":"Erresse Shop","description":"Articoli di qualit\u00e0 per la casa","potentialAction":[{"@type":"SearchAction","target":{"@type":"EntryPoint","urlTemplate":"https:\/\/www.erresse-shop.it\/de\/?s={search_term_string}"},"query-input":"required name=search_term_string"}],"inLanguage":"de-DE"}]}},"df_price":454.35,"df_sale_price":454.35,"df_regular_price":699,"df_image_link":"https:\/\/www.erresse-shop.it\/wp-content\/uploads\/2025\/04\/Outdoorchef-Ascona-Barbecue-a-Gas-570-G-All-Black-300x300.jpg","_links":{"self":[{"href":"https:\/\/www.erresse-shop.it\/de\/wp-json\/wp\/v2\/product\/492280"}],"collection":[{"href":"https:\/\/www.erresse-shop.it\/de\/wp-json\/wp\/v2\/product"}],"about":[{"href":"https:\/\/www.erresse-shop.it\/de\/wp-json\/wp\/v2\/types\/product"}],"wp:featuredmedia":[{"embeddable":true,"href":"https:\/\/www.erresse-shop.it\/de\/wp-json\/wp\/v2\/media\/492318"}],"wp:attachment":[{"href":"https:\/\/www.erresse-shop.it\/de\/wp-json\/wp\/v2\/media?parent=492280"}],"wp:term":[{"taxonomy":"product_cat","embeddable":true,"href":"https:\/\/www.erresse-shop.it\/de\/wp-json\/wp\/v2\/product_cat?post=492280"},{"taxonomy":"product_tag","embeddable":true,"href":"https:\/\/www.erresse-shop.it\/de\/wp-json\/wp\/v2\/product_tag?post=492280"}],"curies":[{"name":"wp","href":"https:\/\/api.w.org\/{rel}","templated":true}]}}