{"id":490308,"date":"2025-04-10T13:55:34","date_gmt":"2025-04-10T13:55:35","guid":{"rendered":"https:\/\/www.erresse-shop.it\/?post_type=product&#038;p=490308"},"modified":"2026-02-13T09:06:41","modified_gmt":"2026-02-13T09:06:41","slug":"joseph-joseph-tota-trio-waeschekorb-90-liter-schwarz","status":"publish","type":"product","link":"https:\/\/www.erresse-shop.it\/de\/shop\/einrichtung-haus\/badezimmer\/joseph-joseph-tota-trio-waeschekorb-90-liter-schwarz\/","title":{"rendered":"JOSEPH JOSEPH Tota Trio W\u00e4schekorb 90 Liter Schwarz"},"content":{"rendered":"<p>Unser meistverkaufter Portabiancher wurde mit drei Schritten zum Trennen des Kapitels aktualisiert. Die tragbare Tasche und die Transportm\u00f6glichkeiten erleichtern den Transport nicht, da sie durch die vielseitige Tonalit\u00e4t und die nat\u00fcrliche Farbe perfekt zu einem angenehmen Ambiente passen.<\/p>\n<ul>\n<li>Drei 30-Liter-Kombinationen, die Sie ben\u00f6tigen, um die Texte, Bilder, Schriften und Farben zu trennen.<\/li>\n<li>Le borse portabiancheria rimovibili con manici facilitano il trasporto del bucato in lavatrice.<\/li>\n<li>Die Handhabung erfolgt auf der Basis der B\u00f6rse und erleichtert den Verkauf.<\/li>\n<li>Ich sacchetti si inseriscono nello spazio del cesto portabiancheria, rendendoli facili da riporre.<\/li>\n<li>Il coperchio nasconde la biancheria sporca, mantenendola in ordine in casa.<\/li>\n<li>Das Design des Salvaspazio ist perfekt f\u00fcr die Zimmer- und Schlafr\u00e4ume geeignet ripostigli.<\/li>\n<li>Viene fornito smontato con struzioni di montaggio facili e sza bisogno di attrezzi.<\/li>\n<\/ul>\n<p><strong>Vorsichtsma\u00dfnahmen und Verwendung:<\/strong><\/p>\n<ul>\n<li>Borse-Tasche: Lavabili in lavatrice \u2013 vedere l&#8217;etichetta sul prodotto per le istruzioni<\/li>\n<li>Rimuovere il bordo in plastica prima del lavaggio<\/li>\n<li>Esterno in tessuto: Pulire solo con un panno \u2013 non lavare in lavatrice<\/li>\n<li>Coperchio, Bordi e telaio: pulire con un panno umido<\/li>\n<li>Achtung: Achten Sie darauf, dass Sie keine mobilen Ger\u00e4te auf das Ger\u00e4t legen<\/li>\n<li>Es ist Kindern nicht gestattet, mit dem Baby zu spielen<\/li>\n<\/ul>\n<p><strong>Abmessungen:<\/strong><\/p>\n<p>H71 x L59,1 x P39,5 cm (H28 x L23,3 x P15,5 cm)<\/p>\n<p><strong>Material:<\/strong><\/p>\n<p>Borse di tela \u2013 100 % Baumwolle<br \/>\nPolyester \u2013 100 % Polyester<\/p>\n","protected":false},"excerpt":{"rendered":"<p>Unser meistverkaufter Portabiancher wurde mit drei Schritten zum Trennen des Kapitels aktualisiert. Die tragbare Tasche und die Transportm\u00f6glichkeiten erleichtern den<\/p>\n","protected":false},"featured_media":490330,"template":"","meta":{"_acf_changed":false,"inline_featured_image":false},"product_cat":[6817,19010],"product_tag":[25027,21369,21371,13487,21227,21370,25022,18475,21372],"acf":[],"yoast_head":"<!-- This site is optimized with the Yoast SEO Premium plugin v18.6 (Yoast SEO v19.13) - https:\/\/yoast.com\/wordpress\/plugins\/seo\/ -->\n<title>JOSEPH JOSEPH Tota Trio W\u00e4schekorb 90 Liter Schwarz - Erresse Shop<\/title>\n<meta name=\"description\" content=\"Unser meistverkaufter Portabiancher wurde mit drei Schritten zum Trennen des Kapitels aktualisiert. Die tragbare Tasche und die Transportm\u00f6glichkeiten\" \/>\n<meta name=\"robots\" content=\"index, follow, max-snippet:-1, max-image-preview:large, max-video-preview:-1\" \/>\n<link rel=\"canonical\" href=\"https:\/\/www.erresse-shop.it\/de\/shop\/einrichtung-haus\/badezimmer\/joseph-joseph-tota-trio-waeschekorb-90-liter-schwarz\/\" \/>\n<meta property=\"og:locale\" content=\"de_DE\" \/>\n<meta property=\"og:type\" content=\"article\" \/>\n<meta property=\"og:title\" content=\"JOSEPH JOSEPH Tota Trio W\u00e4schekorb 90 Liter Schwarz\" \/>\n<meta property=\"og:description\" content=\"Unser meistverkaufter Portabiancher wurde mit drei Schritten zum Trennen des Kapitels aktualisiert. Die tragbare Tasche und die Transportm\u00f6glichkeiten\" \/>\n<meta property=\"og:url\" content=\"https:\/\/www.erresse-shop.it\/de\/shop\/einrichtung-haus\/badezimmer\/joseph-joseph-tota-trio-waeschekorb-90-liter-schwarz\/\" \/>\n<meta property=\"og:site_name\" content=\"Erresse Shop\" \/>\n<meta property=\"article:modified_time\" content=\"2026-02-13T09:06:41+00:00\" \/>\n<meta property=\"og:image\" content=\"https:\/\/www.erresse-shop.it\/wp-content\/uploads\/2025\/04\/JOSEPH-JOSEPH-Tota-Trio-Cesto-da-Biancheria-90-litri-Nero.jpg\" \/>\n\t<meta property=\"og:image:width\" content=\"1200\" \/>\n\t<meta property=\"og:image:height\" content=\"1200\" \/>\n\t<meta property=\"og:image:type\" content=\"image\/jpeg\" \/>\n<meta name=\"twitter:card\" content=\"summary_large_image\" \/>\n<script type=\"application\/ld+json\" class=\"yoast-schema-graph\">{\"@context\":\"https:\/\/schema.org\",\"@graph\":[{\"@type\":\"WebPage\",\"@id\":\"https:\/\/www.erresse-shop.it\/de\/shop\/einrichtung-haus\/badezimmer\/joseph-joseph-tota-trio-waeschekorb-90-liter-schwarz\/\",\"url\":\"https:\/\/www.erresse-shop.it\/de\/shop\/einrichtung-haus\/badezimmer\/joseph-joseph-tota-trio-waeschekorb-90-liter-schwarz\/\",\"name\":\"JOSEPH JOSEPH Tota Trio W\u00e4schekorb 90 Liter Schwarz - Erresse Shop\",\"isPartOf\":{\"@id\":\"https:\/\/www.erresse-shop.it\/de\/#website\"},\"datePublished\":\"2025-04-10T13:55:35+00:00\",\"dateModified\":\"2026-02-13T09:06:41+00:00\",\"description\":\"Unser meistverkaufter Portabiancher wurde mit drei Schritten zum Trennen des Kapitels aktualisiert. Die tragbare Tasche und die Transportm\u00f6glichkeiten\",\"breadcrumb\":{\"@id\":\"https:\/\/www.erresse-shop.it\/de\/shop\/einrichtung-haus\/badezimmer\/joseph-joseph-tota-trio-waeschekorb-90-liter-schwarz\/#breadcrumb\"},\"inLanguage\":\"de-DE\",\"potentialAction\":[{\"@type\":\"ReadAction\",\"target\":[\"https:\/\/www.erresse-shop.it\/de\/shop\/einrichtung-haus\/badezimmer\/joseph-joseph-tota-trio-waeschekorb-90-liter-schwarz\/\"]}]},{\"@type\":\"BreadcrumbList\",\"@id\":\"https:\/\/www.erresse-shop.it\/de\/shop\/einrichtung-haus\/badezimmer\/joseph-joseph-tota-trio-waeschekorb-90-liter-schwarz\/#breadcrumb\",\"itemListElement\":[{\"@type\":\"ListItem\",\"position\":1,\"name\":\"Home\",\"item\":\"https:\/\/www.erresse-shop.it\/de\/\"},{\"@type\":\"ListItem\",\"position\":2,\"name\":\"Shop\",\"item\":\"https:\/\/www.erresse-shop.it\/de\/shop\/\"},{\"@type\":\"ListItem\",\"position\":3,\"name\":\"JOSEPH JOSEPH Tota Trio W\u00e4schekorb 90 Liter Schwarz\"}]},{\"@type\":\"WebSite\",\"@id\":\"https:\/\/www.erresse-shop.it\/de\/#website\",\"url\":\"https:\/\/www.erresse-shop.it\/de\/\",\"name\":\"Erresse Shop\",\"description\":\"Articoli di qualit\u00e0 per la casa\",\"potentialAction\":[{\"@type\":\"SearchAction\",\"target\":{\"@type\":\"EntryPoint\",\"urlTemplate\":\"https:\/\/www.erresse-shop.it\/de\/?s={search_term_string}\"},\"query-input\":\"required name=search_term_string\"}],\"inLanguage\":\"de-DE\"}]}<\/script>\n<!-- \/ Yoast SEO Premium plugin. -->","yoast_head_json":{"title":"JOSEPH JOSEPH Tota Trio W\u00e4schekorb 90 Liter Schwarz - Erresse Shop","description":"Unser meistverkaufter Portabiancher wurde mit drei Schritten zum Trennen des Kapitels aktualisiert. Die tragbare Tasche und die Transportm\u00f6glichkeiten","robots":{"index":"index","follow":"follow","max-snippet":"max-snippet:-1","max-image-preview":"max-image-preview:large","max-video-preview":"max-video-preview:-1"},"canonical":"https:\/\/www.erresse-shop.it\/de\/shop\/einrichtung-haus\/badezimmer\/joseph-joseph-tota-trio-waeschekorb-90-liter-schwarz\/","og_locale":"de_DE","og_type":"article","og_title":"JOSEPH JOSEPH Tota Trio W\u00e4schekorb 90 Liter Schwarz","og_description":"Unser meistverkaufter Portabiancher wurde mit drei Schritten zum Trennen des Kapitels aktualisiert. Die tragbare Tasche und die Transportm\u00f6glichkeiten","og_url":"https:\/\/www.erresse-shop.it\/de\/shop\/einrichtung-haus\/badezimmer\/joseph-joseph-tota-trio-waeschekorb-90-liter-schwarz\/","og_site_name":"Erresse Shop","article_modified_time":"2026-02-13T09:06:41+00:00","og_image":[{"width":1200,"height":1200,"url":"https:\/\/www.erresse-shop.it\/wp-content\/uploads\/2025\/04\/JOSEPH-JOSEPH-Tota-Trio-Cesto-da-Biancheria-90-litri-Nero.jpg","type":"image\/jpeg"}],"twitter_card":"summary_large_image","schema":{"@context":"https:\/\/schema.org","@graph":[{"@type":"WebPage","@id":"https:\/\/www.erresse-shop.it\/de\/shop\/einrichtung-haus\/badezimmer\/joseph-joseph-tota-trio-waeschekorb-90-liter-schwarz\/","url":"https:\/\/www.erresse-shop.it\/de\/shop\/einrichtung-haus\/badezimmer\/joseph-joseph-tota-trio-waeschekorb-90-liter-schwarz\/","name":"JOSEPH JOSEPH Tota Trio W\u00e4schekorb 90 Liter Schwarz - Erresse Shop","isPartOf":{"@id":"https:\/\/www.erresse-shop.it\/de\/#website"},"datePublished":"2025-04-10T13:55:35+00:00","dateModified":"2026-02-13T09:06:41+00:00","description":"Unser meistverkaufter Portabiancher wurde mit drei Schritten zum Trennen des Kapitels aktualisiert. Die tragbare Tasche und die Transportm\u00f6glichkeiten","breadcrumb":{"@id":"https:\/\/www.erresse-shop.it\/de\/shop\/einrichtung-haus\/badezimmer\/joseph-joseph-tota-trio-waeschekorb-90-liter-schwarz\/#breadcrumb"},"inLanguage":"de-DE","potentialAction":[{"@type":"ReadAction","target":["https:\/\/www.erresse-shop.it\/de\/shop\/einrichtung-haus\/badezimmer\/joseph-joseph-tota-trio-waeschekorb-90-liter-schwarz\/"]}]},{"@type":"BreadcrumbList","@id":"https:\/\/www.erresse-shop.it\/de\/shop\/einrichtung-haus\/badezimmer\/joseph-joseph-tota-trio-waeschekorb-90-liter-schwarz\/#breadcrumb","itemListElement":[{"@type":"ListItem","position":1,"name":"Home","item":"https:\/\/www.erresse-shop.it\/de\/"},{"@type":"ListItem","position":2,"name":"Shop","item":"https:\/\/www.erresse-shop.it\/de\/shop\/"},{"@type":"ListItem","position":3,"name":"JOSEPH JOSEPH Tota Trio W\u00e4schekorb 90 Liter Schwarz"}]},{"@type":"WebSite","@id":"https:\/\/www.erresse-shop.it\/de\/#website","url":"https:\/\/www.erresse-shop.it\/de\/","name":"Erresse Shop","description":"Articoli di qualit\u00e0 per la casa","potentialAction":[{"@type":"SearchAction","target":{"@type":"EntryPoint","urlTemplate":"https:\/\/www.erresse-shop.it\/de\/?s={search_term_string}"},"query-input":"required name=search_term_string"}],"inLanguage":"de-DE"}]}},"df_price":122.95,"df_sale_price":122.95,"df_regular_price":149.99,"df_image_link":"https:\/\/www.erresse-shop.it\/wp-content\/uploads\/2025\/04\/JOSEPH-JOSEPH-Tota-Trio-Cesto-da-Biancheria-90-litri-Nero-300x300.jpg","_links":{"self":[{"href":"https:\/\/www.erresse-shop.it\/de\/wp-json\/wp\/v2\/product\/490308"}],"collection":[{"href":"https:\/\/www.erresse-shop.it\/de\/wp-json\/wp\/v2\/product"}],"about":[{"href":"https:\/\/www.erresse-shop.it\/de\/wp-json\/wp\/v2\/types\/product"}],"wp:featuredmedia":[{"embeddable":true,"href":"https:\/\/www.erresse-shop.it\/de\/wp-json\/wp\/v2\/media\/490330"}],"wp:attachment":[{"href":"https:\/\/www.erresse-shop.it\/de\/wp-json\/wp\/v2\/media?parent=490308"}],"wp:term":[{"taxonomy":"product_cat","embeddable":true,"href":"https:\/\/www.erresse-shop.it\/de\/wp-json\/wp\/v2\/product_cat?post=490308"},{"taxonomy":"product_tag","embeddable":true,"href":"https:\/\/www.erresse-shop.it\/de\/wp-json\/wp\/v2\/product_tag?post=490308"}],"curies":[{"name":"wp","href":"https:\/\/api.w.org\/{rel}","templated":true}]}}