{"id":490245,"date":"2025-04-10T12:52:34","date_gmt":"2025-04-10T12:52:37","guid":{"rendered":"https:\/\/www.erresse-shop.it\/?post_type=product&#038;p=490245"},"modified":"2026-02-27T11:13:09","modified_gmt":"2026-02-27T11:13:09","slug":"magimix-kuechenmaschine-mini-plus-schwarz","status":"publish","type":"product","link":"https:\/\/www.erresse-shop.it\/de\/shop\/kleine-elektrogeraete\/kuechenmaschinen\/magimix-kuechenmaschine-mini-plus-schwarz\/","title":{"rendered":"MAGIMIX K\u00fcchenmaschine Mini Plus Schwarz"},"content":{"rendered":"<p><strong>MAGIMIX.<\/strong> <u>ITALIENISCHE GARANTIE<\/u><\/p>\n<p>In Frankreich, im Herzen von Burgund, einer f\u00fcr ihre Gastronomie ber\u00fchmten Region, hat Magimix vor \u00fcber vierzig Jahren die K\u00fcchenmaschine erfunden.<br \/>\nHeute sind Magimix-Ger\u00e4te die Haushaltsversion der f\u00fcr Profis gedachten Ger\u00e4te. Die gr\u00f6\u00dften Restaurants der Welt verwenden die professionelle Version unserer Produkte.<br \/>\nIm Magimix-Sortiment finden Sie die gesamte Palette an kleinen K\u00fcchenger\u00e4ten.<br \/>\nMagimix ist immer an der Spitze der Innovation in der K\u00fcche und freut sich, seine neueste Kollektion f\u00fcr das Vergn\u00fcgen des Kochens wie ein gro\u00dfer Koch pr\u00e4sentieren zu k\u00f6nnen.<\/p>\n<p>MINI PLUS.\u00a0Leise, kompakt und genial, ideal f\u00fcr kleine R\u00e4ume.<\/p>\n<ul>\n<li>Bad 1,7 l<\/li>\n<li>Mini-Dose 0,5 l<\/li>\n<li>Spatel\u200b 1<\/li>\n<\/ul>\n<p><strong>Kapazit\u00e4t:<\/strong><\/p>\n<ul>\n<li>Samtige\u00a0\u00a0 \u00a00,6 Liter<\/li>\n<li>M\u00fcrbeteig\u200b \u00a0\u00a0 \u00a0500 g<\/li>\n<li>Brotteig\u200b\u00a0\u00a0 \u00a0400 g<\/li>\n<li>Hackfleisch\u200b\u00a0\u00a0 \u00a0500 g<\/li>\n<li>Karotten\u00a0\u00a0 \u00a0600 g<\/li>\n<li>Eiwei\u00df\u200b\u00a0\u00a0 \u00a04<\/li>\n<li>Material\u00a0\u00a0 \u00a00\u00a0% BPA<\/li>\n<li>Motorleistung\u00a0\u00a0 \u00a0400 W \u2013 ultraleise<\/li>\n<li>3 Jahre Garantie<\/li>\n<li>30 Jahre Motorgarantie<\/li>\n<li>Abmessungen\u00a0\u00a0 \u00a0H370 x B155 x T210 mm<\/li>\n<li>Tragf\u00e4higkeit\u00a0 4,4 kg<\/li>\n<li>Hergestellt in Frankreich<\/li>\n<\/ul>\n<p><span style=\"text-decoration: underline;\"><strong>Nicht zum Verkauf au\u00dferhalb Europas<\/strong><\/span><\/p>\n","protected":false},"excerpt":{"rendered":"<p>MAGIMIX. ITALIENISCHE GARANTIE In Frankreich, im Herzen von Burgund, einer f\u00fcr ihre Gastronomie ber\u00fchmten Region, hat Magimix vor \u00fcber vierzig<\/p>\n","protected":false},"featured_media":490255,"template":"","meta":{"_acf_changed":false,"inline_featured_image":false},"product_cat":[6703,6721],"product_tag":[12327,12328,23262,12315,12314,20908,13008],"acf":[],"yoast_head":"<!-- This site is optimized with the Yoast SEO Premium plugin v18.6 (Yoast SEO v19.13) - https:\/\/yoast.com\/wordpress\/plugins\/seo\/ -->\n<title>MAGIMIX K\u00fcchenmaschine Mini Plus Schwarz - Erresse Shop<\/title>\n<meta name=\"description\" content=\"MAGIMIX. ITALIENISCHE GARANTIE In Frankreich, im Herzen von Burgund, einer f\u00fcr ihre Gastronomie ber\u00fchmten Region, hat Magimix vor \u00fcber vierzig Jahren die\" \/>\n<meta name=\"robots\" content=\"index, follow, max-snippet:-1, max-image-preview:large, max-video-preview:-1\" \/>\n<link rel=\"canonical\" href=\"https:\/\/www.erresse-shop.it\/de\/shop\/kleine-elektrogeraete\/kuechenmaschinen\/magimix-kuechenmaschine-mini-plus-schwarz\/\" \/>\n<meta property=\"og:locale\" content=\"de_DE\" \/>\n<meta property=\"og:type\" content=\"article\" \/>\n<meta property=\"og:title\" content=\"MAGIMIX K\u00fcchenmaschine Mini Plus Schwarz\" \/>\n<meta property=\"og:description\" content=\"MAGIMIX. ITALIENISCHE GARANTIE In Frankreich, im Herzen von Burgund, einer f\u00fcr ihre Gastronomie ber\u00fchmten Region, hat Magimix vor \u00fcber vierzig Jahren die\" \/>\n<meta property=\"og:url\" content=\"https:\/\/www.erresse-shop.it\/de\/shop\/kleine-elektrogeraete\/kuechenmaschinen\/magimix-kuechenmaschine-mini-plus-schwarz\/\" \/>\n<meta property=\"og:site_name\" content=\"Erresse Shop\" \/>\n<meta property=\"article:modified_time\" content=\"2026-02-27T11:13:09+00:00\" \/>\n<meta property=\"og:image\" content=\"https:\/\/www.erresse-shop.it\/wp-content\/uploads\/2025\/04\/MAGIMIX-Robot-da-cucina-Mini-Plus-Nero.jpg\" \/>\n\t<meta property=\"og:image:width\" content=\"1200\" \/>\n\t<meta property=\"og:image:height\" content=\"1200\" \/>\n\t<meta property=\"og:image:type\" content=\"image\/jpeg\" \/>\n<meta name=\"twitter:card\" content=\"summary_large_image\" \/>\n<script type=\"application\/ld+json\" class=\"yoast-schema-graph\">{\"@context\":\"https:\/\/schema.org\",\"@graph\":[{\"@type\":\"WebPage\",\"@id\":\"https:\/\/www.erresse-shop.it\/de\/shop\/kleine-elektrogeraete\/kuechenmaschinen\/magimix-kuechenmaschine-mini-plus-schwarz\/\",\"url\":\"https:\/\/www.erresse-shop.it\/de\/shop\/kleine-elektrogeraete\/kuechenmaschinen\/magimix-kuechenmaschine-mini-plus-schwarz\/\",\"name\":\"MAGIMIX K\u00fcchenmaschine Mini Plus Schwarz - Erresse Shop\",\"isPartOf\":{\"@id\":\"https:\/\/www.erresse-shop.it\/de\/#website\"},\"datePublished\":\"2025-04-10T12:52:37+00:00\",\"dateModified\":\"2026-02-27T11:13:09+00:00\",\"description\":\"MAGIMIX. ITALIENISCHE GARANTIE In Frankreich, im Herzen von Burgund, einer f\u00fcr ihre Gastronomie ber\u00fchmten Region, hat Magimix vor \u00fcber vierzig Jahren die\",\"breadcrumb\":{\"@id\":\"https:\/\/www.erresse-shop.it\/de\/shop\/kleine-elektrogeraete\/kuechenmaschinen\/magimix-kuechenmaschine-mini-plus-schwarz\/#breadcrumb\"},\"inLanguage\":\"de-DE\",\"potentialAction\":[{\"@type\":\"ReadAction\",\"target\":[\"https:\/\/www.erresse-shop.it\/de\/shop\/kleine-elektrogeraete\/kuechenmaschinen\/magimix-kuechenmaschine-mini-plus-schwarz\/\"]}]},{\"@type\":\"BreadcrumbList\",\"@id\":\"https:\/\/www.erresse-shop.it\/de\/shop\/kleine-elektrogeraete\/kuechenmaschinen\/magimix-kuechenmaschine-mini-plus-schwarz\/#breadcrumb\",\"itemListElement\":[{\"@type\":\"ListItem\",\"position\":1,\"name\":\"Home\",\"item\":\"https:\/\/www.erresse-shop.it\/de\/\"},{\"@type\":\"ListItem\",\"position\":2,\"name\":\"Shop\",\"item\":\"https:\/\/www.erresse-shop.it\/de\/shop\/\"},{\"@type\":\"ListItem\",\"position\":3,\"name\":\"MAGIMIX K\u00fcchenmaschine Mini Plus Schwarz\"}]},{\"@type\":\"WebSite\",\"@id\":\"https:\/\/www.erresse-shop.it\/de\/#website\",\"url\":\"https:\/\/www.erresse-shop.it\/de\/\",\"name\":\"Erresse Shop\",\"description\":\"Articoli di qualit\u00e0 per la casa\",\"potentialAction\":[{\"@type\":\"SearchAction\",\"target\":{\"@type\":\"EntryPoint\",\"urlTemplate\":\"https:\/\/www.erresse-shop.it\/de\/?s={search_term_string}\"},\"query-input\":\"required name=search_term_string\"}],\"inLanguage\":\"de-DE\"}]}<\/script>\n<!-- \/ Yoast SEO Premium plugin. -->","yoast_head_json":{"title":"MAGIMIX K\u00fcchenmaschine Mini Plus Schwarz - Erresse Shop","description":"MAGIMIX. ITALIENISCHE GARANTIE In Frankreich, im Herzen von Burgund, einer f\u00fcr ihre Gastronomie ber\u00fchmten Region, hat Magimix vor \u00fcber vierzig Jahren die","robots":{"index":"index","follow":"follow","max-snippet":"max-snippet:-1","max-image-preview":"max-image-preview:large","max-video-preview":"max-video-preview:-1"},"canonical":"https:\/\/www.erresse-shop.it\/de\/shop\/kleine-elektrogeraete\/kuechenmaschinen\/magimix-kuechenmaschine-mini-plus-schwarz\/","og_locale":"de_DE","og_type":"article","og_title":"MAGIMIX K\u00fcchenmaschine Mini Plus Schwarz","og_description":"MAGIMIX. ITALIENISCHE GARANTIE In Frankreich, im Herzen von Burgund, einer f\u00fcr ihre Gastronomie ber\u00fchmten Region, hat Magimix vor \u00fcber vierzig Jahren die","og_url":"https:\/\/www.erresse-shop.it\/de\/shop\/kleine-elektrogeraete\/kuechenmaschinen\/magimix-kuechenmaschine-mini-plus-schwarz\/","og_site_name":"Erresse Shop","article_modified_time":"2026-02-27T11:13:09+00:00","og_image":[{"width":1200,"height":1200,"url":"https:\/\/www.erresse-shop.it\/wp-content\/uploads\/2025\/04\/MAGIMIX-Robot-da-cucina-Mini-Plus-Nero.jpg","type":"image\/jpeg"}],"twitter_card":"summary_large_image","schema":{"@context":"https:\/\/schema.org","@graph":[{"@type":"WebPage","@id":"https:\/\/www.erresse-shop.it\/de\/shop\/kleine-elektrogeraete\/kuechenmaschinen\/magimix-kuechenmaschine-mini-plus-schwarz\/","url":"https:\/\/www.erresse-shop.it\/de\/shop\/kleine-elektrogeraete\/kuechenmaschinen\/magimix-kuechenmaschine-mini-plus-schwarz\/","name":"MAGIMIX K\u00fcchenmaschine Mini Plus Schwarz - Erresse Shop","isPartOf":{"@id":"https:\/\/www.erresse-shop.it\/de\/#website"},"datePublished":"2025-04-10T12:52:37+00:00","dateModified":"2026-02-27T11:13:09+00:00","description":"MAGIMIX. ITALIENISCHE GARANTIE In Frankreich, im Herzen von Burgund, einer f\u00fcr ihre Gastronomie ber\u00fchmten Region, hat Magimix vor \u00fcber vierzig Jahren die","breadcrumb":{"@id":"https:\/\/www.erresse-shop.it\/de\/shop\/kleine-elektrogeraete\/kuechenmaschinen\/magimix-kuechenmaschine-mini-plus-schwarz\/#breadcrumb"},"inLanguage":"de-DE","potentialAction":[{"@type":"ReadAction","target":["https:\/\/www.erresse-shop.it\/de\/shop\/kleine-elektrogeraete\/kuechenmaschinen\/magimix-kuechenmaschine-mini-plus-schwarz\/"]}]},{"@type":"BreadcrumbList","@id":"https:\/\/www.erresse-shop.it\/de\/shop\/kleine-elektrogeraete\/kuechenmaschinen\/magimix-kuechenmaschine-mini-plus-schwarz\/#breadcrumb","itemListElement":[{"@type":"ListItem","position":1,"name":"Home","item":"https:\/\/www.erresse-shop.it\/de\/"},{"@type":"ListItem","position":2,"name":"Shop","item":"https:\/\/www.erresse-shop.it\/de\/shop\/"},{"@type":"ListItem","position":3,"name":"MAGIMIX K\u00fcchenmaschine Mini Plus Schwarz"}]},{"@type":"WebSite","@id":"https:\/\/www.erresse-shop.it\/de\/#website","url":"https:\/\/www.erresse-shop.it\/de\/","name":"Erresse Shop","description":"Articoli di qualit\u00e0 per la casa","potentialAction":[{"@type":"SearchAction","target":{"@type":"EntryPoint","urlTemplate":"https:\/\/www.erresse-shop.it\/de\/?s={search_term_string}"},"query-input":"required name=search_term_string"}],"inLanguage":"de-DE"}]}},"df_price":172.25,"df_sale_price":172.25,"df_regular_price":265,"df_image_link":"https:\/\/www.erresse-shop.it\/wp-content\/uploads\/2025\/04\/MAGIMIX-Robot-da-cucina-Mini-Plus-Nero-300x300.jpg","_links":{"self":[{"href":"https:\/\/www.erresse-shop.it\/de\/wp-json\/wp\/v2\/product\/490245"}],"collection":[{"href":"https:\/\/www.erresse-shop.it\/de\/wp-json\/wp\/v2\/product"}],"about":[{"href":"https:\/\/www.erresse-shop.it\/de\/wp-json\/wp\/v2\/types\/product"}],"wp:featuredmedia":[{"embeddable":true,"href":"https:\/\/www.erresse-shop.it\/de\/wp-json\/wp\/v2\/media\/490255"}],"wp:attachment":[{"href":"https:\/\/www.erresse-shop.it\/de\/wp-json\/wp\/v2\/media?parent=490245"}],"wp:term":[{"taxonomy":"product_cat","embeddable":true,"href":"https:\/\/www.erresse-shop.it\/de\/wp-json\/wp\/v2\/product_cat?post=490245"},{"taxonomy":"product_tag","embeddable":true,"href":"https:\/\/www.erresse-shop.it\/de\/wp-json\/wp\/v2\/product_tag?post=490245"}],"curies":[{"name":"wp","href":"https:\/\/api.w.org\/{rel}","templated":true}]}}