{"id":490208,"date":"2025-04-10T12:32:12","date_gmt":"2025-04-10T12:32:13","guid":{"rendered":"https:\/\/www.erresse-shop.it\/?post_type=product&#038;p=490208"},"modified":"2026-02-27T11:15:48","modified_gmt":"2026-02-27T11:15:48","slug":"staub-crepe-maker-mit-holzgriff-28-cm-schwarz","status":"publish","type":"product","link":"https:\/\/www.erresse-shop.it\/de\/shop\/toepfe-pfannen\/toepfe-und-kochtoepfen\/staub-crepe-maker-mit-holzgriff-28-cm-schwarz\/","title":{"rendered":"STAUB Cr\u00eape-Maker mit Holzgriff 28 cm Schwarz"},"content":{"rendered":"<p>Mit dem Cr\u00eape-Maker von STAUB k\u00f6nnen Sie s\u00fc\u00dfe und herzhafte Cr\u00eapes f\u00fcr die ganze Familie zubereiten. Durch den niedrigen Rand gelingen auch d\u00fcnne Pfannkuchen. Auch das Wenden von Cr\u00eapes und Pfannkuchen ist dank des mitgelieferten Spatels kein Problem. Ob Apfelmus, Marmelade, Fr\u00fcchte oder Zucker-Zimt-Mischungen \u2013 Jung und Alt werden von der Vielfalt der m\u00f6glichen Toppings begeistert sein. Der ergonomische Holzgriff ist w\u00e4rmeisolierend und sch\u00fctzt somit vor Verbrennungen. Gleichzeitig erleichtert es die Nutzung des Cr\u00eape-Makers auf jeder Herdart. Die emaillierte Oberfl\u00e4che der Pfanne \u00fcberzeugt durch kurze Aufheizzeiten sowie optimale W\u00e4rmeverteilung und -speicherung, die f\u00fcr ein gleichm\u00e4\u00dfiges Garen der Speisen sorgt. Dank dieser Eigenschaften eignet sich der Cr\u00eape-Maker auch zur Zubereitung vieler anderer Gerichte. Vom saftigen Grillspie\u00df bis zur knusprigen Pizza sind der Kreativit\u00e4t in der K\u00fcche keine Grenzen gesetzt.<\/p>\n<ul>\n<li>Perfekt zum Backen, Braten und Grillen<\/li>\n<li>F\u00fcr alle Herdarten, einschlie\u00dflich Induktion<\/li>\n<li>Praktischer Holzgriff, inklusive Spatel und Teigverteiler<\/li>\n<li>Energiesparendes Kochen dank der besonderen Eigenschaften von Gusseisen<\/li>\n<li>Glatter Boden f\u00fcr schonende Anwendung auf empfindlichen Kochfeldern<\/li>\n<li>Ma\u00dfe mit Griff (LxBxH): 48 x 28 x 6,2 cm, Durchmesser: 28 cm, Boden: 26,5 cm<\/li>\n<li>Gewicht: 2,46 kg<\/li>\n<\/ul>\n","protected":false},"excerpt":{"rendered":"<p>Mit dem Cr\u00eape-Maker von STAUB k\u00f6nnen Sie s\u00fc\u00dfe und herzhafte Cr\u00eapes f\u00fcr die ganze Familie zubereiten. Durch den niedrigen Rand<\/p>\n","protected":false},"featured_media":490235,"template":"","meta":{"_acf_changed":false,"inline_featured_image":false},"product_cat":[6709,14776],"product_tag":[25088,11385,21533,12315,25022],"acf":[],"yoast_head":"<!-- This site is optimized with the Yoast SEO Premium plugin v18.6 (Yoast SEO v19.13) - https:\/\/yoast.com\/wordpress\/plugins\/seo\/ -->\n<title>STAUB Krepp-Pfanne 30 cm Schwarz<\/title>\n<meta name=\"description\" content=\"Entdecken Sie STAUB Krepp-Pfanne 30 cm Schwarz bei ErresseShop. Qualit\u00e4t, Stil und Funktionalit\u00e4t \u2013 jetzt online bestellen!\" \/>\n<meta name=\"robots\" content=\"index, follow, max-snippet:-1, max-image-preview:large, max-video-preview:-1\" \/>\n<link rel=\"canonical\" href=\"https:\/\/www.erresse-shop.it\/de\/shop\/toepfe-pfannen\/toepfe-und-kochtoepfen\/staub-crepe-maker-mit-holzgriff-28-cm-schwarz\/\" \/>\n<meta property=\"og:locale\" content=\"de_DE\" \/>\n<meta property=\"og:type\" content=\"article\" \/>\n<meta property=\"og:title\" content=\"STAUB Cr\u00eape-Maker mit Holzgriff 28 cm Schwarz\" \/>\n<meta property=\"og:description\" content=\"Entdecken Sie STAUB Krepp-Pfanne 30 cm Schwarz bei ErresseShop. Qualit\u00e4t, Stil und Funktionalit\u00e4t \u2013 jetzt online bestellen!\" \/>\n<meta property=\"og:url\" content=\"https:\/\/www.erresse-shop.it\/de\/shop\/toepfe-pfannen\/toepfe-und-kochtoepfen\/staub-crepe-maker-mit-holzgriff-28-cm-schwarz\/\" \/>\n<meta property=\"og:site_name\" content=\"Erresse Shop\" \/>\n<meta property=\"article:modified_time\" content=\"2026-02-27T11:15:48+00:00\" \/>\n<meta property=\"og:image\" content=\"https:\/\/www.erresse-shop.it\/wp-content\/uploads\/2025\/04\/STAUB-Crepiera-Manico-in-Legno-28-cm-Nero.jpg\" \/>\n\t<meta property=\"og:image:width\" content=\"1200\" \/>\n\t<meta property=\"og:image:height\" content=\"1200\" \/>\n\t<meta property=\"og:image:type\" content=\"image\/jpeg\" \/>\n<meta name=\"twitter:card\" content=\"summary_large_image\" \/>\n<script type=\"application\/ld+json\" class=\"yoast-schema-graph\">{\"@context\":\"https:\/\/schema.org\",\"@graph\":[{\"@type\":\"WebPage\",\"@id\":\"https:\/\/www.erresse-shop.it\/de\/shop\/toepfe-pfannen\/toepfe-und-kochtoepfen\/staub-crepe-maker-mit-holzgriff-28-cm-schwarz\/\",\"url\":\"https:\/\/www.erresse-shop.it\/de\/shop\/toepfe-pfannen\/toepfe-und-kochtoepfen\/staub-crepe-maker-mit-holzgriff-28-cm-schwarz\/\",\"name\":\"STAUB Krepp-Pfanne 30 cm Schwarz\",\"isPartOf\":{\"@id\":\"https:\/\/www.erresse-shop.it\/de\/#website\"},\"datePublished\":\"2025-04-10T12:32:13+00:00\",\"dateModified\":\"2026-02-27T11:15:48+00:00\",\"description\":\"Entdecken Sie STAUB Krepp-Pfanne 30 cm Schwarz bei ErresseShop. Qualit\u00e4t, Stil und Funktionalit\u00e4t \u2013 jetzt online bestellen!\",\"breadcrumb\":{\"@id\":\"https:\/\/www.erresse-shop.it\/de\/shop\/toepfe-pfannen\/toepfe-und-kochtoepfen\/staub-crepe-maker-mit-holzgriff-28-cm-schwarz\/#breadcrumb\"},\"inLanguage\":\"de-DE\",\"potentialAction\":[{\"@type\":\"ReadAction\",\"target\":[\"https:\/\/www.erresse-shop.it\/de\/shop\/toepfe-pfannen\/toepfe-und-kochtoepfen\/staub-crepe-maker-mit-holzgriff-28-cm-schwarz\/\"]}]},{\"@type\":\"BreadcrumbList\",\"@id\":\"https:\/\/www.erresse-shop.it\/de\/shop\/toepfe-pfannen\/toepfe-und-kochtoepfen\/staub-crepe-maker-mit-holzgriff-28-cm-schwarz\/#breadcrumb\",\"itemListElement\":[{\"@type\":\"ListItem\",\"position\":1,\"name\":\"Home\",\"item\":\"https:\/\/www.erresse-shop.it\/de\/\"},{\"@type\":\"ListItem\",\"position\":2,\"name\":\"Shop\",\"item\":\"https:\/\/www.erresse-shop.it\/de\/shop\/\"},{\"@type\":\"ListItem\",\"position\":3,\"name\":\"STAUB Cr\u00eape-Maker mit Holzgriff 28 cm Schwarz\"}]},{\"@type\":\"WebSite\",\"@id\":\"https:\/\/www.erresse-shop.it\/de\/#website\",\"url\":\"https:\/\/www.erresse-shop.it\/de\/\",\"name\":\"Erresse Shop\",\"description\":\"Articoli di qualit\u00e0 per la casa\",\"potentialAction\":[{\"@type\":\"SearchAction\",\"target\":{\"@type\":\"EntryPoint\",\"urlTemplate\":\"https:\/\/www.erresse-shop.it\/de\/?s={search_term_string}\"},\"query-input\":\"required name=search_term_string\"}],\"inLanguage\":\"de-DE\"}]}<\/script>\n<!-- \/ Yoast SEO Premium plugin. -->","yoast_head_json":{"title":"STAUB Krepp-Pfanne 30 cm Schwarz","description":"Entdecken Sie STAUB Krepp-Pfanne 30 cm Schwarz bei ErresseShop. Qualit\u00e4t, Stil und Funktionalit\u00e4t \u2013 jetzt online bestellen!","robots":{"index":"index","follow":"follow","max-snippet":"max-snippet:-1","max-image-preview":"max-image-preview:large","max-video-preview":"max-video-preview:-1"},"canonical":"https:\/\/www.erresse-shop.it\/de\/shop\/toepfe-pfannen\/toepfe-und-kochtoepfen\/staub-crepe-maker-mit-holzgriff-28-cm-schwarz\/","og_locale":"de_DE","og_type":"article","og_title":"STAUB Cr\u00eape-Maker mit Holzgriff 28 cm Schwarz","og_description":"Entdecken Sie STAUB Krepp-Pfanne 30 cm Schwarz bei ErresseShop. Qualit\u00e4t, Stil und Funktionalit\u00e4t \u2013 jetzt online bestellen!","og_url":"https:\/\/www.erresse-shop.it\/de\/shop\/toepfe-pfannen\/toepfe-und-kochtoepfen\/staub-crepe-maker-mit-holzgriff-28-cm-schwarz\/","og_site_name":"Erresse Shop","article_modified_time":"2026-02-27T11:15:48+00:00","og_image":[{"width":1200,"height":1200,"url":"https:\/\/www.erresse-shop.it\/wp-content\/uploads\/2025\/04\/STAUB-Crepiera-Manico-in-Legno-28-cm-Nero.jpg","type":"image\/jpeg"}],"twitter_card":"summary_large_image","schema":{"@context":"https:\/\/schema.org","@graph":[{"@type":"WebPage","@id":"https:\/\/www.erresse-shop.it\/de\/shop\/toepfe-pfannen\/toepfe-und-kochtoepfen\/staub-crepe-maker-mit-holzgriff-28-cm-schwarz\/","url":"https:\/\/www.erresse-shop.it\/de\/shop\/toepfe-pfannen\/toepfe-und-kochtoepfen\/staub-crepe-maker-mit-holzgriff-28-cm-schwarz\/","name":"STAUB Krepp-Pfanne 30 cm Schwarz","isPartOf":{"@id":"https:\/\/www.erresse-shop.it\/de\/#website"},"datePublished":"2025-04-10T12:32:13+00:00","dateModified":"2026-02-27T11:15:48+00:00","description":"Entdecken Sie STAUB Krepp-Pfanne 30 cm Schwarz bei ErresseShop. Qualit\u00e4t, Stil und Funktionalit\u00e4t \u2013 jetzt online bestellen!","breadcrumb":{"@id":"https:\/\/www.erresse-shop.it\/de\/shop\/toepfe-pfannen\/toepfe-und-kochtoepfen\/staub-crepe-maker-mit-holzgriff-28-cm-schwarz\/#breadcrumb"},"inLanguage":"de-DE","potentialAction":[{"@type":"ReadAction","target":["https:\/\/www.erresse-shop.it\/de\/shop\/toepfe-pfannen\/toepfe-und-kochtoepfen\/staub-crepe-maker-mit-holzgriff-28-cm-schwarz\/"]}]},{"@type":"BreadcrumbList","@id":"https:\/\/www.erresse-shop.it\/de\/shop\/toepfe-pfannen\/toepfe-und-kochtoepfen\/staub-crepe-maker-mit-holzgriff-28-cm-schwarz\/#breadcrumb","itemListElement":[{"@type":"ListItem","position":1,"name":"Home","item":"https:\/\/www.erresse-shop.it\/de\/"},{"@type":"ListItem","position":2,"name":"Shop","item":"https:\/\/www.erresse-shop.it\/de\/shop\/"},{"@type":"ListItem","position":3,"name":"STAUB Cr\u00eape-Maker mit Holzgriff 28 cm Schwarz"}]},{"@type":"WebSite","@id":"https:\/\/www.erresse-shop.it\/de\/#website","url":"https:\/\/www.erresse-shop.it\/de\/","name":"Erresse Shop","description":"Articoli di qualit\u00e0 per la casa","potentialAction":[{"@type":"SearchAction","target":{"@type":"EntryPoint","urlTemplate":"https:\/\/www.erresse-shop.it\/de\/?s={search_term_string}"},"query-input":"required name=search_term_string"}],"inLanguage":"de-DE"}]}},"df_price":49.975,"df_sale_price":49.975,"df_regular_price":99.95,"df_image_link":"https:\/\/www.erresse-shop.it\/wp-content\/uploads\/2025\/04\/STAUB-Crepiera-Manico-in-Legno-28-cm-Nero-300x300.jpg","_links":{"self":[{"href":"https:\/\/www.erresse-shop.it\/de\/wp-json\/wp\/v2\/product\/490208"}],"collection":[{"href":"https:\/\/www.erresse-shop.it\/de\/wp-json\/wp\/v2\/product"}],"about":[{"href":"https:\/\/www.erresse-shop.it\/de\/wp-json\/wp\/v2\/types\/product"}],"wp:featuredmedia":[{"embeddable":true,"href":"https:\/\/www.erresse-shop.it\/de\/wp-json\/wp\/v2\/media\/490235"}],"wp:attachment":[{"href":"https:\/\/www.erresse-shop.it\/de\/wp-json\/wp\/v2\/media?parent=490208"}],"wp:term":[{"taxonomy":"product_cat","embeddable":true,"href":"https:\/\/www.erresse-shop.it\/de\/wp-json\/wp\/v2\/product_cat?post=490208"},{"taxonomy":"product_tag","embeddable":true,"href":"https:\/\/www.erresse-shop.it\/de\/wp-json\/wp\/v2\/product_tag?post=490208"}],"curies":[{"name":"wp","href":"https:\/\/api.w.org\/{rel}","templated":true}]}}