{"id":490174,"date":"2025-04-10T12:23:00","date_gmt":"2025-04-10T12:23:03","guid":{"rendered":"https:\/\/www.erresse-shop.it\/?post_type=product&#038;p=490174"},"modified":"2026-02-27T11:17:50","modified_gmt":"2026-02-27T11:17:50","slug":"staub-cocotte-rund-22-cm-dunkelblau","status":"publish","type":"product","link":"https:\/\/www.erresse-shop.it\/de\/shop\/toepfe-pfannen\/schalldaempfer-und-kokotten\/staub-cocotte-rund-22-cm-dunkelblau\/","title":{"rendered":"STAUB Cocotte Rund 22 cm Dunkelblau"},"content":{"rendered":"<p>In dieser runden Cocotte aus der beliebten Serie La Cocotte k\u00f6nnen Sie Schmorgerichte aller Art, Eint\u00f6pfe und sogar Desserts zubereiten. Beim Schmoren ist es wichtig, dass alle Zutaten gleichm\u00e4\u00dfig und schonend erhitzt werden. Das Gusseisen, aus dem der Kochtopf besteht, speichert die W\u00e4rme sehr gut und verteilt sie gleichm\u00e4\u00dfig. Dieser Schmoreffekt wird durch die mattschwarze Emaille-Beschichtung im Inneren der Pfanne noch verst\u00e4rkt und unterstreicht zus\u00e4tzlich den Eigengeschmack der Speisen. Bei regelm\u00e4\u00dfiger Anwendung verst\u00e4rkt sich die Wirkung des Nagellacks noch. So zaubern Kochanf\u00e4nger, Kochbegeisterte und Profik\u00f6che mit dieser Cocotte leckere Schmorgerichte auf den Tisch. Das basilikumgr\u00fcne Finish der Cocotte verleiht dem Tisch eine dekorative Note und sorgt f\u00fcr einen wundersch\u00f6nen Farbtupfer. Die Cocotte zeichnet sich durch ihr Material und ihre Widerstandsf\u00e4higkeit aus. Dar\u00fcber hinaus ist Gusseisen sehr pflegeleicht und f\u00fcr alle Herdarten, auch Induktionsherde, geeignet. Mit einem Durchmesser von 22 cm und einem Fassungsverm\u00f6gen von bis zu 2,6 Litern eignet sich die Cocotte besonders gut zum Zubereiten von Beilagen und Eint\u00f6pfen. Mit dieser Cocotte von Staub k\u00f6nnen Sie Ihre Lieben mit leckeren und dennoch einfach zuzubereitenden Gerichten verw\u00f6hnen.<\/p>\n<ul>\n<li>Ideal zum Anbraten und langsamen Garen von Fleisch, Fisch oder Gem\u00fcse<\/li>\n<li>F\u00fcr ein saftiges und zartes Garergebnis dank Deckel<\/li>\n<li>Die mattschwarze Innenemaillierung eignet sich optimal f\u00fcr eine besonders knusprige Br\u00e4unung und ist sehr widerstandsf\u00e4hig<\/li>\n<li>F\u00fcr jeden geeignet<\/li>\n<\/ul>\n<p><strong>Funktionen<\/strong><br \/>\nHitzebest\u00e4ndigkeit (\u00b0C): 240,00 \u00baC<br \/>\n&#8211; K\u00e4ltebest\u00e4ndigkeit: -20,00 \u00baC<br \/>\n&#8211; Material: Gusseisen<br \/>\n&#8211; Vorhandener Deckel: ja<br \/>\nInduktion: Ja<br \/>\nOfenfest: Ja<br \/>\nGefrierschranksicher: Ja<br \/>\nGeeignet f\u00fcr Kochfeld: Ja<br \/>\nSp\u00fclmaschinenfest: Ja<\/p>\n<p><strong>Gr\u00f6\u00dfe<\/strong><\/p>\n<ul>\n<li class=\"attribute\"><span class=\"label\">Nettogewicht:<\/span><span class=\"value\">3,95 kg<\/span><\/li>\n<li class=\"attribute\"><span class=\"label\">Fassungsverm\u00f6gen:<\/span><span class=\"value\">2,60 l<\/span><\/li>\n<li class=\"attribute\"><span class=\"label\">Produktl\u00e4nge:<\/span><span class=\"value\">28,40 cm<\/span><\/li>\n<li class=\"attribute\"><span class=\"label\">Produktbreite:<\/span><span class=\"value\">22,00 cm<\/span><\/li>\n<li class=\"attribute\"><span class=\"label\">Produkth\u00f6he:<\/span><span class=\"value\">14,70 cm<\/span><\/li>\n<li class=\"attribute\"><span class=\"label\">H\u00f6he ohne Deckel:<\/span><span class=\"value\">9,90 cm<\/span><\/li>\n<li class=\"attribute\"><span class=\"label\">Oberer Durchmesser:<\/span><span class=\"value\">22,00 cm<\/span><\/li>\n<li class=\"attribute\"><span class=\"label\">Bodendurchmesser:<\/span><span class=\"value\">17,10 cm<\/span><\/li>\n<li class=\"attribute\"><span class=\"label\">Griffl\u00e4nge:<\/span><span class=\"value\">3,00 cm<\/span><\/li>\n<\/ul>\n","protected":false},"excerpt":{"rendered":"<p>In dieser runden Cocotte aus der beliebten Serie La Cocotte k\u00f6nnen Sie Schmorgerichte aller Art, Eint\u00f6pfe und sogar Desserts zubereiten.<\/p>\n","protected":false},"featured_media":490201,"template":"","meta":{"_acf_changed":false,"inline_featured_image":false},"product_cat":[6709,14793],"product_tag":[11387,11381,11385,21533,12315,12205],"acf":[],"yoast_head":"<!-- This site is optimized with the Yoast SEO Premium plugin v18.6 (Yoast SEO v19.13) - https:\/\/yoast.com\/wordpress\/plugins\/seo\/ -->\n<title>STAUB Cocotte Rund 22 cm Dunkelblau - Erresse Shop<\/title>\n<meta name=\"description\" content=\"In dieser runden Cocotte aus der beliebten Serie La Cocotte k\u00f6nnen Sie Schmorgerichte aller Art, Eint\u00f6pfe und sogar Desserts zubereiten. Beim Schmoren ist\" \/>\n<meta name=\"robots\" content=\"index, follow, max-snippet:-1, max-image-preview:large, max-video-preview:-1\" \/>\n<link rel=\"canonical\" href=\"https:\/\/www.erresse-shop.it\/de\/shop\/toepfe-pfannen\/schalldaempfer-und-kokotten\/staub-cocotte-rund-22-cm-dunkelblau\/\" \/>\n<meta property=\"og:locale\" content=\"de_DE\" \/>\n<meta property=\"og:type\" content=\"article\" \/>\n<meta property=\"og:title\" content=\"STAUB Cocotte Rund 22 cm Dunkelblau\" \/>\n<meta property=\"og:description\" content=\"In dieser runden Cocotte aus der beliebten Serie La Cocotte k\u00f6nnen Sie Schmorgerichte aller Art, Eint\u00f6pfe und sogar Desserts zubereiten. Beim Schmoren ist\" \/>\n<meta property=\"og:url\" content=\"https:\/\/www.erresse-shop.it\/de\/shop\/toepfe-pfannen\/schalldaempfer-und-kokotten\/staub-cocotte-rund-22-cm-dunkelblau\/\" \/>\n<meta property=\"og:site_name\" content=\"Erresse Shop\" \/>\n<meta property=\"article:modified_time\" content=\"2026-02-27T11:17:50+00:00\" \/>\n<meta property=\"og:image\" content=\"https:\/\/www.erresse-shop.it\/wp-content\/uploads\/2025\/04\/STAUB-Cocotte-Tonda-22-cm-Blu-Scuro.jpg\" \/>\n\t<meta property=\"og:image:width\" content=\"1200\" \/>\n\t<meta property=\"og:image:height\" content=\"1200\" \/>\n\t<meta property=\"og:image:type\" content=\"image\/jpeg\" \/>\n<meta name=\"twitter:card\" content=\"summary_large_image\" \/>\n<script type=\"application\/ld+json\" class=\"yoast-schema-graph\">{\"@context\":\"https:\/\/schema.org\",\"@graph\":[{\"@type\":\"WebPage\",\"@id\":\"https:\/\/www.erresse-shop.it\/de\/shop\/toepfe-pfannen\/schalldaempfer-und-kokotten\/staub-cocotte-rund-22-cm-dunkelblau\/\",\"url\":\"https:\/\/www.erresse-shop.it\/de\/shop\/toepfe-pfannen\/schalldaempfer-und-kokotten\/staub-cocotte-rund-22-cm-dunkelblau\/\",\"name\":\"STAUB Cocotte Rund 22 cm Dunkelblau - Erresse Shop\",\"isPartOf\":{\"@id\":\"https:\/\/www.erresse-shop.it\/de\/#website\"},\"datePublished\":\"2025-04-10T12:23:03+00:00\",\"dateModified\":\"2026-02-27T11:17:50+00:00\",\"description\":\"In dieser runden Cocotte aus der beliebten Serie La Cocotte k\u00f6nnen Sie Schmorgerichte aller Art, Eint\u00f6pfe und sogar Desserts zubereiten. Beim Schmoren ist\",\"breadcrumb\":{\"@id\":\"https:\/\/www.erresse-shop.it\/de\/shop\/toepfe-pfannen\/schalldaempfer-und-kokotten\/staub-cocotte-rund-22-cm-dunkelblau\/#breadcrumb\"},\"inLanguage\":\"de-DE\",\"potentialAction\":[{\"@type\":\"ReadAction\",\"target\":[\"https:\/\/www.erresse-shop.it\/de\/shop\/toepfe-pfannen\/schalldaempfer-und-kokotten\/staub-cocotte-rund-22-cm-dunkelblau\/\"]}]},{\"@type\":\"BreadcrumbList\",\"@id\":\"https:\/\/www.erresse-shop.it\/de\/shop\/toepfe-pfannen\/schalldaempfer-und-kokotten\/staub-cocotte-rund-22-cm-dunkelblau\/#breadcrumb\",\"itemListElement\":[{\"@type\":\"ListItem\",\"position\":1,\"name\":\"Home\",\"item\":\"https:\/\/www.erresse-shop.it\/de\/\"},{\"@type\":\"ListItem\",\"position\":2,\"name\":\"Shop\",\"item\":\"https:\/\/www.erresse-shop.it\/de\/shop\/\"},{\"@type\":\"ListItem\",\"position\":3,\"name\":\"STAUB Cocotte Rund 22 cm Dunkelblau\"}]},{\"@type\":\"WebSite\",\"@id\":\"https:\/\/www.erresse-shop.it\/de\/#website\",\"url\":\"https:\/\/www.erresse-shop.it\/de\/\",\"name\":\"Erresse Shop\",\"description\":\"Articoli di qualit\u00e0 per la casa\",\"potentialAction\":[{\"@type\":\"SearchAction\",\"target\":{\"@type\":\"EntryPoint\",\"urlTemplate\":\"https:\/\/www.erresse-shop.it\/de\/?s={search_term_string}\"},\"query-input\":\"required name=search_term_string\"}],\"inLanguage\":\"de-DE\"}]}<\/script>\n<!-- \/ Yoast SEO Premium plugin. -->","yoast_head_json":{"title":"STAUB Cocotte Rund 22 cm Dunkelblau - Erresse Shop","description":"In dieser runden Cocotte aus der beliebten Serie La Cocotte k\u00f6nnen Sie Schmorgerichte aller Art, Eint\u00f6pfe und sogar Desserts zubereiten. Beim Schmoren ist","robots":{"index":"index","follow":"follow","max-snippet":"max-snippet:-1","max-image-preview":"max-image-preview:large","max-video-preview":"max-video-preview:-1"},"canonical":"https:\/\/www.erresse-shop.it\/de\/shop\/toepfe-pfannen\/schalldaempfer-und-kokotten\/staub-cocotte-rund-22-cm-dunkelblau\/","og_locale":"de_DE","og_type":"article","og_title":"STAUB Cocotte Rund 22 cm Dunkelblau","og_description":"In dieser runden Cocotte aus der beliebten Serie La Cocotte k\u00f6nnen Sie Schmorgerichte aller Art, Eint\u00f6pfe und sogar Desserts zubereiten. Beim Schmoren ist","og_url":"https:\/\/www.erresse-shop.it\/de\/shop\/toepfe-pfannen\/schalldaempfer-und-kokotten\/staub-cocotte-rund-22-cm-dunkelblau\/","og_site_name":"Erresse Shop","article_modified_time":"2026-02-27T11:17:50+00:00","og_image":[{"width":1200,"height":1200,"url":"https:\/\/www.erresse-shop.it\/wp-content\/uploads\/2025\/04\/STAUB-Cocotte-Tonda-22-cm-Blu-Scuro.jpg","type":"image\/jpeg"}],"twitter_card":"summary_large_image","schema":{"@context":"https:\/\/schema.org","@graph":[{"@type":"WebPage","@id":"https:\/\/www.erresse-shop.it\/de\/shop\/toepfe-pfannen\/schalldaempfer-und-kokotten\/staub-cocotte-rund-22-cm-dunkelblau\/","url":"https:\/\/www.erresse-shop.it\/de\/shop\/toepfe-pfannen\/schalldaempfer-und-kokotten\/staub-cocotte-rund-22-cm-dunkelblau\/","name":"STAUB Cocotte Rund 22 cm Dunkelblau - Erresse Shop","isPartOf":{"@id":"https:\/\/www.erresse-shop.it\/de\/#website"},"datePublished":"2025-04-10T12:23:03+00:00","dateModified":"2026-02-27T11:17:50+00:00","description":"In dieser runden Cocotte aus der beliebten Serie La Cocotte k\u00f6nnen Sie Schmorgerichte aller Art, Eint\u00f6pfe und sogar Desserts zubereiten. Beim Schmoren ist","breadcrumb":{"@id":"https:\/\/www.erresse-shop.it\/de\/shop\/toepfe-pfannen\/schalldaempfer-und-kokotten\/staub-cocotte-rund-22-cm-dunkelblau\/#breadcrumb"},"inLanguage":"de-DE","potentialAction":[{"@type":"ReadAction","target":["https:\/\/www.erresse-shop.it\/de\/shop\/toepfe-pfannen\/schalldaempfer-und-kokotten\/staub-cocotte-rund-22-cm-dunkelblau\/"]}]},{"@type":"BreadcrumbList","@id":"https:\/\/www.erresse-shop.it\/de\/shop\/toepfe-pfannen\/schalldaempfer-und-kokotten\/staub-cocotte-rund-22-cm-dunkelblau\/#breadcrumb","itemListElement":[{"@type":"ListItem","position":1,"name":"Home","item":"https:\/\/www.erresse-shop.it\/de\/"},{"@type":"ListItem","position":2,"name":"Shop","item":"https:\/\/www.erresse-shop.it\/de\/shop\/"},{"@type":"ListItem","position":3,"name":"STAUB Cocotte Rund 22 cm Dunkelblau"}]},{"@type":"WebSite","@id":"https:\/\/www.erresse-shop.it\/de\/#website","url":"https:\/\/www.erresse-shop.it\/de\/","name":"Erresse Shop","description":"Articoli di qualit\u00e0 per la casa","potentialAction":[{"@type":"SearchAction","target":{"@type":"EntryPoint","urlTemplate":"https:\/\/www.erresse-shop.it\/de\/?s={search_term_string}"},"query-input":"required name=search_term_string"}],"inLanguage":"de-DE"}]}},"df_price":169,"df_sale_price":169,"df_regular_price":269,"df_image_link":"https:\/\/www.erresse-shop.it\/wp-content\/uploads\/2025\/04\/STAUB-Cocotte-Tonda-22-cm-Blu-Scuro-300x300.jpg","_links":{"self":[{"href":"https:\/\/www.erresse-shop.it\/de\/wp-json\/wp\/v2\/product\/490174"}],"collection":[{"href":"https:\/\/www.erresse-shop.it\/de\/wp-json\/wp\/v2\/product"}],"about":[{"href":"https:\/\/www.erresse-shop.it\/de\/wp-json\/wp\/v2\/types\/product"}],"wp:featuredmedia":[{"embeddable":true,"href":"https:\/\/www.erresse-shop.it\/de\/wp-json\/wp\/v2\/media\/490201"}],"wp:attachment":[{"href":"https:\/\/www.erresse-shop.it\/de\/wp-json\/wp\/v2\/media?parent=490174"}],"wp:term":[{"taxonomy":"product_cat","embeddable":true,"href":"https:\/\/www.erresse-shop.it\/de\/wp-json\/wp\/v2\/product_cat?post=490174"},{"taxonomy":"product_tag","embeddable":true,"href":"https:\/\/www.erresse-shop.it\/de\/wp-json\/wp\/v2\/product_tag?post=490174"}],"curies":[{"name":"wp","href":"https:\/\/api.w.org\/{rel}","templated":true}]}}