{"id":490056,"date":"2025-04-10T10:22:29","date_gmt":"2025-04-10T10:22:36","guid":{"rendered":"https:\/\/www.erresse-shop.it\/?post_type=product&#038;p=490056"},"modified":"2026-02-27T11:28:33","modified_gmt":"2026-02-27T11:28:33","slug":"staub-cocotte-rund-20-cm-weisser-trueffel","status":"publish","type":"product","link":"https:\/\/www.erresse-shop.it\/de\/shop\/toepfe-pfannen\/schalldaempfer-und-kokotten\/staub-cocotte-rund-20-cm-weisser-trueffel\/","title":{"rendered":"STAUB Cocotte Rund 20 cm Wei\u00dfer Tr\u00fcffel"},"content":{"rendered":"<p>Die Cocotte von Staub eignet sich perfekt zum langsamen Garen von Fleisch und Gem\u00fcse und gew\u00e4hrleistet ein gleichm\u00e4\u00dfiges Garen und zarte Ergebnisse. Das Gusseisen ist ideal f\u00fcr Eint\u00f6pfe und Suppen, da es die W\u00e4rme speichert und der innovative Deckel mit Stacheln im Inneren das Essen kontinuierlich begie\u00dft und so den Geschmack verbessert. Die mattschwarze Emaille-Beschichtung und das Deckeldesign erm\u00f6glichen optimales Br\u00e4unen und Schmoren. Es ist f\u00fcr den t\u00e4glichen Gebrauch geeignet, die Wahl von Spitzenk\u00f6chen und kann dank seiner hervorragenden Haltbarkeit Generationen \u00fcberdauern.<\/p>\n<ul>\n<li>Ideal zum Anbraten und langsamen Garen von Fleisch, Fisch oder Gem\u00fcse<\/li>\n<li>F\u00fcr ein saftiges und zartes Garergebnis dank Deckel<\/li>\n<li>Die mattschwarze Innenemaillierung eignet sich optimal f\u00fcr eine besonders knusprige Br\u00e4unung und ist sehr widerstandsf\u00e4hig<\/li>\n<li>F\u00fcr alle Herdarten geeignet, auch Induktion, auch f\u00fcr den Backofen\/Grill geeignet<\/li>\n<li>Sp\u00fclmaschinenreinigung ist m\u00f6glich, sollte aber nicht regelm\u00e4\u00dfig durchgef\u00fchrt werden<\/li>\n<\/ul>\n<p><strong>Funktionen<\/strong><\/p>\n<ul>\n<li class=\"attribute\"><span class=\"label\">Hitzebest\u00e4ndigkeit:<\/span><span class=\"value\">260 \u00baC<\/span><\/li>\n<li class=\"attribute\"><span class=\"label\">K\u00e4ltebest\u00e4ndigkeit:<\/span><span class=\"value\">-20 \u00baC<\/span><\/li>\n<li class=\"attribute\"><span class=\"label\">Material:<\/span><span class=\"value\">Gusseisen<\/span><\/li>\n<li class=\"attribute\"><span class=\"label\">Handelsname der Beschichtung:<\/span><span class=\"value\">Schwarz Matt<\/span><\/li>\n<li class=\"attribute\"><span class=\"label\">Innenbeschichtung:<\/span><span class=\"value\">Emaille<\/span><\/li>\n<li class=\"attribute\"><span class=\"label\">Vorhandener Deckel:<\/span><span class=\"value\">ja<\/span><\/li>\n<li class=\"attribute\"><span class=\"label\">Induktion:<\/span><span class=\"value\">Ja<\/span><\/li>\n<li class=\"attribute\"><span class=\"label\">Ofenfest:<\/span><span class=\"value\">Ja<\/span><\/li>\n<li class=\"attribute\"><span class=\"label\">Gefrierschrankgeeignet:<\/span><span class=\"value\">Ja<\/span><\/li>\n<li class=\"attribute\"><span class=\"label\">Herdplattengeeignet:<\/span><span class=\"value\">Ja<\/span><\/li>\n<li class=\"attribute\"><span class=\"label\">Sp\u00fclmaschinenfest:<\/span><span class=\"value\">Ja<\/span><\/li>\n<\/ul>\n<p><strong>Gr\u00f6\u00dfe<\/strong><\/p>\n<ul>\n<li class=\"attribute\">Nettogewicht:3,60 kg<\/li>\n<li class=\"attribute\">Fassungsverm\u00f6gen: 2,20 l<\/li>\n<li class=\"attribute\">Produktl\u00e4nge: 26,30 cm<\/li>\n<li class=\"attribute\">Produktbreite: 20,00 cm<\/li>\n<li class=\"attribute\">Produkth\u00f6he: 14,20 cm<\/li>\n<li class=\"attribute\">H\u00f6he ohne Deckel: 9,50 cm<\/li>\n<li class=\"attribute\">Oberer Durchmesser: 20,00 cm<\/li>\n<li class=\"attribute\">Bodendurchmesser: 16,10 cm<\/li>\n<li class=\"attribute\">Griffl\u00e4nge: 3,00 cm<\/li>\n<\/ul>\n","protected":false},"excerpt":{"rendered":"<p>Die Cocotte von Staub eignet sich perfekt zum langsamen Garen von Fleisch und Gem\u00fcse und gew\u00e4hrleistet ein gleichm\u00e4\u00dfiges Garen und<\/p>\n","protected":false},"featured_media":490089,"template":"","meta":{"_acf_changed":false,"inline_featured_image":false},"product_cat":[6709,14793],"product_tag":[25088,11387,11381,11385,21533,12315,25022],"acf":[],"yoast_head":"<!-- This site is optimized with the Yoast SEO Premium plugin v18.6 (Yoast SEO v19.13) - https:\/\/yoast.com\/wordpress\/plugins\/seo\/ -->\n<title>STAUB Cocotte Rund 20 cm Wei\u00dfer Tr\u00fcffel - Erresse Shop<\/title>\n<meta name=\"description\" content=\"Die Cocotte von Staub eignet sich perfekt zum langsamen Garen von Fleisch und Gem\u00fcse und gew\u00e4hrleistet ein gleichm\u00e4\u00dfiges Garen und zarte Ergebnisse. Das\" \/>\n<meta name=\"robots\" content=\"index, follow, max-snippet:-1, max-image-preview:large, max-video-preview:-1\" \/>\n<link rel=\"canonical\" href=\"https:\/\/www.erresse-shop.it\/de\/shop\/toepfe-pfannen\/schalldaempfer-und-kokotten\/staub-cocotte-rund-20-cm-weisser-trueffel\/\" \/>\n<meta property=\"og:locale\" content=\"de_DE\" \/>\n<meta property=\"og:type\" content=\"article\" \/>\n<meta property=\"og:title\" content=\"STAUB Cocotte Rund 20 cm Wei\u00dfer Tr\u00fcffel\" \/>\n<meta property=\"og:description\" content=\"Die Cocotte von Staub eignet sich perfekt zum langsamen Garen von Fleisch und Gem\u00fcse und gew\u00e4hrleistet ein gleichm\u00e4\u00dfiges Garen und zarte Ergebnisse. Das\" \/>\n<meta property=\"og:url\" content=\"https:\/\/www.erresse-shop.it\/de\/shop\/toepfe-pfannen\/schalldaempfer-und-kokotten\/staub-cocotte-rund-20-cm-weisser-trueffel\/\" \/>\n<meta property=\"og:site_name\" content=\"Erresse Shop\" \/>\n<meta property=\"article:modified_time\" content=\"2026-02-27T11:28:33+00:00\" \/>\n<meta property=\"og:image\" content=\"https:\/\/www.erresse-shop.it\/wp-content\/uploads\/2025\/04\/STAUB-Cocotte-Tonda-20-cm-Bianco-Tartufo.jpg\" \/>\n\t<meta property=\"og:image:width\" content=\"1200\" \/>\n\t<meta property=\"og:image:height\" content=\"1200\" \/>\n\t<meta property=\"og:image:type\" content=\"image\/jpeg\" \/>\n<meta name=\"twitter:card\" content=\"summary_large_image\" \/>\n<script type=\"application\/ld+json\" class=\"yoast-schema-graph\">{\"@context\":\"https:\/\/schema.org\",\"@graph\":[{\"@type\":\"WebPage\",\"@id\":\"https:\/\/www.erresse-shop.it\/de\/shop\/toepfe-pfannen\/schalldaempfer-und-kokotten\/staub-cocotte-rund-20-cm-weisser-trueffel\/\",\"url\":\"https:\/\/www.erresse-shop.it\/de\/shop\/toepfe-pfannen\/schalldaempfer-und-kokotten\/staub-cocotte-rund-20-cm-weisser-trueffel\/\",\"name\":\"STAUB Cocotte Rund 20 cm Wei\u00dfer Tr\u00fcffel - Erresse Shop\",\"isPartOf\":{\"@id\":\"https:\/\/www.erresse-shop.it\/de\/#website\"},\"datePublished\":\"2025-04-10T10:22:36+00:00\",\"dateModified\":\"2026-02-27T11:28:33+00:00\",\"description\":\"Die Cocotte von Staub eignet sich perfekt zum langsamen Garen von Fleisch und Gem\u00fcse und gew\u00e4hrleistet ein gleichm\u00e4\u00dfiges Garen und zarte Ergebnisse. Das\",\"breadcrumb\":{\"@id\":\"https:\/\/www.erresse-shop.it\/de\/shop\/toepfe-pfannen\/schalldaempfer-und-kokotten\/staub-cocotte-rund-20-cm-weisser-trueffel\/#breadcrumb\"},\"inLanguage\":\"de-DE\",\"potentialAction\":[{\"@type\":\"ReadAction\",\"target\":[\"https:\/\/www.erresse-shop.it\/de\/shop\/toepfe-pfannen\/schalldaempfer-und-kokotten\/staub-cocotte-rund-20-cm-weisser-trueffel\/\"]}]},{\"@type\":\"BreadcrumbList\",\"@id\":\"https:\/\/www.erresse-shop.it\/de\/shop\/toepfe-pfannen\/schalldaempfer-und-kokotten\/staub-cocotte-rund-20-cm-weisser-trueffel\/#breadcrumb\",\"itemListElement\":[{\"@type\":\"ListItem\",\"position\":1,\"name\":\"Home\",\"item\":\"https:\/\/www.erresse-shop.it\/de\/\"},{\"@type\":\"ListItem\",\"position\":2,\"name\":\"Shop\",\"item\":\"https:\/\/www.erresse-shop.it\/de\/shop\/\"},{\"@type\":\"ListItem\",\"position\":3,\"name\":\"STAUB Cocotte Rund 20 cm Wei\u00dfer Tr\u00fcffel\"}]},{\"@type\":\"WebSite\",\"@id\":\"https:\/\/www.erresse-shop.it\/de\/#website\",\"url\":\"https:\/\/www.erresse-shop.it\/de\/\",\"name\":\"Erresse Shop\",\"description\":\"Articoli di qualit\u00e0 per la casa\",\"potentialAction\":[{\"@type\":\"SearchAction\",\"target\":{\"@type\":\"EntryPoint\",\"urlTemplate\":\"https:\/\/www.erresse-shop.it\/de\/?s={search_term_string}\"},\"query-input\":\"required name=search_term_string\"}],\"inLanguage\":\"de-DE\"}]}<\/script>\n<!-- \/ Yoast SEO Premium plugin. -->","yoast_head_json":{"title":"STAUB Cocotte Rund 20 cm Wei\u00dfer Tr\u00fcffel - Erresse Shop","description":"Die Cocotte von Staub eignet sich perfekt zum langsamen Garen von Fleisch und Gem\u00fcse und gew\u00e4hrleistet ein gleichm\u00e4\u00dfiges Garen und zarte Ergebnisse. Das","robots":{"index":"index","follow":"follow","max-snippet":"max-snippet:-1","max-image-preview":"max-image-preview:large","max-video-preview":"max-video-preview:-1"},"canonical":"https:\/\/www.erresse-shop.it\/de\/shop\/toepfe-pfannen\/schalldaempfer-und-kokotten\/staub-cocotte-rund-20-cm-weisser-trueffel\/","og_locale":"de_DE","og_type":"article","og_title":"STAUB Cocotte Rund 20 cm Wei\u00dfer Tr\u00fcffel","og_description":"Die Cocotte von Staub eignet sich perfekt zum langsamen Garen von Fleisch und Gem\u00fcse und gew\u00e4hrleistet ein gleichm\u00e4\u00dfiges Garen und zarte Ergebnisse. Das","og_url":"https:\/\/www.erresse-shop.it\/de\/shop\/toepfe-pfannen\/schalldaempfer-und-kokotten\/staub-cocotte-rund-20-cm-weisser-trueffel\/","og_site_name":"Erresse Shop","article_modified_time":"2026-02-27T11:28:33+00:00","og_image":[{"width":1200,"height":1200,"url":"https:\/\/www.erresse-shop.it\/wp-content\/uploads\/2025\/04\/STAUB-Cocotte-Tonda-20-cm-Bianco-Tartufo.jpg","type":"image\/jpeg"}],"twitter_card":"summary_large_image","schema":{"@context":"https:\/\/schema.org","@graph":[{"@type":"WebPage","@id":"https:\/\/www.erresse-shop.it\/de\/shop\/toepfe-pfannen\/schalldaempfer-und-kokotten\/staub-cocotte-rund-20-cm-weisser-trueffel\/","url":"https:\/\/www.erresse-shop.it\/de\/shop\/toepfe-pfannen\/schalldaempfer-und-kokotten\/staub-cocotte-rund-20-cm-weisser-trueffel\/","name":"STAUB Cocotte Rund 20 cm Wei\u00dfer Tr\u00fcffel - Erresse Shop","isPartOf":{"@id":"https:\/\/www.erresse-shop.it\/de\/#website"},"datePublished":"2025-04-10T10:22:36+00:00","dateModified":"2026-02-27T11:28:33+00:00","description":"Die Cocotte von Staub eignet sich perfekt zum langsamen Garen von Fleisch und Gem\u00fcse und gew\u00e4hrleistet ein gleichm\u00e4\u00dfiges Garen und zarte Ergebnisse. Das","breadcrumb":{"@id":"https:\/\/www.erresse-shop.it\/de\/shop\/toepfe-pfannen\/schalldaempfer-und-kokotten\/staub-cocotte-rund-20-cm-weisser-trueffel\/#breadcrumb"},"inLanguage":"de-DE","potentialAction":[{"@type":"ReadAction","target":["https:\/\/www.erresse-shop.it\/de\/shop\/toepfe-pfannen\/schalldaempfer-und-kokotten\/staub-cocotte-rund-20-cm-weisser-trueffel\/"]}]},{"@type":"BreadcrumbList","@id":"https:\/\/www.erresse-shop.it\/de\/shop\/toepfe-pfannen\/schalldaempfer-und-kokotten\/staub-cocotte-rund-20-cm-weisser-trueffel\/#breadcrumb","itemListElement":[{"@type":"ListItem","position":1,"name":"Home","item":"https:\/\/www.erresse-shop.it\/de\/"},{"@type":"ListItem","position":2,"name":"Shop","item":"https:\/\/www.erresse-shop.it\/de\/shop\/"},{"@type":"ListItem","position":3,"name":"STAUB Cocotte Rund 20 cm Wei\u00dfer Tr\u00fcffel"}]},{"@type":"WebSite","@id":"https:\/\/www.erresse-shop.it\/de\/#website","url":"https:\/\/www.erresse-shop.it\/de\/","name":"Erresse Shop","description":"Articoli di qualit\u00e0 per la casa","potentialAction":[{"@type":"SearchAction","target":{"@type":"EntryPoint","urlTemplate":"https:\/\/www.erresse-shop.it\/de\/?s={search_term_string}"},"query-input":"required name=search_term_string"}],"inLanguage":"de-DE"}]}},"df_price":114.5,"df_sale_price":114.5,"df_regular_price":229,"df_image_link":"https:\/\/www.erresse-shop.it\/wp-content\/uploads\/2025\/04\/STAUB-Cocotte-Tonda-20-cm-Bianco-Tartufo-300x300.jpg","_links":{"self":[{"href":"https:\/\/www.erresse-shop.it\/de\/wp-json\/wp\/v2\/product\/490056"}],"collection":[{"href":"https:\/\/www.erresse-shop.it\/de\/wp-json\/wp\/v2\/product"}],"about":[{"href":"https:\/\/www.erresse-shop.it\/de\/wp-json\/wp\/v2\/types\/product"}],"wp:featuredmedia":[{"embeddable":true,"href":"https:\/\/www.erresse-shop.it\/de\/wp-json\/wp\/v2\/media\/490089"}],"wp:attachment":[{"href":"https:\/\/www.erresse-shop.it\/de\/wp-json\/wp\/v2\/media?parent=490056"}],"wp:term":[{"taxonomy":"product_cat","embeddable":true,"href":"https:\/\/www.erresse-shop.it\/de\/wp-json\/wp\/v2\/product_cat?post=490056"},{"taxonomy":"product_tag","embeddable":true,"href":"https:\/\/www.erresse-shop.it\/de\/wp-json\/wp\/v2\/product_tag?post=490056"}],"curies":[{"name":"wp","href":"https:\/\/api.w.org\/{rel}","templated":true}]}}