{"id":490044,"date":"2025-04-10T09:52:24","date_gmt":"2025-04-10T09:52:43","guid":{"rendered":"https:\/\/www.erresse-shop.it\/?post_type=product&#038;p=490044"},"modified":"2026-02-27T11:33:11","modified_gmt":"2026-02-27T11:33:11","slug":"staub-cocotte-oval-37-cm-weisser-trueffel","status":"publish","type":"product","link":"https:\/\/www.erresse-shop.it\/de\/shop\/toepfe-pfannen\/schalldaempfer-und-kokotten\/staub-cocotte-oval-37-cm-weisser-trueffel\/","title":{"rendered":"STAUB Cocotte Oval 37 cm Wei\u00dfer Tr\u00fcffel"},"content":{"rendered":"<p>Die <strong>Staub<\/strong>-Kokotte ist nach wie vor un\u00fcbertroffen f\u00fcr das langsame Garen von Fleisch und Gem\u00fcse bis zur zarten Perfektion und f\u00fcr die Zubereitung von deftigen Eint\u00f6pfen und Suppen. Gusseisen hat hervorragende W\u00e4rmespeichereigenschaften. Das bedeutet, dass sich die Pfanne gleichm\u00e4\u00dfig erhitzt. Der innovative Deckel hat auf der Innenseite kleine Zacken, die die kondensierte Fl\u00fcssigkeit kontinuierlich \u00fcber die Lebensmittel gie\u00dfen, was zu saftigen und schmackhaften Ergebnissen f\u00fchrt. Der spezielle mattschwarze Emaille-Innenraum und der Deckel mit durchgehenden Streuspitzen von Staub sorgen f\u00fcr perfektes Anbraten und Schmoren, f\u00fcr Speisen mit au\u00dfergew\u00f6hnlichem Geschmack. Mit ihrer sch\u00f6nen Emaille-Oberfl\u00e4che passt jedes St\u00fcck wunderbar von der K\u00fcche auf den Tisch. Vom Comfort Food bis zum opulenten Dinner, jedes Gericht ist etwas Besonderes, wenn es in einem Staub-Produkt serviert wird. Staub emailliertes Gusseisen-Kochgeschirr ist die Wahl der besten K\u00f6che der Welt. Mit seiner au\u00dfergew\u00f6hnlichen Langlebigkeit eignet er sich perfekt f\u00fcr den t\u00e4glichen Gebrauch sowohl in Gourmetk\u00fcchen zu Hause als auch in renommierten Restaurants auf der ganzen Welt. Gebaut, um ein Leben lang zu halten, k\u00f6nnen diese Erbst\u00fccke von Generation zu Generation weitergegeben werden.<\/p>\n<ul>\n<li>Ideal zum Abdichten und langsamen Garen von Braten und ganzen H\u00fchnern<\/li>\n<li>F\u00fcr ein saftiges und zartes Kochergebnis dank des Deckels<\/li>\n<li>Die mattschwarze Innenemaillierung ist ideal f\u00fcr eine besonders knusprige Br\u00e4unung und ist sehr langlebig<\/li>\n<li>Geeignet f\u00fcr alle Herdarten, einschlie\u00dflich Induktion, kann auch im Backofen\/Grill verwendet werden<\/li>\n<\/ul>\n<p><strong>Eigenschaften<\/strong><br \/>\n&#8211; Hitzebest\u00e4ndigkeit (\u00b0C): 240,00 \u00baC<br \/>\n&#8211; Material: Gusseisen<br \/>\n&#8211; Vorhandener Deckel: ja<br \/>\n&#8211; Induktion: Ja<br \/>\n&#8211; F\u00fcr den Backofen geeignet: Ja<br \/>\n&#8211; Grillfreundlich: Ja<br \/>\n&#8211; Mikrowellengeeignet: ja<br \/>\n&#8211; Geeignet f\u00fcr Gefrierschrank: ja<br \/>\n&#8211; Kochfeldfreundlich: ja<br \/>\n&#8211; Unempfindlich gegen Metallgegenst\u00e4nde: ja<br \/>\n&#8211; Sp\u00fclmaschinenfest: Ja<\/p>\n<p><strong>Gr\u00f6\u00dfe<\/strong><\/p>\n<ul>\n<li class=\"attribute\"><span class=\"label\">Nettogewicht:<\/span><span class=\"value\">8,50 kg<\/span><\/li>\n<li class=\"attribute\"><span class=\"label\">Fassungsverm\u00f6gen:<\/span><span class=\"value\">8,00 l<\/span><\/li>\n<li class=\"attribute\"><span class=\"label\">Produktl\u00e4nge:<\/span><span class=\"value\">42,80 cm<\/span><\/li>\n<li class=\"attribute\"><span class=\"label\">Produktbreite:<\/span><span class=\"value\">37,00 cm<\/span><\/li>\n<li class=\"attribute\"><span class=\"label\">Produkth\u00f6he:<\/span><span class=\"value\">18,00 cm<\/span><\/li>\n<li class=\"attribute\"><span class=\"label\">H\u00f6he ohne Deckel:<\/span><span class=\"value\">13,00 cm<\/span><\/li>\n<li class=\"attribute\"><span class=\"label\">Oberer Durchmesser:<\/span><span class=\"value\">37,00 cm<\/span><\/li>\n<li class=\"attribute\"><span class=\"label\">Bodendurchmesser:<\/span><span class=\"value\">28,60 cm<\/span><\/li>\n<\/ul>\n","protected":false},"excerpt":{"rendered":"<p>Die Staub-Kokotte ist nach wie vor un\u00fcbertroffen f\u00fcr das langsame Garen von Fleisch und Gem\u00fcse bis zur zarten Perfektion und<\/p>\n","protected":false},"featured_media":111140,"template":"","meta":{"_acf_changed":false,"inline_featured_image":false},"product_cat":[6709,14793],"product_tag":[25088,11387,11381,11385,21533,12315,25022,12205],"acf":[],"yoast_head":"<!-- This site is optimized with the Yoast SEO Premium plugin v18.6 (Yoast SEO v19.13) - https:\/\/yoast.com\/wordpress\/plugins\/seo\/ -->\n<title>STAUB Cocotte Oval 37 cm Wei\u00dfer Tr\u00fcffel - Erresse Shop<\/title>\n<meta name=\"description\" content=\"Die Staub-Kokotte ist nach wie vor un\u00fcbertroffen f\u00fcr das langsame Garen von Fleisch und Gem\u00fcse bis zur zarten Perfektion und f\u00fcr die Zubereitung von\" \/>\n<meta name=\"robots\" content=\"index, follow, max-snippet:-1, max-image-preview:large, max-video-preview:-1\" \/>\n<link rel=\"canonical\" href=\"https:\/\/www.erresse-shop.it\/de\/shop\/toepfe-pfannen\/schalldaempfer-und-kokotten\/staub-cocotte-oval-37-cm-weisser-trueffel\/\" \/>\n<meta property=\"og:locale\" content=\"de_DE\" \/>\n<meta property=\"og:type\" content=\"article\" \/>\n<meta property=\"og:title\" content=\"STAUB Cocotte Oval 37 cm Wei\u00dfer Tr\u00fcffel\" \/>\n<meta property=\"og:description\" content=\"Die Staub-Kokotte ist nach wie vor un\u00fcbertroffen f\u00fcr das langsame Garen von Fleisch und Gem\u00fcse bis zur zarten Perfektion und f\u00fcr die Zubereitung von\" \/>\n<meta property=\"og:url\" content=\"https:\/\/www.erresse-shop.it\/de\/shop\/toepfe-pfannen\/schalldaempfer-und-kokotten\/staub-cocotte-oval-37-cm-weisser-trueffel\/\" \/>\n<meta property=\"og:site_name\" content=\"Erresse Shop\" \/>\n<meta property=\"article:modified_time\" content=\"2026-02-27T11:33:11+00:00\" \/>\n<meta property=\"og:image\" content=\"https:\/\/www.erresse-shop.it\/wp-content\/uploads\/2021\/08\/STAUB-Cocotte-Ovale-Bianco-Tartufo.jpg\" \/>\n\t<meta property=\"og:image:width\" content=\"1000\" \/>\n\t<meta property=\"og:image:height\" content=\"1000\" \/>\n\t<meta property=\"og:image:type\" content=\"image\/jpeg\" \/>\n<meta name=\"twitter:card\" content=\"summary_large_image\" \/>\n<script type=\"application\/ld+json\" class=\"yoast-schema-graph\">{\"@context\":\"https:\/\/schema.org\",\"@graph\":[{\"@type\":\"WebPage\",\"@id\":\"https:\/\/www.erresse-shop.it\/de\/shop\/toepfe-pfannen\/schalldaempfer-und-kokotten\/staub-cocotte-oval-37-cm-weisser-trueffel\/\",\"url\":\"https:\/\/www.erresse-shop.it\/de\/shop\/toepfe-pfannen\/schalldaempfer-und-kokotten\/staub-cocotte-oval-37-cm-weisser-trueffel\/\",\"name\":\"STAUB Cocotte Oval 37 cm Wei\u00dfer Tr\u00fcffel - Erresse Shop\",\"isPartOf\":{\"@id\":\"https:\/\/www.erresse-shop.it\/de\/#website\"},\"datePublished\":\"2025-04-10T09:52:43+00:00\",\"dateModified\":\"2026-02-27T11:33:11+00:00\",\"description\":\"Die Staub-Kokotte ist nach wie vor un\u00fcbertroffen f\u00fcr das langsame Garen von Fleisch und Gem\u00fcse bis zur zarten Perfektion und f\u00fcr die Zubereitung von\",\"breadcrumb\":{\"@id\":\"https:\/\/www.erresse-shop.it\/de\/shop\/toepfe-pfannen\/schalldaempfer-und-kokotten\/staub-cocotte-oval-37-cm-weisser-trueffel\/#breadcrumb\"},\"inLanguage\":\"de-DE\",\"potentialAction\":[{\"@type\":\"ReadAction\",\"target\":[\"https:\/\/www.erresse-shop.it\/de\/shop\/toepfe-pfannen\/schalldaempfer-und-kokotten\/staub-cocotte-oval-37-cm-weisser-trueffel\/\"]}]},{\"@type\":\"BreadcrumbList\",\"@id\":\"https:\/\/www.erresse-shop.it\/de\/shop\/toepfe-pfannen\/schalldaempfer-und-kokotten\/staub-cocotte-oval-37-cm-weisser-trueffel\/#breadcrumb\",\"itemListElement\":[{\"@type\":\"ListItem\",\"position\":1,\"name\":\"Home\",\"item\":\"https:\/\/www.erresse-shop.it\/de\/\"},{\"@type\":\"ListItem\",\"position\":2,\"name\":\"Shop\",\"item\":\"https:\/\/www.erresse-shop.it\/de\/shop\/\"},{\"@type\":\"ListItem\",\"position\":3,\"name\":\"STAUB Cocotte Oval 37 cm Wei\u00dfer Tr\u00fcffel\"}]},{\"@type\":\"WebSite\",\"@id\":\"https:\/\/www.erresse-shop.it\/de\/#website\",\"url\":\"https:\/\/www.erresse-shop.it\/de\/\",\"name\":\"Erresse Shop\",\"description\":\"Articoli di qualit\u00e0 per la casa\",\"potentialAction\":[{\"@type\":\"SearchAction\",\"target\":{\"@type\":\"EntryPoint\",\"urlTemplate\":\"https:\/\/www.erresse-shop.it\/de\/?s={search_term_string}\"},\"query-input\":\"required name=search_term_string\"}],\"inLanguage\":\"de-DE\"}]}<\/script>\n<!-- \/ Yoast SEO Premium plugin. -->","yoast_head_json":{"title":"STAUB Cocotte Oval 37 cm Wei\u00dfer Tr\u00fcffel - Erresse Shop","description":"Die Staub-Kokotte ist nach wie vor un\u00fcbertroffen f\u00fcr das langsame Garen von Fleisch und Gem\u00fcse bis zur zarten Perfektion und f\u00fcr die Zubereitung von","robots":{"index":"index","follow":"follow","max-snippet":"max-snippet:-1","max-image-preview":"max-image-preview:large","max-video-preview":"max-video-preview:-1"},"canonical":"https:\/\/www.erresse-shop.it\/de\/shop\/toepfe-pfannen\/schalldaempfer-und-kokotten\/staub-cocotte-oval-37-cm-weisser-trueffel\/","og_locale":"de_DE","og_type":"article","og_title":"STAUB Cocotte Oval 37 cm Wei\u00dfer Tr\u00fcffel","og_description":"Die Staub-Kokotte ist nach wie vor un\u00fcbertroffen f\u00fcr das langsame Garen von Fleisch und Gem\u00fcse bis zur zarten Perfektion und f\u00fcr die Zubereitung von","og_url":"https:\/\/www.erresse-shop.it\/de\/shop\/toepfe-pfannen\/schalldaempfer-und-kokotten\/staub-cocotte-oval-37-cm-weisser-trueffel\/","og_site_name":"Erresse Shop","article_modified_time":"2026-02-27T11:33:11+00:00","og_image":[{"width":1000,"height":1000,"url":"https:\/\/www.erresse-shop.it\/wp-content\/uploads\/2021\/08\/STAUB-Cocotte-Ovale-Bianco-Tartufo.jpg","type":"image\/jpeg"}],"twitter_card":"summary_large_image","schema":{"@context":"https:\/\/schema.org","@graph":[{"@type":"WebPage","@id":"https:\/\/www.erresse-shop.it\/de\/shop\/toepfe-pfannen\/schalldaempfer-und-kokotten\/staub-cocotte-oval-37-cm-weisser-trueffel\/","url":"https:\/\/www.erresse-shop.it\/de\/shop\/toepfe-pfannen\/schalldaempfer-und-kokotten\/staub-cocotte-oval-37-cm-weisser-trueffel\/","name":"STAUB Cocotte Oval 37 cm Wei\u00dfer Tr\u00fcffel - Erresse Shop","isPartOf":{"@id":"https:\/\/www.erresse-shop.it\/de\/#website"},"datePublished":"2025-04-10T09:52:43+00:00","dateModified":"2026-02-27T11:33:11+00:00","description":"Die Staub-Kokotte ist nach wie vor un\u00fcbertroffen f\u00fcr das langsame Garen von Fleisch und Gem\u00fcse bis zur zarten Perfektion und f\u00fcr die Zubereitung von","breadcrumb":{"@id":"https:\/\/www.erresse-shop.it\/de\/shop\/toepfe-pfannen\/schalldaempfer-und-kokotten\/staub-cocotte-oval-37-cm-weisser-trueffel\/#breadcrumb"},"inLanguage":"de-DE","potentialAction":[{"@type":"ReadAction","target":["https:\/\/www.erresse-shop.it\/de\/shop\/toepfe-pfannen\/schalldaempfer-und-kokotten\/staub-cocotte-oval-37-cm-weisser-trueffel\/"]}]},{"@type":"BreadcrumbList","@id":"https:\/\/www.erresse-shop.it\/de\/shop\/toepfe-pfannen\/schalldaempfer-und-kokotten\/staub-cocotte-oval-37-cm-weisser-trueffel\/#breadcrumb","itemListElement":[{"@type":"ListItem","position":1,"name":"Home","item":"https:\/\/www.erresse-shop.it\/de\/"},{"@type":"ListItem","position":2,"name":"Shop","item":"https:\/\/www.erresse-shop.it\/de\/shop\/"},{"@type":"ListItem","position":3,"name":"STAUB Cocotte Oval 37 cm Wei\u00dfer Tr\u00fcffel"}]},{"@type":"WebSite","@id":"https:\/\/www.erresse-shop.it\/de\/#website","url":"https:\/\/www.erresse-shop.it\/de\/","name":"Erresse Shop","description":"Articoli di qualit\u00e0 per la casa","potentialAction":[{"@type":"SearchAction","target":{"@type":"EntryPoint","urlTemplate":"https:\/\/www.erresse-shop.it\/de\/?s={search_term_string}"},"query-input":"required name=search_term_string"}],"inLanguage":"de-DE"}]}},"df_price":199.5,"df_sale_price":199.5,"df_regular_price":399,"df_image_link":"https:\/\/www.erresse-shop.it\/wp-content\/uploads\/2021\/08\/STAUB-Cocotte-Ovale-Bianco-Tartufo-300x300.jpg","_links":{"self":[{"href":"https:\/\/www.erresse-shop.it\/de\/wp-json\/wp\/v2\/product\/490044"}],"collection":[{"href":"https:\/\/www.erresse-shop.it\/de\/wp-json\/wp\/v2\/product"}],"about":[{"href":"https:\/\/www.erresse-shop.it\/de\/wp-json\/wp\/v2\/types\/product"}],"wp:featuredmedia":[{"embeddable":true,"href":"https:\/\/www.erresse-shop.it\/de\/wp-json\/wp\/v2\/media\/111140"}],"wp:attachment":[{"href":"https:\/\/www.erresse-shop.it\/de\/wp-json\/wp\/v2\/media?parent=490044"}],"wp:term":[{"taxonomy":"product_cat","embeddable":true,"href":"https:\/\/www.erresse-shop.it\/de\/wp-json\/wp\/v2\/product_cat?post=490044"},{"taxonomy":"product_tag","embeddable":true,"href":"https:\/\/www.erresse-shop.it\/de\/wp-json\/wp\/v2\/product_tag?post=490044"}],"curies":[{"name":"wp","href":"https:\/\/api.w.org\/{rel}","templated":true}]}}