{"id":487463,"date":"2025-04-03T13:57:05","date_gmt":"2025-04-03T13:57:06","guid":{"rendered":"https:\/\/www.erresse-shop.it\/?post_type=product&#038;p=487463"},"modified":"2026-02-03T11:14:42","modified_gmt":"2026-02-03T11:14:42","slug":"toms-drag-pelican-bowl-petros","status":"publish","type":"product","link":"https:\/\/www.erresse-shop.it\/de\/shop\/einrichtung-haus\/dekoartikel\/toms-drag-pelican-bowl-petros\/","title":{"rendered":"TOM&#8217;S DRAG Pelican Bowl Petros"},"content":{"rendered":"<p><strong>Pelikan-Sch\u00fcssel &#8220;Petros&#8221;<\/strong><br \/>\n<strong>Ma\u00dfe:<\/strong> 17 x 29 x H 40 cm,<br \/>\n<strong>Material:<\/strong> Marmorin<\/p>\n<p>Pelikanschale \u201ePetros\u201c ist eine praktische Schale in Form eines Pelikans mit breitem Schnabel. Wer ist nicht fasziniert von diesen unverwechselbaren Wasserv\u00f6geln?<\/p>\n<p>\u201ePetros\u201c ist eine Hommage an den ber\u00fchmtesten rosa Pelikan, der zum ersten Mal von einem Fischer gerettet und gepflegt wurde.<br \/>\nAnschlie\u00dfend lebte er fast drei\u00dfig Jahre lang in den Stra\u00dfen und Gassen der griechischen Insel Mykonos, wurde von Menschen aus aller Welt gestreichelt und gef\u00fcttert und wurde schlie\u00dflich zum Maskottchen der Insel.<\/p>\n","protected":false},"excerpt":{"rendered":"<p>Pelikan-Sch\u00fcssel &#8220;Petros&#8221; Ma\u00dfe: 17 x 29 x H 40 cm, Material: Marmorin Pelikanschale \u201ePetros\u201c ist eine praktische Schale in Form<\/p>\n","protected":false},"featured_media":506304,"template":"","meta":{"_acf_changed":false,"inline_featured_image":false},"product_cat":[6817,14442],"product_tag":[25038,11563],"acf":[],"yoast_head":"<!-- This site is optimized with the Yoast SEO Premium plugin v18.6 (Yoast SEO v19.13) - https:\/\/yoast.com\/wordpress\/plugins\/seo\/ -->\n<title>TOM&#039;S DRAG Pelican Bowl Petros - Erresse Shop<\/title>\n<meta name=\"description\" content=\"Pelikan-Sch\u00fcssel &quot;Petros&quot; Ma\u00dfe: 17 x 29 x H 40 cm, Material: Marmorin Pelikanschale \u201ePetros\u201c ist eine praktische Schale in Form eines Pelikans mit breitem\" \/>\n<meta name=\"robots\" content=\"index, follow, max-snippet:-1, max-image-preview:large, max-video-preview:-1\" \/>\n<link rel=\"canonical\" href=\"https:\/\/www.erresse-shop.it\/de\/shop\/einrichtung-haus\/dekoartikel\/toms-drag-pelican-bowl-petros\/\" \/>\n<meta property=\"og:locale\" content=\"de_DE\" \/>\n<meta property=\"og:type\" content=\"article\" \/>\n<meta property=\"og:title\" content=\"TOM&#039;S DRAG Pelican Bowl Petros\" \/>\n<meta property=\"og:description\" content=\"Pelikan-Sch\u00fcssel &quot;Petros&quot; Ma\u00dfe: 17 x 29 x H 40 cm, Material: Marmorin Pelikanschale \u201ePetros\u201c ist eine praktische Schale in Form eines Pelikans mit breitem\" \/>\n<meta property=\"og:url\" content=\"https:\/\/www.erresse-shop.it\/de\/shop\/einrichtung-haus\/dekoartikel\/toms-drag-pelican-bowl-petros\/\" \/>\n<meta property=\"og:site_name\" content=\"Erresse Shop\" \/>\n<meta property=\"article:modified_time\" content=\"2026-02-03T11:14:42+00:00\" \/>\n<meta property=\"og:image\" content=\"https:\/\/www.erresse-shop.it\/wp-content\/uploads\/2025\/04\/TOMS-DRAG-Ciotola-Pellicano-Petros.jpg\" \/>\n\t<meta property=\"og:image:width\" content=\"1200\" \/>\n\t<meta property=\"og:image:height\" content=\"1200\" \/>\n\t<meta property=\"og:image:type\" content=\"image\/jpeg\" \/>\n<meta name=\"twitter:card\" content=\"summary_large_image\" \/>\n<script type=\"application\/ld+json\" class=\"yoast-schema-graph\">{\"@context\":\"https:\/\/schema.org\",\"@graph\":[{\"@type\":\"WebPage\",\"@id\":\"https:\/\/www.erresse-shop.it\/de\/shop\/einrichtung-haus\/dekoartikel\/toms-drag-pelican-bowl-petros\/\",\"url\":\"https:\/\/www.erresse-shop.it\/de\/shop\/einrichtung-haus\/dekoartikel\/toms-drag-pelican-bowl-petros\/\",\"name\":\"TOM'S DRAG Pelican Bowl Petros - Erresse Shop\",\"isPartOf\":{\"@id\":\"https:\/\/www.erresse-shop.it\/de\/#website\"},\"datePublished\":\"2025-04-03T13:57:06+00:00\",\"dateModified\":\"2026-02-03T11:14:42+00:00\",\"description\":\"Pelikan-Sch\u00fcssel \\\"Petros\\\" Ma\u00dfe: 17 x 29 x H 40 cm, Material: Marmorin Pelikanschale \u201ePetros\u201c ist eine praktische Schale in Form eines Pelikans mit breitem\",\"breadcrumb\":{\"@id\":\"https:\/\/www.erresse-shop.it\/de\/shop\/einrichtung-haus\/dekoartikel\/toms-drag-pelican-bowl-petros\/#breadcrumb\"},\"inLanguage\":\"de-DE\",\"potentialAction\":[{\"@type\":\"ReadAction\",\"target\":[\"https:\/\/www.erresse-shop.it\/de\/shop\/einrichtung-haus\/dekoartikel\/toms-drag-pelican-bowl-petros\/\"]}]},{\"@type\":\"BreadcrumbList\",\"@id\":\"https:\/\/www.erresse-shop.it\/de\/shop\/einrichtung-haus\/dekoartikel\/toms-drag-pelican-bowl-petros\/#breadcrumb\",\"itemListElement\":[{\"@type\":\"ListItem\",\"position\":1,\"name\":\"Home\",\"item\":\"https:\/\/www.erresse-shop.it\/de\/\"},{\"@type\":\"ListItem\",\"position\":2,\"name\":\"Shop\",\"item\":\"https:\/\/www.erresse-shop.it\/de\/shop\/\"},{\"@type\":\"ListItem\",\"position\":3,\"name\":\"TOM&#8217;S DRAG Pelican Bowl Petros\"}]},{\"@type\":\"WebSite\",\"@id\":\"https:\/\/www.erresse-shop.it\/de\/#website\",\"url\":\"https:\/\/www.erresse-shop.it\/de\/\",\"name\":\"Erresse Shop\",\"description\":\"Articoli di qualit\u00e0 per la casa\",\"potentialAction\":[{\"@type\":\"SearchAction\",\"target\":{\"@type\":\"EntryPoint\",\"urlTemplate\":\"https:\/\/www.erresse-shop.it\/de\/?s={search_term_string}\"},\"query-input\":\"required name=search_term_string\"}],\"inLanguage\":\"de-DE\"}]}<\/script>\n<!-- \/ Yoast SEO Premium plugin. -->","yoast_head_json":{"title":"TOM'S DRAG Pelican Bowl Petros - Erresse Shop","description":"Pelikan-Sch\u00fcssel \"Petros\" Ma\u00dfe: 17 x 29 x H 40 cm, Material: Marmorin Pelikanschale \u201ePetros\u201c ist eine praktische Schale in Form eines Pelikans mit breitem","robots":{"index":"index","follow":"follow","max-snippet":"max-snippet:-1","max-image-preview":"max-image-preview:large","max-video-preview":"max-video-preview:-1"},"canonical":"https:\/\/www.erresse-shop.it\/de\/shop\/einrichtung-haus\/dekoartikel\/toms-drag-pelican-bowl-petros\/","og_locale":"de_DE","og_type":"article","og_title":"TOM'S DRAG Pelican Bowl Petros","og_description":"Pelikan-Sch\u00fcssel \"Petros\" Ma\u00dfe: 17 x 29 x H 40 cm, Material: Marmorin Pelikanschale \u201ePetros\u201c ist eine praktische Schale in Form eines Pelikans mit breitem","og_url":"https:\/\/www.erresse-shop.it\/de\/shop\/einrichtung-haus\/dekoartikel\/toms-drag-pelican-bowl-petros\/","og_site_name":"Erresse Shop","article_modified_time":"2026-02-03T11:14:42+00:00","og_image":[{"width":1200,"height":1200,"url":"https:\/\/www.erresse-shop.it\/wp-content\/uploads\/2025\/04\/TOMS-DRAG-Ciotola-Pellicano-Petros.jpg","type":"image\/jpeg"}],"twitter_card":"summary_large_image","schema":{"@context":"https:\/\/schema.org","@graph":[{"@type":"WebPage","@id":"https:\/\/www.erresse-shop.it\/de\/shop\/einrichtung-haus\/dekoartikel\/toms-drag-pelican-bowl-petros\/","url":"https:\/\/www.erresse-shop.it\/de\/shop\/einrichtung-haus\/dekoartikel\/toms-drag-pelican-bowl-petros\/","name":"TOM'S DRAG Pelican Bowl Petros - Erresse Shop","isPartOf":{"@id":"https:\/\/www.erresse-shop.it\/de\/#website"},"datePublished":"2025-04-03T13:57:06+00:00","dateModified":"2026-02-03T11:14:42+00:00","description":"Pelikan-Sch\u00fcssel \"Petros\" Ma\u00dfe: 17 x 29 x H 40 cm, Material: Marmorin Pelikanschale \u201ePetros\u201c ist eine praktische Schale in Form eines Pelikans mit breitem","breadcrumb":{"@id":"https:\/\/www.erresse-shop.it\/de\/shop\/einrichtung-haus\/dekoartikel\/toms-drag-pelican-bowl-petros\/#breadcrumb"},"inLanguage":"de-DE","potentialAction":[{"@type":"ReadAction","target":["https:\/\/www.erresse-shop.it\/de\/shop\/einrichtung-haus\/dekoartikel\/toms-drag-pelican-bowl-petros\/"]}]},{"@type":"BreadcrumbList","@id":"https:\/\/www.erresse-shop.it\/de\/shop\/einrichtung-haus\/dekoartikel\/toms-drag-pelican-bowl-petros\/#breadcrumb","itemListElement":[{"@type":"ListItem","position":1,"name":"Home","item":"https:\/\/www.erresse-shop.it\/de\/"},{"@type":"ListItem","position":2,"name":"Shop","item":"https:\/\/www.erresse-shop.it\/de\/shop\/"},{"@type":"ListItem","position":3,"name":"TOM&#8217;S DRAG Pelican Bowl Petros"}]},{"@type":"WebSite","@id":"https:\/\/www.erresse-shop.it\/de\/#website","url":"https:\/\/www.erresse-shop.it\/de\/","name":"Erresse Shop","description":"Articoli di qualit\u00e0 per la casa","potentialAction":[{"@type":"SearchAction","target":{"@type":"EntryPoint","urlTemplate":"https:\/\/www.erresse-shop.it\/de\/?s={search_term_string}"},"query-input":"required name=search_term_string"}],"inLanguage":"de-DE"}]}},"df_price":299.95,"df_sale_price":299.95,"df_regular_price":389,"df_image_link":"https:\/\/www.erresse-shop.it\/wp-content\/uploads\/2025\/04\/TOMS-DRAG-Ciotola-Pellicano-Petros-300x300.jpg","_links":{"self":[{"href":"https:\/\/www.erresse-shop.it\/de\/wp-json\/wp\/v2\/product\/487463"}],"collection":[{"href":"https:\/\/www.erresse-shop.it\/de\/wp-json\/wp\/v2\/product"}],"about":[{"href":"https:\/\/www.erresse-shop.it\/de\/wp-json\/wp\/v2\/types\/product"}],"wp:featuredmedia":[{"embeddable":true,"href":"https:\/\/www.erresse-shop.it\/de\/wp-json\/wp\/v2\/media\/506304"}],"wp:attachment":[{"href":"https:\/\/www.erresse-shop.it\/de\/wp-json\/wp\/v2\/media?parent=487463"}],"wp:term":[{"taxonomy":"product_cat","embeddable":true,"href":"https:\/\/www.erresse-shop.it\/de\/wp-json\/wp\/v2\/product_cat?post=487463"},{"taxonomy":"product_tag","embeddable":true,"href":"https:\/\/www.erresse-shop.it\/de\/wp-json\/wp\/v2\/product_tag?post=487463"}],"curies":[{"name":"wp","href":"https:\/\/api.w.org\/{rel}","templated":true}]}}