{"id":487450,"date":"2025-04-03T13:43:16","date_gmt":"2025-04-03T13:43:21","guid":{"rendered":"https:\/\/www.erresse-shop.it\/?post_type=product&#038;p=487450"},"modified":"2026-02-03T11:20:00","modified_gmt":"2026-02-03T11:20:00","slug":"toms-drag-alligator-francesco-xl","status":"publish","type":"product","link":"https:\/\/www.erresse-shop.it\/de\/shop\/einrichtung-haus\/dekoartikel\/toms-drag-alligator-francesco-xl\/","title":{"rendered":"TOM&#8217;S DRAG Alligator Francesco XL"},"content":{"rendered":"<p><strong>Material:<\/strong> Fiberglas<\/p>\n<p><strong>Alligator Francesco XL<\/strong><br \/>\nObwohl Alligatoren f\u00fcr die meisten Menschen sehr gef\u00e4hrliche Tiere sind, muss niemand Angst vor \u201eFrancesco\u201c haben. Auch wenn er den Mund weit aufrei\u00dft und mit seinem Goldzahn blitzt, ist er ansonsten ein \u00fcberaus freundlicher und fr\u00f6hlicher Zeitgenosse. Ein echter Tom\u2019s Drag. Mit Metallkrone (zum Aufstecken).<\/p>\n<p><strong>Ma\u00dfe:<\/strong> L 100 cm, T 40 cm, H mit Krone 38 cm<\/p>\n","protected":false},"excerpt":{"rendered":"<p>Material: Fiberglas Alligator Francesco XL Obwohl Alligatoren f\u00fcr die meisten Menschen sehr gef\u00e4hrliche Tiere sind, muss niemand Angst vor \u201eFrancesco\u201c<\/p>\n","protected":false},"featured_media":487459,"template":"","meta":{"_acf_changed":false,"inline_featured_image":false},"product_cat":[6817,14442],"product_tag":[25038,17409],"acf":[],"yoast_head":"<!-- This site is optimized with the Yoast SEO Premium plugin v18.6 (Yoast SEO v19.13) - https:\/\/yoast.com\/wordpress\/plugins\/seo\/ -->\n<title>TOM&#039;S DRAG Alligator Francesco XL - Erresse Shop<\/title>\n<meta name=\"description\" content=\"Material: Fiberglas Alligator Francesco XL Obwohl Alligatoren f\u00fcr die meisten Menschen sehr gef\u00e4hrliche Tiere sind, muss niemand Angst vor \u201eFrancesco\u201c\" \/>\n<meta name=\"robots\" content=\"index, follow, max-snippet:-1, max-image-preview:large, max-video-preview:-1\" \/>\n<link rel=\"canonical\" href=\"https:\/\/www.erresse-shop.it\/de\/shop\/einrichtung-haus\/dekoartikel\/toms-drag-alligator-francesco-xl\/\" \/>\n<meta property=\"og:locale\" content=\"de_DE\" \/>\n<meta property=\"og:type\" content=\"article\" \/>\n<meta property=\"og:title\" content=\"TOM&#039;S DRAG Alligator Francesco XL\" \/>\n<meta property=\"og:description\" content=\"Material: Fiberglas Alligator Francesco XL Obwohl Alligatoren f\u00fcr die meisten Menschen sehr gef\u00e4hrliche Tiere sind, muss niemand Angst vor \u201eFrancesco\u201c\" \/>\n<meta property=\"og:url\" content=\"https:\/\/www.erresse-shop.it\/de\/shop\/einrichtung-haus\/dekoartikel\/toms-drag-alligator-francesco-xl\/\" \/>\n<meta property=\"og:site_name\" content=\"Erresse Shop\" \/>\n<meta property=\"article:modified_time\" content=\"2026-02-03T11:20:00+00:00\" \/>\n<meta property=\"og:image\" content=\"https:\/\/www.erresse-shop.it\/wp-content\/uploads\/2025\/04\/TOMS-DRAG-Alligatore-Francesco-XL.jpg\" \/>\n\t<meta property=\"og:image:width\" content=\"1200\" \/>\n\t<meta property=\"og:image:height\" content=\"1200\" \/>\n\t<meta property=\"og:image:type\" content=\"image\/jpeg\" \/>\n<meta name=\"twitter:card\" content=\"summary_large_image\" \/>\n<script type=\"application\/ld+json\" class=\"yoast-schema-graph\">{\"@context\":\"https:\/\/schema.org\",\"@graph\":[{\"@type\":\"WebPage\",\"@id\":\"https:\/\/www.erresse-shop.it\/de\/shop\/einrichtung-haus\/dekoartikel\/toms-drag-alligator-francesco-xl\/\",\"url\":\"https:\/\/www.erresse-shop.it\/de\/shop\/einrichtung-haus\/dekoartikel\/toms-drag-alligator-francesco-xl\/\",\"name\":\"TOM'S DRAG Alligator Francesco XL - Erresse Shop\",\"isPartOf\":{\"@id\":\"https:\/\/www.erresse-shop.it\/de\/#website\"},\"datePublished\":\"2025-04-03T13:43:21+00:00\",\"dateModified\":\"2026-02-03T11:20:00+00:00\",\"description\":\"Material: Fiberglas Alligator Francesco XL Obwohl Alligatoren f\u00fcr die meisten Menschen sehr gef\u00e4hrliche Tiere sind, muss niemand Angst vor \u201eFrancesco\u201c\",\"breadcrumb\":{\"@id\":\"https:\/\/www.erresse-shop.it\/de\/shop\/einrichtung-haus\/dekoartikel\/toms-drag-alligator-francesco-xl\/#breadcrumb\"},\"inLanguage\":\"de-DE\",\"potentialAction\":[{\"@type\":\"ReadAction\",\"target\":[\"https:\/\/www.erresse-shop.it\/de\/shop\/einrichtung-haus\/dekoartikel\/toms-drag-alligator-francesco-xl\/\"]}]},{\"@type\":\"BreadcrumbList\",\"@id\":\"https:\/\/www.erresse-shop.it\/de\/shop\/einrichtung-haus\/dekoartikel\/toms-drag-alligator-francesco-xl\/#breadcrumb\",\"itemListElement\":[{\"@type\":\"ListItem\",\"position\":1,\"name\":\"Home\",\"item\":\"https:\/\/www.erresse-shop.it\/de\/\"},{\"@type\":\"ListItem\",\"position\":2,\"name\":\"Shop\",\"item\":\"https:\/\/www.erresse-shop.it\/de\/shop\/\"},{\"@type\":\"ListItem\",\"position\":3,\"name\":\"TOM&#8217;S DRAG Alligator Francesco XL\"}]},{\"@type\":\"WebSite\",\"@id\":\"https:\/\/www.erresse-shop.it\/de\/#website\",\"url\":\"https:\/\/www.erresse-shop.it\/de\/\",\"name\":\"Erresse Shop\",\"description\":\"Articoli di qualit\u00e0 per la casa\",\"potentialAction\":[{\"@type\":\"SearchAction\",\"target\":{\"@type\":\"EntryPoint\",\"urlTemplate\":\"https:\/\/www.erresse-shop.it\/de\/?s={search_term_string}\"},\"query-input\":\"required name=search_term_string\"}],\"inLanguage\":\"de-DE\"}]}<\/script>\n<!-- \/ Yoast SEO Premium plugin. -->","yoast_head_json":{"title":"TOM'S DRAG Alligator Francesco XL - Erresse Shop","description":"Material: Fiberglas Alligator Francesco XL Obwohl Alligatoren f\u00fcr die meisten Menschen sehr gef\u00e4hrliche Tiere sind, muss niemand Angst vor \u201eFrancesco\u201c","robots":{"index":"index","follow":"follow","max-snippet":"max-snippet:-1","max-image-preview":"max-image-preview:large","max-video-preview":"max-video-preview:-1"},"canonical":"https:\/\/www.erresse-shop.it\/de\/shop\/einrichtung-haus\/dekoartikel\/toms-drag-alligator-francesco-xl\/","og_locale":"de_DE","og_type":"article","og_title":"TOM'S DRAG Alligator Francesco XL","og_description":"Material: Fiberglas Alligator Francesco XL Obwohl Alligatoren f\u00fcr die meisten Menschen sehr gef\u00e4hrliche Tiere sind, muss niemand Angst vor \u201eFrancesco\u201c","og_url":"https:\/\/www.erresse-shop.it\/de\/shop\/einrichtung-haus\/dekoartikel\/toms-drag-alligator-francesco-xl\/","og_site_name":"Erresse Shop","article_modified_time":"2026-02-03T11:20:00+00:00","og_image":[{"width":1200,"height":1200,"url":"https:\/\/www.erresse-shop.it\/wp-content\/uploads\/2025\/04\/TOMS-DRAG-Alligatore-Francesco-XL.jpg","type":"image\/jpeg"}],"twitter_card":"summary_large_image","schema":{"@context":"https:\/\/schema.org","@graph":[{"@type":"WebPage","@id":"https:\/\/www.erresse-shop.it\/de\/shop\/einrichtung-haus\/dekoartikel\/toms-drag-alligator-francesco-xl\/","url":"https:\/\/www.erresse-shop.it\/de\/shop\/einrichtung-haus\/dekoartikel\/toms-drag-alligator-francesco-xl\/","name":"TOM'S DRAG Alligator Francesco XL - Erresse Shop","isPartOf":{"@id":"https:\/\/www.erresse-shop.it\/de\/#website"},"datePublished":"2025-04-03T13:43:21+00:00","dateModified":"2026-02-03T11:20:00+00:00","description":"Material: Fiberglas Alligator Francesco XL Obwohl Alligatoren f\u00fcr die meisten Menschen sehr gef\u00e4hrliche Tiere sind, muss niemand Angst vor \u201eFrancesco\u201c","breadcrumb":{"@id":"https:\/\/www.erresse-shop.it\/de\/shop\/einrichtung-haus\/dekoartikel\/toms-drag-alligator-francesco-xl\/#breadcrumb"},"inLanguage":"de-DE","potentialAction":[{"@type":"ReadAction","target":["https:\/\/www.erresse-shop.it\/de\/shop\/einrichtung-haus\/dekoartikel\/toms-drag-alligator-francesco-xl\/"]}]},{"@type":"BreadcrumbList","@id":"https:\/\/www.erresse-shop.it\/de\/shop\/einrichtung-haus\/dekoartikel\/toms-drag-alligator-francesco-xl\/#breadcrumb","itemListElement":[{"@type":"ListItem","position":1,"name":"Home","item":"https:\/\/www.erresse-shop.it\/de\/"},{"@type":"ListItem","position":2,"name":"Shop","item":"https:\/\/www.erresse-shop.it\/de\/shop\/"},{"@type":"ListItem","position":3,"name":"TOM&#8217;S DRAG Alligator Francesco XL"}]},{"@type":"WebSite","@id":"https:\/\/www.erresse-shop.it\/de\/#website","url":"https:\/\/www.erresse-shop.it\/de\/","name":"Erresse Shop","description":"Articoli di qualit\u00e0 per la casa","potentialAction":[{"@type":"SearchAction","target":{"@type":"EntryPoint","urlTemplate":"https:\/\/www.erresse-shop.it\/de\/?s={search_term_string}"},"query-input":"required name=search_term_string"}],"inLanguage":"de-DE"}]}},"df_price":518.96,"df_sale_price":518.96,"df_regular_price":998,"df_image_link":"https:\/\/www.erresse-shop.it\/wp-content\/uploads\/2025\/04\/TOMS-DRAG-Alligatore-Francesco-XL-300x300.jpg","_links":{"self":[{"href":"https:\/\/www.erresse-shop.it\/de\/wp-json\/wp\/v2\/product\/487450"}],"collection":[{"href":"https:\/\/www.erresse-shop.it\/de\/wp-json\/wp\/v2\/product"}],"about":[{"href":"https:\/\/www.erresse-shop.it\/de\/wp-json\/wp\/v2\/types\/product"}],"wp:featuredmedia":[{"embeddable":true,"href":"https:\/\/www.erresse-shop.it\/de\/wp-json\/wp\/v2\/media\/487459"}],"wp:attachment":[{"href":"https:\/\/www.erresse-shop.it\/de\/wp-json\/wp\/v2\/media?parent=487450"}],"wp:term":[{"taxonomy":"product_cat","embeddable":true,"href":"https:\/\/www.erresse-shop.it\/de\/wp-json\/wp\/v2\/product_cat?post=487450"},{"taxonomy":"product_tag","embeddable":true,"href":"https:\/\/www.erresse-shop.it\/de\/wp-json\/wp\/v2\/product_tag?post=487450"}],"curies":[{"name":"wp","href":"https:\/\/api.w.org\/{rel}","templated":true}]}}