{"id":487321,"date":"2025-04-03T10:45:57","date_gmt":"2025-04-03T10:45:58","guid":{"rendered":"https:\/\/www.erresse-shop.it\/?post_type=product&#038;p=487321"},"modified":"2026-02-03T13:08:16","modified_gmt":"2026-02-03T13:08:16","slug":"toms-drag-giraffe-roxanna-silver-line","status":"publish","type":"product","link":"https:\/\/www.erresse-shop.it\/de\/shop\/einrichtung-haus\/dekoartikel\/toms-drag-giraffe-roxanna-silver-line\/","title":{"rendered":"TOM&#8217;S DRAG Giraffe Roxanna Silver Line"},"content":{"rendered":"<p><strong>Material:<\/strong> Fiberglas<\/p>\n<p><strong>Giraffe Roxanna Silver Line<br \/>\n<\/strong>Mit einer Gr\u00f6\u00dfe von 150 cm begegnet er jedem auf Augenh\u00f6he und man kann nicht anders, als diese schrullige und charmante Giraffe zu lieben. Es verf\u00fcgt \u00fcber \u201eblumenf\u00f6rmige\u201c Verzierungen (ansteckbar, wir empfehlen das Aufkleben) am langen Hals und eine edle Zigarette (f\u00fcr Raucherpausen nat\u00fcrlich abnehmbar, auch dauerhaft).<\/p>\n<p><strong>Ma\u00dfe:<\/strong> 30 x 20, H. 150<\/p>\n","protected":false},"excerpt":{"rendered":"<p>Material: Fiberglas Giraffe Roxanna Silver Line Mit einer Gr\u00f6\u00dfe von 150 cm begegnet er jedem auf Augenh\u00f6he und man kann<\/p>\n","protected":false},"featured_media":487330,"template":"","meta":{"_acf_changed":false,"inline_featured_image":false},"product_cat":[6817,14442],"product_tag":[25038,17409],"acf":[],"yoast_head":"<!-- This site is optimized with the Yoast SEO Premium plugin v18.6 (Yoast SEO v19.13) - https:\/\/yoast.com\/wordpress\/plugins\/seo\/ -->\n<title>TOM&#039;S DRAG Giraffe Roxanna Silver Line - Erresse Shop<\/title>\n<meta name=\"description\" content=\"Material: Fiberglas Giraffe Roxanna Silver Line Mit einer Gr\u00f6\u00dfe von 150 cm begegnet er jedem auf Augenh\u00f6he und man kann nicht anders, als diese schrullige\" \/>\n<meta name=\"robots\" content=\"index, follow, max-snippet:-1, max-image-preview:large, max-video-preview:-1\" \/>\n<link rel=\"canonical\" href=\"https:\/\/www.erresse-shop.it\/de\/shop\/einrichtung-haus\/dekoartikel\/toms-drag-giraffe-roxanna-silver-line\/\" \/>\n<meta property=\"og:locale\" content=\"de_DE\" \/>\n<meta property=\"og:type\" content=\"article\" \/>\n<meta property=\"og:title\" content=\"TOM&#039;S DRAG Giraffe Roxanna Silver Line\" \/>\n<meta property=\"og:description\" content=\"Material: Fiberglas Giraffe Roxanna Silver Line Mit einer Gr\u00f6\u00dfe von 150 cm begegnet er jedem auf Augenh\u00f6he und man kann nicht anders, als diese schrullige\" \/>\n<meta property=\"og:url\" content=\"https:\/\/www.erresse-shop.it\/de\/shop\/einrichtung-haus\/dekoartikel\/toms-drag-giraffe-roxanna-silver-line\/\" \/>\n<meta property=\"og:site_name\" content=\"Erresse Shop\" \/>\n<meta property=\"article:modified_time\" content=\"2026-02-03T13:08:16+00:00\" \/>\n<meta property=\"og:image\" content=\"https:\/\/www.erresse-shop.it\/wp-content\/uploads\/2025\/04\/TOMS-DRAG-Giraffa-Roxanna-Silver-Line.jpg\" \/>\n\t<meta property=\"og:image:width\" content=\"1200\" \/>\n\t<meta property=\"og:image:height\" content=\"1200\" \/>\n\t<meta property=\"og:image:type\" content=\"image\/jpeg\" \/>\n<meta name=\"twitter:card\" content=\"summary_large_image\" \/>\n<script type=\"application\/ld+json\" class=\"yoast-schema-graph\">{\"@context\":\"https:\/\/schema.org\",\"@graph\":[{\"@type\":\"WebPage\",\"@id\":\"https:\/\/www.erresse-shop.it\/de\/shop\/einrichtung-haus\/dekoartikel\/toms-drag-giraffe-roxanna-silver-line\/\",\"url\":\"https:\/\/www.erresse-shop.it\/de\/shop\/einrichtung-haus\/dekoartikel\/toms-drag-giraffe-roxanna-silver-line\/\",\"name\":\"TOM'S DRAG Giraffe Roxanna Silver Line - Erresse Shop\",\"isPartOf\":{\"@id\":\"https:\/\/www.erresse-shop.it\/de\/#website\"},\"datePublished\":\"2025-04-03T10:45:58+00:00\",\"dateModified\":\"2026-02-03T13:08:16+00:00\",\"description\":\"Material: Fiberglas Giraffe Roxanna Silver Line Mit einer Gr\u00f6\u00dfe von 150 cm begegnet er jedem auf Augenh\u00f6he und man kann nicht anders, als diese schrullige\",\"breadcrumb\":{\"@id\":\"https:\/\/www.erresse-shop.it\/de\/shop\/einrichtung-haus\/dekoartikel\/toms-drag-giraffe-roxanna-silver-line\/#breadcrumb\"},\"inLanguage\":\"de-DE\",\"potentialAction\":[{\"@type\":\"ReadAction\",\"target\":[\"https:\/\/www.erresse-shop.it\/de\/shop\/einrichtung-haus\/dekoartikel\/toms-drag-giraffe-roxanna-silver-line\/\"]}]},{\"@type\":\"BreadcrumbList\",\"@id\":\"https:\/\/www.erresse-shop.it\/de\/shop\/einrichtung-haus\/dekoartikel\/toms-drag-giraffe-roxanna-silver-line\/#breadcrumb\",\"itemListElement\":[{\"@type\":\"ListItem\",\"position\":1,\"name\":\"Home\",\"item\":\"https:\/\/www.erresse-shop.it\/de\/\"},{\"@type\":\"ListItem\",\"position\":2,\"name\":\"Shop\",\"item\":\"https:\/\/www.erresse-shop.it\/de\/shop\/\"},{\"@type\":\"ListItem\",\"position\":3,\"name\":\"TOM&#8217;S DRAG Giraffe Roxanna Silver Line\"}]},{\"@type\":\"WebSite\",\"@id\":\"https:\/\/www.erresse-shop.it\/de\/#website\",\"url\":\"https:\/\/www.erresse-shop.it\/de\/\",\"name\":\"Erresse Shop\",\"description\":\"Articoli di qualit\u00e0 per la casa\",\"potentialAction\":[{\"@type\":\"SearchAction\",\"target\":{\"@type\":\"EntryPoint\",\"urlTemplate\":\"https:\/\/www.erresse-shop.it\/de\/?s={search_term_string}\"},\"query-input\":\"required name=search_term_string\"}],\"inLanguage\":\"de-DE\"}]}<\/script>\n<!-- \/ Yoast SEO Premium plugin. -->","yoast_head_json":{"title":"TOM'S DRAG Giraffe Roxanna Silver Line - Erresse Shop","description":"Material: Fiberglas Giraffe Roxanna Silver Line Mit einer Gr\u00f6\u00dfe von 150 cm begegnet er jedem auf Augenh\u00f6he und man kann nicht anders, als diese schrullige","robots":{"index":"index","follow":"follow","max-snippet":"max-snippet:-1","max-image-preview":"max-image-preview:large","max-video-preview":"max-video-preview:-1"},"canonical":"https:\/\/www.erresse-shop.it\/de\/shop\/einrichtung-haus\/dekoartikel\/toms-drag-giraffe-roxanna-silver-line\/","og_locale":"de_DE","og_type":"article","og_title":"TOM'S DRAG Giraffe Roxanna Silver Line","og_description":"Material: Fiberglas Giraffe Roxanna Silver Line Mit einer Gr\u00f6\u00dfe von 150 cm begegnet er jedem auf Augenh\u00f6he und man kann nicht anders, als diese schrullige","og_url":"https:\/\/www.erresse-shop.it\/de\/shop\/einrichtung-haus\/dekoartikel\/toms-drag-giraffe-roxanna-silver-line\/","og_site_name":"Erresse Shop","article_modified_time":"2026-02-03T13:08:16+00:00","og_image":[{"width":1200,"height":1200,"url":"https:\/\/www.erresse-shop.it\/wp-content\/uploads\/2025\/04\/TOMS-DRAG-Giraffa-Roxanna-Silver-Line.jpg","type":"image\/jpeg"}],"twitter_card":"summary_large_image","schema":{"@context":"https:\/\/schema.org","@graph":[{"@type":"WebPage","@id":"https:\/\/www.erresse-shop.it\/de\/shop\/einrichtung-haus\/dekoartikel\/toms-drag-giraffe-roxanna-silver-line\/","url":"https:\/\/www.erresse-shop.it\/de\/shop\/einrichtung-haus\/dekoartikel\/toms-drag-giraffe-roxanna-silver-line\/","name":"TOM'S DRAG Giraffe Roxanna Silver Line - Erresse Shop","isPartOf":{"@id":"https:\/\/www.erresse-shop.it\/de\/#website"},"datePublished":"2025-04-03T10:45:58+00:00","dateModified":"2026-02-03T13:08:16+00:00","description":"Material: Fiberglas Giraffe Roxanna Silver Line Mit einer Gr\u00f6\u00dfe von 150 cm begegnet er jedem auf Augenh\u00f6he und man kann nicht anders, als diese schrullige","breadcrumb":{"@id":"https:\/\/www.erresse-shop.it\/de\/shop\/einrichtung-haus\/dekoartikel\/toms-drag-giraffe-roxanna-silver-line\/#breadcrumb"},"inLanguage":"de-DE","potentialAction":[{"@type":"ReadAction","target":["https:\/\/www.erresse-shop.it\/de\/shop\/einrichtung-haus\/dekoartikel\/toms-drag-giraffe-roxanna-silver-line\/"]}]},{"@type":"BreadcrumbList","@id":"https:\/\/www.erresse-shop.it\/de\/shop\/einrichtung-haus\/dekoartikel\/toms-drag-giraffe-roxanna-silver-line\/#breadcrumb","itemListElement":[{"@type":"ListItem","position":1,"name":"Home","item":"https:\/\/www.erresse-shop.it\/de\/"},{"@type":"ListItem","position":2,"name":"Shop","item":"https:\/\/www.erresse-shop.it\/de\/shop\/"},{"@type":"ListItem","position":3,"name":"TOM&#8217;S DRAG Giraffe Roxanna Silver Line"}]},{"@type":"WebSite","@id":"https:\/\/www.erresse-shop.it\/de\/#website","url":"https:\/\/www.erresse-shop.it\/de\/","name":"Erresse Shop","description":"Articoli di qualit\u00e0 per la casa","potentialAction":[{"@type":"SearchAction","target":{"@type":"EntryPoint","urlTemplate":"https:\/\/www.erresse-shop.it\/de\/?s={search_term_string}"},"query-input":"required name=search_term_string"}],"inLanguage":"de-DE"}]}},"df_price":374.40000000000003,"df_sale_price":374.40000000000003,"df_regular_price":720,"df_image_link":"https:\/\/www.erresse-shop.it\/wp-content\/uploads\/2025\/04\/TOMS-DRAG-Giraffa-Roxanna-Silver-Line-300x300.jpg","_links":{"self":[{"href":"https:\/\/www.erresse-shop.it\/de\/wp-json\/wp\/v2\/product\/487321"}],"collection":[{"href":"https:\/\/www.erresse-shop.it\/de\/wp-json\/wp\/v2\/product"}],"about":[{"href":"https:\/\/www.erresse-shop.it\/de\/wp-json\/wp\/v2\/types\/product"}],"wp:featuredmedia":[{"embeddable":true,"href":"https:\/\/www.erresse-shop.it\/de\/wp-json\/wp\/v2\/media\/487330"}],"wp:attachment":[{"href":"https:\/\/www.erresse-shop.it\/de\/wp-json\/wp\/v2\/media?parent=487321"}],"wp:term":[{"taxonomy":"product_cat","embeddable":true,"href":"https:\/\/www.erresse-shop.it\/de\/wp-json\/wp\/v2\/product_cat?post=487321"},{"taxonomy":"product_tag","embeddable":true,"href":"https:\/\/www.erresse-shop.it\/de\/wp-json\/wp\/v2\/product_tag?post=487321"}],"curies":[{"name":"wp","href":"https:\/\/api.w.org\/{rel}","templated":true}]}}