{"id":487147,"date":"2025-04-03T07:30:17","date_gmt":"2025-04-03T07:30:19","guid":{"rendered":"https:\/\/www.erresse-shop.it\/?post_type=product&#038;p=487147"},"modified":"2025-04-03T07:37:05","modified_gmt":"2025-04-03T07:37:05","slug":"gastrolux-evo-niedrige-induktionsbratpfanne-24-cm-abnehmbarer-stiel-copia","status":"publish","type":"product","link":"https:\/\/www.erresse-shop.it\/de\/shop\/toepfe-pfannen\/pfannen\/gastrolux-evo-niedrige-induktionsbratpfanne-24-cm-abnehmbarer-stiel-copia\/","title":{"rendered":"GASTROLUX Evo Niedrige Induktionsbratpfanne 26 cm Abnehmbarer Stiel"},"content":{"rendered":"<p><strong>Evo-Pfannen \u2013 Innovation, Leistung und Sicherheit in Ihrer K\u00fcche<\/strong><\/p>\n<p>Entdecken Sie die neue Evo-Linie, die Ihnen die M\u00f6glichkeit bietet, mit Produkten der neuen Generation zu kochen, die bereits jetzt den Standards von morgen entsprechen. Evo-Kochgeschirr wird mit Stolz im Herzen D\u00e4nemarks hergestellt und ist das Ergebnis st\u00e4ndiger Innovation. Es wurde entwickelt, um sowohl bei Hobby- als auch bei Profik\u00f6chen die Liebe zum Kochen zu wecken. Mit Evo wird jedes Gericht dank seiner \u00fcberlegenen Qualit\u00e4t und fortschrittlichen Funktionalit\u00e4t zu einem einzigartigen Erlebnis.<\/p>\n<p><strong>EVO Antihaftbeschichtung ohne PFAS<\/strong><br \/>\nDie Evo-Kochfl\u00e4che ist vollst\u00e4ndig frei von PFAS (Perfluoralkylchemikalien) und stellt somit eine sichere und umweltfreundliche Wahl f\u00fcr Ihre K\u00fcche dar. Angereichert mit Biomineralien bietet diese umweltfreundliche Technologie lang anhaltende Effizienz, verbessert das Kocherlebnis und vereinfacht die Reinigung.<\/p>\n<p><strong>Backofenfest bis 400 \u00b0C<\/strong><br \/>\nDie Evo-Pfannen mit abnehmbaren Griffen sind ofenfest bis 400 \u00b0C. Diese Vielseitigkeit erm\u00f6glicht Ihnen einen einfachen Wechsel vom Kochfeld zum Backofen und erweitert so die M\u00f6glichkeiten zur Zubereitung Ihrer Gerichte.<\/p>\n<p><strong>Innovation und Langlebigkeit<\/strong><br \/>\nDer Boden und die innovative Beschichtung der Evo-Pfannen sind auf au\u00dfergew\u00f6hnliche Widerstandsf\u00e4higkeit ausgelegt und eignen sich auch f\u00fcr die Verwendung im Backofen bis 400 \u00b0C. Dank der langen Haltbarkeit und Vielseitigkeit k\u00f6nnen Sie verschiedene Kochtechniken ausprobieren, ohne Kompromisse bei Sicherheit und Leistung einzugehen.<\/p>\n<p><strong>Un\u00fcbertroffene Antihaftwirkung<\/strong><br \/>\nEvo setzt einen neuen Standard in der Antihaft-Technologie und erm\u00f6glicht m\u00fcheloses Kochen und einwandfreies L\u00f6sen der Speisen. Die Ergebnisse sind jedes Mal erstaunlich und das Aufr\u00e4umen geht schnell und einfach, f\u00fcr ein stressfreies Kocherlebnis.<\/p>\n<p>W\u00e4hlen Sie Evo f\u00fcr gesundes, sicheres und innovatives Kochen. Mit diesen T\u00f6pfen der neuesten Generation holen Sie sich Spitzenleistungen bei der Zubereitung Ihrer Gerichte in Ihr Zuhause.<\/p>\n","protected":false},"excerpt":{"rendered":"<p>Evo-Pfannen \u2013 Innovation, Leistung und Sicherheit in Ihrer K\u00fcche Entdecken Sie die neue Evo-Linie, die Ihnen die M\u00f6glichkeit bietet, mit<\/p>\n","protected":false},"featured_media":487154,"template":"","meta":{"_acf_changed":false,"inline_featured_image":false},"product_cat":[6709,14801],"product_tag":[25027,11433,11385,21533,11591,11599,11605,13177,25022],"acf":[],"yoast_head":"<!-- This site is optimized with the Yoast SEO Premium plugin v18.6 (Yoast SEO v19.13) - https:\/\/yoast.com\/wordpress\/plugins\/seo\/ -->\n<title>GASTROLUX Niedrige Induktionsbratpfanne 20 cm Abnehmbarer Stiel<\/title>\n<meta name=\"description\" content=\"Entdecken Sie GASTROLUX Niedrige Induktionsbratpfanne 20 cm Abnehmbarer Stiel bei ErresseShop. Qualit\u00e4t, Stil und Funktionalit\u00e4t \u2013 jetzt online bestellen!\" \/>\n<meta name=\"robots\" content=\"index, follow, max-snippet:-1, max-image-preview:large, max-video-preview:-1\" \/>\n<link rel=\"canonical\" href=\"https:\/\/www.erresse-shop.it\/de\/shop\/toepfe-pfannen\/pfannen\/gastrolux-evo-niedrige-induktionsbratpfanne-24-cm-abnehmbarer-stiel-copia\/\" \/>\n<meta property=\"og:locale\" content=\"de_DE\" \/>\n<meta property=\"og:type\" content=\"article\" \/>\n<meta property=\"og:title\" content=\"GASTROLUX Evo Niedrige Induktionsbratpfanne 26 cm Abnehmbarer Stiel\" \/>\n<meta property=\"og:description\" content=\"Entdecken Sie GASTROLUX Niedrige Induktionsbratpfanne 20 cm Abnehmbarer Stiel bei ErresseShop. Qualit\u00e4t, Stil und Funktionalit\u00e4t \u2013 jetzt online bestellen!\" \/>\n<meta property=\"og:url\" content=\"https:\/\/www.erresse-shop.it\/de\/shop\/toepfe-pfannen\/pfannen\/gastrolux-evo-niedrige-induktionsbratpfanne-24-cm-abnehmbarer-stiel-copia\/\" \/>\n<meta property=\"og:site_name\" content=\"Erresse Shop\" \/>\n<meta property=\"article:modified_time\" content=\"2025-04-03T07:37:05+00:00\" \/>\n<meta property=\"og:image\" content=\"https:\/\/www.erresse-shop.it\/wp-content\/uploads\/2025\/04\/GASTROLUX-Evo-Padella-Bassa-Induzione-26-cm-Manico-Rimovibile.jpg\" \/>\n\t<meta property=\"og:image:width\" content=\"1200\" \/>\n\t<meta property=\"og:image:height\" content=\"1200\" \/>\n\t<meta property=\"og:image:type\" content=\"image\/jpeg\" \/>\n<meta name=\"twitter:card\" content=\"summary_large_image\" \/>\n<script type=\"application\/ld+json\" class=\"yoast-schema-graph\">{\"@context\":\"https:\/\/schema.org\",\"@graph\":[{\"@type\":\"WebPage\",\"@id\":\"https:\/\/www.erresse-shop.it\/de\/shop\/toepfe-pfannen\/pfannen\/gastrolux-evo-niedrige-induktionsbratpfanne-24-cm-abnehmbarer-stiel-copia\/\",\"url\":\"https:\/\/www.erresse-shop.it\/de\/shop\/toepfe-pfannen\/pfannen\/gastrolux-evo-niedrige-induktionsbratpfanne-24-cm-abnehmbarer-stiel-copia\/\",\"name\":\"GASTROLUX Niedrige Induktionsbratpfanne 20 cm Abnehmbarer Stiel\",\"isPartOf\":{\"@id\":\"https:\/\/www.erresse-shop.it\/de\/#website\"},\"datePublished\":\"2025-04-03T07:30:19+00:00\",\"dateModified\":\"2025-04-03T07:37:05+00:00\",\"description\":\"Entdecken Sie GASTROLUX Niedrige Induktionsbratpfanne 20 cm Abnehmbarer Stiel bei ErresseShop. Qualit\u00e4t, Stil und Funktionalit\u00e4t \u2013 jetzt online bestellen!\",\"breadcrumb\":{\"@id\":\"https:\/\/www.erresse-shop.it\/de\/shop\/toepfe-pfannen\/pfannen\/gastrolux-evo-niedrige-induktionsbratpfanne-24-cm-abnehmbarer-stiel-copia\/#breadcrumb\"},\"inLanguage\":\"de-DE\",\"potentialAction\":[{\"@type\":\"ReadAction\",\"target\":[\"https:\/\/www.erresse-shop.it\/de\/shop\/toepfe-pfannen\/pfannen\/gastrolux-evo-niedrige-induktionsbratpfanne-24-cm-abnehmbarer-stiel-copia\/\"]}]},{\"@type\":\"BreadcrumbList\",\"@id\":\"https:\/\/www.erresse-shop.it\/de\/shop\/toepfe-pfannen\/pfannen\/gastrolux-evo-niedrige-induktionsbratpfanne-24-cm-abnehmbarer-stiel-copia\/#breadcrumb\",\"itemListElement\":[{\"@type\":\"ListItem\",\"position\":1,\"name\":\"Home\",\"item\":\"https:\/\/www.erresse-shop.it\/de\/\"},{\"@type\":\"ListItem\",\"position\":2,\"name\":\"Shop\",\"item\":\"https:\/\/www.erresse-shop.it\/de\/shop\/\"},{\"@type\":\"ListItem\",\"position\":3,\"name\":\"GASTROLUX Evo Niedrige Induktionsbratpfanne 26 cm Abnehmbarer Stiel\"}]},{\"@type\":\"WebSite\",\"@id\":\"https:\/\/www.erresse-shop.it\/de\/#website\",\"url\":\"https:\/\/www.erresse-shop.it\/de\/\",\"name\":\"Erresse Shop\",\"description\":\"Articoli di qualit\u00e0 per la casa\",\"potentialAction\":[{\"@type\":\"SearchAction\",\"target\":{\"@type\":\"EntryPoint\",\"urlTemplate\":\"https:\/\/www.erresse-shop.it\/de\/?s={search_term_string}\"},\"query-input\":\"required name=search_term_string\"}],\"inLanguage\":\"de-DE\"}]}<\/script>\n<!-- \/ Yoast SEO Premium plugin. -->","yoast_head_json":{"title":"GASTROLUX Niedrige Induktionsbratpfanne 20 cm Abnehmbarer Stiel","description":"Entdecken Sie GASTROLUX Niedrige Induktionsbratpfanne 20 cm Abnehmbarer Stiel bei ErresseShop. Qualit\u00e4t, Stil und Funktionalit\u00e4t \u2013 jetzt online bestellen!","robots":{"index":"index","follow":"follow","max-snippet":"max-snippet:-1","max-image-preview":"max-image-preview:large","max-video-preview":"max-video-preview:-1"},"canonical":"https:\/\/www.erresse-shop.it\/de\/shop\/toepfe-pfannen\/pfannen\/gastrolux-evo-niedrige-induktionsbratpfanne-24-cm-abnehmbarer-stiel-copia\/","og_locale":"de_DE","og_type":"article","og_title":"GASTROLUX Evo Niedrige Induktionsbratpfanne 26 cm Abnehmbarer Stiel","og_description":"Entdecken Sie GASTROLUX Niedrige Induktionsbratpfanne 20 cm Abnehmbarer Stiel bei ErresseShop. Qualit\u00e4t, Stil und Funktionalit\u00e4t \u2013 jetzt online bestellen!","og_url":"https:\/\/www.erresse-shop.it\/de\/shop\/toepfe-pfannen\/pfannen\/gastrolux-evo-niedrige-induktionsbratpfanne-24-cm-abnehmbarer-stiel-copia\/","og_site_name":"Erresse Shop","article_modified_time":"2025-04-03T07:37:05+00:00","og_image":[{"width":1200,"height":1200,"url":"https:\/\/www.erresse-shop.it\/wp-content\/uploads\/2025\/04\/GASTROLUX-Evo-Padella-Bassa-Induzione-26-cm-Manico-Rimovibile.jpg","type":"image\/jpeg"}],"twitter_card":"summary_large_image","schema":{"@context":"https:\/\/schema.org","@graph":[{"@type":"WebPage","@id":"https:\/\/www.erresse-shop.it\/de\/shop\/toepfe-pfannen\/pfannen\/gastrolux-evo-niedrige-induktionsbratpfanne-24-cm-abnehmbarer-stiel-copia\/","url":"https:\/\/www.erresse-shop.it\/de\/shop\/toepfe-pfannen\/pfannen\/gastrolux-evo-niedrige-induktionsbratpfanne-24-cm-abnehmbarer-stiel-copia\/","name":"GASTROLUX Niedrige Induktionsbratpfanne 20 cm Abnehmbarer Stiel","isPartOf":{"@id":"https:\/\/www.erresse-shop.it\/de\/#website"},"datePublished":"2025-04-03T07:30:19+00:00","dateModified":"2025-04-03T07:37:05+00:00","description":"Entdecken Sie GASTROLUX Niedrige Induktionsbratpfanne 20 cm Abnehmbarer Stiel bei ErresseShop. Qualit\u00e4t, Stil und Funktionalit\u00e4t \u2013 jetzt online bestellen!","breadcrumb":{"@id":"https:\/\/www.erresse-shop.it\/de\/shop\/toepfe-pfannen\/pfannen\/gastrolux-evo-niedrige-induktionsbratpfanne-24-cm-abnehmbarer-stiel-copia\/#breadcrumb"},"inLanguage":"de-DE","potentialAction":[{"@type":"ReadAction","target":["https:\/\/www.erresse-shop.it\/de\/shop\/toepfe-pfannen\/pfannen\/gastrolux-evo-niedrige-induktionsbratpfanne-24-cm-abnehmbarer-stiel-copia\/"]}]},{"@type":"BreadcrumbList","@id":"https:\/\/www.erresse-shop.it\/de\/shop\/toepfe-pfannen\/pfannen\/gastrolux-evo-niedrige-induktionsbratpfanne-24-cm-abnehmbarer-stiel-copia\/#breadcrumb","itemListElement":[{"@type":"ListItem","position":1,"name":"Home","item":"https:\/\/www.erresse-shop.it\/de\/"},{"@type":"ListItem","position":2,"name":"Shop","item":"https:\/\/www.erresse-shop.it\/de\/shop\/"},{"@type":"ListItem","position":3,"name":"GASTROLUX Evo Niedrige Induktionsbratpfanne 26 cm Abnehmbarer Stiel"}]},{"@type":"WebSite","@id":"https:\/\/www.erresse-shop.it\/de\/#website","url":"https:\/\/www.erresse-shop.it\/de\/","name":"Erresse Shop","description":"Articoli di qualit\u00e0 per la casa","potentialAction":[{"@type":"SearchAction","target":{"@type":"EntryPoint","urlTemplate":"https:\/\/www.erresse-shop.it\/de\/?s={search_term_string}"},"query-input":"required name=search_term_string"}],"inLanguage":"de-DE"}]}},"df_price":76.5,"df_sale_price":76.5,"df_regular_price":153,"df_image_link":"https:\/\/www.erresse-shop.it\/wp-content\/uploads\/2025\/04\/GASTROLUX-Evo-Padella-Bassa-Induzione-26-cm-Manico-Rimovibile-300x300.jpg","_links":{"self":[{"href":"https:\/\/www.erresse-shop.it\/de\/wp-json\/wp\/v2\/product\/487147"}],"collection":[{"href":"https:\/\/www.erresse-shop.it\/de\/wp-json\/wp\/v2\/product"}],"about":[{"href":"https:\/\/www.erresse-shop.it\/de\/wp-json\/wp\/v2\/types\/product"}],"wp:featuredmedia":[{"embeddable":true,"href":"https:\/\/www.erresse-shop.it\/de\/wp-json\/wp\/v2\/media\/487154"}],"wp:attachment":[{"href":"https:\/\/www.erresse-shop.it\/de\/wp-json\/wp\/v2\/media?parent=487147"}],"wp:term":[{"taxonomy":"product_cat","embeddable":true,"href":"https:\/\/www.erresse-shop.it\/de\/wp-json\/wp\/v2\/product_cat?post=487147"},{"taxonomy":"product_tag","embeddable":true,"href":"https:\/\/www.erresse-shop.it\/de\/wp-json\/wp\/v2\/product_tag?post=487147"}],"curies":[{"name":"wp","href":"https:\/\/api.w.org\/{rel}","templated":true}]}}