{"id":486934,"date":"2025-04-02T09:20:03","date_gmt":"2025-04-02T09:20:04","guid":{"rendered":"https:\/\/www.erresse-shop.it\/?post_type=product&#038;p=486934"},"modified":"2026-02-13T09:44:53","modified_gmt":"2026-02-13T09:44:53","slug":"villeroy-boch-manoir-servierplatte-24-cm","status":"publish","type":"product","link":"https:\/\/www.erresse-shop.it\/de\/shop\/tisch\/teller-geschirr\/servierplatten\/villeroy-boch-manoir-servierplatte-24-cm\/","title":{"rendered":"VILLEROY &#038; BOCH Manoir Servierplatte 24 cm"},"content":{"rendered":"<p class=\"p1\"><b>Servierplatte<\/b><br \/>\nVerleihen Sie Ihrem Tisch Eleganz mit der <strong data-start=\"41\" data-end=\"86\">Servierplatte aus der Manoir-Kollektion<\/strong>, gefertigt aus <strong data-start=\"102\" data-end=\"131\">wei\u00dfem Premiumporzellan<\/strong>. Mit seinem raffinierten und anspruchsvollen Design eignet sich dieser Teller perfekt zum stilvollen Servieren von Hauptgerichten und Beilagen. Das hochwertige Porzellan sorgt f\u00fcr Robustheit und Langlebigkeit und ist somit ideal f\u00fcr den t\u00e4glichen Gebrauch und besondere Anl\u00e4sse. Seine Vielseitigkeit passt sich problemlos jedem Dekor an und macht ihn zu einer perfekten Erg\u00e4nzung f\u00fcr jede Art von Veranstaltung. Auch als Geschenk eine ausgezeichnete Wahl f\u00fcr alle, die jedem Tischdetail einen Hauch von Klasse verleihen m\u00f6chten.<\/p>\n<p><strong>Material:<\/strong> Premium-Porzellan<br \/>\n<strong>Ma\u00dfe:<\/strong>\u2300 24 x H 2,7 cm<br \/>\n<strong>Sp\u00fclmaschinenfest:<\/strong> ja<br \/>\n<strong>Geeignet f\u00fcr die Mikrowelle:<\/strong> ja<\/p>\n","protected":false},"excerpt":{"rendered":"<p>Servierplatte Verleihen Sie Ihrem Tisch Eleganz mit der Servierplatte aus der Manoir-Kollektion, gefertigt aus wei\u00dfem Premiumporzellan. Mit seinem raffinierten und<\/p>\n","protected":false},"featured_media":486955,"template":"","meta":{"_acf_changed":false,"inline_featured_image":false},"product_cat":[6796,6787],"product_tag":[14262,21960,11827],"acf":[],"yoast_head":"<!-- This site is optimized with the Yoast SEO Premium plugin v18.6 (Yoast SEO v19.13) - https:\/\/yoast.com\/wordpress\/plugins\/seo\/ -->\n<title>VILLEROY &amp; BOCH Manoir Servierplatte 24 cm - Erresse Shop<\/title>\n<meta name=\"description\" content=\"Servierplatte Verleihen Sie Ihrem Tisch Eleganz mit der Servierplatte aus der Manoir-Kollektion, gefertigt aus wei\u00dfem Premiumporzellan. Mit seinem\" \/>\n<meta name=\"robots\" content=\"index, follow, max-snippet:-1, max-image-preview:large, max-video-preview:-1\" \/>\n<link rel=\"canonical\" href=\"https:\/\/www.erresse-shop.it\/de\/shop\/tisch\/teller-geschirr\/servierplatten\/villeroy-boch-manoir-servierplatte-24-cm\/\" \/>\n<meta property=\"og:locale\" content=\"de_DE\" \/>\n<meta property=\"og:type\" content=\"article\" \/>\n<meta property=\"og:title\" content=\"VILLEROY &amp; BOCH Manoir Servierplatte 24 cm\" \/>\n<meta property=\"og:description\" content=\"Servierplatte Verleihen Sie Ihrem Tisch Eleganz mit der Servierplatte aus der Manoir-Kollektion, gefertigt aus wei\u00dfem Premiumporzellan. Mit seinem\" \/>\n<meta property=\"og:url\" content=\"https:\/\/www.erresse-shop.it\/de\/shop\/tisch\/teller-geschirr\/servierplatten\/villeroy-boch-manoir-servierplatte-24-cm\/\" \/>\n<meta property=\"og:site_name\" content=\"Erresse Shop\" \/>\n<meta property=\"article:modified_time\" content=\"2026-02-13T09:44:53+00:00\" \/>\n<meta property=\"og:image\" content=\"https:\/\/www.erresse-shop.it\/wp-content\/uploads\/2025\/04\/VILLEROY-BOCH-Manoir-Piatto-Portata-24-cm.jpg\" \/>\n\t<meta property=\"og:image:width\" content=\"1200\" \/>\n\t<meta property=\"og:image:height\" content=\"1200\" \/>\n\t<meta property=\"og:image:type\" content=\"image\/jpeg\" \/>\n<meta name=\"twitter:card\" content=\"summary_large_image\" \/>\n<script type=\"application\/ld+json\" class=\"yoast-schema-graph\">{\"@context\":\"https:\/\/schema.org\",\"@graph\":[{\"@type\":\"WebPage\",\"@id\":\"https:\/\/www.erresse-shop.it\/de\/shop\/tisch\/teller-geschirr\/servierplatten\/villeroy-boch-manoir-servierplatte-24-cm\/\",\"url\":\"https:\/\/www.erresse-shop.it\/de\/shop\/tisch\/teller-geschirr\/servierplatten\/villeroy-boch-manoir-servierplatte-24-cm\/\",\"name\":\"VILLEROY & BOCH Manoir Servierplatte 24 cm - Erresse Shop\",\"isPartOf\":{\"@id\":\"https:\/\/www.erresse-shop.it\/de\/#website\"},\"datePublished\":\"2025-04-02T09:20:04+00:00\",\"dateModified\":\"2026-02-13T09:44:53+00:00\",\"description\":\"Servierplatte Verleihen Sie Ihrem Tisch Eleganz mit der Servierplatte aus der Manoir-Kollektion, gefertigt aus wei\u00dfem Premiumporzellan. Mit seinem\",\"breadcrumb\":{\"@id\":\"https:\/\/www.erresse-shop.it\/de\/shop\/tisch\/teller-geschirr\/servierplatten\/villeroy-boch-manoir-servierplatte-24-cm\/#breadcrumb\"},\"inLanguage\":\"de-DE\",\"potentialAction\":[{\"@type\":\"ReadAction\",\"target\":[\"https:\/\/www.erresse-shop.it\/de\/shop\/tisch\/teller-geschirr\/servierplatten\/villeroy-boch-manoir-servierplatte-24-cm\/\"]}]},{\"@type\":\"BreadcrumbList\",\"@id\":\"https:\/\/www.erresse-shop.it\/de\/shop\/tisch\/teller-geschirr\/servierplatten\/villeroy-boch-manoir-servierplatte-24-cm\/#breadcrumb\",\"itemListElement\":[{\"@type\":\"ListItem\",\"position\":1,\"name\":\"Home\",\"item\":\"https:\/\/www.erresse-shop.it\/de\/\"},{\"@type\":\"ListItem\",\"position\":2,\"name\":\"Shop\",\"item\":\"https:\/\/www.erresse-shop.it\/de\/shop\/\"},{\"@type\":\"ListItem\",\"position\":3,\"name\":\"VILLEROY &#038; BOCH Manoir Servierplatte 24 cm\"}]},{\"@type\":\"WebSite\",\"@id\":\"https:\/\/www.erresse-shop.it\/de\/#website\",\"url\":\"https:\/\/www.erresse-shop.it\/de\/\",\"name\":\"Erresse Shop\",\"description\":\"Articoli di qualit\u00e0 per la casa\",\"potentialAction\":[{\"@type\":\"SearchAction\",\"target\":{\"@type\":\"EntryPoint\",\"urlTemplate\":\"https:\/\/www.erresse-shop.it\/de\/?s={search_term_string}\"},\"query-input\":\"required name=search_term_string\"}],\"inLanguage\":\"de-DE\"}]}<\/script>\n<!-- \/ Yoast SEO Premium plugin. -->","yoast_head_json":{"title":"VILLEROY & BOCH Manoir Servierplatte 24 cm - Erresse Shop","description":"Servierplatte Verleihen Sie Ihrem Tisch Eleganz mit der Servierplatte aus der Manoir-Kollektion, gefertigt aus wei\u00dfem Premiumporzellan. Mit seinem","robots":{"index":"index","follow":"follow","max-snippet":"max-snippet:-1","max-image-preview":"max-image-preview:large","max-video-preview":"max-video-preview:-1"},"canonical":"https:\/\/www.erresse-shop.it\/de\/shop\/tisch\/teller-geschirr\/servierplatten\/villeroy-boch-manoir-servierplatte-24-cm\/","og_locale":"de_DE","og_type":"article","og_title":"VILLEROY & BOCH Manoir Servierplatte 24 cm","og_description":"Servierplatte Verleihen Sie Ihrem Tisch Eleganz mit der Servierplatte aus der Manoir-Kollektion, gefertigt aus wei\u00dfem Premiumporzellan. Mit seinem","og_url":"https:\/\/www.erresse-shop.it\/de\/shop\/tisch\/teller-geschirr\/servierplatten\/villeroy-boch-manoir-servierplatte-24-cm\/","og_site_name":"Erresse Shop","article_modified_time":"2026-02-13T09:44:53+00:00","og_image":[{"width":1200,"height":1200,"url":"https:\/\/www.erresse-shop.it\/wp-content\/uploads\/2025\/04\/VILLEROY-BOCH-Manoir-Piatto-Portata-24-cm.jpg","type":"image\/jpeg"}],"twitter_card":"summary_large_image","schema":{"@context":"https:\/\/schema.org","@graph":[{"@type":"WebPage","@id":"https:\/\/www.erresse-shop.it\/de\/shop\/tisch\/teller-geschirr\/servierplatten\/villeroy-boch-manoir-servierplatte-24-cm\/","url":"https:\/\/www.erresse-shop.it\/de\/shop\/tisch\/teller-geschirr\/servierplatten\/villeroy-boch-manoir-servierplatte-24-cm\/","name":"VILLEROY & BOCH Manoir Servierplatte 24 cm - Erresse Shop","isPartOf":{"@id":"https:\/\/www.erresse-shop.it\/de\/#website"},"datePublished":"2025-04-02T09:20:04+00:00","dateModified":"2026-02-13T09:44:53+00:00","description":"Servierplatte Verleihen Sie Ihrem Tisch Eleganz mit der Servierplatte aus der Manoir-Kollektion, gefertigt aus wei\u00dfem Premiumporzellan. Mit seinem","breadcrumb":{"@id":"https:\/\/www.erresse-shop.it\/de\/shop\/tisch\/teller-geschirr\/servierplatten\/villeroy-boch-manoir-servierplatte-24-cm\/#breadcrumb"},"inLanguage":"de-DE","potentialAction":[{"@type":"ReadAction","target":["https:\/\/www.erresse-shop.it\/de\/shop\/tisch\/teller-geschirr\/servierplatten\/villeroy-boch-manoir-servierplatte-24-cm\/"]}]},{"@type":"BreadcrumbList","@id":"https:\/\/www.erresse-shop.it\/de\/shop\/tisch\/teller-geschirr\/servierplatten\/villeroy-boch-manoir-servierplatte-24-cm\/#breadcrumb","itemListElement":[{"@type":"ListItem","position":1,"name":"Home","item":"https:\/\/www.erresse-shop.it\/de\/"},{"@type":"ListItem","position":2,"name":"Shop","item":"https:\/\/www.erresse-shop.it\/de\/shop\/"},{"@type":"ListItem","position":3,"name":"VILLEROY &#038; BOCH Manoir Servierplatte 24 cm"}]},{"@type":"WebSite","@id":"https:\/\/www.erresse-shop.it\/de\/#website","url":"https:\/\/www.erresse-shop.it\/de\/","name":"Erresse Shop","description":"Articoli di qualit\u00e0 per la casa","potentialAction":[{"@type":"SearchAction","target":{"@type":"EntryPoint","urlTemplate":"https:\/\/www.erresse-shop.it\/de\/?s={search_term_string}"},"query-input":"required name=search_term_string"}],"inLanguage":"de-DE"}]}},"df_price":19.95,"df_sale_price":19.95,"df_regular_price":39.9,"df_image_link":"https:\/\/www.erresse-shop.it\/wp-content\/uploads\/2025\/04\/VILLEROY-BOCH-Manoir-Piatto-Portata-24-cm-300x300.jpg","_links":{"self":[{"href":"https:\/\/www.erresse-shop.it\/de\/wp-json\/wp\/v2\/product\/486934"}],"collection":[{"href":"https:\/\/www.erresse-shop.it\/de\/wp-json\/wp\/v2\/product"}],"about":[{"href":"https:\/\/www.erresse-shop.it\/de\/wp-json\/wp\/v2\/types\/product"}],"wp:featuredmedia":[{"embeddable":true,"href":"https:\/\/www.erresse-shop.it\/de\/wp-json\/wp\/v2\/media\/486955"}],"wp:attachment":[{"href":"https:\/\/www.erresse-shop.it\/de\/wp-json\/wp\/v2\/media?parent=486934"}],"wp:term":[{"taxonomy":"product_cat","embeddable":true,"href":"https:\/\/www.erresse-shop.it\/de\/wp-json\/wp\/v2\/product_cat?post=486934"},{"taxonomy":"product_tag","embeddable":true,"href":"https:\/\/www.erresse-shop.it\/de\/wp-json\/wp\/v2\/product_tag?post=486934"}],"curies":[{"name":"wp","href":"https:\/\/api.w.org\/{rel}","templated":true}]}}