{"id":486900,"date":"2025-04-02T08:43:00","date_gmt":"2025-04-02T08:43:01","guid":{"rendered":"https:\/\/www.erresse-shop.it\/?post_type=product&#038;p=486900"},"modified":"2026-02-13T09:56:16","modified_gmt":"2026-02-13T09:56:16","slug":"villeroy-boch-vieux-luxembourg-set-mit-6-teetassen-untertassen","status":"publish","type":"product","link":"https:\/\/www.erresse-shop.it\/de\/shop\/tisch\/tassen\/villeroy-boch-vieux-luxembourg-set-mit-6-teetassen-untertassen\/","title":{"rendered":"VILLEROY &#038; BOCH Vieux Luxembourg Set mit 6 Teetassen-Untertassen"},"content":{"rendered":"<p class=\"p1\"><strong>Teetassen-Untertassen-Set<\/strong><br \/>\nVerleihen Sie Ihrem Tisch einen Hauch von Eleganz mit dem <strong data-start=\"53\" data-end=\"90\">Set mit 6 Teetassen-Untertassen<\/strong> aus <strong data-start=\"94\" data-end=\"123\">hochwertigem wei\u00dfem Porzellan<\/strong>. Jede Untertasse ist mit zarten <strong data-start=\"166\" data-end=\"221\">Dekorationen aus edlen kobaltblauen Bl\u00fctenzweigen<\/strong> verziert, die einen Hauch von Klasse und Eleganz verleihen. Diese aus hochwertigen Materialien gefertigten Teller sind langlebig und ideal f\u00fcr den t\u00e4glichen Gebrauch oder besondere Anl\u00e4sse. Sie sind die perfekte Erg\u00e4nzung zu Ihren Teetassen, passen sich stilvoll jeder Einrichtung an und machen jeden Teemoment zu etwas ganz Besonderem. Eine tolle Geschenkidee f\u00fcr Liebhaber der Teezeremonie.<\/p>\n<p><strong>Material:<\/strong> Premium-Porzellan<br \/>\n<b>Ma\u00dfe:<\/b>\u00d815,8 x H. 2 cm<br \/>\n<strong>Sp\u00fclmaschinenfest:<\/strong> ja<br \/>\n<strong>Geeignet f\u00fcr die Mikrowelle:<\/strong> ja<\/p>\n","protected":false},"excerpt":{"rendered":"<p>Teetassen-Untertassen-Set Verleihen Sie Ihrem Tisch einen Hauch von Eleganz mit dem Set mit 6 Teetassen-Untertassen aus hochwertigem wei\u00dfem Porzellan. Jede<\/p>\n","protected":false},"featured_media":486915,"template":"","meta":{"_acf_changed":false,"inline_featured_image":false},"product_cat":[6847,6787],"product_tag":[25027,23564,21946,24398,25022],"acf":[],"yoast_head":"<!-- This site is optimized with the Yoast SEO Premium plugin v18.6 (Yoast SEO v19.13) - https:\/\/yoast.com\/wordpress\/plugins\/seo\/ -->\n<title>VILLEROY &amp; BOCH Vieux Luxembourg Set mit 6 Teetassen-Untertassen - Erresse Shop<\/title>\n<meta name=\"description\" content=\"Teetassen-Untertassen-Set Verleihen Sie Ihrem Tisch einen Hauch von Eleganz mit dem Set mit 6 Teetassen-Untertassen aus hochwertigem wei\u00dfem Porzellan.\" \/>\n<meta name=\"robots\" content=\"index, follow, max-snippet:-1, max-image-preview:large, max-video-preview:-1\" \/>\n<link rel=\"canonical\" href=\"https:\/\/www.erresse-shop.it\/de\/shop\/tisch\/tassen\/villeroy-boch-vieux-luxembourg-set-mit-6-teetassen-untertassen\/\" \/>\n<meta property=\"og:locale\" content=\"de_DE\" \/>\n<meta property=\"og:type\" content=\"article\" \/>\n<meta property=\"og:title\" content=\"VILLEROY &amp; BOCH Vieux Luxembourg Set mit 6 Teetassen-Untertassen\" \/>\n<meta property=\"og:description\" content=\"Teetassen-Untertassen-Set Verleihen Sie Ihrem Tisch einen Hauch von Eleganz mit dem Set mit 6 Teetassen-Untertassen aus hochwertigem wei\u00dfem Porzellan.\" \/>\n<meta property=\"og:url\" content=\"https:\/\/www.erresse-shop.it\/de\/shop\/tisch\/tassen\/villeroy-boch-vieux-luxembourg-set-mit-6-teetassen-untertassen\/\" \/>\n<meta property=\"og:site_name\" content=\"Erresse Shop\" \/>\n<meta property=\"article:modified_time\" content=\"2026-02-13T09:56:16+00:00\" \/>\n<meta property=\"og:image\" content=\"https:\/\/www.erresse-shop.it\/wp-content\/uploads\/2025\/04\/VILLEROY-BOCH-Vieux-Luxembourg-Set-6-Piattini-per-Tazze-Te.jpg\" \/>\n\t<meta property=\"og:image:width\" content=\"1200\" \/>\n\t<meta property=\"og:image:height\" content=\"1200\" \/>\n\t<meta property=\"og:image:type\" content=\"image\/jpeg\" \/>\n<meta name=\"twitter:card\" content=\"summary_large_image\" \/>\n<script type=\"application\/ld+json\" class=\"yoast-schema-graph\">{\"@context\":\"https:\/\/schema.org\",\"@graph\":[{\"@type\":\"WebPage\",\"@id\":\"https:\/\/www.erresse-shop.it\/de\/shop\/tisch\/tassen\/villeroy-boch-vieux-luxembourg-set-mit-6-teetassen-untertassen\/\",\"url\":\"https:\/\/www.erresse-shop.it\/de\/shop\/tisch\/tassen\/villeroy-boch-vieux-luxembourg-set-mit-6-teetassen-untertassen\/\",\"name\":\"VILLEROY & BOCH Vieux Luxembourg Set mit 6 Teetassen-Untertassen - Erresse Shop\",\"isPartOf\":{\"@id\":\"https:\/\/www.erresse-shop.it\/de\/#website\"},\"datePublished\":\"2025-04-02T08:43:01+00:00\",\"dateModified\":\"2026-02-13T09:56:16+00:00\",\"description\":\"Teetassen-Untertassen-Set Verleihen Sie Ihrem Tisch einen Hauch von Eleganz mit dem Set mit 6 Teetassen-Untertassen aus hochwertigem wei\u00dfem Porzellan.\",\"breadcrumb\":{\"@id\":\"https:\/\/www.erresse-shop.it\/de\/shop\/tisch\/tassen\/villeroy-boch-vieux-luxembourg-set-mit-6-teetassen-untertassen\/#breadcrumb\"},\"inLanguage\":\"de-DE\",\"potentialAction\":[{\"@type\":\"ReadAction\",\"target\":[\"https:\/\/www.erresse-shop.it\/de\/shop\/tisch\/tassen\/villeroy-boch-vieux-luxembourg-set-mit-6-teetassen-untertassen\/\"]}]},{\"@type\":\"BreadcrumbList\",\"@id\":\"https:\/\/www.erresse-shop.it\/de\/shop\/tisch\/tassen\/villeroy-boch-vieux-luxembourg-set-mit-6-teetassen-untertassen\/#breadcrumb\",\"itemListElement\":[{\"@type\":\"ListItem\",\"position\":1,\"name\":\"Home\",\"item\":\"https:\/\/www.erresse-shop.it\/de\/\"},{\"@type\":\"ListItem\",\"position\":2,\"name\":\"Shop\",\"item\":\"https:\/\/www.erresse-shop.it\/de\/shop\/\"},{\"@type\":\"ListItem\",\"position\":3,\"name\":\"VILLEROY &#038; BOCH Vieux Luxembourg Set mit 6 Teetassen-Untertassen\"}]},{\"@type\":\"WebSite\",\"@id\":\"https:\/\/www.erresse-shop.it\/de\/#website\",\"url\":\"https:\/\/www.erresse-shop.it\/de\/\",\"name\":\"Erresse Shop\",\"description\":\"Articoli di qualit\u00e0 per la casa\",\"potentialAction\":[{\"@type\":\"SearchAction\",\"target\":{\"@type\":\"EntryPoint\",\"urlTemplate\":\"https:\/\/www.erresse-shop.it\/de\/?s={search_term_string}\"},\"query-input\":\"required name=search_term_string\"}],\"inLanguage\":\"de-DE\"}]}<\/script>\n<!-- \/ Yoast SEO Premium plugin. -->","yoast_head_json":{"title":"VILLEROY & BOCH Vieux Luxembourg Set mit 6 Teetassen-Untertassen - Erresse Shop","description":"Teetassen-Untertassen-Set Verleihen Sie Ihrem Tisch einen Hauch von Eleganz mit dem Set mit 6 Teetassen-Untertassen aus hochwertigem wei\u00dfem Porzellan.","robots":{"index":"index","follow":"follow","max-snippet":"max-snippet:-1","max-image-preview":"max-image-preview:large","max-video-preview":"max-video-preview:-1"},"canonical":"https:\/\/www.erresse-shop.it\/de\/shop\/tisch\/tassen\/villeroy-boch-vieux-luxembourg-set-mit-6-teetassen-untertassen\/","og_locale":"de_DE","og_type":"article","og_title":"VILLEROY & BOCH Vieux Luxembourg Set mit 6 Teetassen-Untertassen","og_description":"Teetassen-Untertassen-Set Verleihen Sie Ihrem Tisch einen Hauch von Eleganz mit dem Set mit 6 Teetassen-Untertassen aus hochwertigem wei\u00dfem Porzellan.","og_url":"https:\/\/www.erresse-shop.it\/de\/shop\/tisch\/tassen\/villeroy-boch-vieux-luxembourg-set-mit-6-teetassen-untertassen\/","og_site_name":"Erresse Shop","article_modified_time":"2026-02-13T09:56:16+00:00","og_image":[{"width":1200,"height":1200,"url":"https:\/\/www.erresse-shop.it\/wp-content\/uploads\/2025\/04\/VILLEROY-BOCH-Vieux-Luxembourg-Set-6-Piattini-per-Tazze-Te.jpg","type":"image\/jpeg"}],"twitter_card":"summary_large_image","schema":{"@context":"https:\/\/schema.org","@graph":[{"@type":"WebPage","@id":"https:\/\/www.erresse-shop.it\/de\/shop\/tisch\/tassen\/villeroy-boch-vieux-luxembourg-set-mit-6-teetassen-untertassen\/","url":"https:\/\/www.erresse-shop.it\/de\/shop\/tisch\/tassen\/villeroy-boch-vieux-luxembourg-set-mit-6-teetassen-untertassen\/","name":"VILLEROY & BOCH Vieux Luxembourg Set mit 6 Teetassen-Untertassen - Erresse Shop","isPartOf":{"@id":"https:\/\/www.erresse-shop.it\/de\/#website"},"datePublished":"2025-04-02T08:43:01+00:00","dateModified":"2026-02-13T09:56:16+00:00","description":"Teetassen-Untertassen-Set Verleihen Sie Ihrem Tisch einen Hauch von Eleganz mit dem Set mit 6 Teetassen-Untertassen aus hochwertigem wei\u00dfem Porzellan.","breadcrumb":{"@id":"https:\/\/www.erresse-shop.it\/de\/shop\/tisch\/tassen\/villeroy-boch-vieux-luxembourg-set-mit-6-teetassen-untertassen\/#breadcrumb"},"inLanguage":"de-DE","potentialAction":[{"@type":"ReadAction","target":["https:\/\/www.erresse-shop.it\/de\/shop\/tisch\/tassen\/villeroy-boch-vieux-luxembourg-set-mit-6-teetassen-untertassen\/"]}]},{"@type":"BreadcrumbList","@id":"https:\/\/www.erresse-shop.it\/de\/shop\/tisch\/tassen\/villeroy-boch-vieux-luxembourg-set-mit-6-teetassen-untertassen\/#breadcrumb","itemListElement":[{"@type":"ListItem","position":1,"name":"Home","item":"https:\/\/www.erresse-shop.it\/de\/"},{"@type":"ListItem","position":2,"name":"Shop","item":"https:\/\/www.erresse-shop.it\/de\/shop\/"},{"@type":"ListItem","position":3,"name":"VILLEROY &#038; BOCH Vieux Luxembourg Set mit 6 Teetassen-Untertassen"}]},{"@type":"WebSite","@id":"https:\/\/www.erresse-shop.it\/de\/#website","url":"https:\/\/www.erresse-shop.it\/de\/","name":"Erresse Shop","description":"Articoli di qualit\u00e0 per la casa","potentialAction":[{"@type":"SearchAction","target":{"@type":"EntryPoint","urlTemplate":"https:\/\/www.erresse-shop.it\/de\/?s={search_term_string}"},"query-input":"required name=search_term_string"}],"inLanguage":"de-DE"}]}},"df_price":49,"df_sale_price":49,"df_regular_price":78,"df_image_link":"https:\/\/www.erresse-shop.it\/wp-content\/uploads\/2025\/04\/VILLEROY-BOCH-Vieux-Luxembourg-Set-6-Piattini-per-Tazze-Te-300x300.jpg","_links":{"self":[{"href":"https:\/\/www.erresse-shop.it\/de\/wp-json\/wp\/v2\/product\/486900"}],"collection":[{"href":"https:\/\/www.erresse-shop.it\/de\/wp-json\/wp\/v2\/product"}],"about":[{"href":"https:\/\/www.erresse-shop.it\/de\/wp-json\/wp\/v2\/types\/product"}],"wp:featuredmedia":[{"embeddable":true,"href":"https:\/\/www.erresse-shop.it\/de\/wp-json\/wp\/v2\/media\/486915"}],"wp:attachment":[{"href":"https:\/\/www.erresse-shop.it\/de\/wp-json\/wp\/v2\/media?parent=486900"}],"wp:term":[{"taxonomy":"product_cat","embeddable":true,"href":"https:\/\/www.erresse-shop.it\/de\/wp-json\/wp\/v2\/product_cat?post=486900"},{"taxonomy":"product_tag","embeddable":true,"href":"https:\/\/www.erresse-shop.it\/de\/wp-json\/wp\/v2\/product_tag?post=486900"}],"curies":[{"name":"wp","href":"https:\/\/api.w.org\/{rel}","templated":true}]}}