{"id":486845,"date":"2025-04-02T07:40:12","date_gmt":"2025-04-02T07:40:13","guid":{"rendered":"https:\/\/www.erresse-shop.it\/?post_type=product&#038;p=486845"},"modified":"2026-02-13T10:13:46","modified_gmt":"2026-02-13T10:13:46","slug":"villeroy-boch-petite-fleur-servierplatte-24-cm","status":"publish","type":"product","link":"https:\/\/www.erresse-shop.it\/de\/shop\/tisch\/teller-geschirr\/servierplatten\/villeroy-boch-petite-fleur-servierplatte-24-cm\/","title":{"rendered":"VILLEROY &#038; BOCH Petite Fleur Servierplatte 24 cm"},"content":{"rendered":"<p class=\"p1\"><b>Servierplatte<\/b><br \/>\nMachen Sie jeden Anlass zu etwas Besonderem mit der <strong data-start=\"37\" data-end=\"80\">Servierplatte aus Premium-Porzellan<\/strong> \u2013 einer eleganten und funktionalen Erg\u00e4nzung f\u00fcr Ihren Tisch. Perfekt zum Servieren von Hauptgerichten, Beilagen oder Vorspeisen. Diese Platte ist aus hochwertigen Materialien gefertigt und garantiert Robustheit und Langlebigkeit. Ihr raffiniertes und schlichtes Design macht sie ideal f\u00fcr jede Art von Veranstaltung, vom Familienessen bis zum festlichen Abendessen. Dank ihrer gro\u00dfen Fl\u00e4che bietet sie ausreichend Platz, um Ihre Gerichte elegant zu pr\u00e4sentieren und jede Mahlzeit zu einem unvergesslichen kulinarischen Erlebnis zu machen. Ein perfektes Geschenk f\u00fcr alle, die stilvoll tafeln m\u00f6chten.<\/p>\n<p><strong>Material:<\/strong> Premium-Porzellan<br \/>\n<strong>Ma\u00dfe:<\/strong> \u2300 24 x H 2,7 cm<br \/>\n<strong>Sp\u00fclmaschinenfest:<\/strong> Ja<br \/>\n<strong>Mikrowellengeeignet:<\/strong> Ja<\/p>\n","protected":false},"excerpt":{"rendered":"<p>Servierplatte Machen Sie jeden Anlass zu etwas Besonderem mit der Servierplatte aus Premium-Porzellan \u2013 einer eleganten und funktionalen Erg\u00e4nzung f\u00fcr<\/p>\n","protected":false},"featured_media":486866,"template":"","meta":{"_acf_changed":false,"inline_featured_image":false},"product_cat":[6796,6787],"product_tag":[14262,21960,11827],"acf":[],"yoast_head":"<!-- This site is optimized with the Yoast SEO Premium plugin v18.6 (Yoast SEO v19.13) - https:\/\/yoast.com\/wordpress\/plugins\/seo\/ -->\n<title>VILLEROY &amp; BOCH Petite Fleur Servierplatte 24 cm - Erresse Shop<\/title>\n<meta name=\"description\" content=\"Servierplatte Machen Sie jeden Anlass zu etwas Besonderem mit der Servierplatte aus Premium-Porzellan \u2013 einer eleganten und funktionalen Erg\u00e4nzung f\u00fcr\" \/>\n<meta name=\"robots\" content=\"index, follow, max-snippet:-1, max-image-preview:large, max-video-preview:-1\" \/>\n<link rel=\"canonical\" href=\"https:\/\/www.erresse-shop.it\/de\/shop\/tisch\/teller-geschirr\/servierplatten\/villeroy-boch-petite-fleur-servierplatte-24-cm\/\" \/>\n<meta property=\"og:locale\" content=\"de_DE\" \/>\n<meta property=\"og:type\" content=\"article\" \/>\n<meta property=\"og:title\" content=\"VILLEROY &amp; BOCH Petite Fleur Servierplatte 24 cm\" \/>\n<meta property=\"og:description\" content=\"Servierplatte Machen Sie jeden Anlass zu etwas Besonderem mit der Servierplatte aus Premium-Porzellan \u2013 einer eleganten und funktionalen Erg\u00e4nzung f\u00fcr\" \/>\n<meta property=\"og:url\" content=\"https:\/\/www.erresse-shop.it\/de\/shop\/tisch\/teller-geschirr\/servierplatten\/villeroy-boch-petite-fleur-servierplatte-24-cm\/\" \/>\n<meta property=\"og:site_name\" content=\"Erresse Shop\" \/>\n<meta property=\"article:modified_time\" content=\"2026-02-13T10:13:46+00:00\" \/>\n<meta property=\"og:image\" content=\"https:\/\/www.erresse-shop.it\/wp-content\/uploads\/2025\/04\/VILLEROY-BOCH-Petite-Fleur-Piatto-Portata-24-cm.jpg\" \/>\n\t<meta property=\"og:image:width\" content=\"1200\" \/>\n\t<meta property=\"og:image:height\" content=\"1200\" \/>\n\t<meta property=\"og:image:type\" content=\"image\/jpeg\" \/>\n<meta name=\"twitter:card\" content=\"summary_large_image\" \/>\n<script type=\"application\/ld+json\" class=\"yoast-schema-graph\">{\"@context\":\"https:\/\/schema.org\",\"@graph\":[{\"@type\":\"WebPage\",\"@id\":\"https:\/\/www.erresse-shop.it\/de\/shop\/tisch\/teller-geschirr\/servierplatten\/villeroy-boch-petite-fleur-servierplatte-24-cm\/\",\"url\":\"https:\/\/www.erresse-shop.it\/de\/shop\/tisch\/teller-geschirr\/servierplatten\/villeroy-boch-petite-fleur-servierplatte-24-cm\/\",\"name\":\"VILLEROY & BOCH Petite Fleur Servierplatte 24 cm - Erresse Shop\",\"isPartOf\":{\"@id\":\"https:\/\/www.erresse-shop.it\/de\/#website\"},\"datePublished\":\"2025-04-02T07:40:13+00:00\",\"dateModified\":\"2026-02-13T10:13:46+00:00\",\"description\":\"Servierplatte Machen Sie jeden Anlass zu etwas Besonderem mit der Servierplatte aus Premium-Porzellan \u2013 einer eleganten und funktionalen Erg\u00e4nzung f\u00fcr\",\"breadcrumb\":{\"@id\":\"https:\/\/www.erresse-shop.it\/de\/shop\/tisch\/teller-geschirr\/servierplatten\/villeroy-boch-petite-fleur-servierplatte-24-cm\/#breadcrumb\"},\"inLanguage\":\"de-DE\",\"potentialAction\":[{\"@type\":\"ReadAction\",\"target\":[\"https:\/\/www.erresse-shop.it\/de\/shop\/tisch\/teller-geschirr\/servierplatten\/villeroy-boch-petite-fleur-servierplatte-24-cm\/\"]}]},{\"@type\":\"BreadcrumbList\",\"@id\":\"https:\/\/www.erresse-shop.it\/de\/shop\/tisch\/teller-geschirr\/servierplatten\/villeroy-boch-petite-fleur-servierplatte-24-cm\/#breadcrumb\",\"itemListElement\":[{\"@type\":\"ListItem\",\"position\":1,\"name\":\"Home\",\"item\":\"https:\/\/www.erresse-shop.it\/de\/\"},{\"@type\":\"ListItem\",\"position\":2,\"name\":\"Shop\",\"item\":\"https:\/\/www.erresse-shop.it\/de\/shop\/\"},{\"@type\":\"ListItem\",\"position\":3,\"name\":\"VILLEROY &#038; BOCH Petite Fleur Servierplatte 24 cm\"}]},{\"@type\":\"WebSite\",\"@id\":\"https:\/\/www.erresse-shop.it\/de\/#website\",\"url\":\"https:\/\/www.erresse-shop.it\/de\/\",\"name\":\"Erresse Shop\",\"description\":\"Articoli di qualit\u00e0 per la casa\",\"potentialAction\":[{\"@type\":\"SearchAction\",\"target\":{\"@type\":\"EntryPoint\",\"urlTemplate\":\"https:\/\/www.erresse-shop.it\/de\/?s={search_term_string}\"},\"query-input\":\"required name=search_term_string\"}],\"inLanguage\":\"de-DE\"}]}<\/script>\n<!-- \/ Yoast SEO Premium plugin. -->","yoast_head_json":{"title":"VILLEROY & BOCH Petite Fleur Servierplatte 24 cm - Erresse Shop","description":"Servierplatte Machen Sie jeden Anlass zu etwas Besonderem mit der Servierplatte aus Premium-Porzellan \u2013 einer eleganten und funktionalen Erg\u00e4nzung f\u00fcr","robots":{"index":"index","follow":"follow","max-snippet":"max-snippet:-1","max-image-preview":"max-image-preview:large","max-video-preview":"max-video-preview:-1"},"canonical":"https:\/\/www.erresse-shop.it\/de\/shop\/tisch\/teller-geschirr\/servierplatten\/villeroy-boch-petite-fleur-servierplatte-24-cm\/","og_locale":"de_DE","og_type":"article","og_title":"VILLEROY & BOCH Petite Fleur Servierplatte 24 cm","og_description":"Servierplatte Machen Sie jeden Anlass zu etwas Besonderem mit der Servierplatte aus Premium-Porzellan \u2013 einer eleganten und funktionalen Erg\u00e4nzung f\u00fcr","og_url":"https:\/\/www.erresse-shop.it\/de\/shop\/tisch\/teller-geschirr\/servierplatten\/villeroy-boch-petite-fleur-servierplatte-24-cm\/","og_site_name":"Erresse Shop","article_modified_time":"2026-02-13T10:13:46+00:00","og_image":[{"width":1200,"height":1200,"url":"https:\/\/www.erresse-shop.it\/wp-content\/uploads\/2025\/04\/VILLEROY-BOCH-Petite-Fleur-Piatto-Portata-24-cm.jpg","type":"image\/jpeg"}],"twitter_card":"summary_large_image","schema":{"@context":"https:\/\/schema.org","@graph":[{"@type":"WebPage","@id":"https:\/\/www.erresse-shop.it\/de\/shop\/tisch\/teller-geschirr\/servierplatten\/villeroy-boch-petite-fleur-servierplatte-24-cm\/","url":"https:\/\/www.erresse-shop.it\/de\/shop\/tisch\/teller-geschirr\/servierplatten\/villeroy-boch-petite-fleur-servierplatte-24-cm\/","name":"VILLEROY & BOCH Petite Fleur Servierplatte 24 cm - Erresse Shop","isPartOf":{"@id":"https:\/\/www.erresse-shop.it\/de\/#website"},"datePublished":"2025-04-02T07:40:13+00:00","dateModified":"2026-02-13T10:13:46+00:00","description":"Servierplatte Machen Sie jeden Anlass zu etwas Besonderem mit der Servierplatte aus Premium-Porzellan \u2013 einer eleganten und funktionalen Erg\u00e4nzung f\u00fcr","breadcrumb":{"@id":"https:\/\/www.erresse-shop.it\/de\/shop\/tisch\/teller-geschirr\/servierplatten\/villeroy-boch-petite-fleur-servierplatte-24-cm\/#breadcrumb"},"inLanguage":"de-DE","potentialAction":[{"@type":"ReadAction","target":["https:\/\/www.erresse-shop.it\/de\/shop\/tisch\/teller-geschirr\/servierplatten\/villeroy-boch-petite-fleur-servierplatte-24-cm\/"]}]},{"@type":"BreadcrumbList","@id":"https:\/\/www.erresse-shop.it\/de\/shop\/tisch\/teller-geschirr\/servierplatten\/villeroy-boch-petite-fleur-servierplatte-24-cm\/#breadcrumb","itemListElement":[{"@type":"ListItem","position":1,"name":"Home","item":"https:\/\/www.erresse-shop.it\/de\/"},{"@type":"ListItem","position":2,"name":"Shop","item":"https:\/\/www.erresse-shop.it\/de\/shop\/"},{"@type":"ListItem","position":3,"name":"VILLEROY &#038; BOCH Petite Fleur Servierplatte 24 cm"}]},{"@type":"WebSite","@id":"https:\/\/www.erresse-shop.it\/de\/#website","url":"https:\/\/www.erresse-shop.it\/de\/","name":"Erresse Shop","description":"Articoli di qualit\u00e0 per la casa","potentialAction":[{"@type":"SearchAction","target":{"@type":"EntryPoint","urlTemplate":"https:\/\/www.erresse-shop.it\/de\/?s={search_term_string}"},"query-input":"required name=search_term_string"}],"inLanguage":"de-DE"}]}},"df_price":19.95,"df_sale_price":19.95,"df_regular_price":39.9,"df_image_link":"https:\/\/www.erresse-shop.it\/wp-content\/uploads\/2025\/04\/VILLEROY-BOCH-Petite-Fleur-Piatto-Portata-24-cm-300x300.jpg","_links":{"self":[{"href":"https:\/\/www.erresse-shop.it\/de\/wp-json\/wp\/v2\/product\/486845"}],"collection":[{"href":"https:\/\/www.erresse-shop.it\/de\/wp-json\/wp\/v2\/product"}],"about":[{"href":"https:\/\/www.erresse-shop.it\/de\/wp-json\/wp\/v2\/types\/product"}],"wp:featuredmedia":[{"embeddable":true,"href":"https:\/\/www.erresse-shop.it\/de\/wp-json\/wp\/v2\/media\/486866"}],"wp:attachment":[{"href":"https:\/\/www.erresse-shop.it\/de\/wp-json\/wp\/v2\/media?parent=486845"}],"wp:term":[{"taxonomy":"product_cat","embeddable":true,"href":"https:\/\/www.erresse-shop.it\/de\/wp-json\/wp\/v2\/product_cat?post=486845"},{"taxonomy":"product_tag","embeddable":true,"href":"https:\/\/www.erresse-shop.it\/de\/wp-json\/wp\/v2\/product_tag?post=486845"}],"curies":[{"name":"wp","href":"https:\/\/api.w.org\/{rel}","templated":true}]}}