{"id":486817,"date":"2025-04-02T07:19:57","date_gmt":"2025-04-02T07:19:58","guid":{"rendered":"https:\/\/www.erresse-shop.it\/?post_type=product&#038;p=486817"},"modified":"2026-02-20T10:12:29","modified_gmt":"2026-02-20T10:12:29","slug":"villeroy-boch-petite-fleur-set-mit-6-flachen-tellern-27-cm","status":"publish","type":"product","link":"https:\/\/www.erresse-shop.it\/de\/shop\/tisch\/teller-geschirr\/villeroy-boch-petite-fleur-set-mit-6-flachen-tellern-27-cm\/","title":{"rendered":"VILLEROY &#038; BOCH Petite Fleur Set mit 6 flachen Tellern 27 cm"},"content":{"rendered":"<p>Bringen Sie mit dem Villeroy &amp; Boch Petite Fleur 6-teiligen Speiseteller-Set (27 cm) zeitlosen Charme europ\u00e4ischer Tradition auf Ihren Tisch. Das Set stammt von der traditionsreichen Marke Villeroy &amp; Boch.<\/p>\n<p>Der quadratische Teller (27 cm) aus der Kollektion Petite Fleur verk\u00f6rpert romantische Eleganz und einen Hauch von Sch\u00f6nheit: Zarte florale Motive in harmonischen Farben und das leuchtende, edle Porzellan schaffen eine behagliche, stilvolle und pers\u00f6nliche Tischdekoration. Er ist wie geschaffen f\u00fcr geselliges Beisammensein und verwandelt selbst den Alltag in ein besonderes Erlebnis.<\/p>\n<p>Die Teller aus hochwertigem Porzellan sind langlebig, gl\u00e4nzend und widerstandsf\u00e4hig. Die wei\u00dfe, kompakte Oberfl\u00e4che setzt Speisen gekonnt in Szene und verleiht ihnen eine dezente, aber unverkennbare Eleganz. Dank des gro\u00dfz\u00fcgigen Durchmessers von 27 cm eignet er sich perfekt f\u00fcr ein festliches und elegantes Ambiente.<\/p>\n<p>Vielseitig und harmonisch f\u00fcgt er sich m\u00fchelos in klassische wie moderne Einrichtungen ein und schafft einen raffinierten Kontrast zwischen Tradition und Moderne. Ideal f\u00fcr festliche Anl\u00e4sse, wenn Sie Ihrem Alltag einen Hauch von Klasse verleihen m\u00f6chten. Sie eignen sich auch hervorragend als exklusive Geschenkidee und sind eine geschmackvolle Wahl f\u00fcr alle, die sich gerne mit sch\u00f6nen und langlebigen Dingen umgeben. Bei Little Flower steht Eleganz, Qualit\u00e4t und die wahre Leidenschaft f\u00fcr die Kunst des Tischdeckens im Mittelpunkt.<\/p>\n<p><strong>Material:<\/strong> Premium-Porzellan<br \/>\n<strong>Ma\u00dfe:<\/strong>\u2300 26,7 x H 3 cm<br \/>\n<strong>Sp\u00fclmaschinenfest:<\/strong> ja<br \/>\n<strong>Geeignet f\u00fcr die Mikrowelle:<\/strong> ja<\/p>\n","protected":false},"excerpt":{"rendered":"<p>Bringen Sie mit dem Villeroy &amp; Boch Petite Fleur 6-teiligen Speiseteller-Set (27 cm) zeitlosen Charme europ\u00e4ischer Tradition auf Ihren Tisch.<\/p>\n","protected":false},"featured_media":486838,"template":"","meta":{"_acf_changed":false,"inline_featured_image":false},"product_cat":[6793,6787],"product_tag":[21971,11971,21970],"acf":[],"yoast_head":"<!-- This site is optimized with the Yoast SEO Premium plugin v18.6 (Yoast SEO v19.13) - https:\/\/yoast.com\/wordpress\/plugins\/seo\/ -->\n<title>VILLEROY &amp; BOCH Petite Fleur Set mit 6 flachen Tellern 27 cm - Erresse Shop<\/title>\n<meta name=\"description\" content=\"Bringen Sie mit dem Villeroy &amp; Boch Petite Fleur 6-teiligen Speiseteller-Set (27 cm) zeitlosen Charme europ\u00e4ischer Tradition auf Ihren Tisch. Das Set\" \/>\n<meta name=\"robots\" content=\"index, follow, max-snippet:-1, max-image-preview:large, max-video-preview:-1\" \/>\n<link rel=\"canonical\" href=\"https:\/\/www.erresse-shop.it\/de\/shop\/tisch\/teller-geschirr\/villeroy-boch-petite-fleur-set-mit-6-flachen-tellern-27-cm\/\" \/>\n<meta property=\"og:locale\" content=\"de_DE\" \/>\n<meta property=\"og:type\" content=\"article\" \/>\n<meta property=\"og:title\" content=\"VILLEROY &amp; BOCH Petite Fleur Set mit 6 flachen Tellern 27 cm\" \/>\n<meta property=\"og:description\" content=\"Bringen Sie mit dem Villeroy &amp; Boch Petite Fleur 6-teiligen Speiseteller-Set (27 cm) zeitlosen Charme europ\u00e4ischer Tradition auf Ihren Tisch. Das Set\" \/>\n<meta property=\"og:url\" content=\"https:\/\/www.erresse-shop.it\/de\/shop\/tisch\/teller-geschirr\/villeroy-boch-petite-fleur-set-mit-6-flachen-tellern-27-cm\/\" \/>\n<meta property=\"og:site_name\" content=\"Erresse Shop\" \/>\n<meta property=\"article:modified_time\" content=\"2026-02-20T10:12:29+00:00\" \/>\n<meta property=\"og:image\" content=\"https:\/\/www.erresse-shop.it\/wp-content\/uploads\/2025\/04\/VILLEROY-BOCH-Petite-Fleur-Set-6-Piatti-Piani-27-cm.jpg\" \/>\n\t<meta property=\"og:image:width\" content=\"1200\" \/>\n\t<meta property=\"og:image:height\" content=\"1200\" \/>\n\t<meta property=\"og:image:type\" content=\"image\/jpeg\" \/>\n<meta name=\"twitter:card\" content=\"summary_large_image\" \/>\n<script type=\"application\/ld+json\" class=\"yoast-schema-graph\">{\"@context\":\"https:\/\/schema.org\",\"@graph\":[{\"@type\":\"WebPage\",\"@id\":\"https:\/\/www.erresse-shop.it\/de\/shop\/tisch\/teller-geschirr\/villeroy-boch-petite-fleur-set-mit-6-flachen-tellern-27-cm\/\",\"url\":\"https:\/\/www.erresse-shop.it\/de\/shop\/tisch\/teller-geschirr\/villeroy-boch-petite-fleur-set-mit-6-flachen-tellern-27-cm\/\",\"name\":\"VILLEROY & BOCH Petite Fleur Set mit 6 flachen Tellern 27 cm - Erresse Shop\",\"isPartOf\":{\"@id\":\"https:\/\/www.erresse-shop.it\/de\/#website\"},\"datePublished\":\"2025-04-02T07:19:58+00:00\",\"dateModified\":\"2026-02-20T10:12:29+00:00\",\"description\":\"Bringen Sie mit dem Villeroy &amp; Boch Petite Fleur 6-teiligen Speiseteller-Set (27 cm) zeitlosen Charme europ\u00e4ischer Tradition auf Ihren Tisch. Das Set\",\"breadcrumb\":{\"@id\":\"https:\/\/www.erresse-shop.it\/de\/shop\/tisch\/teller-geschirr\/villeroy-boch-petite-fleur-set-mit-6-flachen-tellern-27-cm\/#breadcrumb\"},\"inLanguage\":\"de-DE\",\"potentialAction\":[{\"@type\":\"ReadAction\",\"target\":[\"https:\/\/www.erresse-shop.it\/de\/shop\/tisch\/teller-geschirr\/villeroy-boch-petite-fleur-set-mit-6-flachen-tellern-27-cm\/\"]}]},{\"@type\":\"BreadcrumbList\",\"@id\":\"https:\/\/www.erresse-shop.it\/de\/shop\/tisch\/teller-geschirr\/villeroy-boch-petite-fleur-set-mit-6-flachen-tellern-27-cm\/#breadcrumb\",\"itemListElement\":[{\"@type\":\"ListItem\",\"position\":1,\"name\":\"Home\",\"item\":\"https:\/\/www.erresse-shop.it\/de\/\"},{\"@type\":\"ListItem\",\"position\":2,\"name\":\"Shop\",\"item\":\"https:\/\/www.erresse-shop.it\/de\/shop\/\"},{\"@type\":\"ListItem\",\"position\":3,\"name\":\"VILLEROY &#038; BOCH Petite Fleur Set mit 6 flachen Tellern 27 cm\"}]},{\"@type\":\"WebSite\",\"@id\":\"https:\/\/www.erresse-shop.it\/de\/#website\",\"url\":\"https:\/\/www.erresse-shop.it\/de\/\",\"name\":\"Erresse Shop\",\"description\":\"Articoli di qualit\u00e0 per la casa\",\"potentialAction\":[{\"@type\":\"SearchAction\",\"target\":{\"@type\":\"EntryPoint\",\"urlTemplate\":\"https:\/\/www.erresse-shop.it\/de\/?s={search_term_string}\"},\"query-input\":\"required name=search_term_string\"}],\"inLanguage\":\"de-DE\"}]}<\/script>\n<!-- \/ Yoast SEO Premium plugin. -->","yoast_head_json":{"title":"VILLEROY & BOCH Petite Fleur Set mit 6 flachen Tellern 27 cm - Erresse Shop","description":"Bringen Sie mit dem Villeroy &amp; Boch Petite Fleur 6-teiligen Speiseteller-Set (27 cm) zeitlosen Charme europ\u00e4ischer Tradition auf Ihren Tisch. Das Set","robots":{"index":"index","follow":"follow","max-snippet":"max-snippet:-1","max-image-preview":"max-image-preview:large","max-video-preview":"max-video-preview:-1"},"canonical":"https:\/\/www.erresse-shop.it\/de\/shop\/tisch\/teller-geschirr\/villeroy-boch-petite-fleur-set-mit-6-flachen-tellern-27-cm\/","og_locale":"de_DE","og_type":"article","og_title":"VILLEROY & BOCH Petite Fleur Set mit 6 flachen Tellern 27 cm","og_description":"Bringen Sie mit dem Villeroy &amp; Boch Petite Fleur 6-teiligen Speiseteller-Set (27 cm) zeitlosen Charme europ\u00e4ischer Tradition auf Ihren Tisch. Das Set","og_url":"https:\/\/www.erresse-shop.it\/de\/shop\/tisch\/teller-geschirr\/villeroy-boch-petite-fleur-set-mit-6-flachen-tellern-27-cm\/","og_site_name":"Erresse Shop","article_modified_time":"2026-02-20T10:12:29+00:00","og_image":[{"width":1200,"height":1200,"url":"https:\/\/www.erresse-shop.it\/wp-content\/uploads\/2025\/04\/VILLEROY-BOCH-Petite-Fleur-Set-6-Piatti-Piani-27-cm.jpg","type":"image\/jpeg"}],"twitter_card":"summary_large_image","schema":{"@context":"https:\/\/schema.org","@graph":[{"@type":"WebPage","@id":"https:\/\/www.erresse-shop.it\/de\/shop\/tisch\/teller-geschirr\/villeroy-boch-petite-fleur-set-mit-6-flachen-tellern-27-cm\/","url":"https:\/\/www.erresse-shop.it\/de\/shop\/tisch\/teller-geschirr\/villeroy-boch-petite-fleur-set-mit-6-flachen-tellern-27-cm\/","name":"VILLEROY & BOCH Petite Fleur Set mit 6 flachen Tellern 27 cm - Erresse Shop","isPartOf":{"@id":"https:\/\/www.erresse-shop.it\/de\/#website"},"datePublished":"2025-04-02T07:19:58+00:00","dateModified":"2026-02-20T10:12:29+00:00","description":"Bringen Sie mit dem Villeroy &amp; Boch Petite Fleur 6-teiligen Speiseteller-Set (27 cm) zeitlosen Charme europ\u00e4ischer Tradition auf Ihren Tisch. Das Set","breadcrumb":{"@id":"https:\/\/www.erresse-shop.it\/de\/shop\/tisch\/teller-geschirr\/villeroy-boch-petite-fleur-set-mit-6-flachen-tellern-27-cm\/#breadcrumb"},"inLanguage":"de-DE","potentialAction":[{"@type":"ReadAction","target":["https:\/\/www.erresse-shop.it\/de\/shop\/tisch\/teller-geschirr\/villeroy-boch-petite-fleur-set-mit-6-flachen-tellern-27-cm\/"]}]},{"@type":"BreadcrumbList","@id":"https:\/\/www.erresse-shop.it\/de\/shop\/tisch\/teller-geschirr\/villeroy-boch-petite-fleur-set-mit-6-flachen-tellern-27-cm\/#breadcrumb","itemListElement":[{"@type":"ListItem","position":1,"name":"Home","item":"https:\/\/www.erresse-shop.it\/de\/"},{"@type":"ListItem","position":2,"name":"Shop","item":"https:\/\/www.erresse-shop.it\/de\/shop\/"},{"@type":"ListItem","position":3,"name":"VILLEROY &#038; BOCH Petite Fleur Set mit 6 flachen Tellern 27 cm"}]},{"@type":"WebSite","@id":"https:\/\/www.erresse-shop.it\/de\/#website","url":"https:\/\/www.erresse-shop.it\/de\/","name":"Erresse Shop","description":"Articoli di qualit\u00e0 per la casa","potentialAction":[{"@type":"SearchAction","target":{"@type":"EntryPoint","urlTemplate":"https:\/\/www.erresse-shop.it\/de\/?s={search_term_string}"},"query-input":"required name=search_term_string"}],"inLanguage":"de-DE"}]}},"df_price":89,"df_sale_price":89,"df_regular_price":179.4,"df_image_link":"https:\/\/www.erresse-shop.it\/wp-content\/uploads\/2025\/04\/VILLEROY-BOCH-Petite-Fleur-Set-6-Piatti-Piani-27-cm-300x300.jpg","_links":{"self":[{"href":"https:\/\/www.erresse-shop.it\/de\/wp-json\/wp\/v2\/product\/486817"}],"collection":[{"href":"https:\/\/www.erresse-shop.it\/de\/wp-json\/wp\/v2\/product"}],"about":[{"href":"https:\/\/www.erresse-shop.it\/de\/wp-json\/wp\/v2\/types\/product"}],"wp:featuredmedia":[{"embeddable":true,"href":"https:\/\/www.erresse-shop.it\/de\/wp-json\/wp\/v2\/media\/486838"}],"wp:attachment":[{"href":"https:\/\/www.erresse-shop.it\/de\/wp-json\/wp\/v2\/media?parent=486817"}],"wp:term":[{"taxonomy":"product_cat","embeddable":true,"href":"https:\/\/www.erresse-shop.it\/de\/wp-json\/wp\/v2\/product_cat?post=486817"},{"taxonomy":"product_tag","embeddable":true,"href":"https:\/\/www.erresse-shop.it\/de\/wp-json\/wp\/v2\/product_tag?post=486817"}],"curies":[{"name":"wp","href":"https:\/\/api.w.org\/{rel}","templated":true}]}}