{"id":486792,"date":"2025-04-02T07:07:15","date_gmt":"2025-04-02T07:07:16","guid":{"rendered":"https:\/\/www.erresse-shop.it\/?post_type=product&#038;p=486792"},"modified":"2026-02-13T10:29:27","modified_gmt":"2026-02-13T10:29:27","slug":"villeroy-boch-petite-fleur-saladier-21-cm","status":"publish","type":"product","link":"https:\/\/www.erresse-shop.it\/de\/shop\/tisch\/salatschuesseln-und-terrinen\/villeroy-boch-petite-fleur-saladier-21-cm\/","title":{"rendered":"VILLEROY &#038; BOCH Petite Fleur Saladier  21 cm"},"content":{"rendered":"<p class=\"p1\"><b>Salatsch\u00fcssel<\/b><br \/>\nMachen Sie jede Mahlzeit eleganter mit unserer <strong data-start=\"44\" data-end=\"81\">Premium-Salatsch\u00fcssel aus Porzellan<\/strong>, perfekt zum Servieren von frischen Salaten und leichten Gerichten. Mit ihrem raffinierten und schlichten Design vereint diese Salatsch\u00fcssel Funktionalit\u00e4t und Stil und passt problemlos zu jeder Art von Einrichtung. Es besteht aus hochwertigen Materialien, ist robust und langlebig und eignet sich ideal f\u00fcr den t\u00e4glichen Gebrauch oder besondere Anl\u00e4sse. Mit seiner breiten und ger\u00e4umigen Form bietet er ausreichend Platz, um Salate f\u00fcr die ganze Familie zuzubereiten und zu servieren. Auch als Geschenk eine ausgezeichnete Wahl, um dem Tisch einen Hauch von Klasse zu verleihen.<\/p>\n<p><strong>Material:<\/strong> Premium-Porzellan<br \/>\n<strong>Volumen: <\/strong>1,3 l<br \/>\n<strong>Ma\u00dfe:<\/strong>\u2300 20,9 x H 8,6 cm<br \/>\n<strong>Sp\u00fclmaschinenfest:<\/strong> ja<br \/>\n<strong>Geeignet f\u00fcr die Mikrowelle:<\/strong> ja<\/p>\n","protected":false},"excerpt":{"rendered":"<p>Salatsch\u00fcssel Machen Sie jede Mahlzeit eleganter mit unserer Premium-Salatsch\u00fcssel aus Porzellan, perfekt zum Servieren von frischen Salaten und leichten Gerichten.<\/p>\n","protected":false},"featured_media":486809,"template":"","meta":{"_acf_changed":false,"inline_featured_image":false},"product_cat":[6892,6787],"product_tag":[14258,13044],"acf":[],"yoast_head":"<!-- This site is optimized with the Yoast SEO Premium plugin v18.6 (Yoast SEO v19.13) - https:\/\/yoast.com\/wordpress\/plugins\/seo\/ -->\n<title>VILLEROY &amp; BOCH Petite Fleur Saladier 21 cm - Erresse Shop<\/title>\n<meta name=\"description\" content=\"Salatsch\u00fcssel Machen Sie jede Mahlzeit eleganter mit unserer Premium-Salatsch\u00fcssel aus Porzellan, perfekt zum Servieren von frischen Salaten und leichten\" \/>\n<meta name=\"robots\" content=\"index, follow, max-snippet:-1, max-image-preview:large, max-video-preview:-1\" \/>\n<link rel=\"canonical\" href=\"https:\/\/www.erresse-shop.it\/de\/shop\/tisch\/salatschuesseln-und-terrinen\/villeroy-boch-petite-fleur-saladier-21-cm\/\" \/>\n<meta property=\"og:locale\" content=\"de_DE\" \/>\n<meta property=\"og:type\" content=\"article\" \/>\n<meta property=\"og:title\" content=\"VILLEROY &amp; BOCH Petite Fleur Saladier 21 cm\" \/>\n<meta property=\"og:description\" content=\"Salatsch\u00fcssel Machen Sie jede Mahlzeit eleganter mit unserer Premium-Salatsch\u00fcssel aus Porzellan, perfekt zum Servieren von frischen Salaten und leichten\" \/>\n<meta property=\"og:url\" content=\"https:\/\/www.erresse-shop.it\/de\/shop\/tisch\/salatschuesseln-und-terrinen\/villeroy-boch-petite-fleur-saladier-21-cm\/\" \/>\n<meta property=\"og:site_name\" content=\"Erresse Shop\" \/>\n<meta property=\"article:modified_time\" content=\"2026-02-13T10:29:27+00:00\" \/>\n<meta property=\"og:image\" content=\"https:\/\/www.erresse-shop.it\/wp-content\/uploads\/2025\/04\/VILLEROY-BOCH-Petite-Fleur-Insalatiera-21-cm.jpg\" \/>\n\t<meta property=\"og:image:width\" content=\"1200\" \/>\n\t<meta property=\"og:image:height\" content=\"1200\" \/>\n\t<meta property=\"og:image:type\" content=\"image\/jpeg\" \/>\n<meta name=\"twitter:card\" content=\"summary_large_image\" \/>\n<script type=\"application\/ld+json\" class=\"yoast-schema-graph\">{\"@context\":\"https:\/\/schema.org\",\"@graph\":[{\"@type\":\"WebPage\",\"@id\":\"https:\/\/www.erresse-shop.it\/de\/shop\/tisch\/salatschuesseln-und-terrinen\/villeroy-boch-petite-fleur-saladier-21-cm\/\",\"url\":\"https:\/\/www.erresse-shop.it\/de\/shop\/tisch\/salatschuesseln-und-terrinen\/villeroy-boch-petite-fleur-saladier-21-cm\/\",\"name\":\"VILLEROY & BOCH Petite Fleur Saladier 21 cm - Erresse Shop\",\"isPartOf\":{\"@id\":\"https:\/\/www.erresse-shop.it\/de\/#website\"},\"datePublished\":\"2025-04-02T07:07:16+00:00\",\"dateModified\":\"2026-02-13T10:29:27+00:00\",\"description\":\"Salatsch\u00fcssel Machen Sie jede Mahlzeit eleganter mit unserer Premium-Salatsch\u00fcssel aus Porzellan, perfekt zum Servieren von frischen Salaten und leichten\",\"breadcrumb\":{\"@id\":\"https:\/\/www.erresse-shop.it\/de\/shop\/tisch\/salatschuesseln-und-terrinen\/villeroy-boch-petite-fleur-saladier-21-cm\/#breadcrumb\"},\"inLanguage\":\"de-DE\",\"potentialAction\":[{\"@type\":\"ReadAction\",\"target\":[\"https:\/\/www.erresse-shop.it\/de\/shop\/tisch\/salatschuesseln-und-terrinen\/villeroy-boch-petite-fleur-saladier-21-cm\/\"]}]},{\"@type\":\"BreadcrumbList\",\"@id\":\"https:\/\/www.erresse-shop.it\/de\/shop\/tisch\/salatschuesseln-und-terrinen\/villeroy-boch-petite-fleur-saladier-21-cm\/#breadcrumb\",\"itemListElement\":[{\"@type\":\"ListItem\",\"position\":1,\"name\":\"Home\",\"item\":\"https:\/\/www.erresse-shop.it\/de\/\"},{\"@type\":\"ListItem\",\"position\":2,\"name\":\"Shop\",\"item\":\"https:\/\/www.erresse-shop.it\/de\/shop\/\"},{\"@type\":\"ListItem\",\"position\":3,\"name\":\"VILLEROY &#038; BOCH Petite Fleur Saladier 21 cm\"}]},{\"@type\":\"WebSite\",\"@id\":\"https:\/\/www.erresse-shop.it\/de\/#website\",\"url\":\"https:\/\/www.erresse-shop.it\/de\/\",\"name\":\"Erresse Shop\",\"description\":\"Articoli di qualit\u00e0 per la casa\",\"potentialAction\":[{\"@type\":\"SearchAction\",\"target\":{\"@type\":\"EntryPoint\",\"urlTemplate\":\"https:\/\/www.erresse-shop.it\/de\/?s={search_term_string}\"},\"query-input\":\"required name=search_term_string\"}],\"inLanguage\":\"de-DE\"}]}<\/script>\n<!-- \/ Yoast SEO Premium plugin. -->","yoast_head_json":{"title":"VILLEROY & BOCH Petite Fleur Saladier 21 cm - Erresse Shop","description":"Salatsch\u00fcssel Machen Sie jede Mahlzeit eleganter mit unserer Premium-Salatsch\u00fcssel aus Porzellan, perfekt zum Servieren von frischen Salaten und leichten","robots":{"index":"index","follow":"follow","max-snippet":"max-snippet:-1","max-image-preview":"max-image-preview:large","max-video-preview":"max-video-preview:-1"},"canonical":"https:\/\/www.erresse-shop.it\/de\/shop\/tisch\/salatschuesseln-und-terrinen\/villeroy-boch-petite-fleur-saladier-21-cm\/","og_locale":"de_DE","og_type":"article","og_title":"VILLEROY & BOCH Petite Fleur Saladier 21 cm","og_description":"Salatsch\u00fcssel Machen Sie jede Mahlzeit eleganter mit unserer Premium-Salatsch\u00fcssel aus Porzellan, perfekt zum Servieren von frischen Salaten und leichten","og_url":"https:\/\/www.erresse-shop.it\/de\/shop\/tisch\/salatschuesseln-und-terrinen\/villeroy-boch-petite-fleur-saladier-21-cm\/","og_site_name":"Erresse Shop","article_modified_time":"2026-02-13T10:29:27+00:00","og_image":[{"width":1200,"height":1200,"url":"https:\/\/www.erresse-shop.it\/wp-content\/uploads\/2025\/04\/VILLEROY-BOCH-Petite-Fleur-Insalatiera-21-cm.jpg","type":"image\/jpeg"}],"twitter_card":"summary_large_image","schema":{"@context":"https:\/\/schema.org","@graph":[{"@type":"WebPage","@id":"https:\/\/www.erresse-shop.it\/de\/shop\/tisch\/salatschuesseln-und-terrinen\/villeroy-boch-petite-fleur-saladier-21-cm\/","url":"https:\/\/www.erresse-shop.it\/de\/shop\/tisch\/salatschuesseln-und-terrinen\/villeroy-boch-petite-fleur-saladier-21-cm\/","name":"VILLEROY & BOCH Petite Fleur Saladier 21 cm - Erresse Shop","isPartOf":{"@id":"https:\/\/www.erresse-shop.it\/de\/#website"},"datePublished":"2025-04-02T07:07:16+00:00","dateModified":"2026-02-13T10:29:27+00:00","description":"Salatsch\u00fcssel Machen Sie jede Mahlzeit eleganter mit unserer Premium-Salatsch\u00fcssel aus Porzellan, perfekt zum Servieren von frischen Salaten und leichten","breadcrumb":{"@id":"https:\/\/www.erresse-shop.it\/de\/shop\/tisch\/salatschuesseln-und-terrinen\/villeroy-boch-petite-fleur-saladier-21-cm\/#breadcrumb"},"inLanguage":"de-DE","potentialAction":[{"@type":"ReadAction","target":["https:\/\/www.erresse-shop.it\/de\/shop\/tisch\/salatschuesseln-und-terrinen\/villeroy-boch-petite-fleur-saladier-21-cm\/"]}]},{"@type":"BreadcrumbList","@id":"https:\/\/www.erresse-shop.it\/de\/shop\/tisch\/salatschuesseln-und-terrinen\/villeroy-boch-petite-fleur-saladier-21-cm\/#breadcrumb","itemListElement":[{"@type":"ListItem","position":1,"name":"Home","item":"https:\/\/www.erresse-shop.it\/de\/"},{"@type":"ListItem","position":2,"name":"Shop","item":"https:\/\/www.erresse-shop.it\/de\/shop\/"},{"@type":"ListItem","position":3,"name":"VILLEROY &#038; BOCH Petite Fleur Saladier 21 cm"}]},{"@type":"WebSite","@id":"https:\/\/www.erresse-shop.it\/de\/#website","url":"https:\/\/www.erresse-shop.it\/de\/","name":"Erresse Shop","description":"Articoli di qualit\u00e0 per la casa","potentialAction":[{"@type":"SearchAction","target":{"@type":"EntryPoint","urlTemplate":"https:\/\/www.erresse-shop.it\/de\/?s={search_term_string}"},"query-input":"required name=search_term_string"}],"inLanguage":"de-DE"}]}},"df_price":34.95,"df_sale_price":34.95,"df_regular_price":69.9,"df_image_link":"https:\/\/www.erresse-shop.it\/wp-content\/uploads\/2025\/04\/VILLEROY-BOCH-Petite-Fleur-Insalatiera-21-cm-300x300.jpg","_links":{"self":[{"href":"https:\/\/www.erresse-shop.it\/de\/wp-json\/wp\/v2\/product\/486792"}],"collection":[{"href":"https:\/\/www.erresse-shop.it\/de\/wp-json\/wp\/v2\/product"}],"about":[{"href":"https:\/\/www.erresse-shop.it\/de\/wp-json\/wp\/v2\/types\/product"}],"wp:featuredmedia":[{"embeddable":true,"href":"https:\/\/www.erresse-shop.it\/de\/wp-json\/wp\/v2\/media\/486809"}],"wp:attachment":[{"href":"https:\/\/www.erresse-shop.it\/de\/wp-json\/wp\/v2\/media?parent=486792"}],"wp:term":[{"taxonomy":"product_cat","embeddable":true,"href":"https:\/\/www.erresse-shop.it\/de\/wp-json\/wp\/v2\/product_cat?post=486792"},{"taxonomy":"product_tag","embeddable":true,"href":"https:\/\/www.erresse-shop.it\/de\/wp-json\/wp\/v2\/product_tag?post=486792"}],"curies":[{"name":"wp","href":"https:\/\/api.w.org\/{rel}","templated":true}]}}