{"id":486746,"date":"2025-04-02T06:44:51","date_gmt":"2025-04-02T06:44:52","guid":{"rendered":"https:\/\/www.erresse-shop.it\/?post_type=product&#038;p=486746"},"modified":"2026-02-13T10:36:02","modified_gmt":"2026-02-13T10:36:02","slug":"villeroy-boch-petite-fleur-6er-set-dessertteller-21-cm","status":"publish","type":"product","link":"https:\/\/www.erresse-shop.it\/de\/shop\/tisch\/teller-geschirr\/villeroy-boch-petite-fleur-6er-set-dessertteller-21-cm\/","title":{"rendered":"VILLEROY &#038; BOCH Petite Fleur 6er-Set Dessertteller 21 cm"},"content":{"rendered":"<p class=\"p1\"><b>Dessertteller-Set<\/b><br \/>\nVerleihen Sie Ihrem Tisch einen Hauch von Klasse mit dem <strong data-start=\"51\" data-end=\"82\">Set aus 6 Desserttellern<\/strong> aus hochwertigem Porzellan. Diese eleganten und raffinierten Teller eignen sich perfekt zum stilvollen Servieren von S\u00fc\u00dfigkeiten, Kuchen und kleinen Desserts. Sie werden aus hochwertigen Materialien hergestellt und zeichnen sich durch ein schlichtes und anspruchsvolles Design aus, das sich problemlos an jede Art von Einrichtung anpasst. Diese Gerichte eignen sich ideal f\u00fcr besondere Abendessen oder einen s\u00fc\u00dfen Moment im Alltag und sind auch eine hervorragende Geschenkidee. Eine perfekte Kombination aus Funktionalit\u00e4t und \u00c4sthetik, die jedes Dessert noch genussvoller macht.<\/p>\n<p><strong>Material:<\/strong> Premium-Porzellan<br \/>\n<strong>Ma\u00dfe:<\/strong>\u2300 20,7 x H 2,2 cm<br \/>\n<strong>Sp\u00fclmaschinenfest:<\/strong> ja<br \/>\n<strong>Geeignet f\u00fcr die Mikrowelle:<\/strong> ja<\/p>\n","protected":false},"excerpt":{"rendered":"<p>Dessertteller-Set Verleihen Sie Ihrem Tisch einen Hauch von Klasse mit dem Set aus 6 Desserttellern aus hochwertigem Porzellan. Diese eleganten<\/p>\n","protected":false},"featured_media":486785,"template":"","meta":{"_acf_changed":false,"inline_featured_image":false},"product_cat":[6793,6787],"product_tag":[23564,14286,14552,20877,21946],"acf":[],"yoast_head":"<!-- This site is optimized with the Yoast SEO Premium plugin v18.6 (Yoast SEO v19.13) - https:\/\/yoast.com\/wordpress\/plugins\/seo\/ -->\n<title>VILLEROY &amp; BOCH Petite Fleur 6er-Set Dessertteller 21 cm - Erresse Shop<\/title>\n<meta name=\"description\" content=\"Dessertteller-Set Verleihen Sie Ihrem Tisch einen Hauch von Klasse mit dem Set aus 6 Desserttellern aus hochwertigem Porzellan. Diese eleganten und\" \/>\n<meta name=\"robots\" content=\"index, follow, max-snippet:-1, max-image-preview:large, max-video-preview:-1\" \/>\n<link rel=\"canonical\" href=\"https:\/\/www.erresse-shop.it\/de\/shop\/tisch\/teller-geschirr\/villeroy-boch-petite-fleur-6er-set-dessertteller-21-cm\/\" \/>\n<meta property=\"og:locale\" content=\"de_DE\" \/>\n<meta property=\"og:type\" content=\"article\" \/>\n<meta property=\"og:title\" content=\"VILLEROY &amp; BOCH Petite Fleur 6er-Set Dessertteller 21 cm\" \/>\n<meta property=\"og:description\" content=\"Dessertteller-Set Verleihen Sie Ihrem Tisch einen Hauch von Klasse mit dem Set aus 6 Desserttellern aus hochwertigem Porzellan. Diese eleganten und\" \/>\n<meta property=\"og:url\" content=\"https:\/\/www.erresse-shop.it\/de\/shop\/tisch\/teller-geschirr\/villeroy-boch-petite-fleur-6er-set-dessertteller-21-cm\/\" \/>\n<meta property=\"og:site_name\" content=\"Erresse Shop\" \/>\n<meta property=\"article:modified_time\" content=\"2026-02-13T10:36:02+00:00\" \/>\n<meta property=\"og:image\" content=\"https:\/\/www.erresse-shop.it\/wp-content\/uploads\/2025\/04\/VILLEROY-BOCH-Petite-Fleur-Set-4-Piattini-per-Dessert-21-cm-1.jpg\" \/>\n\t<meta property=\"og:image:width\" content=\"1200\" \/>\n\t<meta property=\"og:image:height\" content=\"1200\" \/>\n\t<meta property=\"og:image:type\" content=\"image\/jpeg\" \/>\n<meta name=\"twitter:card\" content=\"summary_large_image\" \/>\n<script type=\"application\/ld+json\" class=\"yoast-schema-graph\">{\"@context\":\"https:\/\/schema.org\",\"@graph\":[{\"@type\":\"WebPage\",\"@id\":\"https:\/\/www.erresse-shop.it\/de\/shop\/tisch\/teller-geschirr\/villeroy-boch-petite-fleur-6er-set-dessertteller-21-cm\/\",\"url\":\"https:\/\/www.erresse-shop.it\/de\/shop\/tisch\/teller-geschirr\/villeroy-boch-petite-fleur-6er-set-dessertteller-21-cm\/\",\"name\":\"VILLEROY & BOCH Petite Fleur 6er-Set Dessertteller 21 cm - Erresse Shop\",\"isPartOf\":{\"@id\":\"https:\/\/www.erresse-shop.it\/de\/#website\"},\"datePublished\":\"2025-04-02T06:44:52+00:00\",\"dateModified\":\"2026-02-13T10:36:02+00:00\",\"description\":\"Dessertteller-Set Verleihen Sie Ihrem Tisch einen Hauch von Klasse mit dem Set aus 6 Desserttellern aus hochwertigem Porzellan. Diese eleganten und\",\"breadcrumb\":{\"@id\":\"https:\/\/www.erresse-shop.it\/de\/shop\/tisch\/teller-geschirr\/villeroy-boch-petite-fleur-6er-set-dessertteller-21-cm\/#breadcrumb\"},\"inLanguage\":\"de-DE\",\"potentialAction\":[{\"@type\":\"ReadAction\",\"target\":[\"https:\/\/www.erresse-shop.it\/de\/shop\/tisch\/teller-geschirr\/villeroy-boch-petite-fleur-6er-set-dessertteller-21-cm\/\"]}]},{\"@type\":\"BreadcrumbList\",\"@id\":\"https:\/\/www.erresse-shop.it\/de\/shop\/tisch\/teller-geschirr\/villeroy-boch-petite-fleur-6er-set-dessertteller-21-cm\/#breadcrumb\",\"itemListElement\":[{\"@type\":\"ListItem\",\"position\":1,\"name\":\"Home\",\"item\":\"https:\/\/www.erresse-shop.it\/de\/\"},{\"@type\":\"ListItem\",\"position\":2,\"name\":\"Shop\",\"item\":\"https:\/\/www.erresse-shop.it\/de\/shop\/\"},{\"@type\":\"ListItem\",\"position\":3,\"name\":\"VILLEROY &#038; BOCH Petite Fleur 6er-Set Dessertteller 21 cm\"}]},{\"@type\":\"WebSite\",\"@id\":\"https:\/\/www.erresse-shop.it\/de\/#website\",\"url\":\"https:\/\/www.erresse-shop.it\/de\/\",\"name\":\"Erresse Shop\",\"description\":\"Articoli di qualit\u00e0 per la casa\",\"potentialAction\":[{\"@type\":\"SearchAction\",\"target\":{\"@type\":\"EntryPoint\",\"urlTemplate\":\"https:\/\/www.erresse-shop.it\/de\/?s={search_term_string}\"},\"query-input\":\"required name=search_term_string\"}],\"inLanguage\":\"de-DE\"}]}<\/script>\n<!-- \/ Yoast SEO Premium plugin. -->","yoast_head_json":{"title":"VILLEROY & BOCH Petite Fleur 6er-Set Dessertteller 21 cm - Erresse Shop","description":"Dessertteller-Set Verleihen Sie Ihrem Tisch einen Hauch von Klasse mit dem Set aus 6 Desserttellern aus hochwertigem Porzellan. Diese eleganten und","robots":{"index":"index","follow":"follow","max-snippet":"max-snippet:-1","max-image-preview":"max-image-preview:large","max-video-preview":"max-video-preview:-1"},"canonical":"https:\/\/www.erresse-shop.it\/de\/shop\/tisch\/teller-geschirr\/villeroy-boch-petite-fleur-6er-set-dessertteller-21-cm\/","og_locale":"de_DE","og_type":"article","og_title":"VILLEROY & BOCH Petite Fleur 6er-Set Dessertteller 21 cm","og_description":"Dessertteller-Set Verleihen Sie Ihrem Tisch einen Hauch von Klasse mit dem Set aus 6 Desserttellern aus hochwertigem Porzellan. Diese eleganten und","og_url":"https:\/\/www.erresse-shop.it\/de\/shop\/tisch\/teller-geschirr\/villeroy-boch-petite-fleur-6er-set-dessertteller-21-cm\/","og_site_name":"Erresse Shop","article_modified_time":"2026-02-13T10:36:02+00:00","og_image":[{"width":1200,"height":1200,"url":"https:\/\/www.erresse-shop.it\/wp-content\/uploads\/2025\/04\/VILLEROY-BOCH-Petite-Fleur-Set-4-Piattini-per-Dessert-21-cm-1.jpg","type":"image\/jpeg"}],"twitter_card":"summary_large_image","schema":{"@context":"https:\/\/schema.org","@graph":[{"@type":"WebPage","@id":"https:\/\/www.erresse-shop.it\/de\/shop\/tisch\/teller-geschirr\/villeroy-boch-petite-fleur-6er-set-dessertteller-21-cm\/","url":"https:\/\/www.erresse-shop.it\/de\/shop\/tisch\/teller-geschirr\/villeroy-boch-petite-fleur-6er-set-dessertteller-21-cm\/","name":"VILLEROY & BOCH Petite Fleur 6er-Set Dessertteller 21 cm - Erresse Shop","isPartOf":{"@id":"https:\/\/www.erresse-shop.it\/de\/#website"},"datePublished":"2025-04-02T06:44:52+00:00","dateModified":"2026-02-13T10:36:02+00:00","description":"Dessertteller-Set Verleihen Sie Ihrem Tisch einen Hauch von Klasse mit dem Set aus 6 Desserttellern aus hochwertigem Porzellan. Diese eleganten und","breadcrumb":{"@id":"https:\/\/www.erresse-shop.it\/de\/shop\/tisch\/teller-geschirr\/villeroy-boch-petite-fleur-6er-set-dessertteller-21-cm\/#breadcrumb"},"inLanguage":"de-DE","potentialAction":[{"@type":"ReadAction","target":["https:\/\/www.erresse-shop.it\/de\/shop\/tisch\/teller-geschirr\/villeroy-boch-petite-fleur-6er-set-dessertteller-21-cm\/"]}]},{"@type":"BreadcrumbList","@id":"https:\/\/www.erresse-shop.it\/de\/shop\/tisch\/teller-geschirr\/villeroy-boch-petite-fleur-6er-set-dessertteller-21-cm\/#breadcrumb","itemListElement":[{"@type":"ListItem","position":1,"name":"Home","item":"https:\/\/www.erresse-shop.it\/de\/"},{"@type":"ListItem","position":2,"name":"Shop","item":"https:\/\/www.erresse-shop.it\/de\/shop\/"},{"@type":"ListItem","position":3,"name":"VILLEROY &#038; BOCH Petite Fleur 6er-Set Dessertteller 21 cm"}]},{"@type":"WebSite","@id":"https:\/\/www.erresse-shop.it\/de\/#website","url":"https:\/\/www.erresse-shop.it\/de\/","name":"Erresse Shop","description":"Articoli di qualit\u00e0 per la casa","potentialAction":[{"@type":"SearchAction","target":{"@type":"EntryPoint","urlTemplate":"https:\/\/www.erresse-shop.it\/de\/?s={search_term_string}"},"query-input":"required name=search_term_string"}],"inLanguage":"de-DE"}]}},"df_price":89,"df_sale_price":89,"df_regular_price":167.4,"df_image_link":"https:\/\/www.erresse-shop.it\/wp-content\/uploads\/2025\/04\/VILLEROY-BOCH-Petite-Fleur-Set-4-Piattini-per-Dessert-21-cm-1-300x300.jpg","_links":{"self":[{"href":"https:\/\/www.erresse-shop.it\/de\/wp-json\/wp\/v2\/product\/486746"}],"collection":[{"href":"https:\/\/www.erresse-shop.it\/de\/wp-json\/wp\/v2\/product"}],"about":[{"href":"https:\/\/www.erresse-shop.it\/de\/wp-json\/wp\/v2\/types\/product"}],"wp:featuredmedia":[{"embeddable":true,"href":"https:\/\/www.erresse-shop.it\/de\/wp-json\/wp\/v2\/media\/486785"}],"wp:attachment":[{"href":"https:\/\/www.erresse-shop.it\/de\/wp-json\/wp\/v2\/media?parent=486746"}],"wp:term":[{"taxonomy":"product_cat","embeddable":true,"href":"https:\/\/www.erresse-shop.it\/de\/wp-json\/wp\/v2\/product_cat?post=486746"},{"taxonomy":"product_tag","embeddable":true,"href":"https:\/\/www.erresse-shop.it\/de\/wp-json\/wp\/v2\/product_tag?post=486746"}],"curies":[{"name":"wp","href":"https:\/\/api.w.org\/{rel}","templated":true}]}}