{"id":486719,"date":"2025-04-02T06:28:25","date_gmt":"2025-04-02T06:28:26","guid":{"rendered":"https:\/\/www.erresse-shop.it\/?post_type=product&#038;p=486719"},"modified":"2026-02-13T10:50:24","modified_gmt":"2026-02-13T10:50:24","slug":"villeroy-boch-petite-fleur-6er-set-kaffeetassen-untertassen","status":"publish","type":"product","link":"https:\/\/www.erresse-shop.it\/de\/shop\/tisch\/teller-geschirr\/villeroy-boch-petite-fleur-6er-set-kaffeetassen-untertassen\/","title":{"rendered":"VILLEROY &#038; BOCH Petite Fleur 6er-Set Kaffeetassen-Untertassen"},"content":{"rendered":"<p class=\"p1\"><b>Set Kaffeetassen-Untertassen<\/b><br \/>\nDas elegante und funktionale <strong data-start=\"26\" data-end=\"68\">Set mit 6 Premium-Caff\u00e8-Latte-Tassenuntertassen aus Porzellan<\/strong> ist das ideale Accessoire, um Ihr Kaffeeerlebnis zu vervollst\u00e4ndigen. Jede Untertasse ist aus hochwertigen Materialien gefertigt und verf\u00fcgt \u00fcber ein schlichtes und raffiniertes Design, das perfekt zu Latte-Tassen passt und Ihrem Tisch einen Hauch von Klasse verleiht. Perfekt f\u00fcr jeden Anlass, vom Fr\u00fchst\u00fcck bis zum Mittagessen, sind diese Teller auch eine tolle Geschenkidee. Sie sind langlebig und zeitlos und vereinen Funktionalit\u00e4t und Stil f\u00fcr ein noch angenehmeres Kaffeeerlebnis.<\/p>\n<p><strong>Material:<\/strong> Premium-Porzellan<br \/>\n<strong>Ma\u00dfe:<\/strong>\u2300 17 x H 2 cm<br \/>\n<strong>Sp\u00fclmaschinenfest:<\/strong> ja<br \/>\n<strong>Geeignet f\u00fcr die Mikrowelle:<\/strong> ja<\/p>\n","protected":false},"excerpt":{"rendered":"<p>Set Kaffeetassen-Untertassen Das elegante und funktionale Set mit 6 Premium-Caff\u00e8-Latte-Tassenuntertassen aus Porzellan ist das ideale Accessoire, um Ihr Kaffeeerlebnis zu<\/p>\n","protected":false},"featured_media":486740,"template":"","meta":{"_acf_changed":false,"inline_featured_image":false},"product_cat":[6793,6787],"product_tag":[11638,23564,21946],"acf":[],"yoast_head":"<!-- This site is optimized with the Yoast SEO Premium plugin v18.6 (Yoast SEO v19.13) - https:\/\/yoast.com\/wordpress\/plugins\/seo\/ -->\n<title>VILLEROY &amp; BOCH Petite Fleur 6er-Set Kaffeetassen-Untertassen - Erresse Shop<\/title>\n<meta name=\"description\" content=\"Set Kaffeetassen-Untertassen Das elegante und funktionale Set mit 6 Premium-Caff\u00e8-Latte-Tassenuntertassen aus Porzellan ist das ideale Accessoire, um Ihr\" \/>\n<meta name=\"robots\" content=\"index, follow, max-snippet:-1, max-image-preview:large, max-video-preview:-1\" \/>\n<link rel=\"canonical\" href=\"https:\/\/www.erresse-shop.it\/de\/shop\/tisch\/teller-geschirr\/villeroy-boch-petite-fleur-6er-set-kaffeetassen-untertassen\/\" \/>\n<meta property=\"og:locale\" content=\"de_DE\" \/>\n<meta property=\"og:type\" content=\"article\" \/>\n<meta property=\"og:title\" content=\"VILLEROY &amp; BOCH Petite Fleur 6er-Set Kaffeetassen-Untertassen\" \/>\n<meta property=\"og:description\" content=\"Set Kaffeetassen-Untertassen Das elegante und funktionale Set mit 6 Premium-Caff\u00e8-Latte-Tassenuntertassen aus Porzellan ist das ideale Accessoire, um Ihr\" \/>\n<meta property=\"og:url\" content=\"https:\/\/www.erresse-shop.it\/de\/shop\/tisch\/teller-geschirr\/villeroy-boch-petite-fleur-6er-set-kaffeetassen-untertassen\/\" \/>\n<meta property=\"og:site_name\" content=\"Erresse Shop\" \/>\n<meta property=\"article:modified_time\" content=\"2026-02-13T10:50:24+00:00\" \/>\n<meta property=\"og:image\" content=\"https:\/\/www.erresse-shop.it\/wp-content\/uploads\/2025\/04\/VILLEROY-BOCH-Petite-Fleur-Set-4-Pattini-per-Tazza-Caffelatte-17-cm.jpg\" \/>\n\t<meta property=\"og:image:width\" content=\"1200\" \/>\n\t<meta property=\"og:image:height\" content=\"1200\" \/>\n\t<meta property=\"og:image:type\" content=\"image\/jpeg\" \/>\n<meta name=\"twitter:card\" content=\"summary_large_image\" \/>\n<script type=\"application\/ld+json\" class=\"yoast-schema-graph\">{\"@context\":\"https:\/\/schema.org\",\"@graph\":[{\"@type\":\"WebPage\",\"@id\":\"https:\/\/www.erresse-shop.it\/de\/shop\/tisch\/teller-geschirr\/villeroy-boch-petite-fleur-6er-set-kaffeetassen-untertassen\/\",\"url\":\"https:\/\/www.erresse-shop.it\/de\/shop\/tisch\/teller-geschirr\/villeroy-boch-petite-fleur-6er-set-kaffeetassen-untertassen\/\",\"name\":\"VILLEROY & BOCH Petite Fleur 6er-Set Kaffeetassen-Untertassen - Erresse Shop\",\"isPartOf\":{\"@id\":\"https:\/\/www.erresse-shop.it\/de\/#website\"},\"datePublished\":\"2025-04-02T06:28:26+00:00\",\"dateModified\":\"2026-02-13T10:50:24+00:00\",\"description\":\"Set Kaffeetassen-Untertassen Das elegante und funktionale Set mit 6 Premium-Caff\u00e8-Latte-Tassenuntertassen aus Porzellan ist das ideale Accessoire, um Ihr\",\"breadcrumb\":{\"@id\":\"https:\/\/www.erresse-shop.it\/de\/shop\/tisch\/teller-geschirr\/villeroy-boch-petite-fleur-6er-set-kaffeetassen-untertassen\/#breadcrumb\"},\"inLanguage\":\"de-DE\",\"potentialAction\":[{\"@type\":\"ReadAction\",\"target\":[\"https:\/\/www.erresse-shop.it\/de\/shop\/tisch\/teller-geschirr\/villeroy-boch-petite-fleur-6er-set-kaffeetassen-untertassen\/\"]}]},{\"@type\":\"BreadcrumbList\",\"@id\":\"https:\/\/www.erresse-shop.it\/de\/shop\/tisch\/teller-geschirr\/villeroy-boch-petite-fleur-6er-set-kaffeetassen-untertassen\/#breadcrumb\",\"itemListElement\":[{\"@type\":\"ListItem\",\"position\":1,\"name\":\"Home\",\"item\":\"https:\/\/www.erresse-shop.it\/de\/\"},{\"@type\":\"ListItem\",\"position\":2,\"name\":\"Shop\",\"item\":\"https:\/\/www.erresse-shop.it\/de\/shop\/\"},{\"@type\":\"ListItem\",\"position\":3,\"name\":\"VILLEROY &#038; BOCH Petite Fleur 6er-Set Kaffeetassen-Untertassen\"}]},{\"@type\":\"WebSite\",\"@id\":\"https:\/\/www.erresse-shop.it\/de\/#website\",\"url\":\"https:\/\/www.erresse-shop.it\/de\/\",\"name\":\"Erresse Shop\",\"description\":\"Articoli di qualit\u00e0 per la casa\",\"potentialAction\":[{\"@type\":\"SearchAction\",\"target\":{\"@type\":\"EntryPoint\",\"urlTemplate\":\"https:\/\/www.erresse-shop.it\/de\/?s={search_term_string}\"},\"query-input\":\"required name=search_term_string\"}],\"inLanguage\":\"de-DE\"}]}<\/script>\n<!-- \/ Yoast SEO Premium plugin. -->","yoast_head_json":{"title":"VILLEROY & BOCH Petite Fleur 6er-Set Kaffeetassen-Untertassen - Erresse Shop","description":"Set Kaffeetassen-Untertassen Das elegante und funktionale Set mit 6 Premium-Caff\u00e8-Latte-Tassenuntertassen aus Porzellan ist das ideale Accessoire, um Ihr","robots":{"index":"index","follow":"follow","max-snippet":"max-snippet:-1","max-image-preview":"max-image-preview:large","max-video-preview":"max-video-preview:-1"},"canonical":"https:\/\/www.erresse-shop.it\/de\/shop\/tisch\/teller-geschirr\/villeroy-boch-petite-fleur-6er-set-kaffeetassen-untertassen\/","og_locale":"de_DE","og_type":"article","og_title":"VILLEROY & BOCH Petite Fleur 6er-Set Kaffeetassen-Untertassen","og_description":"Set Kaffeetassen-Untertassen Das elegante und funktionale Set mit 6 Premium-Caff\u00e8-Latte-Tassenuntertassen aus Porzellan ist das ideale Accessoire, um Ihr","og_url":"https:\/\/www.erresse-shop.it\/de\/shop\/tisch\/teller-geschirr\/villeroy-boch-petite-fleur-6er-set-kaffeetassen-untertassen\/","og_site_name":"Erresse Shop","article_modified_time":"2026-02-13T10:50:24+00:00","og_image":[{"width":1200,"height":1200,"url":"https:\/\/www.erresse-shop.it\/wp-content\/uploads\/2025\/04\/VILLEROY-BOCH-Petite-Fleur-Set-4-Pattini-per-Tazza-Caffelatte-17-cm.jpg","type":"image\/jpeg"}],"twitter_card":"summary_large_image","schema":{"@context":"https:\/\/schema.org","@graph":[{"@type":"WebPage","@id":"https:\/\/www.erresse-shop.it\/de\/shop\/tisch\/teller-geschirr\/villeroy-boch-petite-fleur-6er-set-kaffeetassen-untertassen\/","url":"https:\/\/www.erresse-shop.it\/de\/shop\/tisch\/teller-geschirr\/villeroy-boch-petite-fleur-6er-set-kaffeetassen-untertassen\/","name":"VILLEROY & BOCH Petite Fleur 6er-Set Kaffeetassen-Untertassen - Erresse Shop","isPartOf":{"@id":"https:\/\/www.erresse-shop.it\/de\/#website"},"datePublished":"2025-04-02T06:28:26+00:00","dateModified":"2026-02-13T10:50:24+00:00","description":"Set Kaffeetassen-Untertassen Das elegante und funktionale Set mit 6 Premium-Caff\u00e8-Latte-Tassenuntertassen aus Porzellan ist das ideale Accessoire, um Ihr","breadcrumb":{"@id":"https:\/\/www.erresse-shop.it\/de\/shop\/tisch\/teller-geschirr\/villeroy-boch-petite-fleur-6er-set-kaffeetassen-untertassen\/#breadcrumb"},"inLanguage":"de-DE","potentialAction":[{"@type":"ReadAction","target":["https:\/\/www.erresse-shop.it\/de\/shop\/tisch\/teller-geschirr\/villeroy-boch-petite-fleur-6er-set-kaffeetassen-untertassen\/"]}]},{"@type":"BreadcrumbList","@id":"https:\/\/www.erresse-shop.it\/de\/shop\/tisch\/teller-geschirr\/villeroy-boch-petite-fleur-6er-set-kaffeetassen-untertassen\/#breadcrumb","itemListElement":[{"@type":"ListItem","position":1,"name":"Home","item":"https:\/\/www.erresse-shop.it\/de\/"},{"@type":"ListItem","position":2,"name":"Shop","item":"https:\/\/www.erresse-shop.it\/de\/shop\/"},{"@type":"ListItem","position":3,"name":"VILLEROY &#038; BOCH Petite Fleur 6er-Set Kaffeetassen-Untertassen"}]},{"@type":"WebSite","@id":"https:\/\/www.erresse-shop.it\/de\/#website","url":"https:\/\/www.erresse-shop.it\/de\/","name":"Erresse Shop","description":"Articoli di qualit\u00e0 per la casa","potentialAction":[{"@type":"SearchAction","target":{"@type":"EntryPoint","urlTemplate":"https:\/\/www.erresse-shop.it\/de\/?s={search_term_string}"},"query-input":"required name=search_term_string"}],"inLanguage":"de-DE"}]}},"df_price":59,"df_sale_price":59,"df_regular_price":108,"df_image_link":"https:\/\/www.erresse-shop.it\/wp-content\/uploads\/2025\/04\/VILLEROY-BOCH-Petite-Fleur-Set-4-Pattini-per-Tazza-Caffelatte-17-cm-300x300.jpg","_links":{"self":[{"href":"https:\/\/www.erresse-shop.it\/de\/wp-json\/wp\/v2\/product\/486719"}],"collection":[{"href":"https:\/\/www.erresse-shop.it\/de\/wp-json\/wp\/v2\/product"}],"about":[{"href":"https:\/\/www.erresse-shop.it\/de\/wp-json\/wp\/v2\/types\/product"}],"wp:featuredmedia":[{"embeddable":true,"href":"https:\/\/www.erresse-shop.it\/de\/wp-json\/wp\/v2\/media\/486740"}],"wp:attachment":[{"href":"https:\/\/www.erresse-shop.it\/de\/wp-json\/wp\/v2\/media?parent=486719"}],"wp:term":[{"taxonomy":"product_cat","embeddable":true,"href":"https:\/\/www.erresse-shop.it\/de\/wp-json\/wp\/v2\/product_cat?post=486719"},{"taxonomy":"product_tag","embeddable":true,"href":"https:\/\/www.erresse-shop.it\/de\/wp-json\/wp\/v2\/product_tag?post=486719"}],"curies":[{"name":"wp","href":"https:\/\/api.w.org\/{rel}","templated":true}]}}