{"id":486540,"date":"2025-04-01T06:17:00","date_gmt":"2025-04-01T06:17:01","guid":{"rendered":"https:\/\/www.erresse-shop.it\/?post_type=product&#038;p=486540"},"modified":"2025-04-01T06:37:36","modified_gmt":"2025-04-01T06:37:36","slug":"toms-drag-kommode-jamaika-copia","status":"publish","type":"product","link":"https:\/\/www.erresse-shop.it\/de\/shop\/einrichtung-haus\/moebel\/toms-drag-kommode-jamaika-copia\/","title":{"rendered":"TOM&#8217;S DRAG Kommode Tahiti Gr\u00fcn"},"content":{"rendered":"<p><strong>Material:<\/strong> MDF<\/p>\n<p><strong>Kommode Tahiti (Gr\u00fcn)<\/strong><br \/>\nSchrank \u201eTahiti\u201c mit sechs Schubladen und sechs kleinen Schubladen zur Aufbewahrung unz\u00e4hliger kleiner Alltagsgegenst\u00e4nde. In den Farben Tahitis. Wer einem so starken M\u00f6belst\u00fcck einen kr\u00e4ftigen Farbtupfer verpasst, dr\u00fcckt damit nat\u00fcrlich auch Stilsicherheit aus. Die M\u00f6bel von Tom&#8217;s Drag werden in Handarbeit aus MDF-Holzfaserplatten gefertigt und jedes Modell wird anschlie\u00dfend sorgf\u00e4ltig bis ins kleinste Detail bemalt.<\/p>\n<p><strong>Abmessungen:<\/strong> 92 x 31 x 103 cm<\/p>\n","protected":false},"excerpt":{"rendered":"<p>Material: MDF Kommode Tahiti (Gr\u00fcn) Schrank \u201eTahiti\u201c mit sechs Schubladen und sechs kleinen Schubladen zur Aufbewahrung unz\u00e4hliger kleiner Alltagsgegenst\u00e4nde. In<\/p>\n","protected":false},"featured_media":486556,"template":"","meta":{"_acf_changed":false,"inline_featured_image":false},"product_cat":[6817,17095],"product_tag":[17134],"acf":[],"yoast_head":"<!-- This site is optimized with the Yoast SEO Premium plugin v18.6 (Yoast SEO v19.13) - https:\/\/yoast.com\/wordpress\/plugins\/seo\/ -->\n<title>TOM&#039;S DRAG schubladenschrank 9 Schubladen<\/title>\n<meta name=\"description\" content=\"Entdecken Sie TOM&#039;S DRAG schubladenschrank 9 Schubladen bei ErresseShop. Qualit\u00e4t, Stil und Funktionalit\u00e4t \u2013 jetzt online bestellen!\" \/>\n<meta name=\"robots\" content=\"index, follow, max-snippet:-1, max-image-preview:large, max-video-preview:-1\" \/>\n<link rel=\"canonical\" href=\"https:\/\/www.erresse-shop.it\/de\/shop\/einrichtung-haus\/moebel\/toms-drag-kommode-jamaika-copia\/\" \/>\n<meta property=\"og:locale\" content=\"de_DE\" \/>\n<meta property=\"og:type\" content=\"article\" \/>\n<meta property=\"og:title\" content=\"TOM&#039;S DRAG Kommode Tahiti Gr\u00fcn\" \/>\n<meta property=\"og:description\" content=\"Entdecken Sie TOM&#039;S DRAG schubladenschrank 9 Schubladen bei ErresseShop. Qualit\u00e4t, Stil und Funktionalit\u00e4t \u2013 jetzt online bestellen!\" \/>\n<meta property=\"og:url\" content=\"https:\/\/www.erresse-shop.it\/de\/shop\/einrichtung-haus\/moebel\/toms-drag-kommode-jamaika-copia\/\" \/>\n<meta property=\"og:site_name\" content=\"Erresse Shop\" \/>\n<meta property=\"article:modified_time\" content=\"2025-04-01T06:37:36+00:00\" \/>\n<meta property=\"og:image\" content=\"https:\/\/www.erresse-shop.it\/wp-content\/uploads\/2025\/04\/TOMS-DRAG-Cassettiera-Tahiti-Verde.jpg\" \/>\n\t<meta property=\"og:image:width\" content=\"1200\" \/>\n\t<meta property=\"og:image:height\" content=\"1200\" \/>\n\t<meta property=\"og:image:type\" content=\"image\/jpeg\" \/>\n<meta name=\"twitter:card\" content=\"summary_large_image\" \/>\n<script type=\"application\/ld+json\" class=\"yoast-schema-graph\">{\"@context\":\"https:\/\/schema.org\",\"@graph\":[{\"@type\":\"WebPage\",\"@id\":\"https:\/\/www.erresse-shop.it\/de\/shop\/einrichtung-haus\/moebel\/toms-drag-kommode-jamaika-copia\/\",\"url\":\"https:\/\/www.erresse-shop.it\/de\/shop\/einrichtung-haus\/moebel\/toms-drag-kommode-jamaika-copia\/\",\"name\":\"TOM'S DRAG schubladenschrank 9 Schubladen\",\"isPartOf\":{\"@id\":\"https:\/\/www.erresse-shop.it\/de\/#website\"},\"datePublished\":\"2025-04-01T06:17:01+00:00\",\"dateModified\":\"2025-04-01T06:37:36+00:00\",\"description\":\"Entdecken Sie TOM'S DRAG schubladenschrank 9 Schubladen bei ErresseShop. Qualit\u00e4t, Stil und Funktionalit\u00e4t \u2013 jetzt online bestellen!\",\"breadcrumb\":{\"@id\":\"https:\/\/www.erresse-shop.it\/de\/shop\/einrichtung-haus\/moebel\/toms-drag-kommode-jamaika-copia\/#breadcrumb\"},\"inLanguage\":\"de-DE\",\"potentialAction\":[{\"@type\":\"ReadAction\",\"target\":[\"https:\/\/www.erresse-shop.it\/de\/shop\/einrichtung-haus\/moebel\/toms-drag-kommode-jamaika-copia\/\"]}]},{\"@type\":\"BreadcrumbList\",\"@id\":\"https:\/\/www.erresse-shop.it\/de\/shop\/einrichtung-haus\/moebel\/toms-drag-kommode-jamaika-copia\/#breadcrumb\",\"itemListElement\":[{\"@type\":\"ListItem\",\"position\":1,\"name\":\"Home\",\"item\":\"https:\/\/www.erresse-shop.it\/de\/\"},{\"@type\":\"ListItem\",\"position\":2,\"name\":\"Shop\",\"item\":\"https:\/\/www.erresse-shop.it\/de\/shop\/\"},{\"@type\":\"ListItem\",\"position\":3,\"name\":\"TOM&#8217;S DRAG Kommode Tahiti Gr\u00fcn\"}]},{\"@type\":\"WebSite\",\"@id\":\"https:\/\/www.erresse-shop.it\/de\/#website\",\"url\":\"https:\/\/www.erresse-shop.it\/de\/\",\"name\":\"Erresse Shop\",\"description\":\"Articoli di qualit\u00e0 per la casa\",\"potentialAction\":[{\"@type\":\"SearchAction\",\"target\":{\"@type\":\"EntryPoint\",\"urlTemplate\":\"https:\/\/www.erresse-shop.it\/de\/?s={search_term_string}\"},\"query-input\":\"required name=search_term_string\"}],\"inLanguage\":\"de-DE\"}]}<\/script>\n<!-- \/ Yoast SEO Premium plugin. -->","yoast_head_json":{"title":"TOM'S DRAG schubladenschrank 9 Schubladen","description":"Entdecken Sie TOM'S DRAG schubladenschrank 9 Schubladen bei ErresseShop. Qualit\u00e4t, Stil und Funktionalit\u00e4t \u2013 jetzt online bestellen!","robots":{"index":"index","follow":"follow","max-snippet":"max-snippet:-1","max-image-preview":"max-image-preview:large","max-video-preview":"max-video-preview:-1"},"canonical":"https:\/\/www.erresse-shop.it\/de\/shop\/einrichtung-haus\/moebel\/toms-drag-kommode-jamaika-copia\/","og_locale":"de_DE","og_type":"article","og_title":"TOM'S DRAG Kommode Tahiti Gr\u00fcn","og_description":"Entdecken Sie TOM'S DRAG schubladenschrank 9 Schubladen bei ErresseShop. Qualit\u00e4t, Stil und Funktionalit\u00e4t \u2013 jetzt online bestellen!","og_url":"https:\/\/www.erresse-shop.it\/de\/shop\/einrichtung-haus\/moebel\/toms-drag-kommode-jamaika-copia\/","og_site_name":"Erresse Shop","article_modified_time":"2025-04-01T06:37:36+00:00","og_image":[{"width":1200,"height":1200,"url":"https:\/\/www.erresse-shop.it\/wp-content\/uploads\/2025\/04\/TOMS-DRAG-Cassettiera-Tahiti-Verde.jpg","type":"image\/jpeg"}],"twitter_card":"summary_large_image","schema":{"@context":"https:\/\/schema.org","@graph":[{"@type":"WebPage","@id":"https:\/\/www.erresse-shop.it\/de\/shop\/einrichtung-haus\/moebel\/toms-drag-kommode-jamaika-copia\/","url":"https:\/\/www.erresse-shop.it\/de\/shop\/einrichtung-haus\/moebel\/toms-drag-kommode-jamaika-copia\/","name":"TOM'S DRAG schubladenschrank 9 Schubladen","isPartOf":{"@id":"https:\/\/www.erresse-shop.it\/de\/#website"},"datePublished":"2025-04-01T06:17:01+00:00","dateModified":"2025-04-01T06:37:36+00:00","description":"Entdecken Sie TOM'S DRAG schubladenschrank 9 Schubladen bei ErresseShop. Qualit\u00e4t, Stil und Funktionalit\u00e4t \u2013 jetzt online bestellen!","breadcrumb":{"@id":"https:\/\/www.erresse-shop.it\/de\/shop\/einrichtung-haus\/moebel\/toms-drag-kommode-jamaika-copia\/#breadcrumb"},"inLanguage":"de-DE","potentialAction":[{"@type":"ReadAction","target":["https:\/\/www.erresse-shop.it\/de\/shop\/einrichtung-haus\/moebel\/toms-drag-kommode-jamaika-copia\/"]}]},{"@type":"BreadcrumbList","@id":"https:\/\/www.erresse-shop.it\/de\/shop\/einrichtung-haus\/moebel\/toms-drag-kommode-jamaika-copia\/#breadcrumb","itemListElement":[{"@type":"ListItem","position":1,"name":"Home","item":"https:\/\/www.erresse-shop.it\/de\/"},{"@type":"ListItem","position":2,"name":"Shop","item":"https:\/\/www.erresse-shop.it\/de\/shop\/"},{"@type":"ListItem","position":3,"name":"TOM&#8217;S DRAG Kommode Tahiti Gr\u00fcn"}]},{"@type":"WebSite","@id":"https:\/\/www.erresse-shop.it\/de\/#website","url":"https:\/\/www.erresse-shop.it\/de\/","name":"Erresse Shop","description":"Articoli di qualit\u00e0 per la casa","potentialAction":[{"@type":"SearchAction","target":{"@type":"EntryPoint","urlTemplate":"https:\/\/www.erresse-shop.it\/de\/?s={search_term_string}"},"query-input":"required name=search_term_string"}],"inLanguage":"de-DE"}]}},"df_price":1190.8,"df_sale_price":1190.8,"df_regular_price":2290,"df_image_link":"https:\/\/www.erresse-shop.it\/wp-content\/uploads\/2025\/04\/TOMS-DRAG-Cassettiera-Tahiti-Verde-300x300.jpg","_links":{"self":[{"href":"https:\/\/www.erresse-shop.it\/de\/wp-json\/wp\/v2\/product\/486540"}],"collection":[{"href":"https:\/\/www.erresse-shop.it\/de\/wp-json\/wp\/v2\/product"}],"about":[{"href":"https:\/\/www.erresse-shop.it\/de\/wp-json\/wp\/v2\/types\/product"}],"wp:featuredmedia":[{"embeddable":true,"href":"https:\/\/www.erresse-shop.it\/de\/wp-json\/wp\/v2\/media\/486556"}],"wp:attachment":[{"href":"https:\/\/www.erresse-shop.it\/de\/wp-json\/wp\/v2\/media?parent=486540"}],"wp:term":[{"taxonomy":"product_cat","embeddable":true,"href":"https:\/\/www.erresse-shop.it\/de\/wp-json\/wp\/v2\/product_cat?post=486540"},{"taxonomy":"product_tag","embeddable":true,"href":"https:\/\/www.erresse-shop.it\/de\/wp-json\/wp\/v2\/product_tag?post=486540"}],"curies":[{"name":"wp","href":"https:\/\/api.w.org\/{rel}","templated":true}]}}