{"id":486281,"date":"2025-03-31T10:49:24","date_gmt":"2025-03-31T10:49:25","guid":{"rendered":"https:\/\/www.erresse-shop.it\/?post_type=product&#038;p=486281"},"modified":"2025-03-31T12:12:05","modified_gmt":"2025-03-31T12:12:05","slug":"jura-kaffeemaschine-s8-platin-copia","status":"publish","type":"product","link":"https:\/\/www.erresse-shop.it\/de\/shop\/kleine-elektrogeraete\/kaffeemaschinen-espresso\/automatisch\/jura-kaffeemaschine-s8-platin-copia\/","title":{"rendered":"JURA Kaffeemaschine Z10 Aluminium Dark Inox"},"content":{"rendered":"<div class=\"Seitenuntertitel\">\n<div class=\"Seitenuntertitel\">\n<div class=\"Seitenuntertitel\">\n<div class=\"Seitenuntertitel\">\n<div class=\"page-subtitle\">\n<p class=\"\" data-start=\"6866\" data-end=\"7484\"><strong data-start=\"6866\" data-end=\"6943\">Die revolution\u00e4re Z10 mit P.R.G. f\u00fcr hei\u00dfe und Cold Brew Kaffeekreationen<\/strong><br data-start=\"6943\" data-end=\"6946\" \/>Die neue Z10, ein Meisterwerk der Schweizer Ingenieurskunst, verdoppelt die Vielfalt der Kaffeekreationen. Auf Knopfdruck bereitet sie die gesamte Palette an hei\u00dfen Getr\u00e4nken zu, von intensivem Espresso bis hin zum trendigen Flat White, w\u00e4hrend die Cold Brew Spezialit\u00e4ten eine neue Dimension des Kaffeegenusses einf\u00fchren und ein ganz neues Universum er\u00f6ffnen. Dies wird durch den Product Recognising Grinder (P.R.G.) erm\u00f6glicht, der die ausgew\u00e4hlte Spezialit\u00e4t erkennt und die Mahlgrad-Finheit innerhalb von Sekunden automatisch anpasst.<\/p>\n<p class=\"\" data-start=\"7486\" data-end=\"8112\"><strong data-start=\"7486\" data-end=\"7535\">Der neue Product Recognising Grinder (P.R.G.)<\/strong><br data-start=\"7535\" data-end=\"7538\" \/>Um die optimale Mahlung f\u00fcr jede Spezialit\u00e4t zu gew\u00e4hrleisten, entwickelten die Ingenieure von JURA den Product Recognising Grinder (P.R.G.). Dieser Pr\u00e4zisionsm\u00fchle stellt den gew\u00fcnschten Mahlgrad elektronisch in Bruchteilen von Sekunden ein \u2013 viel schneller und h\u00e4ufiger als manuelle Einstellungen. Der Mahlgrad reicht von sehr fein f\u00fcr kurze Getr\u00e4nke bis hin zu sehr grob f\u00fcr lange Spezialit\u00e4ten. Kaffeeliebhaber m\u00fcssen sich keine Sorgen machen: Die Anpassung erfolgt automatisch w\u00e4hrend der Zubereitung und kann dennoch individuell vor der Zubereitung eingestellt werden.<\/p>\n<p class=\"\" data-start=\"8114\" data-end=\"8693\"><strong data-start=\"8114\" data-end=\"8145\">Cold Brew \u2013 extreme Frische<\/strong><br data-start=\"8145\" data-end=\"8148\" \/>Dank des Cold Extraction Process bereitet die Z10 authentische Cold Brew Spezialit\u00e4ten zu. W\u00e4hrend viele herk\u00f6mmliche kalte Kaffegetr\u00e4nke mit hei\u00dfem Kaffee zubereitet und dann abgek\u00fchlt werden, erfolgt bei der Z10 die Extraktion mit kaltem Wasser unter hohem Druck, unter Verwendung eines pulsierenden Prozesses und grob gemahlenem Kaffee. Das Ergebnis ist ein erfrischendes, nat\u00fcrliches und belebendes Getr\u00e4nk, bei dem die fruchtigen Aromen des Kaffees ohne die negativen Bitterstoffe vollst\u00e4ndig zur Geltung kommen. Mehr als nur kalter Kaffee.<\/p>\n<p class=\"\" data-start=\"8695\" data-end=\"9073\"><strong data-start=\"8695\" data-end=\"8727\">Br\u00fchgruppe der 8. Generation<\/strong><br data-start=\"8727\" data-end=\"8730\" \/>Die Br\u00fchgruppe ist das Herz jeder Automatenmaschine. F\u00fcr die Z10 hat JURA die Br\u00fchgruppe der 8. Generation entwickelt. Mit seiner einzigartigen 3D-Br\u00fchtechnologie sorgt sie f\u00fcr den gleichm\u00e4\u00dfigen Wasserfluss durch das Kaffeepulver auf mehreren Ebenen, um das Aroma optimal zu extrahieren \u2013 sowohl f\u00fcr hei\u00dfe Spezialit\u00e4ten als auch f\u00fcr Cold Brew.<\/p>\n<p class=\"\" data-start=\"9075\" data-end=\"9606\"><strong data-start=\"9075\" data-end=\"9104\">Luxus auf h\u00f6chstem Niveau<\/strong><br data-start=\"9104\" data-end=\"9107\" \/>Die Vorder- und Oberfl\u00e4chen der Signature Line von JURA bestehen aus 3 mm dickem Aluminium. Eine Reihe komplexer Verarbeitungsschritte verleiht dem Material das charakteristische &#8220;Gesicht&#8221; der Z-Serie. Der elektrochemische Anodisierungsprozess veredelt die Oberfl\u00e4che, und die Farbe betont sowohl den typischen Charakter des Materials als auch das raffinierte Design. Der massive, verchromte Zinkgussbecherhalter vervollst\u00e4ndigt das einzigartige und unverwechselbare Aussehen der Z10 Signature Line.<\/p>\n<p class=\"\" data-start=\"9608\" data-end=\"9778\"><strong data-start=\"9608\" data-end=\"9656\">Die JURA-Maschine bietet 40 Kaffeekreationen<\/strong>, darunter Espresso, Cold Brew, Cappuccino, Latte Macchiato und viele weitere Varianten mit Extra-Shot- oder S\u00fc\u00df-Optionen.<\/p>\n<p class=\"\" data-start=\"9780\" data-end=\"9798\"><strong data-start=\"9780\" data-end=\"9797\">Hauptmerkmale<\/strong>:<\/p>\n<ul data-start=\"9799\" data-end=\"10170\">\n<li class=\"\" data-start=\"9799\" data-end=\"9878\">\n<p class=\"\" data-start=\"9801\" data-end=\"9878\">Cold Extraction Process und Sweet Foam Function f\u00fcr eine s\u00fc\u00dfe Milchsch\u00e4umung.<\/p>\n<\/li>\n<li class=\"\" data-start=\"9879\" data-end=\"9945\">\n<p class=\"\" data-start=\"9881\" data-end=\"9945\">Automatic Grinder Adjustment (A.G.A.) f\u00fcr eine optimale Mahlung.<\/p>\n<\/li>\n<li class=\"\" data-start=\"9946\" data-end=\"10002\">\n<p class=\"\" data-start=\"9948\" data-end=\"10002\">Wi-Fi Connect f\u00fcr die Verbindung mit dem Heimnetzwerk.<\/p>\n<\/li>\n<li class=\"\" data-start=\"10003\" data-end=\"10066\">\n<p class=\"\" data-start=\"10005\" data-end=\"10066\">3 mm dickes Aluminiumfrontpanel und beleuchtete Tassenablage.<\/p>\n<\/li>\n<li class=\"\" data-start=\"10067\" data-end=\"10118\">\n<p class=\"\" data-start=\"10069\" data-end=\"10118\">4,3&#8243; Touchscreen-Display f\u00fcr intuitive Steuerung.<\/p>\n<\/li>\n<li class=\"\" data-start=\"10119\" data-end=\"10170\">\n<p class=\"\" data-start=\"10121\" data-end=\"10170\">One-Touch-Reinigungssystem f\u00fcr den Milchbeh\u00e4lter.<\/p>\n<\/li>\n<\/ul>\n<p class=\"\" data-start=\"10172\" data-end=\"10193\"><strong data-start=\"10172\" data-end=\"10192\">Technische Daten<\/strong>:<\/p>\n<ul data-start=\"10194\" data-end=\"10399\">\n<li class=\"\" data-start=\"10194\" data-end=\"10222\">\n<p class=\"\" data-start=\"10196\" data-end=\"10222\">Wassertankkapazit\u00e4t: 2,4 l<\/p>\n<\/li>\n<li class=\"\" data-start=\"10223\" data-end=\"10255\">\n<p class=\"\" data-start=\"10225\" data-end=\"10255\">Kaffeebeh\u00e4lterkapazit\u00e4t: 280 g<\/p>\n<\/li>\n<li class=\"\" data-start=\"10256\" data-end=\"10301\">\n<p class=\"\" data-start=\"10258\" data-end=\"10301\">Beh\u00e4lter f\u00fcr Kaffeer\u00fcckst\u00e4nde: 20 Portionen<\/p>\n<\/li>\n<li class=\"\" data-start=\"10302\" data-end=\"10334\">\n<p class=\"\" data-start=\"10304\" data-end=\"10334\">Abmessungen: 32 \u00d7 36,3 \u00d7 47 cm<\/p>\n<\/li>\n<li class=\"\" data-start=\"10335\" data-end=\"10351\">\n<p class=\"\" data-start=\"10337\" data-end=\"10351\">Gewicht: 13 kg<\/p>\n<\/li>\n<li class=\"\" data-start=\"10352\" data-end=\"10370\">\n<p class=\"\" data-start=\"10354\" data-end=\"10370\">Leistung: 1450 W<\/p>\n<\/li>\n<li class=\"\" data-start=\"10371\" data-end=\"10399\">\n<p class=\"\" data-start=\"10373\" data-end=\"10399\">Hergestellt in der Schweiz<\/p>\n<\/li>\n<\/ul>\n<\/div>\n<\/div>\n<\/div>\n<\/div>\n<\/div>\n","protected":false},"excerpt":{"rendered":"<p>Die revolution\u00e4re Z10 mit P.R.G. f\u00fcr hei\u00dfe und Cold Brew KaffeekreationenDie neue Z10, ein Meisterwerk der Schweizer Ingenieurskunst, verdoppelt die<\/p>\n","protected":false},"featured_media":486314,"template":"","meta":{"_acf_changed":false,"inline_featured_image":false},"product_cat":[6733,6703,25361],"product_tag":[23569,23564,20766,13966],"acf":[],"yoast_head":"<!-- This site is optimized with the Yoast SEO Premium plugin v18.6 (Yoast SEO v19.13) - https:\/\/yoast.com\/wordpress\/plugins\/seo\/ -->\n<title>JURA Kaffeemaschine C8 Piano Black<\/title>\n<meta name=\"description\" content=\"Entdecken Sie JURA Kaffeemaschine C8 Piano Black bei ErresseShop. Qualit\u00e4t, Stil und Funktionalit\u00e4t \u2013 jetzt online bestellen!\" \/>\n<meta name=\"robots\" content=\"index, follow, max-snippet:-1, max-image-preview:large, max-video-preview:-1\" \/>\n<link rel=\"canonical\" href=\"https:\/\/www.erresse-shop.it\/de\/shop\/kleine-elektrogeraete\/kaffeemaschinen-espresso\/automatisch\/jura-kaffeemaschine-s8-platin-copia\/\" \/>\n<meta property=\"og:locale\" content=\"de_DE\" \/>\n<meta property=\"og:type\" content=\"article\" \/>\n<meta property=\"og:title\" content=\"JURA Kaffeemaschine Z10 Aluminium Dark Inox\" \/>\n<meta property=\"og:description\" content=\"Entdecken Sie JURA Kaffeemaschine C8 Piano Black bei ErresseShop. Qualit\u00e4t, Stil und Funktionalit\u00e4t \u2013 jetzt online bestellen!\" \/>\n<meta property=\"og:url\" content=\"https:\/\/www.erresse-shop.it\/de\/shop\/kleine-elektrogeraete\/kaffeemaschinen-espresso\/automatisch\/jura-kaffeemaschine-s8-platin-copia\/\" \/>\n<meta property=\"og:site_name\" content=\"Erresse Shop\" \/>\n<meta property=\"article:modified_time\" content=\"2025-03-31T12:12:05+00:00\" \/>\n<meta property=\"og:image\" content=\"https:\/\/www.erresse-shop.it\/wp-content\/uploads\/2025\/03\/JURA-Macchina-Da-Caffe-Z10-Aluminium-Dark-Inox.jpg\" \/>\n\t<meta property=\"og:image:width\" content=\"1200\" \/>\n\t<meta property=\"og:image:height\" content=\"1200\" \/>\n\t<meta property=\"og:image:type\" content=\"image\/jpeg\" \/>\n<meta name=\"twitter:card\" content=\"summary_large_image\" \/>\n<script type=\"application\/ld+json\" class=\"yoast-schema-graph\">{\"@context\":\"https:\/\/schema.org\",\"@graph\":[{\"@type\":\"WebPage\",\"@id\":\"https:\/\/www.erresse-shop.it\/de\/shop\/kleine-elektrogeraete\/kaffeemaschinen-espresso\/automatisch\/jura-kaffeemaschine-s8-platin-copia\/\",\"url\":\"https:\/\/www.erresse-shop.it\/de\/shop\/kleine-elektrogeraete\/kaffeemaschinen-espresso\/automatisch\/jura-kaffeemaschine-s8-platin-copia\/\",\"name\":\"JURA Kaffeemaschine C8 Piano Black\",\"isPartOf\":{\"@id\":\"https:\/\/www.erresse-shop.it\/de\/#website\"},\"datePublished\":\"2025-03-31T10:49:25+00:00\",\"dateModified\":\"2025-03-31T12:12:05+00:00\",\"description\":\"Entdecken Sie JURA Kaffeemaschine C8 Piano Black bei ErresseShop. Qualit\u00e4t, Stil und Funktionalit\u00e4t \u2013 jetzt online bestellen!\",\"breadcrumb\":{\"@id\":\"https:\/\/www.erresse-shop.it\/de\/shop\/kleine-elektrogeraete\/kaffeemaschinen-espresso\/automatisch\/jura-kaffeemaschine-s8-platin-copia\/#breadcrumb\"},\"inLanguage\":\"de-DE\",\"potentialAction\":[{\"@type\":\"ReadAction\",\"target\":[\"https:\/\/www.erresse-shop.it\/de\/shop\/kleine-elektrogeraete\/kaffeemaschinen-espresso\/automatisch\/jura-kaffeemaschine-s8-platin-copia\/\"]}]},{\"@type\":\"BreadcrumbList\",\"@id\":\"https:\/\/www.erresse-shop.it\/de\/shop\/kleine-elektrogeraete\/kaffeemaschinen-espresso\/automatisch\/jura-kaffeemaschine-s8-platin-copia\/#breadcrumb\",\"itemListElement\":[{\"@type\":\"ListItem\",\"position\":1,\"name\":\"Home\",\"item\":\"https:\/\/www.erresse-shop.it\/de\/\"},{\"@type\":\"ListItem\",\"position\":2,\"name\":\"Shop\",\"item\":\"https:\/\/www.erresse-shop.it\/de\/shop\/\"},{\"@type\":\"ListItem\",\"position\":3,\"name\":\"JURA Kaffeemaschine Z10 Aluminium Dark Inox\"}]},{\"@type\":\"WebSite\",\"@id\":\"https:\/\/www.erresse-shop.it\/de\/#website\",\"url\":\"https:\/\/www.erresse-shop.it\/de\/\",\"name\":\"Erresse Shop\",\"description\":\"Articoli di qualit\u00e0 per la casa\",\"potentialAction\":[{\"@type\":\"SearchAction\",\"target\":{\"@type\":\"EntryPoint\",\"urlTemplate\":\"https:\/\/www.erresse-shop.it\/de\/?s={search_term_string}\"},\"query-input\":\"required name=search_term_string\"}],\"inLanguage\":\"de-DE\"}]}<\/script>\n<!-- \/ Yoast SEO Premium plugin. -->","yoast_head_json":{"title":"JURA Kaffeemaschine C8 Piano Black","description":"Entdecken Sie JURA Kaffeemaschine C8 Piano Black bei ErresseShop. Qualit\u00e4t, Stil und Funktionalit\u00e4t \u2013 jetzt online bestellen!","robots":{"index":"index","follow":"follow","max-snippet":"max-snippet:-1","max-image-preview":"max-image-preview:large","max-video-preview":"max-video-preview:-1"},"canonical":"https:\/\/www.erresse-shop.it\/de\/shop\/kleine-elektrogeraete\/kaffeemaschinen-espresso\/automatisch\/jura-kaffeemaschine-s8-platin-copia\/","og_locale":"de_DE","og_type":"article","og_title":"JURA Kaffeemaschine Z10 Aluminium Dark Inox","og_description":"Entdecken Sie JURA Kaffeemaschine C8 Piano Black bei ErresseShop. Qualit\u00e4t, Stil und Funktionalit\u00e4t \u2013 jetzt online bestellen!","og_url":"https:\/\/www.erresse-shop.it\/de\/shop\/kleine-elektrogeraete\/kaffeemaschinen-espresso\/automatisch\/jura-kaffeemaschine-s8-platin-copia\/","og_site_name":"Erresse Shop","article_modified_time":"2025-03-31T12:12:05+00:00","og_image":[{"width":1200,"height":1200,"url":"https:\/\/www.erresse-shop.it\/wp-content\/uploads\/2025\/03\/JURA-Macchina-Da-Caffe-Z10-Aluminium-Dark-Inox.jpg","type":"image\/jpeg"}],"twitter_card":"summary_large_image","schema":{"@context":"https:\/\/schema.org","@graph":[{"@type":"WebPage","@id":"https:\/\/www.erresse-shop.it\/de\/shop\/kleine-elektrogeraete\/kaffeemaschinen-espresso\/automatisch\/jura-kaffeemaschine-s8-platin-copia\/","url":"https:\/\/www.erresse-shop.it\/de\/shop\/kleine-elektrogeraete\/kaffeemaschinen-espresso\/automatisch\/jura-kaffeemaschine-s8-platin-copia\/","name":"JURA Kaffeemaschine C8 Piano Black","isPartOf":{"@id":"https:\/\/www.erresse-shop.it\/de\/#website"},"datePublished":"2025-03-31T10:49:25+00:00","dateModified":"2025-03-31T12:12:05+00:00","description":"Entdecken Sie JURA Kaffeemaschine C8 Piano Black bei ErresseShop. Qualit\u00e4t, Stil und Funktionalit\u00e4t \u2013 jetzt online bestellen!","breadcrumb":{"@id":"https:\/\/www.erresse-shop.it\/de\/shop\/kleine-elektrogeraete\/kaffeemaschinen-espresso\/automatisch\/jura-kaffeemaschine-s8-platin-copia\/#breadcrumb"},"inLanguage":"de-DE","potentialAction":[{"@type":"ReadAction","target":["https:\/\/www.erresse-shop.it\/de\/shop\/kleine-elektrogeraete\/kaffeemaschinen-espresso\/automatisch\/jura-kaffeemaschine-s8-platin-copia\/"]}]},{"@type":"BreadcrumbList","@id":"https:\/\/www.erresse-shop.it\/de\/shop\/kleine-elektrogeraete\/kaffeemaschinen-espresso\/automatisch\/jura-kaffeemaschine-s8-platin-copia\/#breadcrumb","itemListElement":[{"@type":"ListItem","position":1,"name":"Home","item":"https:\/\/www.erresse-shop.it\/de\/"},{"@type":"ListItem","position":2,"name":"Shop","item":"https:\/\/www.erresse-shop.it\/de\/shop\/"},{"@type":"ListItem","position":3,"name":"JURA Kaffeemaschine Z10 Aluminium Dark Inox"}]},{"@type":"WebSite","@id":"https:\/\/www.erresse-shop.it\/de\/#website","url":"https:\/\/www.erresse-shop.it\/de\/","name":"Erresse Shop","description":"Articoli di qualit\u00e0 per la casa","potentialAction":[{"@type":"SearchAction","target":{"@type":"EntryPoint","urlTemplate":"https:\/\/www.erresse-shop.it\/de\/?s={search_term_string}"},"query-input":"required name=search_term_string"}],"inLanguage":"de-DE"}]}},"df_price":2609.1,"df_sale_price":2609.1,"df_regular_price":2899,"df_image_link":"https:\/\/www.erresse-shop.it\/wp-content\/uploads\/2025\/03\/JURA-Macchina-Da-Caffe-Z10-Aluminium-Dark-Inox-300x300.jpg","_links":{"self":[{"href":"https:\/\/www.erresse-shop.it\/de\/wp-json\/wp\/v2\/product\/486281"}],"collection":[{"href":"https:\/\/www.erresse-shop.it\/de\/wp-json\/wp\/v2\/product"}],"about":[{"href":"https:\/\/www.erresse-shop.it\/de\/wp-json\/wp\/v2\/types\/product"}],"wp:featuredmedia":[{"embeddable":true,"href":"https:\/\/www.erresse-shop.it\/de\/wp-json\/wp\/v2\/media\/486314"}],"wp:attachment":[{"href":"https:\/\/www.erresse-shop.it\/de\/wp-json\/wp\/v2\/media?parent=486281"}],"wp:term":[{"taxonomy":"product_cat","embeddable":true,"href":"https:\/\/www.erresse-shop.it\/de\/wp-json\/wp\/v2\/product_cat?post=486281"},{"taxonomy":"product_tag","embeddable":true,"href":"https:\/\/www.erresse-shop.it\/de\/wp-json\/wp\/v2\/product_tag?post=486281"}],"curies":[{"name":"wp","href":"https:\/\/api.w.org\/{rel}","templated":true}]}}