{"id":486157,"date":"2025-03-31T09:54:20","date_gmt":"2025-03-31T09:54:21","guid":{"rendered":"https:\/\/www.erresse-shop.it\/?post_type=product&#038;p=486157"},"modified":"2025-03-31T10:10:06","modified_gmt":"2025-03-31T10:10:06","slug":"jura-kaffeemaschine-j8-piano-black-copia","status":"publish","type":"product","link":"https:\/\/www.erresse-shop.it\/de\/shop\/kleine-elektrogeraete\/kaffeemaschinen-espresso\/automatisch\/jura-kaffeemaschine-j8-piano-black-copia\/","title":{"rendered":"JURA Kaffeemaschine J8 Twin Diamond Black"},"content":{"rendered":"<div class=\"Seitenuntertitel\">\n<div class=\"Seitenuntertitel\">\n<div class=\"Seitenuntertitel\">\n<div class=\"Seitenuntertitel\">\n<div class=\"page-subtitle\">\n<p class=\"\" data-start=\"8011\" data-end=\"8408\"><strong data-start=\"8011\" data-end=\"8065\">Maximale Flexibilit\u00e4t mit doppelt so viel Leistung<\/strong><br data-start=\"8065\" data-end=\"8068\" \/>Eine Kaffeekreation mit oder ohne Koffein? Ein dunkel ger\u00f6steter Espresso oder eine zarte Lungo-Mischung? Die J8 twin von JURA ist mit zwei Pr\u00e4zisions-Kaffeem\u00fchlen ausgestattet und vereint buchst\u00e4blich zwei Kaffeespezialit\u00e4tenautomaten in einem Ger\u00e4t. Statt die Wahl &#8220;entweder das oder das&#8221; zu treffen, erm\u00f6glicht sie es, &#8220;beides zu haben.&#8221;<\/p>\n<p class=\"\" data-start=\"8410\" data-end=\"9262\"><strong data-start=\"8410\" data-end=\"8451\">Zwei Pr\u00e4zisions-Kaffeem\u00fchlen P.A.G.3+<\/strong><br data-start=\"8451\" data-end=\"8454\" \/>Mit der J8 twin wird der Kaffeegenuss noch flexibler. Durch die M\u00f6glichkeit, zwei verschiedene Kaffeetypen zu verwenden, bietet der Automaten mehr Vielfalt, um allen Geschm\u00e4ckern gerecht zu werden. M\u00f6gen Sie tags\u00fcber den koffeinhaltigen Kaffee und abends lieber einen entkoffeinierten? Oder verwenden Sie gerne verschiedene R\u00f6stungen f\u00fcr Ihre bevorzugten Spezialit\u00e4ten? Die J8 erf\u00fcllt alle Ihre W\u00fcnsche. Das ausgekl\u00fcgelte Design erm\u00f6glicht es, die J8 twin mit zwei hochleistungsf\u00e4higen P.A.G.3+ Kaffeem\u00fchlen auszustatten. Beide bieten eine aktive Mahlgradkontrolle, die sogenannte Aromakontrolle, und gew\u00e4hrleisten eine pr\u00e4zise und konstante Mahlung. Der Stand-by-Zustand zwischen den Zubereitungen sch\u00fctzt die M\u00fchlen und gew\u00e4hrleistet ihre lange Lebensdauer sowie einen konstant exzellenten Kaffeegeschmack.<\/p>\n<p class=\"\" data-start=\"9264\" data-end=\"9953\"><strong data-start=\"9264\" data-end=\"9311\">Personalisierte Spezialit\u00e4ten wie nie zuvor<\/strong><br data-start=\"9311\" data-end=\"9314\" \/>Die J8 twin bereitet 31 Kaffeespezialit\u00e4ten perfekt zu. Die beiden M\u00fchlen bieten maximale Flexibilit\u00e4t f\u00fcr unendliche Anpassungsm\u00f6glichkeiten und erm\u00f6glichen es, jeden Kaffee nach dem pers\u00f6nlichen Geschmack zuzubereiten: stark oder mild, mit oder ohne Koffein und mit der bevorzugten Mischung, immer frisch gemahlen. Kurz gesagt: Sie bietet die Vorteile von zwei Automaten in einem kompakten Ger\u00e4t. Aber das ist noch nicht alles: Sie aromatisiert und s\u00fc\u00dft auch sanft den Milchschaum und \u00f6ffnet so die T\u00fcr zu neuen Geschmackserlebnissen. Das Spezialit\u00e4tenangebot erf\u00fcllt jeden Wunsch, vom klassischen Espresso bis zum trendigen Sweet Latte.<\/p>\n<p class=\"\" data-start=\"9955\" data-end=\"10711\"><strong data-start=\"9955\" data-end=\"10002\">Mit einem Touch jeden Kaffeewunsch erf\u00fcllen<\/strong><br data-start=\"10002\" data-end=\"10005\" \/>Das Panorama Coffee Panel erm\u00f6glicht eine intuitive Bedienung, damit Sie alle Vorteile der J8 twin genie\u00dfen k\u00f6nnen. Die selbsterkl\u00e4rende Bedienphilosophie basiert auf streng logischen Kriterien. Der Easy Mode bietet maximale Flexibilit\u00e4t, indem er die Spezialit\u00e4ten an Ihre bevorzugten Tassen anpasst, indem Sie entsprechende Schieberegler verwenden. Die Bedienung wird durch Assistenzsysteme weiter erleichtert. Die Aromakontrolle gew\u00e4hrleistet den idealen Mahlgrad. Das Coffee Eye, ein intelligenter Tassen-Sensor, sorgt daf\u00fcr, dass die Tassen unter dem jeweiligen Dispenser korrekt positioniert werden, je nach gew\u00e4hlter Spezialit\u00e4t. Nat\u00fcrlich funktioniert auch die Reinigung und Wartung auf Knopfdruck.<\/p>\n<p class=\"\" data-start=\"10713\" data-end=\"11432\"><strong data-start=\"10713\" data-end=\"10781\">Exzellentes Design und herausragende Leistung auf kleinstem Raum<\/strong><br data-start=\"10781\" data-end=\"10784\" \/>Die Leistung von zwei M\u00fchlen im kompakten Format wird in einem eleganten und harmonischen Design ausgedr\u00fcckt. Dank der schlichten Linienf\u00fchrung, hochwertiger Materialien und hervorragender Verarbeitung vermittelt die J8 twin \u00dcberlegenheit und Kompetenz. Vom Mahlgrad bis zum h\u00f6henverstellbaren Kaffeeglasdispenser, bis hin zu den Kaffeebohnendeckeln: Die Liebe zum Detail ist \u00fcberall sp\u00fcrbar. Funktionalit\u00e4t und Form verschmelzen zu einer symbiotischen Einheit, wobei das Panorama Coffee Panel im Mittelpunkt steht. Kombiniert mit subtilen ma\u00dfgeschneiderten Details passt sich die Farbwahl perfekt der Eleganz dieses au\u00dfergew\u00f6hnlichen Automaten an.<\/p>\n<p class=\"\" data-start=\"11434\" data-end=\"11458\"><strong data-start=\"11434\" data-end=\"11458\">Kaffeespezialit\u00e4ten:<\/strong><\/p>\n<ul data-start=\"11459\" data-end=\"11585\">\n<li class=\"\" data-start=\"11459\" data-end=\"11585\">\n<p class=\"\" data-start=\"11461\" data-end=\"11585\">31 Kaffeeoptionen, darunter Espresso, Cappuccino, Lungo, Latte Macchiato und verschiedene Optionen mit extra Shots oder s\u00fc\u00df.<\/p>\n<\/li>\n<\/ul>\n<p class=\"\" data-start=\"11587\" data-end=\"11612\"><strong data-start=\"11587\" data-end=\"11612\">Spezielle Funktionen:<\/strong><\/p>\n<ul data-start=\"11613\" data-end=\"11733\">\n<li class=\"\" data-start=\"11613\" data-end=\"11634\">\n<p class=\"\" data-start=\"11615\" data-end=\"11634\">Sweet Foam-Funktion<\/p>\n<\/li>\n<li class=\"\" data-start=\"11635\" data-end=\"11661\">\n<p class=\"\" data-start=\"11637\" data-end=\"11661\">Aktive Mahlgradkontrolle<\/p>\n<\/li>\n<li class=\"\" data-start=\"11662\" data-end=\"11674\">\n<p class=\"\" data-start=\"11664\" data-end=\"11674\">Coffee Eye<\/p>\n<\/li>\n<li class=\"\" data-start=\"11675\" data-end=\"11710\">\n<p class=\"\" data-start=\"11677\" data-end=\"11710\">Wi-Fi-Verbindung zum Heimnetzwerk<\/p>\n<\/li>\n<li class=\"\" data-start=\"11711\" data-end=\"11733\">\n<p class=\"\" data-start=\"11713\" data-end=\"11733\">Wi-Fi Connect Sender<\/p>\n<\/li>\n<\/ul>\n<p class=\"\" data-start=\"11735\" data-end=\"11766\"><strong data-start=\"11735\" data-end=\"11766\">Technische Spezifikationen:<\/strong><\/p>\n<ul data-start=\"11767\" data-end=\"12012\">\n<li class=\"\" data-start=\"11767\" data-end=\"11795\">\n<p class=\"\" data-start=\"11769\" data-end=\"11795\">Wassertankkapazit\u00e4t: 1,9 l<\/p>\n<\/li>\n<li class=\"\" data-start=\"11796\" data-end=\"11834\">\n<p class=\"\" data-start=\"11798\" data-end=\"11834\">Kaffeebohnentankkapazit\u00e4t: 2 \u00d7 180 g<\/p>\n<\/li>\n<li class=\"\" data-start=\"11835\" data-end=\"11867\">\n<p class=\"\" data-start=\"11837\" data-end=\"11867\">Kaffeemarkentank: 16 Portionen<\/p>\n<\/li>\n<li class=\"\" data-start=\"11868\" data-end=\"11887\">\n<p class=\"\" data-start=\"11870\" data-end=\"11887\">Kabell\u00e4nge: 1,1 m<\/p>\n<\/li>\n<li class=\"\" data-start=\"11888\" data-end=\"11914\">\n<p class=\"\" data-start=\"11890\" data-end=\"11914\">Spannung: 230 V \/ 1450 W<\/p>\n<\/li>\n<li class=\"\" data-start=\"11915\" data-end=\"11933\">\n<p class=\"\" data-start=\"11917\" data-end=\"11933\">Gewicht: 11,5 kg<\/p>\n<\/li>\n<li class=\"\" data-start=\"11934\" data-end=\"11966\">\n<p class=\"\" data-start=\"11936\" data-end=\"11966\">Abmessungen: 31 \u00d7 36 \u00d7 44,6 cm<\/p>\n<\/li>\n<li class=\"\" data-start=\"11967\" data-end=\"11993\">\n<p class=\"\" data-start=\"11969\" data-end=\"11993\">Produktionsland: Schweiz<\/p>\n<\/li>\n<li class=\"\" data-start=\"11994\" data-end=\"12012\">\n<p class=\"\" data-start=\"11996\" data-end=\"12012\">Modelljahr: 2023<\/p>\n<\/li>\n<\/ul>\n<\/div>\n<\/div>\n<\/div>\n<\/div>\n<\/div>\n","protected":false},"excerpt":{"rendered":"<p>Maximale Flexibilit\u00e4t mit doppelt so viel LeistungEine Kaffeekreation mit oder ohne Koffein? Ein dunkel ger\u00f6steter Espresso oder eine zarte Lungo-Mischung?<\/p>\n","protected":false},"featured_media":486190,"template":"","meta":{"_acf_changed":false,"inline_featured_image":false},"product_cat":[6733,6703,25361],"product_tag":[23569,23564,20766,13966],"acf":[],"yoast_head":"<!-- This site is optimized with the Yoast SEO Premium plugin v18.6 (Yoast SEO v19.13) - https:\/\/yoast.com\/wordpress\/plugins\/seo\/ -->\n<title>JURA Kaffeemaschine C8 Piano Black<\/title>\n<meta name=\"description\" content=\"Entdecken Sie JURA Kaffeemaschine C8 Piano Black bei ErresseShop. Qualit\u00e4t, Stil und Funktionalit\u00e4t \u2013 jetzt online bestellen!\" \/>\n<meta name=\"robots\" content=\"index, follow, max-snippet:-1, max-image-preview:large, max-video-preview:-1\" \/>\n<link rel=\"canonical\" href=\"https:\/\/www.erresse-shop.it\/de\/shop\/kleine-elektrogeraete\/kaffeemaschinen-espresso\/automatisch\/jura-kaffeemaschine-j8-piano-black-copia\/\" \/>\n<meta property=\"og:locale\" content=\"de_DE\" \/>\n<meta property=\"og:type\" content=\"article\" \/>\n<meta property=\"og:title\" content=\"JURA Kaffeemaschine J8 Twin Diamond Black\" \/>\n<meta property=\"og:description\" content=\"Entdecken Sie JURA Kaffeemaschine C8 Piano Black bei ErresseShop. Qualit\u00e4t, Stil und Funktionalit\u00e4t \u2013 jetzt online bestellen!\" \/>\n<meta property=\"og:url\" content=\"https:\/\/www.erresse-shop.it\/de\/shop\/kleine-elektrogeraete\/kaffeemaschinen-espresso\/automatisch\/jura-kaffeemaschine-j8-piano-black-copia\/\" \/>\n<meta property=\"og:site_name\" content=\"Erresse Shop\" \/>\n<meta property=\"article:modified_time\" content=\"2025-03-31T10:10:06+00:00\" \/>\n<meta property=\"og:image\" content=\"https:\/\/www.erresse-shop.it\/wp-content\/uploads\/2025\/03\/JURA-Macchina-Da-Caffe-J8-Twin-Diamond-Black.jpg\" \/>\n\t<meta property=\"og:image:width\" content=\"1200\" \/>\n\t<meta property=\"og:image:height\" content=\"1200\" \/>\n\t<meta property=\"og:image:type\" content=\"image\/jpeg\" \/>\n<meta name=\"twitter:card\" content=\"summary_large_image\" \/>\n<script type=\"application\/ld+json\" class=\"yoast-schema-graph\">{\"@context\":\"https:\/\/schema.org\",\"@graph\":[{\"@type\":\"WebPage\",\"@id\":\"https:\/\/www.erresse-shop.it\/de\/shop\/kleine-elektrogeraete\/kaffeemaschinen-espresso\/automatisch\/jura-kaffeemaschine-j8-piano-black-copia\/\",\"url\":\"https:\/\/www.erresse-shop.it\/de\/shop\/kleine-elektrogeraete\/kaffeemaschinen-espresso\/automatisch\/jura-kaffeemaschine-j8-piano-black-copia\/\",\"name\":\"JURA Kaffeemaschine C8 Piano Black\",\"isPartOf\":{\"@id\":\"https:\/\/www.erresse-shop.it\/de\/#website\"},\"datePublished\":\"2025-03-31T09:54:21+00:00\",\"dateModified\":\"2025-03-31T10:10:06+00:00\",\"description\":\"Entdecken Sie JURA Kaffeemaschine C8 Piano Black bei ErresseShop. Qualit\u00e4t, Stil und Funktionalit\u00e4t \u2013 jetzt online bestellen!\",\"breadcrumb\":{\"@id\":\"https:\/\/www.erresse-shop.it\/de\/shop\/kleine-elektrogeraete\/kaffeemaschinen-espresso\/automatisch\/jura-kaffeemaschine-j8-piano-black-copia\/#breadcrumb\"},\"inLanguage\":\"de-DE\",\"potentialAction\":[{\"@type\":\"ReadAction\",\"target\":[\"https:\/\/www.erresse-shop.it\/de\/shop\/kleine-elektrogeraete\/kaffeemaschinen-espresso\/automatisch\/jura-kaffeemaschine-j8-piano-black-copia\/\"]}]},{\"@type\":\"BreadcrumbList\",\"@id\":\"https:\/\/www.erresse-shop.it\/de\/shop\/kleine-elektrogeraete\/kaffeemaschinen-espresso\/automatisch\/jura-kaffeemaschine-j8-piano-black-copia\/#breadcrumb\",\"itemListElement\":[{\"@type\":\"ListItem\",\"position\":1,\"name\":\"Home\",\"item\":\"https:\/\/www.erresse-shop.it\/de\/\"},{\"@type\":\"ListItem\",\"position\":2,\"name\":\"Shop\",\"item\":\"https:\/\/www.erresse-shop.it\/de\/shop\/\"},{\"@type\":\"ListItem\",\"position\":3,\"name\":\"JURA Kaffeemaschine J8 Twin Diamond Black\"}]},{\"@type\":\"WebSite\",\"@id\":\"https:\/\/www.erresse-shop.it\/de\/#website\",\"url\":\"https:\/\/www.erresse-shop.it\/de\/\",\"name\":\"Erresse Shop\",\"description\":\"Articoli di qualit\u00e0 per la casa\",\"potentialAction\":[{\"@type\":\"SearchAction\",\"target\":{\"@type\":\"EntryPoint\",\"urlTemplate\":\"https:\/\/www.erresse-shop.it\/de\/?s={search_term_string}\"},\"query-input\":\"required name=search_term_string\"}],\"inLanguage\":\"de-DE\"}]}<\/script>\n<!-- \/ Yoast SEO Premium plugin. -->","yoast_head_json":{"title":"JURA Kaffeemaschine C8 Piano Black","description":"Entdecken Sie JURA Kaffeemaschine C8 Piano Black bei ErresseShop. Qualit\u00e4t, Stil und Funktionalit\u00e4t \u2013 jetzt online bestellen!","robots":{"index":"index","follow":"follow","max-snippet":"max-snippet:-1","max-image-preview":"max-image-preview:large","max-video-preview":"max-video-preview:-1"},"canonical":"https:\/\/www.erresse-shop.it\/de\/shop\/kleine-elektrogeraete\/kaffeemaschinen-espresso\/automatisch\/jura-kaffeemaschine-j8-piano-black-copia\/","og_locale":"de_DE","og_type":"article","og_title":"JURA Kaffeemaschine J8 Twin Diamond Black","og_description":"Entdecken Sie JURA Kaffeemaschine C8 Piano Black bei ErresseShop. Qualit\u00e4t, Stil und Funktionalit\u00e4t \u2013 jetzt online bestellen!","og_url":"https:\/\/www.erresse-shop.it\/de\/shop\/kleine-elektrogeraete\/kaffeemaschinen-espresso\/automatisch\/jura-kaffeemaschine-j8-piano-black-copia\/","og_site_name":"Erresse Shop","article_modified_time":"2025-03-31T10:10:06+00:00","og_image":[{"width":1200,"height":1200,"url":"https:\/\/www.erresse-shop.it\/wp-content\/uploads\/2025\/03\/JURA-Macchina-Da-Caffe-J8-Twin-Diamond-Black.jpg","type":"image\/jpeg"}],"twitter_card":"summary_large_image","schema":{"@context":"https:\/\/schema.org","@graph":[{"@type":"WebPage","@id":"https:\/\/www.erresse-shop.it\/de\/shop\/kleine-elektrogeraete\/kaffeemaschinen-espresso\/automatisch\/jura-kaffeemaschine-j8-piano-black-copia\/","url":"https:\/\/www.erresse-shop.it\/de\/shop\/kleine-elektrogeraete\/kaffeemaschinen-espresso\/automatisch\/jura-kaffeemaschine-j8-piano-black-copia\/","name":"JURA Kaffeemaschine C8 Piano Black","isPartOf":{"@id":"https:\/\/www.erresse-shop.it\/de\/#website"},"datePublished":"2025-03-31T09:54:21+00:00","dateModified":"2025-03-31T10:10:06+00:00","description":"Entdecken Sie JURA Kaffeemaschine C8 Piano Black bei ErresseShop. Qualit\u00e4t, Stil und Funktionalit\u00e4t \u2013 jetzt online bestellen!","breadcrumb":{"@id":"https:\/\/www.erresse-shop.it\/de\/shop\/kleine-elektrogeraete\/kaffeemaschinen-espresso\/automatisch\/jura-kaffeemaschine-j8-piano-black-copia\/#breadcrumb"},"inLanguage":"de-DE","potentialAction":[{"@type":"ReadAction","target":["https:\/\/www.erresse-shop.it\/de\/shop\/kleine-elektrogeraete\/kaffeemaschinen-espresso\/automatisch\/jura-kaffeemaschine-j8-piano-black-copia\/"]}]},{"@type":"BreadcrumbList","@id":"https:\/\/www.erresse-shop.it\/de\/shop\/kleine-elektrogeraete\/kaffeemaschinen-espresso\/automatisch\/jura-kaffeemaschine-j8-piano-black-copia\/#breadcrumb","itemListElement":[{"@type":"ListItem","position":1,"name":"Home","item":"https:\/\/www.erresse-shop.it\/de\/"},{"@type":"ListItem","position":2,"name":"Shop","item":"https:\/\/www.erresse-shop.it\/de\/shop\/"},{"@type":"ListItem","position":3,"name":"JURA Kaffeemaschine J8 Twin Diamond Black"}]},{"@type":"WebSite","@id":"https:\/\/www.erresse-shop.it\/de\/#website","url":"https:\/\/www.erresse-shop.it\/de\/","name":"Erresse Shop","description":"Articoli di qualit\u00e0 per la casa","potentialAction":[{"@type":"SearchAction","target":{"@type":"EntryPoint","urlTemplate":"https:\/\/www.erresse-shop.it\/de\/?s={search_term_string}"},"query-input":"required name=search_term_string"}],"inLanguage":"de-DE"}]}},"df_price":1999.95,"df_sale_price":1999.95,"df_regular_price":2649,"df_image_link":"https:\/\/www.erresse-shop.it\/wp-content\/uploads\/2025\/03\/JURA-Macchina-Da-Caffe-J8-Twin-Diamond-Black-300x300.jpg","_links":{"self":[{"href":"https:\/\/www.erresse-shop.it\/de\/wp-json\/wp\/v2\/product\/486157"}],"collection":[{"href":"https:\/\/www.erresse-shop.it\/de\/wp-json\/wp\/v2\/product"}],"about":[{"href":"https:\/\/www.erresse-shop.it\/de\/wp-json\/wp\/v2\/types\/product"}],"wp:featuredmedia":[{"embeddable":true,"href":"https:\/\/www.erresse-shop.it\/de\/wp-json\/wp\/v2\/media\/486190"}],"wp:attachment":[{"href":"https:\/\/www.erresse-shop.it\/de\/wp-json\/wp\/v2\/media?parent=486157"}],"wp:term":[{"taxonomy":"product_cat","embeddable":true,"href":"https:\/\/www.erresse-shop.it\/de\/wp-json\/wp\/v2\/product_cat?post=486157"},{"taxonomy":"product_tag","embeddable":true,"href":"https:\/\/www.erresse-shop.it\/de\/wp-json\/wp\/v2\/product_tag?post=486157"}],"curies":[{"name":"wp","href":"https:\/\/api.w.org\/{rel}","templated":true}]}}