{"id":486116,"date":"2025-03-31T09:29:27","date_gmt":"2025-03-31T09:29:28","guid":{"rendered":"https:\/\/www.erresse-shop.it\/?post_type=product&#038;p=486116"},"modified":"2025-03-31T09:45:23","modified_gmt":"2025-03-31T09:45:23","slug":"zwilling-enfinigy-toaster-4-schlitze-schwarz-copia","status":"publish","type":"product","link":"https:\/\/www.erresse-shop.it\/de\/shop\/kleine-elektrogeraete\/toaster\/zwilling-enfinigy-toaster-4-schlitze-schwarz-copia\/","title":{"rendered":"ZWILLING Enfinigy 4-Scheiben-Toaster mit silbernem Br\u00f6tchenw\u00e4rmer"},"content":{"rendered":"<p class=\"\" data-start=\"5180\" data-end=\"6965\">Ein Toaster, der Ihren Toast-Wunsch erf\u00fcllt. Der ZWILLING Toaster mit langen Schlitzen f\u00fcr vier Standardbrotscheiben oder zwei lange Scheiben verf\u00fcgt \u00fcber ein modernes Design und sorgt immer f\u00fcr eine gleichm\u00e4\u00dfige Br\u00e4unung des Brotes, selbst nach mehreren R\u00f6stvorg\u00e4ngen. Er verk\u00fcrzt automatisch die R\u00f6stdauer, um die gew\u00fcnschte Br\u00e4unung zu erzielen. Die vier getrennten Heizelemente des 1800-Watt-Toasters br\u00e4unen beide Seiten jeder Brotscheibe gleichm\u00e4\u00dfig. Au\u00dferdem hat jeder Toast eine knusprige Au\u00dfenseite und ein weiches Inneres: ein echter ZWILLING-Toast. Sobald er fertig ist, springt der Toast nicht aus dem Toaster, sondern gleitet sanft nach oben. Die Soft-Lift-Funktion sorgt f\u00fcr ein sanftes Anheben von Standard- oder Langscheiben und Bagels. Zudem erm\u00f6glicht die Extra-Lift-Funktion das einfache Entnehmen auch der kleinsten Scheiben aus dem Toaster. Sie werden nie wieder Toast verbrennen: Dieser Toaster schaltet sich automatisch ab, wenn die voreingestellte R\u00f6stzeit erreicht ist. Selbst bei den h\u00f6chsten Einstellungen wird der Toast nie verbrannt. Die Stopptaste erm\u00f6glicht es Ihnen, das R\u00f6sten jederzeit zu unterbrechen. Die Kr\u00fcmel fallen in die leicht zu entfernende Auffangschublade. Sieben R\u00f6ststufen und drei automatische Programme bieten eine gro\u00dfe Flexibilit\u00e4t, um immer Ihren Toast-Wunsch zu erf\u00fcllen. Die Aufw\u00e4rmfunktion erm\u00f6glicht es, kalten Toast wieder zu erw\u00e4rmen. Die Auftaufunktion l\u00e4sst Ihnen frisches Brot direkt aus dem Gefrierfach toasten. Die Bagelfunktion mit zentrierter R\u00f6stung sorgt f\u00fcr perfekte Bagel-R\u00f6stergebnisse: au\u00dfen knusprig, innen getoastet. Mit dem abnehmbaren Br\u00f6tchenaufsatz k\u00f6nnen Sie zwei zus\u00e4tzliche Br\u00f6tchen aufw\u00e4rmen oder toasten. Dieses Zubeh\u00f6r hat au\u00dferdem symmetrische Gitter, die es ideal machen, um Ihren Toast zu servieren.<\/p>\n<ul data-start=\"6967\" data-end=\"7599\">\n<li class=\"\" data-start=\"6967\" data-end=\"7045\">\n<p class=\"\" data-start=\"6969\" data-end=\"7045\">Toaster mit langen Schlitzen f\u00fcr vier Standard- oder zwei lange Brotscheiben<\/p>\n<\/li>\n<li class=\"\" data-start=\"7046\" data-end=\"7155\">\n<p class=\"\" data-start=\"7048\" data-end=\"7155\">Passt die R\u00f6stdauer automatisch an, um eine gleichm\u00e4\u00dfige Br\u00e4unung zu erzielen \u2013 auch bei mehrfacher R\u00f6stung<\/p>\n<\/li>\n<li class=\"\" data-start=\"7156\" data-end=\"7201\">\n<p class=\"\" data-start=\"7158\" data-end=\"7201\">Drei Funktionen: Auftauen, Aufw\u00e4rmen, Bagel<\/p>\n<\/li>\n<li class=\"\" data-start=\"7202\" data-end=\"7248\">\n<p class=\"\" data-start=\"7204\" data-end=\"7248\">Soft-Lift f\u00fcr einfaches Entnehmen des Toasts<\/p>\n<\/li>\n<li class=\"\" data-start=\"7249\" data-end=\"7328\">\n<p class=\"\" data-start=\"7251\" data-end=\"7328\">Sicherheitsfunktion mit automatischem Abschalten verhindert verbrannten Toast<\/p>\n<\/li>\n<li class=\"\" data-start=\"7329\" data-end=\"7362\">\n<p class=\"\" data-start=\"7331\" data-end=\"7362\">Herausnehmbarer Kr\u00fcmelschublade<\/p>\n<\/li>\n<li class=\"\" data-start=\"7363\" data-end=\"7422\">\n<p class=\"\" data-start=\"7365\" data-end=\"7422\">Vier separate Heizelemente f\u00fcr eine gleichm\u00e4\u00dfige Br\u00e4unung<\/p>\n<\/li>\n<\/ul>\n<p class=\"\" data-start=\"7425\" data-end=\"7443\"><strong data-start=\"7425\" data-end=\"7443\">Eigenschaften:<\/strong><\/p>\n<ul>\n<li data-start=\"7448\" data-end=\"7467\">Material: Edelstahl<\/li>\n<li data-start=\"7472\" data-end=\"7491\">Spannung: 220-240 V<\/li>\n<li data-start=\"7496\" data-end=\"7514\">Frequenz: 50\/60 Hz<\/li>\n<li data-start=\"7519\" data-end=\"7550\">Integrierter Kabelaufroller: Ja<\/li>\n<li data-start=\"7555\" data-end=\"7572\">Leistung: 1.800 W<\/li>\n<li data-start=\"7577\" data-end=\"7599\">\u00dcberhitzungsschutz: Ja<\/li>\n<\/ul>\n<p class=\"\" data-start=\"7601\" data-end=\"7617\"><strong data-start=\"7601\" data-end=\"7617\">Abmessungen:<\/strong><\/p>\n<ul data-start=\"7618\" data-end=\"7752\">\n<li class=\"\" data-start=\"7618\" data-end=\"7641\">\n<p class=\"\" data-start=\"7620\" data-end=\"7641\">Nettogewicht: 2,80 kg<\/p>\n<\/li>\n<li class=\"\" data-start=\"7642\" data-end=\"7666\">\n<p class=\"\" data-start=\"7644\" data-end=\"7666\">Produktl\u00e4nge: 40,70 cm<\/p>\n<\/li>\n<li class=\"\" data-start=\"7667\" data-end=\"7692\">\n<p class=\"\" data-start=\"7669\" data-end=\"7692\">Produktbreite: 16,80 cm<\/p>\n<\/li>\n<li class=\"\" data-start=\"7693\" data-end=\"7716\">\n<p class=\"\" data-start=\"7695\" data-end=\"7716\">Produkth\u00f6he: 20,60 cm<\/p>\n<\/li>\n<li class=\"\" data-start=\"7717\" data-end=\"7752\">\n<p class=\"\" data-start=\"7719\" data-end=\"7752\">Nicht au\u00dferhalb Europas verkauft.<\/p>\n<\/li>\n<\/ul>\n","protected":false},"excerpt":{"rendered":"<p>Ein Toaster, der Ihren Toast-Wunsch erf\u00fcllt. Der ZWILLING Toaster mit langen Schlitzen f\u00fcr vier Standardbrotscheiben oder zwei lange Scheiben verf\u00fcgt<\/p>\n","protected":false},"featured_media":486149,"template":"","meta":{"_acf_changed":false,"inline_featured_image":false},"product_cat":[6703,6865],"product_tag":[11415,11413,13723,11411,11417],"acf":[],"yoast_head":"<!-- This site is optimized with the Yoast SEO Premium plugin v18.6 (Yoast SEO v19.13) - https:\/\/yoast.com\/wordpress\/plugins\/seo\/ -->\n<title>ZWILLING Enfinigy Toaster 4 Schlitze Schwarz<\/title>\n<meta name=\"description\" content=\"Entdecken Sie ZWILLING Enfinigy Toaster 4 Schlitze Schwarz bei ErresseShop. Qualit\u00e4t, Stil und Funktionalit\u00e4t \u2013 jetzt online bestellen!\" \/>\n<meta name=\"robots\" content=\"index, follow, max-snippet:-1, max-image-preview:large, max-video-preview:-1\" \/>\n<link rel=\"canonical\" href=\"https:\/\/www.erresse-shop.it\/de\/shop\/kleine-elektrogeraete\/toaster\/zwilling-enfinigy-toaster-4-schlitze-schwarz-copia\/\" \/>\n<meta property=\"og:locale\" content=\"de_DE\" \/>\n<meta property=\"og:type\" content=\"article\" \/>\n<meta property=\"og:title\" content=\"ZWILLING Enfinigy 4-Scheiben-Toaster mit silbernem Br\u00f6tchenw\u00e4rmer\" \/>\n<meta property=\"og:description\" content=\"Entdecken Sie ZWILLING Enfinigy Toaster 4 Schlitze Schwarz bei ErresseShop. Qualit\u00e4t, Stil und Funktionalit\u00e4t \u2013 jetzt online bestellen!\" \/>\n<meta property=\"og:url\" content=\"https:\/\/www.erresse-shop.it\/de\/shop\/kleine-elektrogeraete\/toaster\/zwilling-enfinigy-toaster-4-schlitze-schwarz-copia\/\" \/>\n<meta property=\"og:site_name\" content=\"Erresse Shop\" \/>\n<meta property=\"article:modified_time\" content=\"2025-03-31T09:45:23+00:00\" \/>\n<meta property=\"og:image\" content=\"https:\/\/www.erresse-shop.it\/wp-content\/uploads\/2025\/03\/ZWILLING-Enfinigy-Tostapane-4-Fette-con-Scaldapanini-Argento.jpg\" \/>\n\t<meta property=\"og:image:width\" content=\"1200\" \/>\n\t<meta property=\"og:image:height\" content=\"1200\" \/>\n\t<meta property=\"og:image:type\" content=\"image\/jpeg\" \/>\n<meta name=\"twitter:card\" content=\"summary_large_image\" \/>\n<script type=\"application\/ld+json\" class=\"yoast-schema-graph\">{\"@context\":\"https:\/\/schema.org\",\"@graph\":[{\"@type\":\"WebPage\",\"@id\":\"https:\/\/www.erresse-shop.it\/de\/shop\/kleine-elektrogeraete\/toaster\/zwilling-enfinigy-toaster-4-schlitze-schwarz-copia\/\",\"url\":\"https:\/\/www.erresse-shop.it\/de\/shop\/kleine-elektrogeraete\/toaster\/zwilling-enfinigy-toaster-4-schlitze-schwarz-copia\/\",\"name\":\"ZWILLING Enfinigy Toaster 4 Schlitze Schwarz\",\"isPartOf\":{\"@id\":\"https:\/\/www.erresse-shop.it\/de\/#website\"},\"datePublished\":\"2025-03-31T09:29:28+00:00\",\"dateModified\":\"2025-03-31T09:45:23+00:00\",\"description\":\"Entdecken Sie ZWILLING Enfinigy Toaster 4 Schlitze Schwarz bei ErresseShop. Qualit\u00e4t, Stil und Funktionalit\u00e4t \u2013 jetzt online bestellen!\",\"breadcrumb\":{\"@id\":\"https:\/\/www.erresse-shop.it\/de\/shop\/kleine-elektrogeraete\/toaster\/zwilling-enfinigy-toaster-4-schlitze-schwarz-copia\/#breadcrumb\"},\"inLanguage\":\"de-DE\",\"potentialAction\":[{\"@type\":\"ReadAction\",\"target\":[\"https:\/\/www.erresse-shop.it\/de\/shop\/kleine-elektrogeraete\/toaster\/zwilling-enfinigy-toaster-4-schlitze-schwarz-copia\/\"]}]},{\"@type\":\"BreadcrumbList\",\"@id\":\"https:\/\/www.erresse-shop.it\/de\/shop\/kleine-elektrogeraete\/toaster\/zwilling-enfinigy-toaster-4-schlitze-schwarz-copia\/#breadcrumb\",\"itemListElement\":[{\"@type\":\"ListItem\",\"position\":1,\"name\":\"Home\",\"item\":\"https:\/\/www.erresse-shop.it\/de\/\"},{\"@type\":\"ListItem\",\"position\":2,\"name\":\"Shop\",\"item\":\"https:\/\/www.erresse-shop.it\/de\/shop\/\"},{\"@type\":\"ListItem\",\"position\":3,\"name\":\"ZWILLING Enfinigy 4-Scheiben-Toaster mit silbernem Br\u00f6tchenw\u00e4rmer\"}]},{\"@type\":\"WebSite\",\"@id\":\"https:\/\/www.erresse-shop.it\/de\/#website\",\"url\":\"https:\/\/www.erresse-shop.it\/de\/\",\"name\":\"Erresse Shop\",\"description\":\"Articoli di qualit\u00e0 per la casa\",\"potentialAction\":[{\"@type\":\"SearchAction\",\"target\":{\"@type\":\"EntryPoint\",\"urlTemplate\":\"https:\/\/www.erresse-shop.it\/de\/?s={search_term_string}\"},\"query-input\":\"required name=search_term_string\"}],\"inLanguage\":\"de-DE\"}]}<\/script>\n<!-- \/ Yoast SEO Premium plugin. -->","yoast_head_json":{"title":"ZWILLING Enfinigy Toaster 4 Schlitze Schwarz","description":"Entdecken Sie ZWILLING Enfinigy Toaster 4 Schlitze Schwarz bei ErresseShop. Qualit\u00e4t, Stil und Funktionalit\u00e4t \u2013 jetzt online bestellen!","robots":{"index":"index","follow":"follow","max-snippet":"max-snippet:-1","max-image-preview":"max-image-preview:large","max-video-preview":"max-video-preview:-1"},"canonical":"https:\/\/www.erresse-shop.it\/de\/shop\/kleine-elektrogeraete\/toaster\/zwilling-enfinigy-toaster-4-schlitze-schwarz-copia\/","og_locale":"de_DE","og_type":"article","og_title":"ZWILLING Enfinigy 4-Scheiben-Toaster mit silbernem Br\u00f6tchenw\u00e4rmer","og_description":"Entdecken Sie ZWILLING Enfinigy Toaster 4 Schlitze Schwarz bei ErresseShop. Qualit\u00e4t, Stil und Funktionalit\u00e4t \u2013 jetzt online bestellen!","og_url":"https:\/\/www.erresse-shop.it\/de\/shop\/kleine-elektrogeraete\/toaster\/zwilling-enfinigy-toaster-4-schlitze-schwarz-copia\/","og_site_name":"Erresse Shop","article_modified_time":"2025-03-31T09:45:23+00:00","og_image":[{"width":1200,"height":1200,"url":"https:\/\/www.erresse-shop.it\/wp-content\/uploads\/2025\/03\/ZWILLING-Enfinigy-Tostapane-4-Fette-con-Scaldapanini-Argento.jpg","type":"image\/jpeg"}],"twitter_card":"summary_large_image","schema":{"@context":"https:\/\/schema.org","@graph":[{"@type":"WebPage","@id":"https:\/\/www.erresse-shop.it\/de\/shop\/kleine-elektrogeraete\/toaster\/zwilling-enfinigy-toaster-4-schlitze-schwarz-copia\/","url":"https:\/\/www.erresse-shop.it\/de\/shop\/kleine-elektrogeraete\/toaster\/zwilling-enfinigy-toaster-4-schlitze-schwarz-copia\/","name":"ZWILLING Enfinigy Toaster 4 Schlitze Schwarz","isPartOf":{"@id":"https:\/\/www.erresse-shop.it\/de\/#website"},"datePublished":"2025-03-31T09:29:28+00:00","dateModified":"2025-03-31T09:45:23+00:00","description":"Entdecken Sie ZWILLING Enfinigy Toaster 4 Schlitze Schwarz bei ErresseShop. Qualit\u00e4t, Stil und Funktionalit\u00e4t \u2013 jetzt online bestellen!","breadcrumb":{"@id":"https:\/\/www.erresse-shop.it\/de\/shop\/kleine-elektrogeraete\/toaster\/zwilling-enfinigy-toaster-4-schlitze-schwarz-copia\/#breadcrumb"},"inLanguage":"de-DE","potentialAction":[{"@type":"ReadAction","target":["https:\/\/www.erresse-shop.it\/de\/shop\/kleine-elektrogeraete\/toaster\/zwilling-enfinigy-toaster-4-schlitze-schwarz-copia\/"]}]},{"@type":"BreadcrumbList","@id":"https:\/\/www.erresse-shop.it\/de\/shop\/kleine-elektrogeraete\/toaster\/zwilling-enfinigy-toaster-4-schlitze-schwarz-copia\/#breadcrumb","itemListElement":[{"@type":"ListItem","position":1,"name":"Home","item":"https:\/\/www.erresse-shop.it\/de\/"},{"@type":"ListItem","position":2,"name":"Shop","item":"https:\/\/www.erresse-shop.it\/de\/shop\/"},{"@type":"ListItem","position":3,"name":"ZWILLING Enfinigy 4-Scheiben-Toaster mit silbernem Br\u00f6tchenw\u00e4rmer"}]},{"@type":"WebSite","@id":"https:\/\/www.erresse-shop.it\/de\/#website","url":"https:\/\/www.erresse-shop.it\/de\/","name":"Erresse Shop","description":"Articoli di qualit\u00e0 per la casa","potentialAction":[{"@type":"SearchAction","target":{"@type":"EntryPoint","urlTemplate":"https:\/\/www.erresse-shop.it\/de\/?s={search_term_string}"},"query-input":"required name=search_term_string"}],"inLanguage":"de-DE"}]}},"df_price":64.5,"df_sale_price":64.5,"df_regular_price":129,"df_image_link":"https:\/\/www.erresse-shop.it\/wp-content\/uploads\/2025\/03\/ZWILLING-Enfinigy-Tostapane-4-Fette-con-Scaldapanini-Argento-300x300.jpg","_links":{"self":[{"href":"https:\/\/www.erresse-shop.it\/de\/wp-json\/wp\/v2\/product\/486116"}],"collection":[{"href":"https:\/\/www.erresse-shop.it\/de\/wp-json\/wp\/v2\/product"}],"about":[{"href":"https:\/\/www.erresse-shop.it\/de\/wp-json\/wp\/v2\/types\/product"}],"wp:featuredmedia":[{"embeddable":true,"href":"https:\/\/www.erresse-shop.it\/de\/wp-json\/wp\/v2\/media\/486149"}],"wp:attachment":[{"href":"https:\/\/www.erresse-shop.it\/de\/wp-json\/wp\/v2\/media?parent=486116"}],"wp:term":[{"taxonomy":"product_cat","embeddable":true,"href":"https:\/\/www.erresse-shop.it\/de\/wp-json\/wp\/v2\/product_cat?post=486116"},{"taxonomy":"product_tag","embeddable":true,"href":"https:\/\/www.erresse-shop.it\/de\/wp-json\/wp\/v2\/product_tag?post=486116"}],"curies":[{"name":"wp","href":"https:\/\/api.w.org\/{rel}","templated":true}]}}