{"id":486090,"date":"2025-03-31T09:08:19","date_gmt":"2025-03-31T09:08:21","guid":{"rendered":"https:\/\/www.erresse-shop.it\/?post_type=product&#038;p=486090"},"modified":"2025-03-31T09:25:44","modified_gmt":"2025-03-31T09:25:44","slug":"zwilling-gourmet-messerset-mit-braunem-block-copia","status":"publish","type":"product","link":"https:\/\/www.erresse-shop.it\/de\/shop\/kuche\/messer\/zwilling-gourmet-messerset-mit-braunem-block-copia\/","title":{"rendered":"ZWILLING Gourmet-Messerset mit Bambusblock 7-teilig"},"content":{"rendered":"<p class=\"\" data-start=\"3588\" data-end=\"4407\">Dieses 7-teilige Universal-Messerblock-Set aus der ZWILLING Gourmet-Serie umfasst ein Larde- und Dekoriermesser (Klingenl\u00e4nge 10 cm), ein Allzweckmesser (13 cm), ein Schinkenmesser (16 cm), ein Kochmesser (20 cm), einen Wetzstahl und eine Multifunktionsschere. Alle Messer im Set sind mit einer FRIODUR\u00ae-Klinge ausgestattet, die durch einen speziellen Prozess mit Eis geh\u00e4rtet wird. Dadurch erhalten die Klingen eine au\u00dfergew\u00f6hnliche Festigkeit und Korrosionsbest\u00e4ndigkeit. Der schwarze Griff aus Kunststoff mit seinem klassischen 3-Nieten-Design sorgt dank seiner ergonomischen Form f\u00fcr einen komfortablen Halt. Der Block besteht aus purem Bambusholz, das sich perfekt zum sicheren Aufbewahren Ihrer K\u00fcchenmesser eignet. Mit diesem ZWILLING Gourmet-Messerblock wird die Zubereitung k\u00f6stlicher Gerichte zum Kinderspiel.<\/p>\n<ul data-start=\"4409\" data-end=\"5062\">\n<li class=\"\" data-start=\"4409\" data-end=\"4516\">\n<p class=\"\" data-start=\"4411\" data-end=\"4516\">FRIODUR\u00ae-Klingen, die kryogen geh\u00e4rtet sind, f\u00fcr au\u00dfergew\u00f6hnliche Haltbarkeit und Korrosionsbest\u00e4ndigkeit<\/p>\n<\/li>\n<li class=\"\" data-start=\"4517\" data-end=\"4619\">\n<p class=\"\" data-start=\"4519\" data-end=\"4619\">Einfach zu handhaben dank des geringen Gewichts, des ergonomischen Designs und der optimalen Balance<\/p>\n<\/li>\n<li class=\"\" data-start=\"4620\" data-end=\"4789\">\n<p class=\"\" data-start=\"4622\" data-end=\"4789\">Ergonomischer Griff f\u00fcr m\u00fcheloses Arbeiten und Sicherheit, aus synthetischem Material mit 3-Nieten-Design und dem ZWILLING\u00ae-Logo lasergraviert auf dem zentralen Nieten<\/p>\n<\/li>\n<li class=\"\" data-start=\"4790\" data-end=\"4836\">\n<p class=\"\" data-start=\"4792\" data-end=\"4836\">Nahtloser \u00dcbergang zwischen Griff und Klinge<\/p>\n<\/li>\n<li class=\"\" data-start=\"4837\" data-end=\"4896\">\n<p class=\"\" data-start=\"4839\" data-end=\"4896\">Messer von ZWILLING J.A. Henckels in Solingen hergestellt<\/p>\n<\/li>\n<li class=\"\" data-start=\"4897\" data-end=\"5062\">\n<p class=\"\" data-start=\"4899\" data-end=\"5062\">Enth\u00e4lt 1 Larde- und Dekoriermesser (10 cm), 1 Allzweckmesser (13 cm), 1 Schinkenmesser (16 cm), 1 Kochmesser (20 cm), 1 Multifunktionsschere, 1 Wetzstahl, 1 Block<\/p>\n<\/li>\n<\/ul>\n<p class=\"\" data-start=\"5064\" data-end=\"5077\"><strong data-start=\"5064\" data-end=\"5077\">Merkmale:<\/strong><\/p>\n<ul data-start=\"5079\" data-end=\"5242\">\n<li class=\"\" data-start=\"5079\" data-end=\"5097\">\n<p class=\"\" data-start=\"5081\" data-end=\"5097\">Material: Bambus<\/p>\n<\/li>\n<li class=\"\" data-start=\"5098\" data-end=\"5137\">\n<p class=\"\" data-start=\"5100\" data-end=\"5137\">Produktionsmethode: Laser geschnitten<\/p>\n<\/li>\n<li class=\"\" data-start=\"5138\" data-end=\"5168\">\n<p class=\"\" data-start=\"5140\" data-end=\"5168\">Anzahl der Slots im Block: 6<\/p>\n<\/li>\n<li class=\"\" data-start=\"5169\" data-end=\"5190\">\n<p class=\"\" data-start=\"5171\" data-end=\"5190\">Anzahl der Teile: 7<\/p>\n<\/li>\n<li class=\"\" data-start=\"5191\" data-end=\"5213\">\n<p class=\"\" data-start=\"5193\" data-end=\"5213\">Griff-Farbe: Schwarz<\/p>\n<\/li>\n<li class=\"\" data-start=\"5214\" data-end=\"5242\">\n<p class=\"\" data-start=\"5216\" data-end=\"5242\">Griff-Material: Kunststoff<\/p>\n<\/li>\n<\/ul>\n<p class=\"\" data-start=\"5244\" data-end=\"5260\"><strong data-start=\"5244\" data-end=\"5260\">Abmessungen:<\/strong><\/p>\n<ul data-start=\"5262\" data-end=\"5360\">\n<li class=\"\" data-start=\"5262\" data-end=\"5285\">\n<p class=\"\" data-start=\"5264\" data-end=\"5285\">Nettogewicht: 2,61 kg<\/p>\n<\/li>\n<li class=\"\" data-start=\"5286\" data-end=\"5310\">\n<p class=\"\" data-start=\"5288\" data-end=\"5310\">Produktl\u00e4nge: 36,00 cm<\/p>\n<\/li>\n<li class=\"\" data-start=\"5311\" data-end=\"5336\">\n<p class=\"\" data-start=\"5313\" data-end=\"5336\">Produktbreite: 16,00 cm<\/p>\n<\/li>\n<li class=\"\" data-start=\"5337\" data-end=\"5360\">\n<p class=\"\" data-start=\"5339\" data-end=\"5360\">Produkth\u00f6he: 15,00 cm<\/p>\n<\/li>\n<\/ul>\n","protected":false},"excerpt":{"rendered":"<p>Als Pionier auf dem Gebiet der Premium-Bestecke stellt ZWILLING J.A. Henckels seit 1731 Messer von herausragender Qualit\u00e4t her.<\/p>\n","protected":false},"featured_media":486110,"template":"","meta":{"_acf_changed":false,"inline_featured_image":false},"product_cat":[6742,6706,6763],"product_tag":[11395,11407,11397,11529,11405,11427,14044,15405],"acf":[],"yoast_head":"<!-- This site is optimized with the Yoast SEO Premium plugin v18.6 (Yoast SEO v19.13) - https:\/\/yoast.com\/wordpress\/plugins\/seo\/ -->\n<title>ZWILLING Gourmet-Messerset mit Bambusblock 7-teilig - Erresse Shop<\/title>\n<meta name=\"description\" content=\"Als Pionier auf dem Gebiet der Premium-Bestecke stellt ZWILLING J.A. Henckels seit 1731 Messer von herausragender Qualit\u00e4t her.\" \/>\n<meta name=\"robots\" content=\"index, follow, max-snippet:-1, max-image-preview:large, max-video-preview:-1\" \/>\n<link rel=\"canonical\" href=\"https:\/\/www.erresse-shop.it\/de\/shop\/kuche\/messer\/zwilling-gourmet-messerset-mit-braunem-block-copia\/\" \/>\n<meta property=\"og:locale\" content=\"de_DE\" \/>\n<meta property=\"og:type\" content=\"article\" \/>\n<meta property=\"og:title\" content=\"ZWILLING Gourmet-Messerset mit Bambusblock 7-teilig\" \/>\n<meta property=\"og:description\" content=\"Als Pionier auf dem Gebiet der Premium-Bestecke stellt ZWILLING J.A. Henckels seit 1731 Messer von herausragender Qualit\u00e4t her.\" \/>\n<meta property=\"og:url\" content=\"https:\/\/www.erresse-shop.it\/de\/shop\/kuche\/messer\/zwilling-gourmet-messerset-mit-braunem-block-copia\/\" \/>\n<meta property=\"og:site_name\" content=\"Erresse Shop\" \/>\n<meta property=\"article:modified_time\" content=\"2025-03-31T09:25:44+00:00\" \/>\n<meta property=\"og:image\" content=\"https:\/\/www.erresse-shop.it\/wp-content\/uploads\/2025\/03\/ZWILLING-Set-Coltelli-Gourmet-con-Ceppo-Bambu-7-Pezzi.jpg\" \/>\n\t<meta property=\"og:image:width\" content=\"1200\" \/>\n\t<meta property=\"og:image:height\" content=\"1200\" \/>\n\t<meta property=\"og:image:type\" content=\"image\/jpeg\" \/>\n<meta name=\"twitter:card\" content=\"summary_large_image\" \/>\n<script type=\"application\/ld+json\" class=\"yoast-schema-graph\">{\"@context\":\"https:\/\/schema.org\",\"@graph\":[{\"@type\":\"WebPage\",\"@id\":\"https:\/\/www.erresse-shop.it\/de\/shop\/kuche\/messer\/zwilling-gourmet-messerset-mit-braunem-block-copia\/\",\"url\":\"https:\/\/www.erresse-shop.it\/de\/shop\/kuche\/messer\/zwilling-gourmet-messerset-mit-braunem-block-copia\/\",\"name\":\"ZWILLING Gourmet-Messerset mit Bambusblock 7-teilig - Erresse Shop\",\"isPartOf\":{\"@id\":\"https:\/\/www.erresse-shop.it\/de\/#website\"},\"datePublished\":\"2025-03-31T09:08:21+00:00\",\"dateModified\":\"2025-03-31T09:25:44+00:00\",\"description\":\"Als Pionier auf dem Gebiet der Premium-Bestecke stellt ZWILLING J.A. Henckels seit 1731 Messer von herausragender Qualit\u00e4t her.\",\"breadcrumb\":{\"@id\":\"https:\/\/www.erresse-shop.it\/de\/shop\/kuche\/messer\/zwilling-gourmet-messerset-mit-braunem-block-copia\/#breadcrumb\"},\"inLanguage\":\"de-DE\",\"potentialAction\":[{\"@type\":\"ReadAction\",\"target\":[\"https:\/\/www.erresse-shop.it\/de\/shop\/kuche\/messer\/zwilling-gourmet-messerset-mit-braunem-block-copia\/\"]}]},{\"@type\":\"BreadcrumbList\",\"@id\":\"https:\/\/www.erresse-shop.it\/de\/shop\/kuche\/messer\/zwilling-gourmet-messerset-mit-braunem-block-copia\/#breadcrumb\",\"itemListElement\":[{\"@type\":\"ListItem\",\"position\":1,\"name\":\"Home\",\"item\":\"https:\/\/www.erresse-shop.it\/de\/\"},{\"@type\":\"ListItem\",\"position\":2,\"name\":\"Shop\",\"item\":\"https:\/\/www.erresse-shop.it\/de\/shop\/\"},{\"@type\":\"ListItem\",\"position\":3,\"name\":\"ZWILLING Gourmet-Messerset mit Bambusblock 7-teilig\"}]},{\"@type\":\"WebSite\",\"@id\":\"https:\/\/www.erresse-shop.it\/de\/#website\",\"url\":\"https:\/\/www.erresse-shop.it\/de\/\",\"name\":\"Erresse Shop\",\"description\":\"Articoli di qualit\u00e0 per la casa\",\"potentialAction\":[{\"@type\":\"SearchAction\",\"target\":{\"@type\":\"EntryPoint\",\"urlTemplate\":\"https:\/\/www.erresse-shop.it\/de\/?s={search_term_string}\"},\"query-input\":\"required name=search_term_string\"}],\"inLanguage\":\"de-DE\"}]}<\/script>\n<!-- \/ Yoast SEO Premium plugin. -->","yoast_head_json":{"title":"ZWILLING Gourmet-Messerset mit Bambusblock 7-teilig - Erresse Shop","description":"Als Pionier auf dem Gebiet der Premium-Bestecke stellt ZWILLING J.A. Henckels seit 1731 Messer von herausragender Qualit\u00e4t her.","robots":{"index":"index","follow":"follow","max-snippet":"max-snippet:-1","max-image-preview":"max-image-preview:large","max-video-preview":"max-video-preview:-1"},"canonical":"https:\/\/www.erresse-shop.it\/de\/shop\/kuche\/messer\/zwilling-gourmet-messerset-mit-braunem-block-copia\/","og_locale":"de_DE","og_type":"article","og_title":"ZWILLING Gourmet-Messerset mit Bambusblock 7-teilig","og_description":"Als Pionier auf dem Gebiet der Premium-Bestecke stellt ZWILLING J.A. Henckels seit 1731 Messer von herausragender Qualit\u00e4t her.","og_url":"https:\/\/www.erresse-shop.it\/de\/shop\/kuche\/messer\/zwilling-gourmet-messerset-mit-braunem-block-copia\/","og_site_name":"Erresse Shop","article_modified_time":"2025-03-31T09:25:44+00:00","og_image":[{"width":1200,"height":1200,"url":"https:\/\/www.erresse-shop.it\/wp-content\/uploads\/2025\/03\/ZWILLING-Set-Coltelli-Gourmet-con-Ceppo-Bambu-7-Pezzi.jpg","type":"image\/jpeg"}],"twitter_card":"summary_large_image","schema":{"@context":"https:\/\/schema.org","@graph":[{"@type":"WebPage","@id":"https:\/\/www.erresse-shop.it\/de\/shop\/kuche\/messer\/zwilling-gourmet-messerset-mit-braunem-block-copia\/","url":"https:\/\/www.erresse-shop.it\/de\/shop\/kuche\/messer\/zwilling-gourmet-messerset-mit-braunem-block-copia\/","name":"ZWILLING Gourmet-Messerset mit Bambusblock 7-teilig - Erresse Shop","isPartOf":{"@id":"https:\/\/www.erresse-shop.it\/de\/#website"},"datePublished":"2025-03-31T09:08:21+00:00","dateModified":"2025-03-31T09:25:44+00:00","description":"Als Pionier auf dem Gebiet der Premium-Bestecke stellt ZWILLING J.A. Henckels seit 1731 Messer von herausragender Qualit\u00e4t her.","breadcrumb":{"@id":"https:\/\/www.erresse-shop.it\/de\/shop\/kuche\/messer\/zwilling-gourmet-messerset-mit-braunem-block-copia\/#breadcrumb"},"inLanguage":"de-DE","potentialAction":[{"@type":"ReadAction","target":["https:\/\/www.erresse-shop.it\/de\/shop\/kuche\/messer\/zwilling-gourmet-messerset-mit-braunem-block-copia\/"]}]},{"@type":"BreadcrumbList","@id":"https:\/\/www.erresse-shop.it\/de\/shop\/kuche\/messer\/zwilling-gourmet-messerset-mit-braunem-block-copia\/#breadcrumb","itemListElement":[{"@type":"ListItem","position":1,"name":"Home","item":"https:\/\/www.erresse-shop.it\/de\/"},{"@type":"ListItem","position":2,"name":"Shop","item":"https:\/\/www.erresse-shop.it\/de\/shop\/"},{"@type":"ListItem","position":3,"name":"ZWILLING Gourmet-Messerset mit Bambusblock 7-teilig"}]},{"@type":"WebSite","@id":"https:\/\/www.erresse-shop.it\/de\/#website","url":"https:\/\/www.erresse-shop.it\/de\/","name":"Erresse Shop","description":"Articoli di qualit\u00e0 per la casa","potentialAction":[{"@type":"SearchAction","target":{"@type":"EntryPoint","urlTemplate":"https:\/\/www.erresse-shop.it\/de\/?s={search_term_string}"},"query-input":"required name=search_term_string"}],"inLanguage":"de-DE"}]}},"df_price":179.25,"df_sale_price":179.25,"df_regular_price":239,"df_image_link":"https:\/\/www.erresse-shop.it\/wp-content\/uploads\/2025\/03\/ZWILLING-Set-Coltelli-Gourmet-con-Ceppo-Bambu-7-Pezzi-300x300.jpg","_links":{"self":[{"href":"https:\/\/www.erresse-shop.it\/de\/wp-json\/wp\/v2\/product\/486090"}],"collection":[{"href":"https:\/\/www.erresse-shop.it\/de\/wp-json\/wp\/v2\/product"}],"about":[{"href":"https:\/\/www.erresse-shop.it\/de\/wp-json\/wp\/v2\/types\/product"}],"wp:featuredmedia":[{"embeddable":true,"href":"https:\/\/www.erresse-shop.it\/de\/wp-json\/wp\/v2\/media\/486110"}],"wp:attachment":[{"href":"https:\/\/www.erresse-shop.it\/de\/wp-json\/wp\/v2\/media?parent=486090"}],"wp:term":[{"taxonomy":"product_cat","embeddable":true,"href":"https:\/\/www.erresse-shop.it\/de\/wp-json\/wp\/v2\/product_cat?post=486090"},{"taxonomy":"product_tag","embeddable":true,"href":"https:\/\/www.erresse-shop.it\/de\/wp-json\/wp\/v2\/product_tag?post=486090"}],"curies":[{"name":"wp","href":"https:\/\/api.w.org\/{rel}","templated":true}]}}