{"id":485894,"date":"2025-03-31T07:16:31","date_gmt":"2025-03-31T07:16:32","guid":{"rendered":"https:\/\/www.erresse-shop.it\/?post_type=product&#038;p=485894"},"modified":"2025-03-31T07:31:30","modified_gmt":"2025-03-31T07:31:30","slug":"jura-kaffeemaschine-e6-platin-copia","status":"publish","type":"product","link":"https:\/\/www.erresse-shop.it\/de\/shop\/kleine-elektrogeraete\/kaffeemaschinen-espresso\/automatisch\/jura-kaffeemaschine-e6-platin-copia\/","title":{"rendered":"JURA Kaffeemaschine E8 Dark Inox"},"content":{"rendered":"<div class=\"Seitenuntertitel\">\n<div class=\"Seitenuntertitel\">\n<div class=\"Seitenuntertitel\">\n<div class=\"Seitenuntertitel\">\n<div class=\"page-subtitle\"><span style=\"font-size: 14pt;\"><strong>Gesch\u00e4tzt, begehrt, gepr\u00fcft<\/strong><\/span><\/div>\n<div>\n<p>Die neuste Generation des E8 erf\u00fcllt die hohen Anspr\u00fcche an die Weiterentwicklung des erfolgreichsten Kaffeespezialit\u00e4ten-Vollautomaten von JURA vollumf\u00e4nglich. Sie begeistert mit exzellenter Kaffeequalit\u00e4t, \u00fcberzeugt durch h\u00f6chsten Bedienkomfort und besticht durch ein schlankes, modernes Design.<\/p>\n<\/div>\n<\/div>\n<\/div>\n<\/div>\n<\/div>\n<div>\n<h3 id=\"pagelayout_0_pagetype_0_pagecontent_0_tabcontent_0_repTabContentBlock_conContentBlock_0_genTitle_0\" class=\"title\"><span style=\"font-size: 14pt;\">Super einfach zu bedienen<\/span><\/h3>\n<p>Das gro\u00dfe 3,5&#8243;-Display mit sechs Bedientasten macht die Navigation durch alle Funktionen besonders einfach. Klare, verst\u00e4ndliche Bilder und Grafiken erm\u00f6glichen eine intuitive Nutzung der vielf\u00e4ltigen M\u00f6glichkeiten der E8. Die Einstellungen aller Spezialit\u00e4ten und deren individuelle Platzierung auf dem Display lassen sich beliebig anpassen, Produktnamen ein- oder ausblenden. Alle relevanten Informationen werden \u00fcbersichtlich im Cockpit angezeigt. Die One-Touch-Milchsystemreinigung, die auf Knopfdruck automatisch f\u00fcr absolute Hygiene sorgt, vereinfacht die Pflege deutlich.<\/p>\n<h3 id=\"pagelayout_0_pagetype_0_pagecontent_0_tabcontent_0_repTabContentBlock_conContentBlock_1_genTitle_1\" class=\"title\"><span style=\"font-size: 14pt;\">Pr\u00e4zises Mahlen, entspannter Genuss<\/span><\/h3>\n<p>Mit besten Zutaten und optimaler Zubereitung gelingt ein perfektes Ergebnis in der Tasse. Die fortschrittliche Kaffeem\u00fchle P.A.G.2 sorgt Tasse f\u00fcr Tasse f\u00fcr das ideale Mahlen des Kaffees. \u00dcber einen ergonomischen Wahlhebel k\u00f6nnen die Mahlgrade jederzeit ver\u00e4ndert werden. Der Standby-Zustand zwischen den Zubereitungen schont die Kaffeem\u00fchle, sorgt f\u00fcr eine lange Lebensdauer und garantiert stets hervorragenden Kaffeegeschmack. Die 3D-Br\u00fchgruppe der achten Generation sorgt f\u00fcr ideale Br\u00fchbedingungen und ein un\u00fcbertroffenes Geschmackserlebnis. So bietet die E8 au\u00dfergew\u00f6hnlichen Kaffeegenuss ein Maschinenleben lang.<\/p>\n<h3 id=\"pagelayout_0_pagetype_0_pagecontent_0_tabcontent_0_repTabContentBlock_conContentBlock_2_genTitle_2\" class=\"title\"><span style=\"font-size: 14pt;\">Modernes und harmonisches Design<\/span><\/h3>\n<p>Bei der Perfektionierung seiner Produkte legt JURA besonderen Wert auf das Design. Deshalb zeichnet sich der E8 durch einen hohen Wiedererkennungswert, viel Liebe zum Detail, die Verwendung hochwertiger Materialien und pr\u00e4zise Verarbeitung aus. Das schlanke, moderne Design zeichnet sich durch eine harmonisch symmetrische Linienf\u00fchrung aus. Klare und essentielle Formen mit markanten Details verleihen dem Automaten Struktur und Charakter. Diese Elemente schaffen die idealen Voraussetzungen daf\u00fcr, dass das Design des E8 auch nach vielen Jahren frisch und modern bleibt.<\/p>\n<h3 id=\"pagelayout_0_pagetype_0_pagecontent_0_tabcontent_0_repTabContentBlock_conContentBlock_3_genTitle_3\" class=\"title\"><span style=\"font-size: 14pt;\">Kaffee in all seiner Vielfalt<\/span><\/h3>\n<p>Mit der E8 gelingt die perfekte Zubereitung eines breiten Repertoires an klassischen und trendigen Kaffeespezialit\u00e4ten. W\u00e4hlen Sie aus 17 Sorten, die auf Knopfdruck fertig sind, auf Kaffeebasis oder mit k\u00f6stlichem Milchschaum gekr\u00f6nt. Selbstverst\u00e4ndlich k\u00f6nnen alle Spezialit\u00e4ten dem individuellen Geschmack und der gew\u00e4hlten Tassengr\u00f6\u00dfe angepasst werden. Modernste Technologie sorgt f\u00fcr optimale Extraktionsbedingungen und l\u00e4sst den Kaffee sein volles Aroma entfalten, unabh\u00e4ngig von Mischung und R\u00f6stgrad.<\/p>\n<\/div>\n<p><strong>Verf\u00fcgbare Spezialit\u00e4ten:<\/strong><\/p>\n<ul>\n<li>17 Optionen: Espresso, 2\u00d7 Espresso, Kaffee, 2\u00d7 Kaffee, Americano, Lungo, Doppelter Espresso, Cortado, Espresso macchiato, Cappuccino, Cappuccino Extra Shot, Flat White, Flat White Extra Shot, Latte macchiato, Latte macchiato Extra Shot, Milchschaumportion, Hei\u00dfes Wasser<\/li>\n<\/ul>\n<p><strong>Technische Daten:<\/strong><\/p>\n<ul>\n<li>Wassertankkapazit\u00e4t: 1,9 l<\/li>\n<li>Kapazit\u00e4t des Kaffeebohnenbeh\u00e4lters: 280 g<\/li>\n<li>Kaffeesatzbeh\u00e4lter: 16 Portionen<\/li>\n<li>Gewicht: 10 kg<\/li>\n<li>Abmessungen: 28 \u00d7 35,1 \u00d7 44,6 cm<\/li>\n<li>Leistung: 1450 W<\/li>\n<\/ul>\n<p><strong>Weitere Einzelheiten:<\/strong><\/p>\n<ul>\n<li>Produktionsland: Portugal<\/li>\n<li>Modelljahr: 2023<\/li>\n<\/ul>\n<p>&nbsp;<\/p>\n","protected":false},"excerpt":{"rendered":"<p>Gesch\u00e4tzt, begehrt, gepr\u00fcft Die neuste Generation des E8 erf\u00fcllt die hohen Anspr\u00fcche an die Weiterentwicklung des erfolgreichsten Kaffeespezialit\u00e4ten-Vollautomaten von JURA<\/p>\n","protected":false},"featured_media":485921,"template":"","meta":{"_acf_changed":false,"inline_featured_image":false},"product_cat":[6733,6703,25361],"product_tag":[23569,23564,20766,13966],"acf":[],"yoast_head":"<!-- This site is optimized with the Yoast SEO Premium plugin v18.6 (Yoast SEO v19.13) - https:\/\/yoast.com\/wordpress\/plugins\/seo\/ -->\n<title>JURA Kaffeemaschine C8 Piano Black<\/title>\n<meta name=\"description\" content=\"Entdecken Sie JURA Kaffeemaschine C8 Piano Black bei ErresseShop. Qualit\u00e4t, Stil und Funktionalit\u00e4t \u2013 jetzt online bestellen!\" \/>\n<meta name=\"robots\" content=\"index, follow, max-snippet:-1, max-image-preview:large, max-video-preview:-1\" \/>\n<link rel=\"canonical\" href=\"https:\/\/www.erresse-shop.it\/de\/shop\/kleine-elektrogeraete\/kaffeemaschinen-espresso\/automatisch\/jura-kaffeemaschine-e6-platin-copia\/\" \/>\n<meta property=\"og:locale\" content=\"de_DE\" \/>\n<meta property=\"og:type\" content=\"article\" \/>\n<meta property=\"og:title\" content=\"JURA Kaffeemaschine E8 Dark Inox\" \/>\n<meta property=\"og:description\" content=\"Entdecken Sie JURA Kaffeemaschine C8 Piano Black bei ErresseShop. Qualit\u00e4t, Stil und Funktionalit\u00e4t \u2013 jetzt online bestellen!\" \/>\n<meta property=\"og:url\" content=\"https:\/\/www.erresse-shop.it\/de\/shop\/kleine-elektrogeraete\/kaffeemaschinen-espresso\/automatisch\/jura-kaffeemaschine-e6-platin-copia\/\" \/>\n<meta property=\"og:site_name\" content=\"Erresse Shop\" \/>\n<meta property=\"article:modified_time\" content=\"2025-03-31T07:31:30+00:00\" \/>\n<meta property=\"og:image\" content=\"https:\/\/www.erresse-shop.it\/wp-content\/uploads\/2025\/03\/JURA-Macchina-Da-Caffe-E8-Dark-Inox.jpg\" \/>\n\t<meta property=\"og:image:width\" content=\"1200\" \/>\n\t<meta property=\"og:image:height\" content=\"1200\" \/>\n\t<meta property=\"og:image:type\" content=\"image\/jpeg\" \/>\n<meta name=\"twitter:card\" content=\"summary_large_image\" \/>\n<script type=\"application\/ld+json\" class=\"yoast-schema-graph\">{\"@context\":\"https:\/\/schema.org\",\"@graph\":[{\"@type\":\"WebPage\",\"@id\":\"https:\/\/www.erresse-shop.it\/de\/shop\/kleine-elektrogeraete\/kaffeemaschinen-espresso\/automatisch\/jura-kaffeemaschine-e6-platin-copia\/\",\"url\":\"https:\/\/www.erresse-shop.it\/de\/shop\/kleine-elektrogeraete\/kaffeemaschinen-espresso\/automatisch\/jura-kaffeemaschine-e6-platin-copia\/\",\"name\":\"JURA Kaffeemaschine C8 Piano Black\",\"isPartOf\":{\"@id\":\"https:\/\/www.erresse-shop.it\/de\/#website\"},\"datePublished\":\"2025-03-31T07:16:32+00:00\",\"dateModified\":\"2025-03-31T07:31:30+00:00\",\"description\":\"Entdecken Sie JURA Kaffeemaschine C8 Piano Black bei ErresseShop. Qualit\u00e4t, Stil und Funktionalit\u00e4t \u2013 jetzt online bestellen!\",\"breadcrumb\":{\"@id\":\"https:\/\/www.erresse-shop.it\/de\/shop\/kleine-elektrogeraete\/kaffeemaschinen-espresso\/automatisch\/jura-kaffeemaschine-e6-platin-copia\/#breadcrumb\"},\"inLanguage\":\"de-DE\",\"potentialAction\":[{\"@type\":\"ReadAction\",\"target\":[\"https:\/\/www.erresse-shop.it\/de\/shop\/kleine-elektrogeraete\/kaffeemaschinen-espresso\/automatisch\/jura-kaffeemaschine-e6-platin-copia\/\"]}]},{\"@type\":\"BreadcrumbList\",\"@id\":\"https:\/\/www.erresse-shop.it\/de\/shop\/kleine-elektrogeraete\/kaffeemaschinen-espresso\/automatisch\/jura-kaffeemaschine-e6-platin-copia\/#breadcrumb\",\"itemListElement\":[{\"@type\":\"ListItem\",\"position\":1,\"name\":\"Home\",\"item\":\"https:\/\/www.erresse-shop.it\/de\/\"},{\"@type\":\"ListItem\",\"position\":2,\"name\":\"Shop\",\"item\":\"https:\/\/www.erresse-shop.it\/de\/shop\/\"},{\"@type\":\"ListItem\",\"position\":3,\"name\":\"JURA Kaffeemaschine E8 Dark Inox\"}]},{\"@type\":\"WebSite\",\"@id\":\"https:\/\/www.erresse-shop.it\/de\/#website\",\"url\":\"https:\/\/www.erresse-shop.it\/de\/\",\"name\":\"Erresse Shop\",\"description\":\"Articoli di qualit\u00e0 per la casa\",\"potentialAction\":[{\"@type\":\"SearchAction\",\"target\":{\"@type\":\"EntryPoint\",\"urlTemplate\":\"https:\/\/www.erresse-shop.it\/de\/?s={search_term_string}\"},\"query-input\":\"required name=search_term_string\"}],\"inLanguage\":\"de-DE\"}]}<\/script>\n<!-- \/ Yoast SEO Premium plugin. -->","yoast_head_json":{"title":"JURA Kaffeemaschine C8 Piano Black","description":"Entdecken Sie JURA Kaffeemaschine C8 Piano Black bei ErresseShop. Qualit\u00e4t, Stil und Funktionalit\u00e4t \u2013 jetzt online bestellen!","robots":{"index":"index","follow":"follow","max-snippet":"max-snippet:-1","max-image-preview":"max-image-preview:large","max-video-preview":"max-video-preview:-1"},"canonical":"https:\/\/www.erresse-shop.it\/de\/shop\/kleine-elektrogeraete\/kaffeemaschinen-espresso\/automatisch\/jura-kaffeemaschine-e6-platin-copia\/","og_locale":"de_DE","og_type":"article","og_title":"JURA Kaffeemaschine E8 Dark Inox","og_description":"Entdecken Sie JURA Kaffeemaschine C8 Piano Black bei ErresseShop. Qualit\u00e4t, Stil und Funktionalit\u00e4t \u2013 jetzt online bestellen!","og_url":"https:\/\/www.erresse-shop.it\/de\/shop\/kleine-elektrogeraete\/kaffeemaschinen-espresso\/automatisch\/jura-kaffeemaschine-e6-platin-copia\/","og_site_name":"Erresse Shop","article_modified_time":"2025-03-31T07:31:30+00:00","og_image":[{"width":1200,"height":1200,"url":"https:\/\/www.erresse-shop.it\/wp-content\/uploads\/2025\/03\/JURA-Macchina-Da-Caffe-E8-Dark-Inox.jpg","type":"image\/jpeg"}],"twitter_card":"summary_large_image","schema":{"@context":"https:\/\/schema.org","@graph":[{"@type":"WebPage","@id":"https:\/\/www.erresse-shop.it\/de\/shop\/kleine-elektrogeraete\/kaffeemaschinen-espresso\/automatisch\/jura-kaffeemaschine-e6-platin-copia\/","url":"https:\/\/www.erresse-shop.it\/de\/shop\/kleine-elektrogeraete\/kaffeemaschinen-espresso\/automatisch\/jura-kaffeemaschine-e6-platin-copia\/","name":"JURA Kaffeemaschine C8 Piano Black","isPartOf":{"@id":"https:\/\/www.erresse-shop.it\/de\/#website"},"datePublished":"2025-03-31T07:16:32+00:00","dateModified":"2025-03-31T07:31:30+00:00","description":"Entdecken Sie JURA Kaffeemaschine C8 Piano Black bei ErresseShop. Qualit\u00e4t, Stil und Funktionalit\u00e4t \u2013 jetzt online bestellen!","breadcrumb":{"@id":"https:\/\/www.erresse-shop.it\/de\/shop\/kleine-elektrogeraete\/kaffeemaschinen-espresso\/automatisch\/jura-kaffeemaschine-e6-platin-copia\/#breadcrumb"},"inLanguage":"de-DE","potentialAction":[{"@type":"ReadAction","target":["https:\/\/www.erresse-shop.it\/de\/shop\/kleine-elektrogeraete\/kaffeemaschinen-espresso\/automatisch\/jura-kaffeemaschine-e6-platin-copia\/"]}]},{"@type":"BreadcrumbList","@id":"https:\/\/www.erresse-shop.it\/de\/shop\/kleine-elektrogeraete\/kaffeemaschinen-espresso\/automatisch\/jura-kaffeemaschine-e6-platin-copia\/#breadcrumb","itemListElement":[{"@type":"ListItem","position":1,"name":"Home","item":"https:\/\/www.erresse-shop.it\/de\/"},{"@type":"ListItem","position":2,"name":"Shop","item":"https:\/\/www.erresse-shop.it\/de\/shop\/"},{"@type":"ListItem","position":3,"name":"JURA Kaffeemaschine E8 Dark Inox"}]},{"@type":"WebSite","@id":"https:\/\/www.erresse-shop.it\/de\/#website","url":"https:\/\/www.erresse-shop.it\/de\/","name":"Erresse Shop","description":"Articoli di qualit\u00e0 per la casa","potentialAction":[{"@type":"SearchAction","target":{"@type":"EntryPoint","urlTemplate":"https:\/\/www.erresse-shop.it\/de\/?s={search_term_string}"},"query-input":"required name=search_term_string"}],"inLanguage":"de-DE"}]}},"df_price":1169.1000000000001,"df_sale_price":1169.1000000000001,"df_regular_price":1299,"df_image_link":"https:\/\/www.erresse-shop.it\/wp-content\/uploads\/2025\/03\/JURA-Macchina-Da-Caffe-E8-Dark-Inox-300x300.jpg","_links":{"self":[{"href":"https:\/\/www.erresse-shop.it\/de\/wp-json\/wp\/v2\/product\/485894"}],"collection":[{"href":"https:\/\/www.erresse-shop.it\/de\/wp-json\/wp\/v2\/product"}],"about":[{"href":"https:\/\/www.erresse-shop.it\/de\/wp-json\/wp\/v2\/types\/product"}],"wp:featuredmedia":[{"embeddable":true,"href":"https:\/\/www.erresse-shop.it\/de\/wp-json\/wp\/v2\/media\/485921"}],"wp:attachment":[{"href":"https:\/\/www.erresse-shop.it\/de\/wp-json\/wp\/v2\/media?parent=485894"}],"wp:term":[{"taxonomy":"product_cat","embeddable":true,"href":"https:\/\/www.erresse-shop.it\/de\/wp-json\/wp\/v2\/product_cat?post=485894"},{"taxonomy":"product_tag","embeddable":true,"href":"https:\/\/www.erresse-shop.it\/de\/wp-json\/wp\/v2\/product_tag?post=485894"}],"curies":[{"name":"wp","href":"https:\/\/api.w.org\/{rel}","templated":true}]}}