{"id":485826,"date":"2025-03-31T06:42:52","date_gmt":"2025-03-31T06:42:53","guid":{"rendered":"https:\/\/www.erresse-shop.it\/?post_type=product&#038;p=485826"},"modified":"2025-03-31T06:57:32","modified_gmt":"2025-03-31T06:57:32","slug":"jura-kaffeemaschine-e6-dark-inox-copia","status":"publish","type":"product","link":"https:\/\/www.erresse-shop.it\/de\/shop\/kleine-elektrogeraete\/kaffeemaschinen-espresso\/automatisch\/jura-kaffeemaschine-e6-dark-inox-copia\/","title":{"rendered":"JURA Kaffeemaschine E6 Piano Black"},"content":{"rendered":"<div>\n<div class=\"Seitenuntertitel\">\n<div class=\"page-subtitle\"><strong><span style=\"font-size: 14pt;\">F\u00fcr einen perfekten Cappuccino auf Knopfdruck und vieles mehr<\/span><\/strong><\/div>\n<div>\n<p>Cappuccino mit meisterlicher Note: G\u00f6nnen Sie sich mit der E6 t\u00e4glich un\u00fcbertroffenen Kaffeegenuss. Neben den klassischen schwarzen Kaffeespezialit\u00e4ten bereitet sie dank der Easy Cappuccino-Funktion auch den Publikumsliebling Cappuccino perfekt zu.<\/p>\n<\/div>\n<\/div>\n<\/div>\n<div>\n<h3 id=\"pagelayout_0_pagetype_0_pagecontent_0_tabcontent_0_repTabContentBlock_conContentBlock_0_genTitle_0\" class=\"title\"><span style=\"font-size: 14pt;\">Noch mehr Aroma f\u00fcr noch mehr Genuss<\/span><\/h3>\n<p>Der Professional Aroma Grinder garantiert einen einzigartigen Kaffeegenuss. Dank der verbesserten Geometrie ist diese Kaffeem\u00fchle in der Lage, eine noch gleichm\u00e4\u00dfigere Mahlqualit\u00e4t zu erzielen, bei gleichbleibender Zuverl\u00e4ssigkeit \u00fcber die gesamte Lebensdauer der Maschine. Dies erm\u00f6glicht eine optimierte Aromaextraktion und steigert die Intensit\u00e4t im Vergleich zu herk\u00f6mmlichen Kaffeem\u00fchlen um 12,2 %. Entdecken Sie alle neuen Nuancen Ihrer liebsten Kaffeespezialit\u00e4t.<\/p>\n<h3 id=\"pagelayout_0_pagetype_0_pagecontent_0_tabcontent_0_repTabContentBlock_conContentBlock_1_genTitle_1\" class=\"title\"><span style=\"font-size: 14pt;\">Die Perfektion des Cappuccinos<\/span><\/h3>\n<p>Mit der bew\u00e4hrten Easy Cappuccino-Funktion genie\u00dfen Sie auf Knopfdruck einen k\u00f6stlichen Cappuccino. Der speziell f\u00fcr Cappuccino entwickelte Milchaufsch\u00e4umer erzeugt einen unglaublich weichen und cremigen Milchschaum, der den Kaffee perfekt erg\u00e4nzt und f\u00fcr authentischen Genuss sorgt. Das Nonplusultra f\u00fcr Cappuccino-Liebhaber.<\/p>\n<h3 id=\"pagelayout_0_pagetype_0_pagecontent_0_tabcontent_0_repTabContentBlock_conContentBlock_2_genTitle_2\" class=\"title\"><span style=\"font-size: 14pt;\">Un\u00fcbertroffener Genuss mit maximaler Einfachheit<\/span><\/h3>\n<p>Das \u00fcbersichtliche 2,8&#8243;-Farbdisplay, die sechs optimal positionierten Tasten und die intuitive Bedienphilosophie erm\u00f6glichen eine komfortable Nutzung der E6 \u2013 sei es f\u00fcr die einfache Kaffeezubereitung, das Einstellen individueller Vorlieben oder die Nutzung der selbsterkl\u00e4renden Reinigungsfunktionen. Und nat\u00fcrlich ist die E6 auch J.O.E.<sup>\u00ae<\/sup>-kompatibel: Bereiten Sie Kaffeespezialit\u00e4ten per Smartphone zu, legen Sie Ihre pers\u00f6nlichen Vorlieben fest und speichern Sie diese oder senden Sie ganz einfach unterschiedliche Kaffeew\u00fcnsche Ihrer G\u00e4ste direkt an die Maschine.<\/p>\n<h3 id=\"pagelayout_0_pagetype_0_pagecontent_0_tabcontent_0_repTabContentBlock_conContentBlock_3_genTitle_3\" class=\"title\"><span style=\"font-size: 14pt;\">Ein Design, das Bestand hat<\/span><\/h3>\n<p>Mit seiner dezenten Eleganz spiegelt das Design des E6 die einzigartige Technologie hinter seiner zeitlosen Fassade wider. Die geradlinige Geometrie, veredelt mit Chromdetails, bringt die Zubereitung eines sehr hochwertigen Kaffees klar und kompromisslos zum Ausdruck und f\u00fcgt sich harmonisch in jedes Ambiente ein. Bei der Auswahl der Spezialit\u00e4ten und im Design verzichtet die E6 bewusst auf jeglichen Schnickschnack, der den Blick auf ihre wahre Funktion verstellen k\u00f6nnte: die Zubereitung der perfekten Tasse Kaffee.<\/p>\n<\/div>\n<p class=\"\" data-start=\"50\" data-end=\"77\"><strong data-start=\"50\" data-end=\"77\">Verf\u00fcgbare Spezialit\u00e4ten:<\/strong><\/p>\n<ul data-start=\"78\" data-end=\"258\">\n<li class=\"\" data-start=\"78\" data-end=\"258\">\n<p class=\"\" data-start=\"80\" data-end=\"258\">11 Optionen: Espresso, 2\u00d7 Espresso, Kaffee, 2\u00d7 Kaffee, Barista Kaffee, Lungo Barista, Espresso macchiato, Cappuccino, Cappuccino Extra Shot, Milchschaumportion, Hei\u00dfes Wasser<\/p>\n<\/li>\n<\/ul>\n<p class=\"\" data-start=\"904\" data-end=\"928\"><strong data-start=\"904\" data-end=\"928\">Technische Daten:<\/strong><\/p>\n<ul data-start=\"929\" data-end=\"1113\">\n<li class=\"\" data-start=\"929\" data-end=\"962\">\n<p class=\"\" data-start=\"931\" data-end=\"962\">Wassertankkapazit\u00e4t: 1,9 l<\/p>\n<\/li>\n<li class=\"\" data-start=\"963\" data-end=\"1007\">\n<p class=\"\" data-start=\"965\" data-end=\"1007\">Kapazit\u00e4t des Kaffeebohnenbeh\u00e4lters: 280 g<\/p>\n<\/li>\n<li class=\"\" data-start=\"1008\" data-end=\"1046\">\n<p class=\"\" data-start=\"1010\" data-end=\"1046\">Kaffeesatzbeh\u00e4lter: 16 Portionen<\/p>\n<\/li>\n<li class=\"\" data-start=\"1047\" data-end=\"1061\">\n<p class=\"\" data-start=\"1049\" data-end=\"1061\">Gewicht: 9,1 kg<\/p>\n<\/li>\n<li class=\"\" data-start=\"1062\" data-end=\"1095\">\n<p class=\"\" data-start=\"1064\" data-end=\"1095\">Abmessungen: 28 \u00d7 35,1 \u00d7 44,6 cm<\/p>\n<\/li>\n<li class=\"\" data-start=\"1096\" data-end=\"1113\">\n<p class=\"\" data-start=\"1098\" data-end=\"1113\">Leistung: 1450 W<\/p>\n<\/li>\n<\/ul>\n<p class=\"\" data-start=\"1115\" data-end=\"1134\"><strong data-start=\"1115\" data-end=\"1134\">Weitere Details:<\/strong><\/p>\n<ul data-start=\"1135\" data-end=\"1189\" data-is-last-node=\"\" data-is-only-node=\"\">\n<li class=\"\" data-start=\"1135\" data-end=\"1168\">\n<p class=\"\" data-start=\"1137\" data-end=\"1168\">Produktionsland: Portugal<\/p>\n<\/li>\n<li class=\"\" data-start=\"1169\" data-end=\"1189\">\n<p class=\"\" data-start=\"1171\" data-end=\"1189\">Modelljahr: 2022<\/p>\n<\/li>\n<\/ul>\n<p>&nbsp;<\/p>\n","protected":false},"excerpt":{"rendered":"<p>F\u00fcr einen perfekten Cappuccino auf Knopfdruck und vieles mehr Cappuccino mit meisterlicher Note: G\u00f6nnen Sie sich mit der E6 t\u00e4glich<\/p>\n","protected":false},"featured_media":485853,"template":"","meta":{"_acf_changed":false,"inline_featured_image":false},"product_cat":[6733,6703,25361],"product_tag":[23569,23564,20766,13966],"acf":[],"yoast_head":"<!-- This site is optimized with the Yoast SEO Premium plugin v18.6 (Yoast SEO v19.13) - https:\/\/yoast.com\/wordpress\/plugins\/seo\/ -->\n<title>JURA Kaffeemaschine C8 Piano Black<\/title>\n<meta name=\"description\" content=\"Entdecken Sie JURA Kaffeemaschine C8 Piano Black bei ErresseShop. Qualit\u00e4t, Stil und Funktionalit\u00e4t \u2013 jetzt online bestellen!\" \/>\n<meta name=\"robots\" content=\"index, follow, max-snippet:-1, max-image-preview:large, max-video-preview:-1\" \/>\n<link rel=\"canonical\" href=\"https:\/\/www.erresse-shop.it\/de\/shop\/kleine-elektrogeraete\/kaffeemaschinen-espresso\/automatisch\/jura-kaffeemaschine-e6-dark-inox-copia\/\" \/>\n<meta property=\"og:locale\" content=\"de_DE\" \/>\n<meta property=\"og:type\" content=\"article\" \/>\n<meta property=\"og:title\" content=\"JURA Kaffeemaschine E6 Piano Black\" \/>\n<meta property=\"og:description\" content=\"Entdecken Sie JURA Kaffeemaschine C8 Piano Black bei ErresseShop. Qualit\u00e4t, Stil und Funktionalit\u00e4t \u2013 jetzt online bestellen!\" \/>\n<meta property=\"og:url\" content=\"https:\/\/www.erresse-shop.it\/de\/shop\/kleine-elektrogeraete\/kaffeemaschinen-espresso\/automatisch\/jura-kaffeemaschine-e6-dark-inox-copia\/\" \/>\n<meta property=\"og:site_name\" content=\"Erresse Shop\" \/>\n<meta property=\"article:modified_time\" content=\"2025-03-31T06:57:32+00:00\" \/>\n<meta property=\"og:image\" content=\"https:\/\/www.erresse-shop.it\/wp-content\/uploads\/2025\/03\/JURA-Macchina-Da-Caffe-E6-Piano-Black.jpg\" \/>\n\t<meta property=\"og:image:width\" content=\"1200\" \/>\n\t<meta property=\"og:image:height\" content=\"1200\" \/>\n\t<meta property=\"og:image:type\" content=\"image\/jpeg\" \/>\n<meta name=\"twitter:card\" content=\"summary_large_image\" \/>\n<script type=\"application\/ld+json\" class=\"yoast-schema-graph\">{\"@context\":\"https:\/\/schema.org\",\"@graph\":[{\"@type\":\"WebPage\",\"@id\":\"https:\/\/www.erresse-shop.it\/de\/shop\/kleine-elektrogeraete\/kaffeemaschinen-espresso\/automatisch\/jura-kaffeemaschine-e6-dark-inox-copia\/\",\"url\":\"https:\/\/www.erresse-shop.it\/de\/shop\/kleine-elektrogeraete\/kaffeemaschinen-espresso\/automatisch\/jura-kaffeemaschine-e6-dark-inox-copia\/\",\"name\":\"JURA Kaffeemaschine C8 Piano Black\",\"isPartOf\":{\"@id\":\"https:\/\/www.erresse-shop.it\/de\/#website\"},\"datePublished\":\"2025-03-31T06:42:53+00:00\",\"dateModified\":\"2025-03-31T06:57:32+00:00\",\"description\":\"Entdecken Sie JURA Kaffeemaschine C8 Piano Black bei ErresseShop. Qualit\u00e4t, Stil und Funktionalit\u00e4t \u2013 jetzt online bestellen!\",\"breadcrumb\":{\"@id\":\"https:\/\/www.erresse-shop.it\/de\/shop\/kleine-elektrogeraete\/kaffeemaschinen-espresso\/automatisch\/jura-kaffeemaschine-e6-dark-inox-copia\/#breadcrumb\"},\"inLanguage\":\"de-DE\",\"potentialAction\":[{\"@type\":\"ReadAction\",\"target\":[\"https:\/\/www.erresse-shop.it\/de\/shop\/kleine-elektrogeraete\/kaffeemaschinen-espresso\/automatisch\/jura-kaffeemaschine-e6-dark-inox-copia\/\"]}]},{\"@type\":\"BreadcrumbList\",\"@id\":\"https:\/\/www.erresse-shop.it\/de\/shop\/kleine-elektrogeraete\/kaffeemaschinen-espresso\/automatisch\/jura-kaffeemaschine-e6-dark-inox-copia\/#breadcrumb\",\"itemListElement\":[{\"@type\":\"ListItem\",\"position\":1,\"name\":\"Home\",\"item\":\"https:\/\/www.erresse-shop.it\/de\/\"},{\"@type\":\"ListItem\",\"position\":2,\"name\":\"Shop\",\"item\":\"https:\/\/www.erresse-shop.it\/de\/shop\/\"},{\"@type\":\"ListItem\",\"position\":3,\"name\":\"JURA Kaffeemaschine E6 Piano Black\"}]},{\"@type\":\"WebSite\",\"@id\":\"https:\/\/www.erresse-shop.it\/de\/#website\",\"url\":\"https:\/\/www.erresse-shop.it\/de\/\",\"name\":\"Erresse Shop\",\"description\":\"Articoli di qualit\u00e0 per la casa\",\"potentialAction\":[{\"@type\":\"SearchAction\",\"target\":{\"@type\":\"EntryPoint\",\"urlTemplate\":\"https:\/\/www.erresse-shop.it\/de\/?s={search_term_string}\"},\"query-input\":\"required name=search_term_string\"}],\"inLanguage\":\"de-DE\"}]}<\/script>\n<!-- \/ Yoast SEO Premium plugin. -->","yoast_head_json":{"title":"JURA Kaffeemaschine C8 Piano Black","description":"Entdecken Sie JURA Kaffeemaschine C8 Piano Black bei ErresseShop. Qualit\u00e4t, Stil und Funktionalit\u00e4t \u2013 jetzt online bestellen!","robots":{"index":"index","follow":"follow","max-snippet":"max-snippet:-1","max-image-preview":"max-image-preview:large","max-video-preview":"max-video-preview:-1"},"canonical":"https:\/\/www.erresse-shop.it\/de\/shop\/kleine-elektrogeraete\/kaffeemaschinen-espresso\/automatisch\/jura-kaffeemaschine-e6-dark-inox-copia\/","og_locale":"de_DE","og_type":"article","og_title":"JURA Kaffeemaschine E6 Piano Black","og_description":"Entdecken Sie JURA Kaffeemaschine C8 Piano Black bei ErresseShop. Qualit\u00e4t, Stil und Funktionalit\u00e4t \u2013 jetzt online bestellen!","og_url":"https:\/\/www.erresse-shop.it\/de\/shop\/kleine-elektrogeraete\/kaffeemaschinen-espresso\/automatisch\/jura-kaffeemaschine-e6-dark-inox-copia\/","og_site_name":"Erresse Shop","article_modified_time":"2025-03-31T06:57:32+00:00","og_image":[{"width":1200,"height":1200,"url":"https:\/\/www.erresse-shop.it\/wp-content\/uploads\/2025\/03\/JURA-Macchina-Da-Caffe-E6-Piano-Black.jpg","type":"image\/jpeg"}],"twitter_card":"summary_large_image","schema":{"@context":"https:\/\/schema.org","@graph":[{"@type":"WebPage","@id":"https:\/\/www.erresse-shop.it\/de\/shop\/kleine-elektrogeraete\/kaffeemaschinen-espresso\/automatisch\/jura-kaffeemaschine-e6-dark-inox-copia\/","url":"https:\/\/www.erresse-shop.it\/de\/shop\/kleine-elektrogeraete\/kaffeemaschinen-espresso\/automatisch\/jura-kaffeemaschine-e6-dark-inox-copia\/","name":"JURA Kaffeemaschine C8 Piano Black","isPartOf":{"@id":"https:\/\/www.erresse-shop.it\/de\/#website"},"datePublished":"2025-03-31T06:42:53+00:00","dateModified":"2025-03-31T06:57:32+00:00","description":"Entdecken Sie JURA Kaffeemaschine C8 Piano Black bei ErresseShop. Qualit\u00e4t, Stil und Funktionalit\u00e4t \u2013 jetzt online bestellen!","breadcrumb":{"@id":"https:\/\/www.erresse-shop.it\/de\/shop\/kleine-elektrogeraete\/kaffeemaschinen-espresso\/automatisch\/jura-kaffeemaschine-e6-dark-inox-copia\/#breadcrumb"},"inLanguage":"de-DE","potentialAction":[{"@type":"ReadAction","target":["https:\/\/www.erresse-shop.it\/de\/shop\/kleine-elektrogeraete\/kaffeemaschinen-espresso\/automatisch\/jura-kaffeemaschine-e6-dark-inox-copia\/"]}]},{"@type":"BreadcrumbList","@id":"https:\/\/www.erresse-shop.it\/de\/shop\/kleine-elektrogeraete\/kaffeemaschinen-espresso\/automatisch\/jura-kaffeemaschine-e6-dark-inox-copia\/#breadcrumb","itemListElement":[{"@type":"ListItem","position":1,"name":"Home","item":"https:\/\/www.erresse-shop.it\/de\/"},{"@type":"ListItem","position":2,"name":"Shop","item":"https:\/\/www.erresse-shop.it\/de\/shop\/"},{"@type":"ListItem","position":3,"name":"JURA Kaffeemaschine E6 Piano Black"}]},{"@type":"WebSite","@id":"https:\/\/www.erresse-shop.it\/de\/#website","url":"https:\/\/www.erresse-shop.it\/de\/","name":"Erresse Shop","description":"Articoli di qualit\u00e0 per la casa","potentialAction":[{"@type":"SearchAction","target":{"@type":"EntryPoint","urlTemplate":"https:\/\/www.erresse-shop.it\/de\/?s={search_term_string}"},"query-input":"required name=search_term_string"}],"inLanguage":"de-DE"}]}},"df_price":929,"df_sale_price":929,"df_regular_price":1099,"df_image_link":"https:\/\/www.erresse-shop.it\/wp-content\/uploads\/2025\/03\/JURA-Macchina-Da-Caffe-E6-Piano-Black-300x300.jpg","_links":{"self":[{"href":"https:\/\/www.erresse-shop.it\/de\/wp-json\/wp\/v2\/product\/485826"}],"collection":[{"href":"https:\/\/www.erresse-shop.it\/de\/wp-json\/wp\/v2\/product"}],"about":[{"href":"https:\/\/www.erresse-shop.it\/de\/wp-json\/wp\/v2\/types\/product"}],"wp:featuredmedia":[{"embeddable":true,"href":"https:\/\/www.erresse-shop.it\/de\/wp-json\/wp\/v2\/media\/485853"}],"wp:attachment":[{"href":"https:\/\/www.erresse-shop.it\/de\/wp-json\/wp\/v2\/media?parent=485826"}],"wp:term":[{"taxonomy":"product_cat","embeddable":true,"href":"https:\/\/www.erresse-shop.it\/de\/wp-json\/wp\/v2\/product_cat?post=485826"},{"taxonomy":"product_tag","embeddable":true,"href":"https:\/\/www.erresse-shop.it\/de\/wp-json\/wp\/v2\/product_tag?post=485826"}],"curies":[{"name":"wp","href":"https:\/\/api.w.org\/{rel}","templated":true}]}}