{"id":485376,"date":"2025-03-28T10:33:28","date_gmt":"2025-03-28T10:33:29","guid":{"rendered":"https:\/\/www.erresse-shop.it\/?post_type=product&#038;p=485376"},"modified":"2025-03-28T10:37:31","modified_gmt":"2025-03-28T10:37:31","slug":"maison-sucree-pepe-gesichtshandtuch-gastetuch-birke-copia","status":"publish","type":"product","link":"https:\/\/www.erresse-shop.it\/de\/shop\/einrichtung-haus\/textile-de\/maison-sucree-pepe-gesichtshandtuch-gastetuch-birke-copia\/","title":{"rendered":"MAISON SUCREE Pepe Gesichtshandtuch + G\u00e4stetuch Taupe"},"content":{"rendered":"<div class=\"position-relative product__description\">\n<div>\n<p>Der Komfort von Zuhause und Bad wird mit Rohmaterialien kombiniert, um entspannende R\u00e4ume zur Selbstverbesserung und zum pers\u00f6nlichen Wohlbefinden zu schaffen. Dabei wird untersucht, wie Design und Inneneinrichtung auf die ver\u00e4nderte Beziehung zum Zuhause reagieren, wenn es zu einem funktionalen Wohnsystem wird.<\/p>\n<p>Badezimmerhandtuch-Set aus der Linie Maison Sucree<\/p>\n<\/div>\n<\/div>\n<div>\n<p class=\"h6 color-primary margin-bottom-05\"><strong><span style=\"font-size: 14pt;\">Produktmerkmale:<\/span><\/strong><\/p>\n<ul class=\"Liste--kein-Aufz\u00e4hlungszeichen-Rand-0\">\n<li class=\"margin-bottom-05\"><strong>Material<\/strong>: 100 % Baumwolle<\/li>\n<li class=\"margin-bottom-05\"><strong>Ma\u00dfe<\/strong>:\n<ul class=\"Liste--kein-Aufz\u00e4hlungszeichen-Rand-0\">\n<li class=\"margin-bottom-05\">Handtuch: 60 x 105 cm<\/li>\n<li>Gast: 40 x 60 cm<\/li>\n<\/ul>\n<\/li>\n<\/ul>\n<p><strong>Die eingef\u00fcgten <em>Bilder<\/em> dienen nur <em>zu<\/em>\u00a0Veranschaulichungszwecken. Das Endprodukt kann abweichen.<\/strong><\/p>\n<\/div>\n","protected":false},"excerpt":{"rendered":"<p>Der Komfort von Zuhause und Bad wird mit Rohmaterialien kombiniert, um entspannende R\u00e4ume zur Selbstverbesserung und zum pers\u00f6nlichen Wohlbefinden zu<\/p>\n","protected":false},"featured_media":485385,"template":"","meta":{"_acf_changed":false,"inline_featured_image":false},"product_cat":[6817,26054],"product_tag":[21369],"acf":[],"yoast_head":"<!-- This site is optimized with the Yoast SEO Premium plugin v18.6 (Yoast SEO v19.13) - https:\/\/yoast.com\/wordpress\/plugins\/seo\/ -->\n<title>MAISON SUCREE Pepe Gesichtshandtuch + G\u00e4stetuch Taupe - Erresse Shop<\/title>\n<meta name=\"description\" content=\"Der Komfort von Zuhause und Bad wird mit Rohmaterialien kombiniert, um entspannende R\u00e4ume zur Selbstverbesserung und zum pers\u00f6nlichen Wohlbefinden zu\" \/>\n<meta name=\"robots\" content=\"index, follow, max-snippet:-1, max-image-preview:large, max-video-preview:-1\" \/>\n<link rel=\"canonical\" href=\"https:\/\/www.erresse-shop.it\/de\/shop\/einrichtung-haus\/textile-de\/maison-sucree-pepe-gesichtshandtuch-gastetuch-birke-copia\/\" \/>\n<meta property=\"og:locale\" content=\"de_DE\" \/>\n<meta property=\"og:type\" content=\"article\" \/>\n<meta property=\"og:title\" content=\"MAISON SUCREE Pepe Gesichtshandtuch + G\u00e4stetuch Taupe\" \/>\n<meta property=\"og:description\" content=\"Der Komfort von Zuhause und Bad wird mit Rohmaterialien kombiniert, um entspannende R\u00e4ume zur Selbstverbesserung und zum pers\u00f6nlichen Wohlbefinden zu\" \/>\n<meta property=\"og:url\" content=\"https:\/\/www.erresse-shop.it\/de\/shop\/einrichtung-haus\/textile-de\/maison-sucree-pepe-gesichtshandtuch-gastetuch-birke-copia\/\" \/>\n<meta property=\"og:site_name\" content=\"Erresse Shop\" \/>\n<meta property=\"article:modified_time\" content=\"2025-03-28T10:37:31+00:00\" \/>\n<meta property=\"og:image\" content=\"https:\/\/www.erresse-shop.it\/wp-content\/uploads\/2025\/03\/MAISON-SUCREE-Pepe-Asciugamano-Viso-Ospite-Taupe.jpg\" \/>\n\t<meta property=\"og:image:width\" content=\"1200\" \/>\n\t<meta property=\"og:image:height\" content=\"1200\" \/>\n\t<meta property=\"og:image:type\" content=\"image\/jpeg\" \/>\n<meta name=\"twitter:card\" content=\"summary_large_image\" \/>\n<script type=\"application\/ld+json\" class=\"yoast-schema-graph\">{\"@context\":\"https:\/\/schema.org\",\"@graph\":[{\"@type\":\"WebPage\",\"@id\":\"https:\/\/www.erresse-shop.it\/de\/shop\/einrichtung-haus\/textile-de\/maison-sucree-pepe-gesichtshandtuch-gastetuch-birke-copia\/\",\"url\":\"https:\/\/www.erresse-shop.it\/de\/shop\/einrichtung-haus\/textile-de\/maison-sucree-pepe-gesichtshandtuch-gastetuch-birke-copia\/\",\"name\":\"MAISON SUCREE Pepe Gesichtshandtuch + G\u00e4stetuch Taupe - Erresse Shop\",\"isPartOf\":{\"@id\":\"https:\/\/www.erresse-shop.it\/de\/#website\"},\"datePublished\":\"2025-03-28T10:33:29+00:00\",\"dateModified\":\"2025-03-28T10:37:31+00:00\",\"description\":\"Der Komfort von Zuhause und Bad wird mit Rohmaterialien kombiniert, um entspannende R\u00e4ume zur Selbstverbesserung und zum pers\u00f6nlichen Wohlbefinden zu\",\"breadcrumb\":{\"@id\":\"https:\/\/www.erresse-shop.it\/de\/shop\/einrichtung-haus\/textile-de\/maison-sucree-pepe-gesichtshandtuch-gastetuch-birke-copia\/#breadcrumb\"},\"inLanguage\":\"de-DE\",\"potentialAction\":[{\"@type\":\"ReadAction\",\"target\":[\"https:\/\/www.erresse-shop.it\/de\/shop\/einrichtung-haus\/textile-de\/maison-sucree-pepe-gesichtshandtuch-gastetuch-birke-copia\/\"]}]},{\"@type\":\"BreadcrumbList\",\"@id\":\"https:\/\/www.erresse-shop.it\/de\/shop\/einrichtung-haus\/textile-de\/maison-sucree-pepe-gesichtshandtuch-gastetuch-birke-copia\/#breadcrumb\",\"itemListElement\":[{\"@type\":\"ListItem\",\"position\":1,\"name\":\"Home\",\"item\":\"https:\/\/www.erresse-shop.it\/de\/\"},{\"@type\":\"ListItem\",\"position\":2,\"name\":\"Shop\",\"item\":\"https:\/\/www.erresse-shop.it\/de\/shop\/\"},{\"@type\":\"ListItem\",\"position\":3,\"name\":\"MAISON SUCREE Pepe Gesichtshandtuch + G\u00e4stetuch Taupe\"}]},{\"@type\":\"WebSite\",\"@id\":\"https:\/\/www.erresse-shop.it\/de\/#website\",\"url\":\"https:\/\/www.erresse-shop.it\/de\/\",\"name\":\"Erresse Shop\",\"description\":\"Articoli di qualit\u00e0 per la casa\",\"potentialAction\":[{\"@type\":\"SearchAction\",\"target\":{\"@type\":\"EntryPoint\",\"urlTemplate\":\"https:\/\/www.erresse-shop.it\/de\/?s={search_term_string}\"},\"query-input\":\"required name=search_term_string\"}],\"inLanguage\":\"de-DE\"}]}<\/script>\n<!-- \/ Yoast SEO Premium plugin. -->","yoast_head_json":{"title":"MAISON SUCREE Pepe Gesichtshandtuch + G\u00e4stetuch Taupe - Erresse Shop","description":"Der Komfort von Zuhause und Bad wird mit Rohmaterialien kombiniert, um entspannende R\u00e4ume zur Selbstverbesserung und zum pers\u00f6nlichen Wohlbefinden zu","robots":{"index":"index","follow":"follow","max-snippet":"max-snippet:-1","max-image-preview":"max-image-preview:large","max-video-preview":"max-video-preview:-1"},"canonical":"https:\/\/www.erresse-shop.it\/de\/shop\/einrichtung-haus\/textile-de\/maison-sucree-pepe-gesichtshandtuch-gastetuch-birke-copia\/","og_locale":"de_DE","og_type":"article","og_title":"MAISON SUCREE Pepe Gesichtshandtuch + G\u00e4stetuch Taupe","og_description":"Der Komfort von Zuhause und Bad wird mit Rohmaterialien kombiniert, um entspannende R\u00e4ume zur Selbstverbesserung und zum pers\u00f6nlichen Wohlbefinden zu","og_url":"https:\/\/www.erresse-shop.it\/de\/shop\/einrichtung-haus\/textile-de\/maison-sucree-pepe-gesichtshandtuch-gastetuch-birke-copia\/","og_site_name":"Erresse Shop","article_modified_time":"2025-03-28T10:37:31+00:00","og_image":[{"width":1200,"height":1200,"url":"https:\/\/www.erresse-shop.it\/wp-content\/uploads\/2025\/03\/MAISON-SUCREE-Pepe-Asciugamano-Viso-Ospite-Taupe.jpg","type":"image\/jpeg"}],"twitter_card":"summary_large_image","schema":{"@context":"https:\/\/schema.org","@graph":[{"@type":"WebPage","@id":"https:\/\/www.erresse-shop.it\/de\/shop\/einrichtung-haus\/textile-de\/maison-sucree-pepe-gesichtshandtuch-gastetuch-birke-copia\/","url":"https:\/\/www.erresse-shop.it\/de\/shop\/einrichtung-haus\/textile-de\/maison-sucree-pepe-gesichtshandtuch-gastetuch-birke-copia\/","name":"MAISON SUCREE Pepe Gesichtshandtuch + G\u00e4stetuch Taupe - Erresse Shop","isPartOf":{"@id":"https:\/\/www.erresse-shop.it\/de\/#website"},"datePublished":"2025-03-28T10:33:29+00:00","dateModified":"2025-03-28T10:37:31+00:00","description":"Der Komfort von Zuhause und Bad wird mit Rohmaterialien kombiniert, um entspannende R\u00e4ume zur Selbstverbesserung und zum pers\u00f6nlichen Wohlbefinden zu","breadcrumb":{"@id":"https:\/\/www.erresse-shop.it\/de\/shop\/einrichtung-haus\/textile-de\/maison-sucree-pepe-gesichtshandtuch-gastetuch-birke-copia\/#breadcrumb"},"inLanguage":"de-DE","potentialAction":[{"@type":"ReadAction","target":["https:\/\/www.erresse-shop.it\/de\/shop\/einrichtung-haus\/textile-de\/maison-sucree-pepe-gesichtshandtuch-gastetuch-birke-copia\/"]}]},{"@type":"BreadcrumbList","@id":"https:\/\/www.erresse-shop.it\/de\/shop\/einrichtung-haus\/textile-de\/maison-sucree-pepe-gesichtshandtuch-gastetuch-birke-copia\/#breadcrumb","itemListElement":[{"@type":"ListItem","position":1,"name":"Home","item":"https:\/\/www.erresse-shop.it\/de\/"},{"@type":"ListItem","position":2,"name":"Shop","item":"https:\/\/www.erresse-shop.it\/de\/shop\/"},{"@type":"ListItem","position":3,"name":"MAISON SUCREE Pepe Gesichtshandtuch + G\u00e4stetuch Taupe"}]},{"@type":"WebSite","@id":"https:\/\/www.erresse-shop.it\/de\/#website","url":"https:\/\/www.erresse-shop.it\/de\/","name":"Erresse Shop","description":"Articoli di qualit\u00e0 per la casa","potentialAction":[{"@type":"SearchAction","target":{"@type":"EntryPoint","urlTemplate":"https:\/\/www.erresse-shop.it\/de\/?s={search_term_string}"},"query-input":"required name=search_term_string"}],"inLanguage":"de-DE"}]}},"df_price":16.5,"df_sale_price":16.5,"df_regular_price":16.5,"df_image_link":"https:\/\/www.erresse-shop.it\/wp-content\/uploads\/2025\/03\/MAISON-SUCREE-Pepe-Asciugamano-Viso-Ospite-Taupe-300x300.jpg","_links":{"self":[{"href":"https:\/\/www.erresse-shop.it\/de\/wp-json\/wp\/v2\/product\/485376"}],"collection":[{"href":"https:\/\/www.erresse-shop.it\/de\/wp-json\/wp\/v2\/product"}],"about":[{"href":"https:\/\/www.erresse-shop.it\/de\/wp-json\/wp\/v2\/types\/product"}],"wp:featuredmedia":[{"embeddable":true,"href":"https:\/\/www.erresse-shop.it\/de\/wp-json\/wp\/v2\/media\/485385"}],"wp:attachment":[{"href":"https:\/\/www.erresse-shop.it\/de\/wp-json\/wp\/v2\/media?parent=485376"}],"wp:term":[{"taxonomy":"product_cat","embeddable":true,"href":"https:\/\/www.erresse-shop.it\/de\/wp-json\/wp\/v2\/product_cat?post=485376"},{"taxonomy":"product_tag","embeddable":true,"href":"https:\/\/www.erresse-shop.it\/de\/wp-json\/wp\/v2\/product_tag?post=485376"}],"curies":[{"name":"wp","href":"https:\/\/api.w.org\/{rel}","templated":true}]}}