{"id":485183,"date":"2025-03-28T07:57:25","date_gmt":"2025-03-28T07:57:26","guid":{"rendered":"https:\/\/www.erresse-shop.it\/?post_type=product&#038;p=485183"},"modified":"2025-03-28T07:59:51","modified_gmt":"2025-03-28T07:59:51","slug":"maison-sucree-korin-schmutzabweisende-tischdecke-grau-155-x-225-cm-copia-2","status":"publish","type":"product","link":"https:\/\/www.erresse-shop.it\/de\/shop\/einrichtung-haus\/textile-de\/maison-sucree-korin-schmutzabweisende-tischdecke-grau-155-x-225-cm-copia-2\/","title":{"rendered":"MAISON SUCREE Korin Schmutzabweisende Tischdecke Grau 155 x 265 cm"},"content":{"rendered":"<div class=\"position-relative product__description\">\n<div>\n<p><strong>Schmutzabweisende Tischdecke<\/strong> in einer schlichten Farbe mit einfachem, aber wirkungsvollem Design. Der schmutzabweisende Stoff f\u00fchlt sich wie ein normaler Stoff an, hat aber die Eigenschaft, keine Fl\u00fcssigkeiten zur\u00fcckzuhalten, sodass das Produkt immer perfekt aussieht.<\/p>\n<p>Um die schmutzabweisenden Eigenschaften des Stoffes langfristig zu erhalten, empfehlen wir, das Produkt bei Bedarf bei 30\u00b0 in der Waschmaschine zu waschen und es auf links bei niedriger Temperatur zu b\u00fcgeln. Durch <strong>B\u00fcgeln<\/strong> der R\u00fcckseite bei niedriger Temperatur <strong>reaktiviert<\/strong> man die schmutzabweisenden Eigenschaften.<\/p>\n<\/div>\n<\/div>\n<div>\n<p class=\"h6 color-primary margin-bottom-05\"><strong><span style=\"font-size: 14pt;\">Produktmerkmale:<\/span><\/strong><\/p>\n<ul class=\"Liste--kein-Aufz\u00e4hlungszeichen-Rand-0\">\n<li class=\"margin-bottom-05\"><strong>Material<\/strong>: 100 % schmutzabweisendes Polyester<\/li>\n<li class=\"margin-bottom-05\"><strong>Ma\u00dfe<\/strong>: 155 x 265 cm<\/li>\n<\/ul>\n<p><strong>Die eingef\u00fcgten <em>Bilder<\/em> dienen nur <em>zu<\/em>\u00a0Veranschaulichungszwecken. Das Endprodukt kann abweichen.<\/strong><\/p>\n<\/div>\n","protected":false},"excerpt":{"rendered":"<p>Schmutzabweisende Tischdecke in einer schlichten Farbe mit einfachem, aber wirkungsvollem Design. Der schmutzabweisende Stoff f\u00fchlt sich wie ein normaler Stoff<\/p>\n","protected":false},"featured_media":485140,"template":"","meta":{"_acf_changed":false,"inline_featured_image":false},"product_cat":[6817,26054],"product_tag":[14589],"acf":[],"yoast_head":"<!-- This site is optimized with the Yoast SEO Premium plugin v18.6 (Yoast SEO v19.13) - https:\/\/yoast.com\/wordpress\/plugins\/seo\/ -->\n<title>MAISON SUCREE Korin Schmutzabweisende Tischdecke Grau 155 x 265 cm - Erresse Shop<\/title>\n<meta name=\"description\" content=\"Schmutzabweisende Tischdecke in einer schlichten Farbe mit einfachem, aber wirkungsvollem Design. Der schmutzabweisende Stoff f\u00fchlt sich wie ein normaler\" \/>\n<meta name=\"robots\" content=\"index, follow, max-snippet:-1, max-image-preview:large, max-video-preview:-1\" \/>\n<link rel=\"canonical\" href=\"https:\/\/www.erresse-shop.it\/de\/shop\/einrichtung-haus\/textile-de\/maison-sucree-korin-schmutzabweisende-tischdecke-grau-155-x-225-cm-copia-2\/\" \/>\n<meta property=\"og:locale\" content=\"de_DE\" \/>\n<meta property=\"og:type\" content=\"article\" \/>\n<meta property=\"og:title\" content=\"MAISON SUCREE Korin Schmutzabweisende Tischdecke Grau 155 x 265 cm\" \/>\n<meta property=\"og:description\" content=\"Schmutzabweisende Tischdecke in einer schlichten Farbe mit einfachem, aber wirkungsvollem Design. Der schmutzabweisende Stoff f\u00fchlt sich wie ein normaler\" \/>\n<meta property=\"og:url\" content=\"https:\/\/www.erresse-shop.it\/de\/shop\/einrichtung-haus\/textile-de\/maison-sucree-korin-schmutzabweisende-tischdecke-grau-155-x-225-cm-copia-2\/\" \/>\n<meta property=\"og:site_name\" content=\"Erresse Shop\" \/>\n<meta property=\"article:modified_time\" content=\"2025-03-28T07:59:51+00:00\" \/>\n<meta property=\"og:image\" content=\"https:\/\/www.erresse-shop.it\/wp-content\/uploads\/2025\/03\/MAISON-SUCREE-Korin-Tovaglia-Antimacchia-Grigio.jpg\" \/>\n\t<meta property=\"og:image:width\" content=\"1200\" \/>\n\t<meta property=\"og:image:height\" content=\"1200\" \/>\n\t<meta property=\"og:image:type\" content=\"image\/jpeg\" \/>\n<meta name=\"twitter:card\" content=\"summary_large_image\" \/>\n<script type=\"application\/ld+json\" class=\"yoast-schema-graph\">{\"@context\":\"https:\/\/schema.org\",\"@graph\":[{\"@type\":\"WebPage\",\"@id\":\"https:\/\/www.erresse-shop.it\/de\/shop\/einrichtung-haus\/textile-de\/maison-sucree-korin-schmutzabweisende-tischdecke-grau-155-x-225-cm-copia-2\/\",\"url\":\"https:\/\/www.erresse-shop.it\/de\/shop\/einrichtung-haus\/textile-de\/maison-sucree-korin-schmutzabweisende-tischdecke-grau-155-x-225-cm-copia-2\/\",\"name\":\"MAISON SUCREE Korin Schmutzabweisende Tischdecke Grau 155 x 265 cm - Erresse Shop\",\"isPartOf\":{\"@id\":\"https:\/\/www.erresse-shop.it\/de\/#website\"},\"datePublished\":\"2025-03-28T07:57:26+00:00\",\"dateModified\":\"2025-03-28T07:59:51+00:00\",\"description\":\"Schmutzabweisende Tischdecke in einer schlichten Farbe mit einfachem, aber wirkungsvollem Design. Der schmutzabweisende Stoff f\u00fchlt sich wie ein normaler\",\"breadcrumb\":{\"@id\":\"https:\/\/www.erresse-shop.it\/de\/shop\/einrichtung-haus\/textile-de\/maison-sucree-korin-schmutzabweisende-tischdecke-grau-155-x-225-cm-copia-2\/#breadcrumb\"},\"inLanguage\":\"de-DE\",\"potentialAction\":[{\"@type\":\"ReadAction\",\"target\":[\"https:\/\/www.erresse-shop.it\/de\/shop\/einrichtung-haus\/textile-de\/maison-sucree-korin-schmutzabweisende-tischdecke-grau-155-x-225-cm-copia-2\/\"]}]},{\"@type\":\"BreadcrumbList\",\"@id\":\"https:\/\/www.erresse-shop.it\/de\/shop\/einrichtung-haus\/textile-de\/maison-sucree-korin-schmutzabweisende-tischdecke-grau-155-x-225-cm-copia-2\/#breadcrumb\",\"itemListElement\":[{\"@type\":\"ListItem\",\"position\":1,\"name\":\"Home\",\"item\":\"https:\/\/www.erresse-shop.it\/de\/\"},{\"@type\":\"ListItem\",\"position\":2,\"name\":\"Shop\",\"item\":\"https:\/\/www.erresse-shop.it\/de\/shop\/\"},{\"@type\":\"ListItem\",\"position\":3,\"name\":\"MAISON SUCREE Korin Schmutzabweisende Tischdecke Grau 155 x 265 cm\"}]},{\"@type\":\"WebSite\",\"@id\":\"https:\/\/www.erresse-shop.it\/de\/#website\",\"url\":\"https:\/\/www.erresse-shop.it\/de\/\",\"name\":\"Erresse Shop\",\"description\":\"Articoli di qualit\u00e0 per la casa\",\"potentialAction\":[{\"@type\":\"SearchAction\",\"target\":{\"@type\":\"EntryPoint\",\"urlTemplate\":\"https:\/\/www.erresse-shop.it\/de\/?s={search_term_string}\"},\"query-input\":\"required name=search_term_string\"}],\"inLanguage\":\"de-DE\"}]}<\/script>\n<!-- \/ Yoast SEO Premium plugin. -->","yoast_head_json":{"title":"MAISON SUCREE Korin Schmutzabweisende Tischdecke Grau 155 x 265 cm - Erresse Shop","description":"Schmutzabweisende Tischdecke in einer schlichten Farbe mit einfachem, aber wirkungsvollem Design. Der schmutzabweisende Stoff f\u00fchlt sich wie ein normaler","robots":{"index":"index","follow":"follow","max-snippet":"max-snippet:-1","max-image-preview":"max-image-preview:large","max-video-preview":"max-video-preview:-1"},"canonical":"https:\/\/www.erresse-shop.it\/de\/shop\/einrichtung-haus\/textile-de\/maison-sucree-korin-schmutzabweisende-tischdecke-grau-155-x-225-cm-copia-2\/","og_locale":"de_DE","og_type":"article","og_title":"MAISON SUCREE Korin Schmutzabweisende Tischdecke Grau 155 x 265 cm","og_description":"Schmutzabweisende Tischdecke in einer schlichten Farbe mit einfachem, aber wirkungsvollem Design. Der schmutzabweisende Stoff f\u00fchlt sich wie ein normaler","og_url":"https:\/\/www.erresse-shop.it\/de\/shop\/einrichtung-haus\/textile-de\/maison-sucree-korin-schmutzabweisende-tischdecke-grau-155-x-225-cm-copia-2\/","og_site_name":"Erresse Shop","article_modified_time":"2025-03-28T07:59:51+00:00","og_image":[{"width":1200,"height":1200,"url":"https:\/\/www.erresse-shop.it\/wp-content\/uploads\/2025\/03\/MAISON-SUCREE-Korin-Tovaglia-Antimacchia-Grigio.jpg","type":"image\/jpeg"}],"twitter_card":"summary_large_image","schema":{"@context":"https:\/\/schema.org","@graph":[{"@type":"WebPage","@id":"https:\/\/www.erresse-shop.it\/de\/shop\/einrichtung-haus\/textile-de\/maison-sucree-korin-schmutzabweisende-tischdecke-grau-155-x-225-cm-copia-2\/","url":"https:\/\/www.erresse-shop.it\/de\/shop\/einrichtung-haus\/textile-de\/maison-sucree-korin-schmutzabweisende-tischdecke-grau-155-x-225-cm-copia-2\/","name":"MAISON SUCREE Korin Schmutzabweisende Tischdecke Grau 155 x 265 cm - Erresse Shop","isPartOf":{"@id":"https:\/\/www.erresse-shop.it\/de\/#website"},"datePublished":"2025-03-28T07:57:26+00:00","dateModified":"2025-03-28T07:59:51+00:00","description":"Schmutzabweisende Tischdecke in einer schlichten Farbe mit einfachem, aber wirkungsvollem Design. Der schmutzabweisende Stoff f\u00fchlt sich wie ein normaler","breadcrumb":{"@id":"https:\/\/www.erresse-shop.it\/de\/shop\/einrichtung-haus\/textile-de\/maison-sucree-korin-schmutzabweisende-tischdecke-grau-155-x-225-cm-copia-2\/#breadcrumb"},"inLanguage":"de-DE","potentialAction":[{"@type":"ReadAction","target":["https:\/\/www.erresse-shop.it\/de\/shop\/einrichtung-haus\/textile-de\/maison-sucree-korin-schmutzabweisende-tischdecke-grau-155-x-225-cm-copia-2\/"]}]},{"@type":"BreadcrumbList","@id":"https:\/\/www.erresse-shop.it\/de\/shop\/einrichtung-haus\/textile-de\/maison-sucree-korin-schmutzabweisende-tischdecke-grau-155-x-225-cm-copia-2\/#breadcrumb","itemListElement":[{"@type":"ListItem","position":1,"name":"Home","item":"https:\/\/www.erresse-shop.it\/de\/"},{"@type":"ListItem","position":2,"name":"Shop","item":"https:\/\/www.erresse-shop.it\/de\/shop\/"},{"@type":"ListItem","position":3,"name":"MAISON SUCREE Korin Schmutzabweisende Tischdecke Grau 155 x 265 cm"}]},{"@type":"WebSite","@id":"https:\/\/www.erresse-shop.it\/de\/#website","url":"https:\/\/www.erresse-shop.it\/de\/","name":"Erresse Shop","description":"Articoli di qualit\u00e0 per la casa","potentialAction":[{"@type":"SearchAction","target":{"@type":"EntryPoint","urlTemplate":"https:\/\/www.erresse-shop.it\/de\/?s={search_term_string}"},"query-input":"required name=search_term_string"}],"inLanguage":"de-DE"}]}},"df_price":68.8,"df_sale_price":68.8,"df_regular_price":68.8,"df_image_link":"https:\/\/www.erresse-shop.it\/wp-content\/uploads\/2025\/03\/MAISON-SUCREE-Korin-Tovaglia-Antimacchia-Grigio-300x300.jpg","_links":{"self":[{"href":"https:\/\/www.erresse-shop.it\/de\/wp-json\/wp\/v2\/product\/485183"}],"collection":[{"href":"https:\/\/www.erresse-shop.it\/de\/wp-json\/wp\/v2\/product"}],"about":[{"href":"https:\/\/www.erresse-shop.it\/de\/wp-json\/wp\/v2\/types\/product"}],"wp:featuredmedia":[{"embeddable":true,"href":"https:\/\/www.erresse-shop.it\/de\/wp-json\/wp\/v2\/media\/485140"}],"wp:attachment":[{"href":"https:\/\/www.erresse-shop.it\/de\/wp-json\/wp\/v2\/media?parent=485183"}],"wp:term":[{"taxonomy":"product_cat","embeddable":true,"href":"https:\/\/www.erresse-shop.it\/de\/wp-json\/wp\/v2\/product_cat?post=485183"},{"taxonomy":"product_tag","embeddable":true,"href":"https:\/\/www.erresse-shop.it\/de\/wp-json\/wp\/v2\/product_tag?post=485183"}],"curies":[{"name":"wp","href":"https:\/\/api.w.org\/{rel}","templated":true}]}}