{"id":484335,"date":"2025-03-26T13:13:10","date_gmt":"2025-03-26T13:13:12","guid":{"rendered":"https:\/\/www.erresse-shop.it\/?post_type=product&#038;p=484335"},"modified":"2026-02-13T11:46:34","modified_gmt":"2026-02-13T11:46:34","slug":"zafferano-intrecci-karaffe-weiss-und-schwarz","status":"publish","type":"product","link":"https:\/\/www.erresse-shop.it\/de\/shop\/tisch\/karaffen-flaschen-kruege\/zafferano-intrecci-karaffe-weiss-und-schwarz\/","title":{"rendered":"ZAFFERANO Intrecci Karaffe Wei\u00df und Schwarz"},"content":{"rendered":"<p>Die Henkelkaraffe aus der Intrecci-Kollektion ist ein echtes Highlight f\u00fcr Ihren Tisch. Sie besteht aus mundgeblasenem Borosilikatglas, ist leicht und temperaturbest\u00e4ndig. Der Rand ist mit einem eleganten, mattierten Glasgeflecht verziert. Perfekt zum stilvollen Servieren von Wasser, S\u00e4ften oder Wein.<\/p>\n<p>Sp\u00fclmaschinenfest bis 60 \u00b0C.<\/p>\n<p><strong>Eigenschaften:<\/strong><\/p>\n<ul>\n<li class=\"accordion-content add-formatting\" data-variant-sku=\"BAC0104\">Durchmesser: 11 cm<\/li>\n<li class=\"accordion-content add-formatting\" data-variant-sku=\"BAC0104\">Gesamth\u00f6he: 17 cm<\/li>\n<li class=\"accordion-content add-formatting\" data-variant-sku=\"BAC0104\">Ausladung: 15,5 cm<\/li>\n<li class=\"accordion-content add-formatting\" data-variant-sku=\"BAC0104\">Fassungsverm\u00f6gen: 84 cl<\/li>\n<\/ul>\n","protected":false},"excerpt":{"rendered":"<p>Die Henkelkaraffe aus der Intrecci-Kollektion ist ein echtes Highlight f\u00fcr Ihren Tisch. Sie besteht aus mundgeblasenem Borosilikatglas, ist leicht und<\/p>\n","protected":false},"featured_media":484349,"template":"","meta":{"_acf_changed":false,"inline_featured_image":false},"product_cat":[6859,6787],"product_tag":[25027,11543,11483,24604,11487,25022,21822,11489],"acf":[],"yoast_head":"<!-- This site is optimized with the Yoast SEO Premium plugin v18.6 (Yoast SEO v19.13) - https:\/\/yoast.com\/wordpress\/plugins\/seo\/ -->\n<title>ZAFFERANO Intrecci Karaffe Wei\u00df und Schwarz - Erresse Shop<\/title>\n<meta name=\"description\" content=\"Die Henkelkaraffe aus der Intrecci-Kollektion ist ein echtes Highlight f\u00fcr Ihren Tisch. Sie besteht aus mundgeblasenem Borosilikatglas, ist leicht und\" \/>\n<meta name=\"robots\" content=\"index, follow, max-snippet:-1, max-image-preview:large, max-video-preview:-1\" \/>\n<link rel=\"canonical\" href=\"https:\/\/www.erresse-shop.it\/de\/shop\/tisch\/karaffen-flaschen-kruege\/zafferano-intrecci-karaffe-weiss-und-schwarz\/\" \/>\n<meta property=\"og:locale\" content=\"de_DE\" \/>\n<meta property=\"og:type\" content=\"article\" \/>\n<meta property=\"og:title\" content=\"ZAFFERANO Intrecci Karaffe Wei\u00df und Schwarz\" \/>\n<meta property=\"og:description\" content=\"Die Henkelkaraffe aus der Intrecci-Kollektion ist ein echtes Highlight f\u00fcr Ihren Tisch. Sie besteht aus mundgeblasenem Borosilikatglas, ist leicht und\" \/>\n<meta property=\"og:url\" content=\"https:\/\/www.erresse-shop.it\/de\/shop\/tisch\/karaffen-flaschen-kruege\/zafferano-intrecci-karaffe-weiss-und-schwarz\/\" \/>\n<meta property=\"og:site_name\" content=\"Erresse Shop\" \/>\n<meta property=\"article:modified_time\" content=\"2026-02-13T11:46:34+00:00\" \/>\n<meta property=\"og:image\" content=\"https:\/\/www.erresse-shop.it\/wp-content\/uploads\/2025\/03\/ZAFFERANO-Intrecci-Caraffa-Bianco-e-Nero.jpg\" \/>\n\t<meta property=\"og:image:width\" content=\"1200\" \/>\n\t<meta property=\"og:image:height\" content=\"1200\" \/>\n\t<meta property=\"og:image:type\" content=\"image\/jpeg\" \/>\n<meta name=\"twitter:card\" content=\"summary_large_image\" \/>\n<script type=\"application\/ld+json\" class=\"yoast-schema-graph\">{\"@context\":\"https:\/\/schema.org\",\"@graph\":[{\"@type\":\"WebPage\",\"@id\":\"https:\/\/www.erresse-shop.it\/de\/shop\/tisch\/karaffen-flaschen-kruege\/zafferano-intrecci-karaffe-weiss-und-schwarz\/\",\"url\":\"https:\/\/www.erresse-shop.it\/de\/shop\/tisch\/karaffen-flaschen-kruege\/zafferano-intrecci-karaffe-weiss-und-schwarz\/\",\"name\":\"ZAFFERANO Intrecci Karaffe Wei\u00df und Schwarz - Erresse Shop\",\"isPartOf\":{\"@id\":\"https:\/\/www.erresse-shop.it\/de\/#website\"},\"datePublished\":\"2025-03-26T13:13:12+00:00\",\"dateModified\":\"2026-02-13T11:46:34+00:00\",\"description\":\"Die Henkelkaraffe aus der Intrecci-Kollektion ist ein echtes Highlight f\u00fcr Ihren Tisch. Sie besteht aus mundgeblasenem Borosilikatglas, ist leicht und\",\"breadcrumb\":{\"@id\":\"https:\/\/www.erresse-shop.it\/de\/shop\/tisch\/karaffen-flaschen-kruege\/zafferano-intrecci-karaffe-weiss-und-schwarz\/#breadcrumb\"},\"inLanguage\":\"de-DE\",\"potentialAction\":[{\"@type\":\"ReadAction\",\"target\":[\"https:\/\/www.erresse-shop.it\/de\/shop\/tisch\/karaffen-flaschen-kruege\/zafferano-intrecci-karaffe-weiss-und-schwarz\/\"]}]},{\"@type\":\"BreadcrumbList\",\"@id\":\"https:\/\/www.erresse-shop.it\/de\/shop\/tisch\/karaffen-flaschen-kruege\/zafferano-intrecci-karaffe-weiss-und-schwarz\/#breadcrumb\",\"itemListElement\":[{\"@type\":\"ListItem\",\"position\":1,\"name\":\"Home\",\"item\":\"https:\/\/www.erresse-shop.it\/de\/\"},{\"@type\":\"ListItem\",\"position\":2,\"name\":\"Shop\",\"item\":\"https:\/\/www.erresse-shop.it\/de\/shop\/\"},{\"@type\":\"ListItem\",\"position\":3,\"name\":\"ZAFFERANO Intrecci Karaffe Wei\u00df und Schwarz\"}]},{\"@type\":\"WebSite\",\"@id\":\"https:\/\/www.erresse-shop.it\/de\/#website\",\"url\":\"https:\/\/www.erresse-shop.it\/de\/\",\"name\":\"Erresse Shop\",\"description\":\"Articoli di qualit\u00e0 per la casa\",\"potentialAction\":[{\"@type\":\"SearchAction\",\"target\":{\"@type\":\"EntryPoint\",\"urlTemplate\":\"https:\/\/www.erresse-shop.it\/de\/?s={search_term_string}\"},\"query-input\":\"required name=search_term_string\"}],\"inLanguage\":\"de-DE\"}]}<\/script>\n<!-- \/ Yoast SEO Premium plugin. -->","yoast_head_json":{"title":"ZAFFERANO Intrecci Karaffe Wei\u00df und Schwarz - Erresse Shop","description":"Die Henkelkaraffe aus der Intrecci-Kollektion ist ein echtes Highlight f\u00fcr Ihren Tisch. Sie besteht aus mundgeblasenem Borosilikatglas, ist leicht und","robots":{"index":"index","follow":"follow","max-snippet":"max-snippet:-1","max-image-preview":"max-image-preview:large","max-video-preview":"max-video-preview:-1"},"canonical":"https:\/\/www.erresse-shop.it\/de\/shop\/tisch\/karaffen-flaschen-kruege\/zafferano-intrecci-karaffe-weiss-und-schwarz\/","og_locale":"de_DE","og_type":"article","og_title":"ZAFFERANO Intrecci Karaffe Wei\u00df und Schwarz","og_description":"Die Henkelkaraffe aus der Intrecci-Kollektion ist ein echtes Highlight f\u00fcr Ihren Tisch. Sie besteht aus mundgeblasenem Borosilikatglas, ist leicht und","og_url":"https:\/\/www.erresse-shop.it\/de\/shop\/tisch\/karaffen-flaschen-kruege\/zafferano-intrecci-karaffe-weiss-und-schwarz\/","og_site_name":"Erresse Shop","article_modified_time":"2026-02-13T11:46:34+00:00","og_image":[{"width":1200,"height":1200,"url":"https:\/\/www.erresse-shop.it\/wp-content\/uploads\/2025\/03\/ZAFFERANO-Intrecci-Caraffa-Bianco-e-Nero.jpg","type":"image\/jpeg"}],"twitter_card":"summary_large_image","schema":{"@context":"https:\/\/schema.org","@graph":[{"@type":"WebPage","@id":"https:\/\/www.erresse-shop.it\/de\/shop\/tisch\/karaffen-flaschen-kruege\/zafferano-intrecci-karaffe-weiss-und-schwarz\/","url":"https:\/\/www.erresse-shop.it\/de\/shop\/tisch\/karaffen-flaschen-kruege\/zafferano-intrecci-karaffe-weiss-und-schwarz\/","name":"ZAFFERANO Intrecci Karaffe Wei\u00df und Schwarz - Erresse Shop","isPartOf":{"@id":"https:\/\/www.erresse-shop.it\/de\/#website"},"datePublished":"2025-03-26T13:13:12+00:00","dateModified":"2026-02-13T11:46:34+00:00","description":"Die Henkelkaraffe aus der Intrecci-Kollektion ist ein echtes Highlight f\u00fcr Ihren Tisch. Sie besteht aus mundgeblasenem Borosilikatglas, ist leicht und","breadcrumb":{"@id":"https:\/\/www.erresse-shop.it\/de\/shop\/tisch\/karaffen-flaschen-kruege\/zafferano-intrecci-karaffe-weiss-und-schwarz\/#breadcrumb"},"inLanguage":"de-DE","potentialAction":[{"@type":"ReadAction","target":["https:\/\/www.erresse-shop.it\/de\/shop\/tisch\/karaffen-flaschen-kruege\/zafferano-intrecci-karaffe-weiss-und-schwarz\/"]}]},{"@type":"BreadcrumbList","@id":"https:\/\/www.erresse-shop.it\/de\/shop\/tisch\/karaffen-flaschen-kruege\/zafferano-intrecci-karaffe-weiss-und-schwarz\/#breadcrumb","itemListElement":[{"@type":"ListItem","position":1,"name":"Home","item":"https:\/\/www.erresse-shop.it\/de\/"},{"@type":"ListItem","position":2,"name":"Shop","item":"https:\/\/www.erresse-shop.it\/de\/shop\/"},{"@type":"ListItem","position":3,"name":"ZAFFERANO Intrecci Karaffe Wei\u00df und Schwarz"}]},{"@type":"WebSite","@id":"https:\/\/www.erresse-shop.it\/de\/#website","url":"https:\/\/www.erresse-shop.it\/de\/","name":"Erresse Shop","description":"Articoli di qualit\u00e0 per la casa","potentialAction":[{"@type":"SearchAction","target":{"@type":"EntryPoint","urlTemplate":"https:\/\/www.erresse-shop.it\/de\/?s={search_term_string}"},"query-input":"required name=search_term_string"}],"inLanguage":"de-DE"}]}},"df_price":16.95,"df_sale_price":16.95,"df_regular_price":25,"df_image_link":"https:\/\/www.erresse-shop.it\/wp-content\/uploads\/2025\/03\/ZAFFERANO-Intrecci-Caraffa-Bianco-e-Nero-300x300.jpg","_links":{"self":[{"href":"https:\/\/www.erresse-shop.it\/de\/wp-json\/wp\/v2\/product\/484335"}],"collection":[{"href":"https:\/\/www.erresse-shop.it\/de\/wp-json\/wp\/v2\/product"}],"about":[{"href":"https:\/\/www.erresse-shop.it\/de\/wp-json\/wp\/v2\/types\/product"}],"wp:featuredmedia":[{"embeddable":true,"href":"https:\/\/www.erresse-shop.it\/de\/wp-json\/wp\/v2\/media\/484349"}],"wp:attachment":[{"href":"https:\/\/www.erresse-shop.it\/de\/wp-json\/wp\/v2\/media?parent=484335"}],"wp:term":[{"taxonomy":"product_cat","embeddable":true,"href":"https:\/\/www.erresse-shop.it\/de\/wp-json\/wp\/v2\/product_cat?post=484335"},{"taxonomy":"product_tag","embeddable":true,"href":"https:\/\/www.erresse-shop.it\/de\/wp-json\/wp\/v2\/product_tag?post=484335"}],"curies":[{"name":"wp","href":"https:\/\/api.w.org\/{rel}","templated":true}]}}