{"id":484216,"date":"2025-03-26T10:48:52","date_gmt":"2025-03-26T10:48:54","guid":{"rendered":"https:\/\/www.erresse-shop.it\/?post_type=product&#038;p=484216"},"modified":"2026-02-16T07:43:44","modified_gmt":"2026-02-16T07:43:44","slug":"zafferano-bilia-candy-4-glaeser-blau","status":"publish","type":"product","link":"https:\/\/www.erresse-shop.it\/de\/shop\/tisch\/trinkglaeser\/zafferano-bilia-candy-4-glaeser-blau\/","title":{"rendered":"ZAFFERANO Bilia Candy 4 Gl\u00e4ser Blau"},"content":{"rendered":"<p>Bilia Candy ist das klassische Trinkglas von Bilia mit einem nostalgischen Nostalgie-Touch. Diese Version muss durch eine Reihe von Schritten in ihrem Inneren gekennzeichnet sein, sie ist mit den richtigen lebendigen Farben dekoriert, die den Karamell in einem Tempo bereichern und in vier unwiderstehlichen Varianten verf\u00fcgbar sind. Realisiert in vier Schichten aus Borosilikatglas und Handwaschen, l\u00f6ste Bilia Candy eine Explosion im Allgria auf dem Tisch aus und sorgte mit der praktischen Arbeit der Bicchieri nur daf\u00fcr, dass sie ein geselliges Erlebnis ohne Verwirrung garantierten.<\/p>\n<p><strong>Eigenschaften:<\/strong><\/p>\n<ul>\n<li class=\"accordion-content add-formatting\" data-variant-sku=\"BAC0104\">Durchmesser: 8,8 cm<\/li>\n<li class=\"accordion-content add-formatting\" data-variant-sku=\"BAC0104\">Gesamth\u00f6he: 9 cm<\/li>\n<li class=\"accordion-content add-formatting\" data-variant-sku=\"BAC0104\">Fassungsverm\u00f6gen: 44 cl<\/li>\n<\/ul>\n","protected":false},"excerpt":{"rendered":"<p>Bilia Candy ist das klassische Trinkglas von Bilia mit einem nostalgischen Nostalgie-Touch. Diese Version muss durch eine Reihe von Schritten<\/p>\n","protected":false},"featured_media":484230,"template":"","meta":{"_acf_changed":false,"inline_featured_image":false},"product_cat":[6787,6811],"product_tag":[25027,23705,23252,11483,24604,11487,25022,21822,11489],"acf":[],"yoast_head":"<!-- This site is optimized with the Yoast SEO Premium plugin v18.6 (Yoast SEO v19.13) - https:\/\/yoast.com\/wordpress\/plugins\/seo\/ -->\n<title>ZAFFERANO Bilia 6 Gl\u00e4ser Gr\u00fcn<\/title>\n<meta name=\"description\" content=\"Entdecken Sie ZAFFERANO Bilia 6 Gl\u00e4ser Gr\u00fcn bei ErresseShop. Qualit\u00e4t, Stil und Funktionalit\u00e4t \u2013 jetzt online bestellen!\" \/>\n<meta name=\"robots\" content=\"index, follow, max-snippet:-1, max-image-preview:large, max-video-preview:-1\" \/>\n<link rel=\"canonical\" href=\"https:\/\/www.erresse-shop.it\/de\/shop\/tisch\/trinkglaeser\/zafferano-bilia-candy-4-glaeser-blau\/\" \/>\n<meta property=\"og:locale\" content=\"de_DE\" \/>\n<meta property=\"og:type\" content=\"article\" \/>\n<meta property=\"og:title\" content=\"ZAFFERANO Bilia Candy 4 Gl\u00e4ser Blau\" \/>\n<meta property=\"og:description\" content=\"Entdecken Sie ZAFFERANO Bilia 6 Gl\u00e4ser Gr\u00fcn bei ErresseShop. Qualit\u00e4t, Stil und Funktionalit\u00e4t \u2013 jetzt online bestellen!\" \/>\n<meta property=\"og:url\" content=\"https:\/\/www.erresse-shop.it\/de\/shop\/tisch\/trinkglaeser\/zafferano-bilia-candy-4-glaeser-blau\/\" \/>\n<meta property=\"og:site_name\" content=\"Erresse Shop\" \/>\n<meta property=\"article:modified_time\" content=\"2026-02-16T07:43:44+00:00\" \/>\n<meta property=\"og:image\" content=\"https:\/\/www.erresse-shop.it\/wp-content\/uploads\/2025\/03\/ZAFFERANO-Bilia-Candy-Set-4-Bicchieri-Tumbler-Blu.jpg\" \/>\n\t<meta property=\"og:image:width\" content=\"1200\" \/>\n\t<meta property=\"og:image:height\" content=\"1200\" \/>\n\t<meta property=\"og:image:type\" content=\"image\/jpeg\" \/>\n<meta name=\"twitter:card\" content=\"summary_large_image\" \/>\n<script type=\"application\/ld+json\" class=\"yoast-schema-graph\">{\"@context\":\"https:\/\/schema.org\",\"@graph\":[{\"@type\":\"WebPage\",\"@id\":\"https:\/\/www.erresse-shop.it\/de\/shop\/tisch\/trinkglaeser\/zafferano-bilia-candy-4-glaeser-blau\/\",\"url\":\"https:\/\/www.erresse-shop.it\/de\/shop\/tisch\/trinkglaeser\/zafferano-bilia-candy-4-glaeser-blau\/\",\"name\":\"ZAFFERANO Bilia 6 Gl\u00e4ser Gr\u00fcn\",\"isPartOf\":{\"@id\":\"https:\/\/www.erresse-shop.it\/de\/#website\"},\"datePublished\":\"2025-03-26T10:48:54+00:00\",\"dateModified\":\"2026-02-16T07:43:44+00:00\",\"description\":\"Entdecken Sie ZAFFERANO Bilia 6 Gl\u00e4ser Gr\u00fcn bei ErresseShop. Qualit\u00e4t, Stil und Funktionalit\u00e4t \u2013 jetzt online bestellen!\",\"breadcrumb\":{\"@id\":\"https:\/\/www.erresse-shop.it\/de\/shop\/tisch\/trinkglaeser\/zafferano-bilia-candy-4-glaeser-blau\/#breadcrumb\"},\"inLanguage\":\"de-DE\",\"potentialAction\":[{\"@type\":\"ReadAction\",\"target\":[\"https:\/\/www.erresse-shop.it\/de\/shop\/tisch\/trinkglaeser\/zafferano-bilia-candy-4-glaeser-blau\/\"]}]},{\"@type\":\"BreadcrumbList\",\"@id\":\"https:\/\/www.erresse-shop.it\/de\/shop\/tisch\/trinkglaeser\/zafferano-bilia-candy-4-glaeser-blau\/#breadcrumb\",\"itemListElement\":[{\"@type\":\"ListItem\",\"position\":1,\"name\":\"Home\",\"item\":\"https:\/\/www.erresse-shop.it\/de\/\"},{\"@type\":\"ListItem\",\"position\":2,\"name\":\"Shop\",\"item\":\"https:\/\/www.erresse-shop.it\/de\/shop\/\"},{\"@type\":\"ListItem\",\"position\":3,\"name\":\"ZAFFERANO Bilia Candy 4 Gl\u00e4ser Blau\"}]},{\"@type\":\"WebSite\",\"@id\":\"https:\/\/www.erresse-shop.it\/de\/#website\",\"url\":\"https:\/\/www.erresse-shop.it\/de\/\",\"name\":\"Erresse Shop\",\"description\":\"Articoli di qualit\u00e0 per la casa\",\"potentialAction\":[{\"@type\":\"SearchAction\",\"target\":{\"@type\":\"EntryPoint\",\"urlTemplate\":\"https:\/\/www.erresse-shop.it\/de\/?s={search_term_string}\"},\"query-input\":\"required name=search_term_string\"}],\"inLanguage\":\"de-DE\"}]}<\/script>\n<!-- \/ Yoast SEO Premium plugin. -->","yoast_head_json":{"title":"ZAFFERANO Bilia 6 Gl\u00e4ser Gr\u00fcn","description":"Entdecken Sie ZAFFERANO Bilia 6 Gl\u00e4ser Gr\u00fcn bei ErresseShop. Qualit\u00e4t, Stil und Funktionalit\u00e4t \u2013 jetzt online bestellen!","robots":{"index":"index","follow":"follow","max-snippet":"max-snippet:-1","max-image-preview":"max-image-preview:large","max-video-preview":"max-video-preview:-1"},"canonical":"https:\/\/www.erresse-shop.it\/de\/shop\/tisch\/trinkglaeser\/zafferano-bilia-candy-4-glaeser-blau\/","og_locale":"de_DE","og_type":"article","og_title":"ZAFFERANO Bilia Candy 4 Gl\u00e4ser Blau","og_description":"Entdecken Sie ZAFFERANO Bilia 6 Gl\u00e4ser Gr\u00fcn bei ErresseShop. Qualit\u00e4t, Stil und Funktionalit\u00e4t \u2013 jetzt online bestellen!","og_url":"https:\/\/www.erresse-shop.it\/de\/shop\/tisch\/trinkglaeser\/zafferano-bilia-candy-4-glaeser-blau\/","og_site_name":"Erresse Shop","article_modified_time":"2026-02-16T07:43:44+00:00","og_image":[{"width":1200,"height":1200,"url":"https:\/\/www.erresse-shop.it\/wp-content\/uploads\/2025\/03\/ZAFFERANO-Bilia-Candy-Set-4-Bicchieri-Tumbler-Blu.jpg","type":"image\/jpeg"}],"twitter_card":"summary_large_image","schema":{"@context":"https:\/\/schema.org","@graph":[{"@type":"WebPage","@id":"https:\/\/www.erresse-shop.it\/de\/shop\/tisch\/trinkglaeser\/zafferano-bilia-candy-4-glaeser-blau\/","url":"https:\/\/www.erresse-shop.it\/de\/shop\/tisch\/trinkglaeser\/zafferano-bilia-candy-4-glaeser-blau\/","name":"ZAFFERANO Bilia 6 Gl\u00e4ser Gr\u00fcn","isPartOf":{"@id":"https:\/\/www.erresse-shop.it\/de\/#website"},"datePublished":"2025-03-26T10:48:54+00:00","dateModified":"2026-02-16T07:43:44+00:00","description":"Entdecken Sie ZAFFERANO Bilia 6 Gl\u00e4ser Gr\u00fcn bei ErresseShop. Qualit\u00e4t, Stil und Funktionalit\u00e4t \u2013 jetzt online bestellen!","breadcrumb":{"@id":"https:\/\/www.erresse-shop.it\/de\/shop\/tisch\/trinkglaeser\/zafferano-bilia-candy-4-glaeser-blau\/#breadcrumb"},"inLanguage":"de-DE","potentialAction":[{"@type":"ReadAction","target":["https:\/\/www.erresse-shop.it\/de\/shop\/tisch\/trinkglaeser\/zafferano-bilia-candy-4-glaeser-blau\/"]}]},{"@type":"BreadcrumbList","@id":"https:\/\/www.erresse-shop.it\/de\/shop\/tisch\/trinkglaeser\/zafferano-bilia-candy-4-glaeser-blau\/#breadcrumb","itemListElement":[{"@type":"ListItem","position":1,"name":"Home","item":"https:\/\/www.erresse-shop.it\/de\/"},{"@type":"ListItem","position":2,"name":"Shop","item":"https:\/\/www.erresse-shop.it\/de\/shop\/"},{"@type":"ListItem","position":3,"name":"ZAFFERANO Bilia Candy 4 Gl\u00e4ser Blau"}]},{"@type":"WebSite","@id":"https:\/\/www.erresse-shop.it\/de\/#website","url":"https:\/\/www.erresse-shop.it\/de\/","name":"Erresse Shop","description":"Articoli di qualit\u00e0 per la casa","potentialAction":[{"@type":"SearchAction","target":{"@type":"EntryPoint","urlTemplate":"https:\/\/www.erresse-shop.it\/de\/?s={search_term_string}"},"query-input":"required name=search_term_string"}],"inLanguage":"de-DE"}]}},"df_price":21.06,"df_sale_price":21.06,"df_regular_price":46.8,"df_image_link":"https:\/\/www.erresse-shop.it\/wp-content\/uploads\/2025\/03\/ZAFFERANO-Bilia-Candy-Set-4-Bicchieri-Tumbler-Blu-300x300.jpg","_links":{"self":[{"href":"https:\/\/www.erresse-shop.it\/de\/wp-json\/wp\/v2\/product\/484216"}],"collection":[{"href":"https:\/\/www.erresse-shop.it\/de\/wp-json\/wp\/v2\/product"}],"about":[{"href":"https:\/\/www.erresse-shop.it\/de\/wp-json\/wp\/v2\/types\/product"}],"wp:featuredmedia":[{"embeddable":true,"href":"https:\/\/www.erresse-shop.it\/de\/wp-json\/wp\/v2\/media\/484230"}],"wp:attachment":[{"href":"https:\/\/www.erresse-shop.it\/de\/wp-json\/wp\/v2\/media?parent=484216"}],"wp:term":[{"taxonomy":"product_cat","embeddable":true,"href":"https:\/\/www.erresse-shop.it\/de\/wp-json\/wp\/v2\/product_cat?post=484216"},{"taxonomy":"product_tag","embeddable":true,"href":"https:\/\/www.erresse-shop.it\/de\/wp-json\/wp\/v2\/product_tag?post=484216"}],"curies":[{"name":"wp","href":"https:\/\/api.w.org\/{rel}","templated":true}]}}