{"id":484067,"date":"2025-03-26T09:09:08","date_gmt":"2025-03-26T09:09:22","guid":{"rendered":"https:\/\/www.erresse-shop.it\/?post_type=product&#038;p=484067"},"modified":"2026-02-16T08:46:14","modified_gmt":"2026-02-16T08:46:14","slug":"zafferano-teca-mare-6er-set-tumbler-glaeser-sarden-biru","status":"publish","type":"product","link":"https:\/\/www.erresse-shop.it\/de\/shop\/tisch\/trinkglaeser\/zafferano-teca-mare-6er-set-tumbler-glaeser-sarden-biru\/","title":{"rendered":"ZAFFERANO Teca Mare 6er-Set Tumbler-Gl\u00e4ser Sarden Biru"},"content":{"rendered":"<p>Bringen Sie mit dem sechsteiligen Becherset der Teca Mare Kollektion von Zafferano einen Hauch von Meer auf Ihren Tisch. Komplett handgefertigt aus Borosilikatglas, enth\u00e4lt jeder Becher \u2013 in der Doppelverglasung am Boden \u2013 eines von sechs verschiedenen k\u00f6stlichen Meeresdekoren wie Kugelfisch, Sardine, Koralle, Seeigel und Seestern. Ihr Design ist innovativ: Die H\u00fclle sch\u00fctzt das Dekor, die Becher sind stapelbar und leicht zu reinigen. Die Teca Mare Becher sind ideal, um Ihren Alltagsmomenten eine fr\u00f6hliche und originelle Note zu verleihen und bieten eine praktische und robuste L\u00f6sung f\u00fcr jeden Anlass. Perfekt f\u00fcr den t\u00e4glichen Gebrauch oder um Ihre G\u00e4ste mit Eleganz und Funktionalit\u00e4t zu \u00fcberraschen.<\/p>\n<p><strong>Eigenschaften:<\/strong><\/p>\n<ul>\n<li class=\"accordion-content add-formatting\" data-variant-sku=\"TE00198\">Durchmesser: 8 cm<\/li>\n<li class=\"accordion-content add-formatting\" data-variant-sku=\"TE00198\">Gesamth\u00f6he: 10,5 cm<\/li>\n<li class=\"accordion-content add-formatting\" data-variant-sku=\"TE00198\">Fassungsverm\u00f6gen: 35 cl<\/li>\n<\/ul>\n","protected":false},"excerpt":{"rendered":"<p>Bringen Sie mit dem sechsteiligen Becherset der Teca Mare Kollektion von Zafferano einen Hauch von Meer auf Ihren Tisch. Komplett<\/p>\n","protected":false},"featured_media":484083,"template":"","meta":{"_acf_changed":false,"inline_featured_image":false},"product_cat":[6787,6811],"product_tag":[25027,23705,11483,24604,11487,25022,21822,11489,11491],"acf":[],"yoast_head":"<!-- This site is optimized with the Yoast SEO Premium plugin v18.6 (Yoast SEO v19.13) - https:\/\/yoast.com\/wordpress\/plugins\/seo\/ -->\n<title>ZAFFERANO Teca Mare 6er-Set Tumbler-Gl\u00e4ser Sarden Biru - Erresse Shop<\/title>\n<meta name=\"description\" content=\"Bringen Sie mit dem sechsteiligen Becherset der Teca Mare Kollektion von Zafferano einen Hauch von Meer auf Ihren Tisch. Komplett handgefertigt aus\" \/>\n<meta name=\"robots\" content=\"index, follow, max-snippet:-1, max-image-preview:large, max-video-preview:-1\" \/>\n<link rel=\"canonical\" href=\"https:\/\/www.erresse-shop.it\/de\/shop\/tisch\/trinkglaeser\/zafferano-teca-mare-6er-set-tumbler-glaeser-sarden-biru\/\" \/>\n<meta property=\"og:locale\" content=\"de_DE\" \/>\n<meta property=\"og:type\" content=\"article\" \/>\n<meta property=\"og:title\" content=\"ZAFFERANO Teca Mare 6er-Set Tumbler-Gl\u00e4ser Sarden Biru\" \/>\n<meta property=\"og:description\" content=\"Bringen Sie mit dem sechsteiligen Becherset der Teca Mare Kollektion von Zafferano einen Hauch von Meer auf Ihren Tisch. Komplett handgefertigt aus\" \/>\n<meta property=\"og:url\" content=\"https:\/\/www.erresse-shop.it\/de\/shop\/tisch\/trinkglaeser\/zafferano-teca-mare-6er-set-tumbler-glaeser-sarden-biru\/\" \/>\n<meta property=\"og:site_name\" content=\"Erresse Shop\" \/>\n<meta property=\"article:modified_time\" content=\"2026-02-16T08:46:14+00:00\" \/>\n<meta property=\"og:image\" content=\"https:\/\/www.erresse-shop.it\/wp-content\/uploads\/2025\/03\/ZAFFERANO-Teca-Mare-Set-6-Bicchieri-Tumbler-Sardina-Blu.jpg\" \/>\n\t<meta property=\"og:image:width\" content=\"1200\" \/>\n\t<meta property=\"og:image:height\" content=\"1200\" \/>\n\t<meta property=\"og:image:type\" content=\"image\/jpeg\" \/>\n<meta name=\"twitter:card\" content=\"summary_large_image\" \/>\n<script type=\"application\/ld+json\" class=\"yoast-schema-graph\">{\"@context\":\"https:\/\/schema.org\",\"@graph\":[{\"@type\":\"WebPage\",\"@id\":\"https:\/\/www.erresse-shop.it\/de\/shop\/tisch\/trinkglaeser\/zafferano-teca-mare-6er-set-tumbler-glaeser-sarden-biru\/\",\"url\":\"https:\/\/www.erresse-shop.it\/de\/shop\/tisch\/trinkglaeser\/zafferano-teca-mare-6er-set-tumbler-glaeser-sarden-biru\/\",\"name\":\"ZAFFERANO Teca Mare 6er-Set Tumbler-Gl\u00e4ser Sarden Biru - Erresse Shop\",\"isPartOf\":{\"@id\":\"https:\/\/www.erresse-shop.it\/de\/#website\"},\"datePublished\":\"2025-03-26T09:09:22+00:00\",\"dateModified\":\"2026-02-16T08:46:14+00:00\",\"description\":\"Bringen Sie mit dem sechsteiligen Becherset der Teca Mare Kollektion von Zafferano einen Hauch von Meer auf Ihren Tisch. Komplett handgefertigt aus\",\"breadcrumb\":{\"@id\":\"https:\/\/www.erresse-shop.it\/de\/shop\/tisch\/trinkglaeser\/zafferano-teca-mare-6er-set-tumbler-glaeser-sarden-biru\/#breadcrumb\"},\"inLanguage\":\"de-DE\",\"potentialAction\":[{\"@type\":\"ReadAction\",\"target\":[\"https:\/\/www.erresse-shop.it\/de\/shop\/tisch\/trinkglaeser\/zafferano-teca-mare-6er-set-tumbler-glaeser-sarden-biru\/\"]}]},{\"@type\":\"BreadcrumbList\",\"@id\":\"https:\/\/www.erresse-shop.it\/de\/shop\/tisch\/trinkglaeser\/zafferano-teca-mare-6er-set-tumbler-glaeser-sarden-biru\/#breadcrumb\",\"itemListElement\":[{\"@type\":\"ListItem\",\"position\":1,\"name\":\"Home\",\"item\":\"https:\/\/www.erresse-shop.it\/de\/\"},{\"@type\":\"ListItem\",\"position\":2,\"name\":\"Shop\",\"item\":\"https:\/\/www.erresse-shop.it\/de\/shop\/\"},{\"@type\":\"ListItem\",\"position\":3,\"name\":\"ZAFFERANO Teca Mare 6er-Set Tumbler-Gl\u00e4ser Sarden Biru\"}]},{\"@type\":\"WebSite\",\"@id\":\"https:\/\/www.erresse-shop.it\/de\/#website\",\"url\":\"https:\/\/www.erresse-shop.it\/de\/\",\"name\":\"Erresse Shop\",\"description\":\"Articoli di qualit\u00e0 per la casa\",\"potentialAction\":[{\"@type\":\"SearchAction\",\"target\":{\"@type\":\"EntryPoint\",\"urlTemplate\":\"https:\/\/www.erresse-shop.it\/de\/?s={search_term_string}\"},\"query-input\":\"required name=search_term_string\"}],\"inLanguage\":\"de-DE\"}]}<\/script>\n<!-- \/ Yoast SEO Premium plugin. -->","yoast_head_json":{"title":"ZAFFERANO Teca Mare 6er-Set Tumbler-Gl\u00e4ser Sarden Biru - Erresse Shop","description":"Bringen Sie mit dem sechsteiligen Becherset der Teca Mare Kollektion von Zafferano einen Hauch von Meer auf Ihren Tisch. Komplett handgefertigt aus","robots":{"index":"index","follow":"follow","max-snippet":"max-snippet:-1","max-image-preview":"max-image-preview:large","max-video-preview":"max-video-preview:-1"},"canonical":"https:\/\/www.erresse-shop.it\/de\/shop\/tisch\/trinkglaeser\/zafferano-teca-mare-6er-set-tumbler-glaeser-sarden-biru\/","og_locale":"de_DE","og_type":"article","og_title":"ZAFFERANO Teca Mare 6er-Set Tumbler-Gl\u00e4ser Sarden Biru","og_description":"Bringen Sie mit dem sechsteiligen Becherset der Teca Mare Kollektion von Zafferano einen Hauch von Meer auf Ihren Tisch. Komplett handgefertigt aus","og_url":"https:\/\/www.erresse-shop.it\/de\/shop\/tisch\/trinkglaeser\/zafferano-teca-mare-6er-set-tumbler-glaeser-sarden-biru\/","og_site_name":"Erresse Shop","article_modified_time":"2026-02-16T08:46:14+00:00","og_image":[{"width":1200,"height":1200,"url":"https:\/\/www.erresse-shop.it\/wp-content\/uploads\/2025\/03\/ZAFFERANO-Teca-Mare-Set-6-Bicchieri-Tumbler-Sardina-Blu.jpg","type":"image\/jpeg"}],"twitter_card":"summary_large_image","schema":{"@context":"https:\/\/schema.org","@graph":[{"@type":"WebPage","@id":"https:\/\/www.erresse-shop.it\/de\/shop\/tisch\/trinkglaeser\/zafferano-teca-mare-6er-set-tumbler-glaeser-sarden-biru\/","url":"https:\/\/www.erresse-shop.it\/de\/shop\/tisch\/trinkglaeser\/zafferano-teca-mare-6er-set-tumbler-glaeser-sarden-biru\/","name":"ZAFFERANO Teca Mare 6er-Set Tumbler-Gl\u00e4ser Sarden Biru - Erresse Shop","isPartOf":{"@id":"https:\/\/www.erresse-shop.it\/de\/#website"},"datePublished":"2025-03-26T09:09:22+00:00","dateModified":"2026-02-16T08:46:14+00:00","description":"Bringen Sie mit dem sechsteiligen Becherset der Teca Mare Kollektion von Zafferano einen Hauch von Meer auf Ihren Tisch. Komplett handgefertigt aus","breadcrumb":{"@id":"https:\/\/www.erresse-shop.it\/de\/shop\/tisch\/trinkglaeser\/zafferano-teca-mare-6er-set-tumbler-glaeser-sarden-biru\/#breadcrumb"},"inLanguage":"de-DE","potentialAction":[{"@type":"ReadAction","target":["https:\/\/www.erresse-shop.it\/de\/shop\/tisch\/trinkglaeser\/zafferano-teca-mare-6er-set-tumbler-glaeser-sarden-biru\/"]}]},{"@type":"BreadcrumbList","@id":"https:\/\/www.erresse-shop.it\/de\/shop\/tisch\/trinkglaeser\/zafferano-teca-mare-6er-set-tumbler-glaeser-sarden-biru\/#breadcrumb","itemListElement":[{"@type":"ListItem","position":1,"name":"Home","item":"https:\/\/www.erresse-shop.it\/de\/"},{"@type":"ListItem","position":2,"name":"Shop","item":"https:\/\/www.erresse-shop.it\/de\/shop\/"},{"@type":"ListItem","position":3,"name":"ZAFFERANO Teca Mare 6er-Set Tumbler-Gl\u00e4ser Sarden Biru"}]},{"@type":"WebSite","@id":"https:\/\/www.erresse-shop.it\/de\/#website","url":"https:\/\/www.erresse-shop.it\/de\/","name":"Erresse Shop","description":"Articoli di qualit\u00e0 per la casa","potentialAction":[{"@type":"SearchAction","target":{"@type":"EntryPoint","urlTemplate":"https:\/\/www.erresse-shop.it\/de\/?s={search_term_string}"},"query-input":"required name=search_term_string"}],"inLanguage":"de-DE"}]}},"df_price":32.265,"df_sale_price":32.265,"df_regular_price":71.7,"df_image_link":"https:\/\/www.erresse-shop.it\/wp-content\/uploads\/2025\/03\/ZAFFERANO-Teca-Mare-Set-6-Bicchieri-Tumbler-Sardina-Blu-300x300.jpg","_links":{"self":[{"href":"https:\/\/www.erresse-shop.it\/de\/wp-json\/wp\/v2\/product\/484067"}],"collection":[{"href":"https:\/\/www.erresse-shop.it\/de\/wp-json\/wp\/v2\/product"}],"about":[{"href":"https:\/\/www.erresse-shop.it\/de\/wp-json\/wp\/v2\/types\/product"}],"wp:featuredmedia":[{"embeddable":true,"href":"https:\/\/www.erresse-shop.it\/de\/wp-json\/wp\/v2\/media\/484083"}],"wp:attachment":[{"href":"https:\/\/www.erresse-shop.it\/de\/wp-json\/wp\/v2\/media?parent=484067"}],"wp:term":[{"taxonomy":"product_cat","embeddable":true,"href":"https:\/\/www.erresse-shop.it\/de\/wp-json\/wp\/v2\/product_cat?post=484067"},{"taxonomy":"product_tag","embeddable":true,"href":"https:\/\/www.erresse-shop.it\/de\/wp-json\/wp\/v2\/product_tag?post=484067"}],"curies":[{"name":"wp","href":"https:\/\/api.w.org\/{rel}","templated":true}]}}