{"id":483789,"date":"2025-03-25T14:11:22","date_gmt":"2025-03-25T14:11:30","guid":{"rendered":"https:\/\/www.erresse-shop.it\/?post_type=product&#038;p=483789"},"modified":"2026-02-16T09:54:22","modified_gmt":"2026-02-16T09:54:22","slug":"zafferano-teca-frutta-6er-set-tumbler-glaeser-erdbeere","status":"publish","type":"product","link":"https:\/\/www.erresse-shop.it\/de\/shop\/tisch\/trinkglaeser\/zafferano-teca-frutta-6er-set-tumbler-glaeser-erdbeere\/","title":{"rendered":"ZAFFERANO Teca Frutta 6er-Set Tumbler-Gl\u00e4ser Erdbeere"},"content":{"rendered":"<p>Teca Frutta stellt eine Revolution im Bereich der Tischdekorationen mit Getr\u00e4nken dar. Bei diesen Borosilikatglasbechern ist das Dekorationselement durch einen doppelten Boden gesch\u00fctzt, der die Reinigung und Pflege der Artikel erleichtert. So kann auch Eis in das Glas gegeben werden, ohne dass es zerbricht. Dank der vertieften Form von \u201eTeca\u201c sind die Becher zudem stapelbar. Die Dekorationen des handgefertigten sechsteiligen Sets k\u00f6nnen unterschiedlich sein oder jeweils eine andere Fruchtfarbe darstellen: Orange, Zitrone, Apfel, Kirsche, Birne, Erdbeere. So erh\u00e4lt jeder Gast sein eigenes, personalisiertes Glas, wodurch Verwechslungen vermieden werden.<\/p>\n<p><strong>Eigenschaften:<\/strong><\/p>\n<ul>\n<li class=\"accordion-content add-formatting\" data-variant-sku=\"TE00198\">Durchmesser: 8 cm<\/li>\n<li class=\"accordion-content add-formatting\" data-variant-sku=\"TE00198\">Gesamth\u00f6he: 10,5 cm<\/li>\n<li class=\"accordion-content add-formatting\" data-variant-sku=\"TE00198\">Fassungsverm\u00f6gen: 35 cl<\/li>\n<\/ul>\n","protected":false},"excerpt":{"rendered":"<p>Teca Frutta stellt eine Revolution im Bereich der Tischdekorationen mit Getr\u00e4nken dar. Bei diesen Borosilikatglasbechern ist das Dekorationselement durch einen<\/p>\n","protected":false},"featured_media":483810,"template":"","meta":{"_acf_changed":false,"inline_featured_image":false},"product_cat":[6787,6811],"product_tag":[25027,23705,11483,24604,11487,25022,21822,11489,11491],"acf":[],"yoast_head":"<!-- This site is optimized with the Yoast SEO Premium plugin v18.6 (Yoast SEO v19.13) - https:\/\/yoast.com\/wordpress\/plugins\/seo\/ -->\n<title>ZAFFERANO Teca Frutta 6er-Set Tumbler-Gl\u00e4ser Erdbeere - Erresse Shop<\/title>\n<meta name=\"description\" content=\"Teca Frutta stellt eine Revolution im Bereich der Tischdekorationen mit Getr\u00e4nken dar. Bei diesen Borosilikatglasbechern ist das Dekorationselement durch\" \/>\n<meta name=\"robots\" content=\"index, follow, max-snippet:-1, max-image-preview:large, max-video-preview:-1\" \/>\n<link rel=\"canonical\" href=\"https:\/\/www.erresse-shop.it\/de\/shop\/tisch\/trinkglaeser\/zafferano-teca-frutta-6er-set-tumbler-glaeser-erdbeere\/\" \/>\n<meta property=\"og:locale\" content=\"de_DE\" \/>\n<meta property=\"og:type\" content=\"article\" \/>\n<meta property=\"og:title\" content=\"ZAFFERANO Teca Frutta 6er-Set Tumbler-Gl\u00e4ser Erdbeere\" \/>\n<meta property=\"og:description\" content=\"Teca Frutta stellt eine Revolution im Bereich der Tischdekorationen mit Getr\u00e4nken dar. Bei diesen Borosilikatglasbechern ist das Dekorationselement durch\" \/>\n<meta property=\"og:url\" content=\"https:\/\/www.erresse-shop.it\/de\/shop\/tisch\/trinkglaeser\/zafferano-teca-frutta-6er-set-tumbler-glaeser-erdbeere\/\" \/>\n<meta property=\"og:site_name\" content=\"Erresse Shop\" \/>\n<meta property=\"article:modified_time\" content=\"2026-02-16T09:54:22+00:00\" \/>\n<meta property=\"og:image\" content=\"https:\/\/www.erresse-shop.it\/wp-content\/uploads\/2025\/03\/ZAFFERANO-Teca-Frutta-Set-6-Bicchieri-Tumbler-Fragola.jpg\" \/>\n\t<meta property=\"og:image:width\" content=\"1200\" \/>\n\t<meta property=\"og:image:height\" content=\"1200\" \/>\n\t<meta property=\"og:image:type\" content=\"image\/jpeg\" \/>\n<meta name=\"twitter:card\" content=\"summary_large_image\" \/>\n<script type=\"application\/ld+json\" class=\"yoast-schema-graph\">{\"@context\":\"https:\/\/schema.org\",\"@graph\":[{\"@type\":\"WebPage\",\"@id\":\"https:\/\/www.erresse-shop.it\/de\/shop\/tisch\/trinkglaeser\/zafferano-teca-frutta-6er-set-tumbler-glaeser-erdbeere\/\",\"url\":\"https:\/\/www.erresse-shop.it\/de\/shop\/tisch\/trinkglaeser\/zafferano-teca-frutta-6er-set-tumbler-glaeser-erdbeere\/\",\"name\":\"ZAFFERANO Teca Frutta 6er-Set Tumbler-Gl\u00e4ser Erdbeere - Erresse Shop\",\"isPartOf\":{\"@id\":\"https:\/\/www.erresse-shop.it\/de\/#website\"},\"datePublished\":\"2025-03-25T14:11:30+00:00\",\"dateModified\":\"2026-02-16T09:54:22+00:00\",\"description\":\"Teca Frutta stellt eine Revolution im Bereich der Tischdekorationen mit Getr\u00e4nken dar. Bei diesen Borosilikatglasbechern ist das Dekorationselement durch\",\"breadcrumb\":{\"@id\":\"https:\/\/www.erresse-shop.it\/de\/shop\/tisch\/trinkglaeser\/zafferano-teca-frutta-6er-set-tumbler-glaeser-erdbeere\/#breadcrumb\"},\"inLanguage\":\"de-DE\",\"potentialAction\":[{\"@type\":\"ReadAction\",\"target\":[\"https:\/\/www.erresse-shop.it\/de\/shop\/tisch\/trinkglaeser\/zafferano-teca-frutta-6er-set-tumbler-glaeser-erdbeere\/\"]}]},{\"@type\":\"BreadcrumbList\",\"@id\":\"https:\/\/www.erresse-shop.it\/de\/shop\/tisch\/trinkglaeser\/zafferano-teca-frutta-6er-set-tumbler-glaeser-erdbeere\/#breadcrumb\",\"itemListElement\":[{\"@type\":\"ListItem\",\"position\":1,\"name\":\"Home\",\"item\":\"https:\/\/www.erresse-shop.it\/de\/\"},{\"@type\":\"ListItem\",\"position\":2,\"name\":\"Shop\",\"item\":\"https:\/\/www.erresse-shop.it\/de\/shop\/\"},{\"@type\":\"ListItem\",\"position\":3,\"name\":\"ZAFFERANO Teca Frutta 6er-Set Tumbler-Gl\u00e4ser Erdbeere\"}]},{\"@type\":\"WebSite\",\"@id\":\"https:\/\/www.erresse-shop.it\/de\/#website\",\"url\":\"https:\/\/www.erresse-shop.it\/de\/\",\"name\":\"Erresse Shop\",\"description\":\"Articoli di qualit\u00e0 per la casa\",\"potentialAction\":[{\"@type\":\"SearchAction\",\"target\":{\"@type\":\"EntryPoint\",\"urlTemplate\":\"https:\/\/www.erresse-shop.it\/de\/?s={search_term_string}\"},\"query-input\":\"required name=search_term_string\"}],\"inLanguage\":\"de-DE\"}]}<\/script>\n<!-- \/ Yoast SEO Premium plugin. -->","yoast_head_json":{"title":"ZAFFERANO Teca Frutta 6er-Set Tumbler-Gl\u00e4ser Erdbeere - Erresse Shop","description":"Teca Frutta stellt eine Revolution im Bereich der Tischdekorationen mit Getr\u00e4nken dar. Bei diesen Borosilikatglasbechern ist das Dekorationselement durch","robots":{"index":"index","follow":"follow","max-snippet":"max-snippet:-1","max-image-preview":"max-image-preview:large","max-video-preview":"max-video-preview:-1"},"canonical":"https:\/\/www.erresse-shop.it\/de\/shop\/tisch\/trinkglaeser\/zafferano-teca-frutta-6er-set-tumbler-glaeser-erdbeere\/","og_locale":"de_DE","og_type":"article","og_title":"ZAFFERANO Teca Frutta 6er-Set Tumbler-Gl\u00e4ser Erdbeere","og_description":"Teca Frutta stellt eine Revolution im Bereich der Tischdekorationen mit Getr\u00e4nken dar. Bei diesen Borosilikatglasbechern ist das Dekorationselement durch","og_url":"https:\/\/www.erresse-shop.it\/de\/shop\/tisch\/trinkglaeser\/zafferano-teca-frutta-6er-set-tumbler-glaeser-erdbeere\/","og_site_name":"Erresse Shop","article_modified_time":"2026-02-16T09:54:22+00:00","og_image":[{"width":1200,"height":1200,"url":"https:\/\/www.erresse-shop.it\/wp-content\/uploads\/2025\/03\/ZAFFERANO-Teca-Frutta-Set-6-Bicchieri-Tumbler-Fragola.jpg","type":"image\/jpeg"}],"twitter_card":"summary_large_image","schema":{"@context":"https:\/\/schema.org","@graph":[{"@type":"WebPage","@id":"https:\/\/www.erresse-shop.it\/de\/shop\/tisch\/trinkglaeser\/zafferano-teca-frutta-6er-set-tumbler-glaeser-erdbeere\/","url":"https:\/\/www.erresse-shop.it\/de\/shop\/tisch\/trinkglaeser\/zafferano-teca-frutta-6er-set-tumbler-glaeser-erdbeere\/","name":"ZAFFERANO Teca Frutta 6er-Set Tumbler-Gl\u00e4ser Erdbeere - Erresse Shop","isPartOf":{"@id":"https:\/\/www.erresse-shop.it\/de\/#website"},"datePublished":"2025-03-25T14:11:30+00:00","dateModified":"2026-02-16T09:54:22+00:00","description":"Teca Frutta stellt eine Revolution im Bereich der Tischdekorationen mit Getr\u00e4nken dar. Bei diesen Borosilikatglasbechern ist das Dekorationselement durch","breadcrumb":{"@id":"https:\/\/www.erresse-shop.it\/de\/shop\/tisch\/trinkglaeser\/zafferano-teca-frutta-6er-set-tumbler-glaeser-erdbeere\/#breadcrumb"},"inLanguage":"de-DE","potentialAction":[{"@type":"ReadAction","target":["https:\/\/www.erresse-shop.it\/de\/shop\/tisch\/trinkglaeser\/zafferano-teca-frutta-6er-set-tumbler-glaeser-erdbeere\/"]}]},{"@type":"BreadcrumbList","@id":"https:\/\/www.erresse-shop.it\/de\/shop\/tisch\/trinkglaeser\/zafferano-teca-frutta-6er-set-tumbler-glaeser-erdbeere\/#breadcrumb","itemListElement":[{"@type":"ListItem","position":1,"name":"Home","item":"https:\/\/www.erresse-shop.it\/de\/"},{"@type":"ListItem","position":2,"name":"Shop","item":"https:\/\/www.erresse-shop.it\/de\/shop\/"},{"@type":"ListItem","position":3,"name":"ZAFFERANO Teca Frutta 6er-Set Tumbler-Gl\u00e4ser Erdbeere"}]},{"@type":"WebSite","@id":"https:\/\/www.erresse-shop.it\/de\/#website","url":"https:\/\/www.erresse-shop.it\/de\/","name":"Erresse Shop","description":"Articoli di qualit\u00e0 per la casa","potentialAction":[{"@type":"SearchAction","target":{"@type":"EntryPoint","urlTemplate":"https:\/\/www.erresse-shop.it\/de\/?s={search_term_string}"},"query-input":"required name=search_term_string"}],"inLanguage":"de-DE"}]}},"df_price":57.9,"df_sale_price":57.9,"df_regular_price":71.4,"df_image_link":"https:\/\/www.erresse-shop.it\/wp-content\/uploads\/2025\/03\/ZAFFERANO-Teca-Frutta-Set-6-Bicchieri-Tumbler-Fragola-300x300.jpg","_links":{"self":[{"href":"https:\/\/www.erresse-shop.it\/de\/wp-json\/wp\/v2\/product\/483789"}],"collection":[{"href":"https:\/\/www.erresse-shop.it\/de\/wp-json\/wp\/v2\/product"}],"about":[{"href":"https:\/\/www.erresse-shop.it\/de\/wp-json\/wp\/v2\/types\/product"}],"wp:featuredmedia":[{"embeddable":true,"href":"https:\/\/www.erresse-shop.it\/de\/wp-json\/wp\/v2\/media\/483810"}],"wp:attachment":[{"href":"https:\/\/www.erresse-shop.it\/de\/wp-json\/wp\/v2\/media?parent=483789"}],"wp:term":[{"taxonomy":"product_cat","embeddable":true,"href":"https:\/\/www.erresse-shop.it\/de\/wp-json\/wp\/v2\/product_cat?post=483789"},{"taxonomy":"product_tag","embeddable":true,"href":"https:\/\/www.erresse-shop.it\/de\/wp-json\/wp\/v2\/product_tag?post=483789"}],"curies":[{"name":"wp","href":"https:\/\/api.w.org\/{rel}","templated":true}]}}