{"id":482763,"date":"2025-03-21T13:20:12","date_gmt":"2025-03-21T13:20:15","guid":{"rendered":"https:\/\/www.erresse-shop.it\/?post_type=product&#038;p=482763"},"modified":"2026-02-16T11:58:57","modified_gmt":"2026-02-16T11:58:57","slug":"lego-room-copenhagen-brick-drawer-8-rosa","status":"publish","type":"product","link":"https:\/\/www.erresse-shop.it\/de\/shop\/einrichtung-haus\/moebel\/lego-room-copenhagen-brick-drawer-8-rosa\/","title":{"rendered":"LEGO &#8211; ROOM COPENHAGEN Brick Drawer 8 Rosa"},"content":{"rendered":"<div class=\"metafield-rich_text_field\">\n<p>Rechteckiger Beh\u00e4lter mit zwei Schubladen<\/p>\n<p><span style=\"font-size: 14pt;\"><strong>Das perfekte Geschenk f\u00fcr LEGO\u00ae-Fans<\/strong><\/span><\/p>\n<\/div>\n<div class=\"product__description-formated \">\n<div class=\"metafield-rich_text_field\">\n<p>Die LEGO\u00ae Brick Drawer-Serie wurde entwickelt, um die t\u00e4gliche Organisation zu einem einzigartigen und unterhaltsamen Erlebnis zu machen. Diese \u00fcbergro\u00dfen, bunten, stapelbaren Bausteine verf\u00fcgen \u00fcber praktische Schubladen, die das Verstauen von Gegenst\u00e4nden auf ordentliche und kreative Weise noch einfacher machen.<\/p>\n<p><strong>Funktionale Schubladen und intelligentes Design<\/strong><\/p>\n<p>Jeder LEGO\u00ae Brick Drawer ist mit ein oder mehreren Schubladen ausgestattet, um maximalen Komfort zu bieten. Ideal zum Verstauen von kleinen Gegenst\u00e4nden, Zubeh\u00f6r oder kreativen Materialien, passen diese Beh\u00e4lter perfekt in Kinderzimmer ebenso wie in Arbeitsbereiche f\u00fcr Erwachsene.<\/p>\n<p><strong>Vielseitige M\u00f6bel f\u00fcr jedes Umfeld<\/strong><\/p>\n<p>Dank ihres ikonischen Designs und der Vielzahl an verf\u00fcgbaren Farben f\u00fcgen sich die LEGO\u00ae Brick Drawers harmonisch in jedes Umfeld ein. Vom Kinderzimmer bis zum Schreibtisch im B\u00fcro bringen sie eine lebendige und pers\u00f6nliche Note und machen jeden Raum einladender und organisierter.<\/p>\n<p><strong>Organisieren Sie Ihren Raum im bunten und spa\u00dfigen LEGO\u00ae-Stil<\/strong><\/p>\n<p>Wenn Sie nach einer originellen Geschenkidee suchen, sind die LEGO\u00ae Brick Drawers die ideale Wahl. Praktisch, lustig und inspiriert vom klassischen LEGO\u00ae-Stil, sprechen sie sowohl Kinder als auch Erwachsene an, die eine Leidenschaft f\u00fcr Bauk\u00e4sten haben.<\/p>\n<\/div>\n<div class=\"metafield-rich_text_field\">\n<p><strong>Ordnung und Kreativit\u00e4t in einem Beh\u00e4lter<\/strong><\/p>\n<p>Mit den LEGO\u00ae Brick Drawers war Organisation noch nie so einfach und originell. Entdecken Sie, wie diese praktischen Bausteine Ihnen helfen k\u00f6nnen, alles ordentlich zu halten und gleichzeitig einen Hauch von Farbe und Kreativit\u00e4t in Ihr Zuhause oder B\u00fcro zu bringen.<\/p>\n<\/div>\n<\/div>\n<p><strong>Produktspezifikationen:<\/strong><\/p>\n<ul class=\"product__spec-list\">\n<li class=\"product__tag\">Kapazit\u00e4t: 9,4 l<\/li>\n<li class=\"product__tag\">Material: Acrylonitril-Butadien-Styrol (ABS)<\/li>\n<li class=\"product__tag\">Garantie: 2 Jahre<\/li>\n<li class=\"product__tag\">Abmessungen: 50 x 25 x 18 cm<\/li>\n<li class=\"product__tag\">Gewicht: 2 kg<\/li>\n<\/ul>\n","protected":false},"excerpt":{"rendered":"<p>Rechteckiger Beh\u00e4lter mit zwei Schubladen Das perfekte Geschenk f\u00fcr LEGO\u00ae-Fans Die LEGO\u00ae Brick Drawer-Serie wurde entwickelt, um die t\u00e4gliche Organisation<\/p>\n","protected":false},"featured_media":482784,"template":"","meta":{"_acf_changed":false,"inline_featured_image":false},"product_cat":[6817,17095],"product_tag":[17134],"acf":[],"yoast_head":"<!-- This site is optimized with the Yoast SEO Premium plugin v18.6 (Yoast SEO v19.13) - https:\/\/yoast.com\/wordpress\/plugins\/seo\/ -->\n<title>LEGO - ROOM COPENHAGEN Brick Drawer 8 Rosa - Erresse Shop<\/title>\n<meta name=\"description\" content=\"Rechteckiger Beh\u00e4lter mit zwei Schubladen Das perfekte Geschenk f\u00fcr LEGO\u00ae-Fans Die LEGO\u00ae Brick Drawer-Serie wurde entwickelt, um die t\u00e4gliche Organisation\" \/>\n<meta name=\"robots\" content=\"index, follow, max-snippet:-1, max-image-preview:large, max-video-preview:-1\" \/>\n<link rel=\"canonical\" href=\"https:\/\/www.erresse-shop.it\/de\/shop\/einrichtung-haus\/moebel\/lego-room-copenhagen-brick-drawer-8-rosa\/\" \/>\n<meta property=\"og:locale\" content=\"de_DE\" \/>\n<meta property=\"og:type\" content=\"article\" \/>\n<meta property=\"og:title\" content=\"LEGO - ROOM COPENHAGEN Brick Drawer 8 Rosa\" \/>\n<meta property=\"og:description\" content=\"Rechteckiger Beh\u00e4lter mit zwei Schubladen Das perfekte Geschenk f\u00fcr LEGO\u00ae-Fans Die LEGO\u00ae Brick Drawer-Serie wurde entwickelt, um die t\u00e4gliche Organisation\" \/>\n<meta property=\"og:url\" content=\"https:\/\/www.erresse-shop.it\/de\/shop\/einrichtung-haus\/moebel\/lego-room-copenhagen-brick-drawer-8-rosa\/\" \/>\n<meta property=\"og:site_name\" content=\"Erresse Shop\" \/>\n<meta property=\"article:modified_time\" content=\"2026-02-16T11:58:57+00:00\" \/>\n<meta property=\"og:image\" content=\"https:\/\/www.erresse-shop.it\/wp-content\/uploads\/2025\/03\/LEGO-ROOM-COPENHAGEN-Brick-Drawer-8-Rosa.jpg\" \/>\n\t<meta property=\"og:image:width\" content=\"1200\" \/>\n\t<meta property=\"og:image:height\" content=\"1200\" \/>\n\t<meta property=\"og:image:type\" content=\"image\/jpeg\" \/>\n<meta name=\"twitter:card\" content=\"summary_large_image\" \/>\n<script type=\"application\/ld+json\" class=\"yoast-schema-graph\">{\"@context\":\"https:\/\/schema.org\",\"@graph\":[{\"@type\":\"WebPage\",\"@id\":\"https:\/\/www.erresse-shop.it\/de\/shop\/einrichtung-haus\/moebel\/lego-room-copenhagen-brick-drawer-8-rosa\/\",\"url\":\"https:\/\/www.erresse-shop.it\/de\/shop\/einrichtung-haus\/moebel\/lego-room-copenhagen-brick-drawer-8-rosa\/\",\"name\":\"LEGO - ROOM COPENHAGEN Brick Drawer 8 Rosa - Erresse Shop\",\"isPartOf\":{\"@id\":\"https:\/\/www.erresse-shop.it\/de\/#website\"},\"datePublished\":\"2025-03-21T13:20:15+00:00\",\"dateModified\":\"2026-02-16T11:58:57+00:00\",\"description\":\"Rechteckiger Beh\u00e4lter mit zwei Schubladen Das perfekte Geschenk f\u00fcr LEGO\u00ae-Fans Die LEGO\u00ae Brick Drawer-Serie wurde entwickelt, um die t\u00e4gliche Organisation\",\"breadcrumb\":{\"@id\":\"https:\/\/www.erresse-shop.it\/de\/shop\/einrichtung-haus\/moebel\/lego-room-copenhagen-brick-drawer-8-rosa\/#breadcrumb\"},\"inLanguage\":\"de-DE\",\"potentialAction\":[{\"@type\":\"ReadAction\",\"target\":[\"https:\/\/www.erresse-shop.it\/de\/shop\/einrichtung-haus\/moebel\/lego-room-copenhagen-brick-drawer-8-rosa\/\"]}]},{\"@type\":\"BreadcrumbList\",\"@id\":\"https:\/\/www.erresse-shop.it\/de\/shop\/einrichtung-haus\/moebel\/lego-room-copenhagen-brick-drawer-8-rosa\/#breadcrumb\",\"itemListElement\":[{\"@type\":\"ListItem\",\"position\":1,\"name\":\"Home\",\"item\":\"https:\/\/www.erresse-shop.it\/de\/\"},{\"@type\":\"ListItem\",\"position\":2,\"name\":\"Shop\",\"item\":\"https:\/\/www.erresse-shop.it\/de\/shop\/\"},{\"@type\":\"ListItem\",\"position\":3,\"name\":\"LEGO &#8211; ROOM COPENHAGEN Brick Drawer 8 Rosa\"}]},{\"@type\":\"WebSite\",\"@id\":\"https:\/\/www.erresse-shop.it\/de\/#website\",\"url\":\"https:\/\/www.erresse-shop.it\/de\/\",\"name\":\"Erresse Shop\",\"description\":\"Articoli di qualit\u00e0 per la casa\",\"potentialAction\":[{\"@type\":\"SearchAction\",\"target\":{\"@type\":\"EntryPoint\",\"urlTemplate\":\"https:\/\/www.erresse-shop.it\/de\/?s={search_term_string}\"},\"query-input\":\"required name=search_term_string\"}],\"inLanguage\":\"de-DE\"}]}<\/script>\n<!-- \/ Yoast SEO Premium plugin. -->","yoast_head_json":{"title":"LEGO - ROOM COPENHAGEN Brick Drawer 8 Rosa - Erresse Shop","description":"Rechteckiger Beh\u00e4lter mit zwei Schubladen Das perfekte Geschenk f\u00fcr LEGO\u00ae-Fans Die LEGO\u00ae Brick Drawer-Serie wurde entwickelt, um die t\u00e4gliche Organisation","robots":{"index":"index","follow":"follow","max-snippet":"max-snippet:-1","max-image-preview":"max-image-preview:large","max-video-preview":"max-video-preview:-1"},"canonical":"https:\/\/www.erresse-shop.it\/de\/shop\/einrichtung-haus\/moebel\/lego-room-copenhagen-brick-drawer-8-rosa\/","og_locale":"de_DE","og_type":"article","og_title":"LEGO - ROOM COPENHAGEN Brick Drawer 8 Rosa","og_description":"Rechteckiger Beh\u00e4lter mit zwei Schubladen Das perfekte Geschenk f\u00fcr LEGO\u00ae-Fans Die LEGO\u00ae Brick Drawer-Serie wurde entwickelt, um die t\u00e4gliche Organisation","og_url":"https:\/\/www.erresse-shop.it\/de\/shop\/einrichtung-haus\/moebel\/lego-room-copenhagen-brick-drawer-8-rosa\/","og_site_name":"Erresse Shop","article_modified_time":"2026-02-16T11:58:57+00:00","og_image":[{"width":1200,"height":1200,"url":"https:\/\/www.erresse-shop.it\/wp-content\/uploads\/2025\/03\/LEGO-ROOM-COPENHAGEN-Brick-Drawer-8-Rosa.jpg","type":"image\/jpeg"}],"twitter_card":"summary_large_image","schema":{"@context":"https:\/\/schema.org","@graph":[{"@type":"WebPage","@id":"https:\/\/www.erresse-shop.it\/de\/shop\/einrichtung-haus\/moebel\/lego-room-copenhagen-brick-drawer-8-rosa\/","url":"https:\/\/www.erresse-shop.it\/de\/shop\/einrichtung-haus\/moebel\/lego-room-copenhagen-brick-drawer-8-rosa\/","name":"LEGO - ROOM COPENHAGEN Brick Drawer 8 Rosa - Erresse Shop","isPartOf":{"@id":"https:\/\/www.erresse-shop.it\/de\/#website"},"datePublished":"2025-03-21T13:20:15+00:00","dateModified":"2026-02-16T11:58:57+00:00","description":"Rechteckiger Beh\u00e4lter mit zwei Schubladen Das perfekte Geschenk f\u00fcr LEGO\u00ae-Fans Die LEGO\u00ae Brick Drawer-Serie wurde entwickelt, um die t\u00e4gliche Organisation","breadcrumb":{"@id":"https:\/\/www.erresse-shop.it\/de\/shop\/einrichtung-haus\/moebel\/lego-room-copenhagen-brick-drawer-8-rosa\/#breadcrumb"},"inLanguage":"de-DE","potentialAction":[{"@type":"ReadAction","target":["https:\/\/www.erresse-shop.it\/de\/shop\/einrichtung-haus\/moebel\/lego-room-copenhagen-brick-drawer-8-rosa\/"]}]},{"@type":"BreadcrumbList","@id":"https:\/\/www.erresse-shop.it\/de\/shop\/einrichtung-haus\/moebel\/lego-room-copenhagen-brick-drawer-8-rosa\/#breadcrumb","itemListElement":[{"@type":"ListItem","position":1,"name":"Home","item":"https:\/\/www.erresse-shop.it\/de\/"},{"@type":"ListItem","position":2,"name":"Shop","item":"https:\/\/www.erresse-shop.it\/de\/shop\/"},{"@type":"ListItem","position":3,"name":"LEGO &#8211; ROOM COPENHAGEN Brick Drawer 8 Rosa"}]},{"@type":"WebSite","@id":"https:\/\/www.erresse-shop.it\/de\/#website","url":"https:\/\/www.erresse-shop.it\/de\/","name":"Erresse Shop","description":"Articoli di qualit\u00e0 per la casa","potentialAction":[{"@type":"SearchAction","target":{"@type":"EntryPoint","urlTemplate":"https:\/\/www.erresse-shop.it\/de\/?s={search_term_string}"},"query-input":"required name=search_term_string"}],"inLanguage":"de-DE"}]}},"df_price":49,"df_sale_price":49,"df_regular_price":59.99,"df_image_link":"https:\/\/www.erresse-shop.it\/wp-content\/uploads\/2025\/03\/LEGO-ROOM-COPENHAGEN-Brick-Drawer-8-Rosa-300x300.jpg","_links":{"self":[{"href":"https:\/\/www.erresse-shop.it\/de\/wp-json\/wp\/v2\/product\/482763"}],"collection":[{"href":"https:\/\/www.erresse-shop.it\/de\/wp-json\/wp\/v2\/product"}],"about":[{"href":"https:\/\/www.erresse-shop.it\/de\/wp-json\/wp\/v2\/types\/product"}],"wp:featuredmedia":[{"embeddable":true,"href":"https:\/\/www.erresse-shop.it\/de\/wp-json\/wp\/v2\/media\/482784"}],"wp:attachment":[{"href":"https:\/\/www.erresse-shop.it\/de\/wp-json\/wp\/v2\/media?parent=482763"}],"wp:term":[{"taxonomy":"product_cat","embeddable":true,"href":"https:\/\/www.erresse-shop.it\/de\/wp-json\/wp\/v2\/product_cat?post=482763"},{"taxonomy":"product_tag","embeddable":true,"href":"https:\/\/www.erresse-shop.it\/de\/wp-json\/wp\/v2\/product_tag?post=482763"}],"curies":[{"name":"wp","href":"https:\/\/api.w.org\/{rel}","templated":true}]}}