{"id":482461,"date":"2025-03-21T08:49:13","date_gmt":"2025-03-21T08:49:15","guid":{"rendered":"https:\/\/www.erresse-shop.it\/?post_type=product&#038;p=482461"},"modified":"2026-02-17T09:40:31","modified_gmt":"2026-02-17T09:40:31","slug":"outdoorchef-chelsea-gasgrill-420-g-black","status":"publish","type":"product","link":"https:\/\/www.erresse-shop.it\/de\/shop\/kleine-elektrogeraete\/grills-und-barbecues\/outdoorchef-chelsea-gasgrill-420-g-black\/","title":{"rendered":"Outdoorchef Chelsea Gasgrill 420 G Black"},"content":{"rendered":"<div class=\"product__description-formated product__description-formated--multiuso\">\n<div class=\"metafield-rich_text_field\">\n<div class=\"product__description-formated product__description-formated--multiuso\">\n<div class=\"metafield-rich_text_field\">\n<div class=\"metafield-rich_text_field\">\n<p><strong>Kompakt, leistungsstark, tragbar<\/strong><br \/>\nDer Outdoorchef Chelsea 420G Black Gasgrill ist die perfekte Wahl f\u00fcr alle, die ein kompaktes Ger\u00e4t suchen, ohne auf die Grillqualit\u00e4t zu verzichten. Dank seines sph\u00e4rischen Designs und der einstellbaren Temperatur zwischen 180\u00b0C und 340\u00b0C erm\u00f6glicht er es, Steaks, Hamburger, Fisch, Gem\u00fcse und sogar Desserts, Brot und Pizza perfekt zu grillen.<\/p>\n<p><strong>Einfacher und intuitiver Aufbau und Abbau<\/strong><br \/>\nDieses Modell verf\u00fcgt \u00fcber ein praktisches Montagesystem f\u00fcr das Stativ, das einen schnellen und einfachen Aufbau und Abbau erm\u00f6glicht. Perfekt f\u00fcr alle, die Wert auf Praktikabilit\u00e4t legen, kann er leicht transportiert und verstaut werden, was ihn ideal f\u00fcr Balkone, Terrassen und kleine G\u00e4rten macht.<\/p>\n<p><strong>Hochwertige Materialien f\u00fcr eine lange Lebensdauer<\/strong><br \/>\nDer Chelsea 420G Black ist aus robustem Porzellan gefertigt und f\u00fcr eine lange Lebensdauer konzipiert. Die Qualit\u00e4t der Materialien und die robuste Verarbeitung garantieren jedes Mal ein hervorragendes Grillerlebnis, mit einem 4,3 kW starken Brenner, der eine gleichm\u00e4\u00dfige W\u00e4rmeverteilung gew\u00e4hrleistet.<\/p>\n<p><strong>Leichte Reinigung mit dem Trichtersystem<\/strong><br \/>\nDank des praktischen Trichtersystems wird die Reinigung schnell und einfach. Dieses innovative System verhindert Fettansammlungen und erleichtert die Wartung, sodass Sie sich ganz auf den Genuss des Grillens konzentrieren k\u00f6nnen.<\/p>\n<p><strong>Kompaktes und funktionales Design<\/strong><br \/>\nMit einem Grilldurchmesser von 39,5 cm und einem Gewicht von nur 9,5 kg ist der Chelsea 420G Black leicht zu transportieren und perfekt f\u00fcr alle, die einen praktischen und leistungsstarken Grill suchen. Durch seine kompakte Gr\u00f6\u00dfe ist er ideal f\u00fcr diejenigen, die auch auf kleinen Fl\u00e4chen ein professionelles Grillerlebnis w\u00fcnschen.<\/p>\n<\/div>\n<div class=\"metafield-rich_text_field\">\n<p><strong>Technische Merkmale<\/strong><\/p>\n<ul>\n<li>180-340 \u00b0C f\u00fcr zarte Steaks, saftige Hamburger, zarten Fisch, schmackhaftes Gem\u00fcse und sogar Desserts, Brot und Pizza<\/li>\n<li>Schneller Aufbau und Abbau dank des praktischen Stativ-Montagesystems<\/li>\n<li>Einfache und schnelle Reinigung dank des praktischen Trichtersystems<\/li>\n<li>Hohe Materialqualit\u00e4t, robuste Verarbeitung<\/li>\n<\/ul>\n<\/div>\n<\/div>\n<\/div>\n<\/div>\n<div class=\"metafield-rich_text_field\">\n<p data-start=\"654\" data-end=\"689\"><span style=\"font-size: 14pt;\"><strong data-start=\"654\" data-end=\"689\">Abmessungen:<\/strong><\/span><\/p>\n<ul data-start=\"692\" data-end=\"871\">\n<li data-start=\"578\" data-end=\"596\">Breite: 63 cm<\/li>\n<li data-start=\"597\" data-end=\"613\">H\u00f6he: 94 cm<\/li>\n<li data-start=\"614\" data-end=\"633\">Tiefe: 67 cm<\/li>\n<\/ul>\n<\/div>\n<\/div>\n","protected":false},"excerpt":{"rendered":"<p>Kompakt, leistungsstark, tragbar Der Outdoorchef Chelsea 420G Black Gasgrill ist die perfekte Wahl f\u00fcr alle, die ein kompaktes Ger\u00e4t suchen,<\/p>\n","protected":false},"featured_media":482481,"template":"","meta":{"_acf_changed":false,"inline_featured_image":false},"product_cat":[6703,13378],"product_tag":[25182,13379,24604,23632,12210,12211,25022,22516],"acf":[],"yoast_head":"<!-- This site is optimized with the Yoast SEO Premium plugin v18.6 (Yoast SEO v19.13) - https:\/\/yoast.com\/wordpress\/plugins\/seo\/ -->\n<title>Outdoorchef Chelsea Gasgrill 420 G Black - Erresse Shop<\/title>\n<meta name=\"description\" content=\"Kompakt, leistungsstark, tragbar Der Outdoorchef Chelsea 420G Black Gasgrill ist die perfekte Wahl f\u00fcr alle, die ein kompaktes Ger\u00e4t suchen, ohne auf die\" \/>\n<meta name=\"robots\" content=\"index, follow, max-snippet:-1, max-image-preview:large, max-video-preview:-1\" \/>\n<link rel=\"canonical\" href=\"https:\/\/www.erresse-shop.it\/de\/shop\/kleine-elektrogeraete\/grills-und-barbecues\/outdoorchef-chelsea-gasgrill-420-g-black\/\" \/>\n<meta property=\"og:locale\" content=\"de_DE\" \/>\n<meta property=\"og:type\" content=\"article\" \/>\n<meta property=\"og:title\" content=\"Outdoorchef Chelsea Gasgrill 420 G Black\" \/>\n<meta property=\"og:description\" content=\"Kompakt, leistungsstark, tragbar Der Outdoorchef Chelsea 420G Black Gasgrill ist die perfekte Wahl f\u00fcr alle, die ein kompaktes Ger\u00e4t suchen, ohne auf die\" \/>\n<meta property=\"og:url\" content=\"https:\/\/www.erresse-shop.it\/de\/shop\/kleine-elektrogeraete\/grills-und-barbecues\/outdoorchef-chelsea-gasgrill-420-g-black\/\" \/>\n<meta property=\"og:site_name\" content=\"Erresse Shop\" \/>\n<meta property=\"article:modified_time\" content=\"2026-02-17T09:40:31+00:00\" \/>\n<meta property=\"og:image\" content=\"https:\/\/www.erresse-shop.it\/wp-content\/uploads\/2025\/03\/Outdoorchef-Chelsea-Barbecue-a-Gas-420-G-Black.jpg\" \/>\n\t<meta property=\"og:image:width\" content=\"1200\" \/>\n\t<meta property=\"og:image:height\" content=\"1200\" \/>\n\t<meta property=\"og:image:type\" content=\"image\/jpeg\" \/>\n<meta name=\"twitter:card\" content=\"summary_large_image\" \/>\n<script type=\"application\/ld+json\" class=\"yoast-schema-graph\">{\"@context\":\"https:\/\/schema.org\",\"@graph\":[{\"@type\":\"WebPage\",\"@id\":\"https:\/\/www.erresse-shop.it\/de\/shop\/kleine-elektrogeraete\/grills-und-barbecues\/outdoorchef-chelsea-gasgrill-420-g-black\/\",\"url\":\"https:\/\/www.erresse-shop.it\/de\/shop\/kleine-elektrogeraete\/grills-und-barbecues\/outdoorchef-chelsea-gasgrill-420-g-black\/\",\"name\":\"Outdoorchef Chelsea Gasgrill 420 G Black - Erresse Shop\",\"isPartOf\":{\"@id\":\"https:\/\/www.erresse-shop.it\/de\/#website\"},\"datePublished\":\"2025-03-21T08:49:15+00:00\",\"dateModified\":\"2026-02-17T09:40:31+00:00\",\"description\":\"Kompakt, leistungsstark, tragbar Der Outdoorchef Chelsea 420G Black Gasgrill ist die perfekte Wahl f\u00fcr alle, die ein kompaktes Ger\u00e4t suchen, ohne auf die\",\"breadcrumb\":{\"@id\":\"https:\/\/www.erresse-shop.it\/de\/shop\/kleine-elektrogeraete\/grills-und-barbecues\/outdoorchef-chelsea-gasgrill-420-g-black\/#breadcrumb\"},\"inLanguage\":\"de-DE\",\"potentialAction\":[{\"@type\":\"ReadAction\",\"target\":[\"https:\/\/www.erresse-shop.it\/de\/shop\/kleine-elektrogeraete\/grills-und-barbecues\/outdoorchef-chelsea-gasgrill-420-g-black\/\"]}]},{\"@type\":\"BreadcrumbList\",\"@id\":\"https:\/\/www.erresse-shop.it\/de\/shop\/kleine-elektrogeraete\/grills-und-barbecues\/outdoorchef-chelsea-gasgrill-420-g-black\/#breadcrumb\",\"itemListElement\":[{\"@type\":\"ListItem\",\"position\":1,\"name\":\"Home\",\"item\":\"https:\/\/www.erresse-shop.it\/de\/\"},{\"@type\":\"ListItem\",\"position\":2,\"name\":\"Shop\",\"item\":\"https:\/\/www.erresse-shop.it\/de\/shop\/\"},{\"@type\":\"ListItem\",\"position\":3,\"name\":\"Outdoorchef Chelsea Gasgrill 420 G Black\"}]},{\"@type\":\"WebSite\",\"@id\":\"https:\/\/www.erresse-shop.it\/de\/#website\",\"url\":\"https:\/\/www.erresse-shop.it\/de\/\",\"name\":\"Erresse Shop\",\"description\":\"Articoli di qualit\u00e0 per la casa\",\"potentialAction\":[{\"@type\":\"SearchAction\",\"target\":{\"@type\":\"EntryPoint\",\"urlTemplate\":\"https:\/\/www.erresse-shop.it\/de\/?s={search_term_string}\"},\"query-input\":\"required name=search_term_string\"}],\"inLanguage\":\"de-DE\"}]}<\/script>\n<!-- \/ Yoast SEO Premium plugin. -->","yoast_head_json":{"title":"Outdoorchef Chelsea Gasgrill 420 G Black - Erresse Shop","description":"Kompakt, leistungsstark, tragbar Der Outdoorchef Chelsea 420G Black Gasgrill ist die perfekte Wahl f\u00fcr alle, die ein kompaktes Ger\u00e4t suchen, ohne auf die","robots":{"index":"index","follow":"follow","max-snippet":"max-snippet:-1","max-image-preview":"max-image-preview:large","max-video-preview":"max-video-preview:-1"},"canonical":"https:\/\/www.erresse-shop.it\/de\/shop\/kleine-elektrogeraete\/grills-und-barbecues\/outdoorchef-chelsea-gasgrill-420-g-black\/","og_locale":"de_DE","og_type":"article","og_title":"Outdoorchef Chelsea Gasgrill 420 G Black","og_description":"Kompakt, leistungsstark, tragbar Der Outdoorchef Chelsea 420G Black Gasgrill ist die perfekte Wahl f\u00fcr alle, die ein kompaktes Ger\u00e4t suchen, ohne auf die","og_url":"https:\/\/www.erresse-shop.it\/de\/shop\/kleine-elektrogeraete\/grills-und-barbecues\/outdoorchef-chelsea-gasgrill-420-g-black\/","og_site_name":"Erresse Shop","article_modified_time":"2026-02-17T09:40:31+00:00","og_image":[{"width":1200,"height":1200,"url":"https:\/\/www.erresse-shop.it\/wp-content\/uploads\/2025\/03\/Outdoorchef-Chelsea-Barbecue-a-Gas-420-G-Black.jpg","type":"image\/jpeg"}],"twitter_card":"summary_large_image","schema":{"@context":"https:\/\/schema.org","@graph":[{"@type":"WebPage","@id":"https:\/\/www.erresse-shop.it\/de\/shop\/kleine-elektrogeraete\/grills-und-barbecues\/outdoorchef-chelsea-gasgrill-420-g-black\/","url":"https:\/\/www.erresse-shop.it\/de\/shop\/kleine-elektrogeraete\/grills-und-barbecues\/outdoorchef-chelsea-gasgrill-420-g-black\/","name":"Outdoorchef Chelsea Gasgrill 420 G Black - Erresse Shop","isPartOf":{"@id":"https:\/\/www.erresse-shop.it\/de\/#website"},"datePublished":"2025-03-21T08:49:15+00:00","dateModified":"2026-02-17T09:40:31+00:00","description":"Kompakt, leistungsstark, tragbar Der Outdoorchef Chelsea 420G Black Gasgrill ist die perfekte Wahl f\u00fcr alle, die ein kompaktes Ger\u00e4t suchen, ohne auf die","breadcrumb":{"@id":"https:\/\/www.erresse-shop.it\/de\/shop\/kleine-elektrogeraete\/grills-und-barbecues\/outdoorchef-chelsea-gasgrill-420-g-black\/#breadcrumb"},"inLanguage":"de-DE","potentialAction":[{"@type":"ReadAction","target":["https:\/\/www.erresse-shop.it\/de\/shop\/kleine-elektrogeraete\/grills-und-barbecues\/outdoorchef-chelsea-gasgrill-420-g-black\/"]}]},{"@type":"BreadcrumbList","@id":"https:\/\/www.erresse-shop.it\/de\/shop\/kleine-elektrogeraete\/grills-und-barbecues\/outdoorchef-chelsea-gasgrill-420-g-black\/#breadcrumb","itemListElement":[{"@type":"ListItem","position":1,"name":"Home","item":"https:\/\/www.erresse-shop.it\/de\/"},{"@type":"ListItem","position":2,"name":"Shop","item":"https:\/\/www.erresse-shop.it\/de\/shop\/"},{"@type":"ListItem","position":3,"name":"Outdoorchef Chelsea Gasgrill 420 G Black"}]},{"@type":"WebSite","@id":"https:\/\/www.erresse-shop.it\/de\/#website","url":"https:\/\/www.erresse-shop.it\/de\/","name":"Erresse Shop","description":"Articoli di qualit\u00e0 per la casa","potentialAction":[{"@type":"SearchAction","target":{"@type":"EntryPoint","urlTemplate":"https:\/\/www.erresse-shop.it\/de\/?s={search_term_string}"},"query-input":"required name=search_term_string"}],"inLanguage":"de-DE"}]}},"df_price":226.85,"df_sale_price":226.85,"df_regular_price":349,"df_image_link":"https:\/\/www.erresse-shop.it\/wp-content\/uploads\/2025\/03\/Outdoorchef-Chelsea-Barbecue-a-Gas-420-G-Black-300x300.jpg","_links":{"self":[{"href":"https:\/\/www.erresse-shop.it\/de\/wp-json\/wp\/v2\/product\/482461"}],"collection":[{"href":"https:\/\/www.erresse-shop.it\/de\/wp-json\/wp\/v2\/product"}],"about":[{"href":"https:\/\/www.erresse-shop.it\/de\/wp-json\/wp\/v2\/types\/product"}],"wp:featuredmedia":[{"embeddable":true,"href":"https:\/\/www.erresse-shop.it\/de\/wp-json\/wp\/v2\/media\/482481"}],"wp:attachment":[{"href":"https:\/\/www.erresse-shop.it\/de\/wp-json\/wp\/v2\/media?parent=482461"}],"wp:term":[{"taxonomy":"product_cat","embeddable":true,"href":"https:\/\/www.erresse-shop.it\/de\/wp-json\/wp\/v2\/product_cat?post=482461"},{"taxonomy":"product_tag","embeddable":true,"href":"https:\/\/www.erresse-shop.it\/de\/wp-json\/wp\/v2\/product_tag?post=482461"}],"curies":[{"name":"wp","href":"https:\/\/api.w.org\/{rel}","templated":true}]}}