{"id":482363,"date":"2025-03-21T07:27:19","date_gmt":"2025-03-21T07:27:23","guid":{"rendered":"https:\/\/www.erresse-shop.it\/?post_type=product&#038;p=482363"},"modified":"2026-02-17T09:55:47","modified_gmt":"2026-02-17T09:55:47","slug":"emile-henry-obst-und-gemueseschale-argile","status":"publish","type":"product","link":"https:\/\/www.erresse-shop.it\/de\/shop\/tisch\/koerbe-und-schalen\/emile-henry-obst-und-gemueseschale-argile\/","title":{"rendered":"EMILE HENRY Obst- und Gem\u00fcseschale Argile"},"content":{"rendered":"<p>Die gro\u00dfe Schale von Emile Henry mit ihrem raffinierten Design und den nat\u00fcrlichen Materialien, die sich ideal f\u00fcr die Aufbewahrung von Frischwaren eignen, funktioniert auf zwei Ebenen. Der Korkdeckel, der als Obstschale dient, bietet eine elegante Pr\u00e4sentation, w\u00e4hrend der Keramikboden Platz f\u00fcr die Aufbewahrung von Zwiebeln, R\u00fcben oder frischen Kartoffeln bietet.<\/p>\n<p>Unter dem Deckel verlangsamt der Lichtmangel die Keimung und 3 kleine L\u00f6cher sorgen f\u00fcr die richtige Bel\u00fcftung. Dank der isolierenden Eigenschaften von Kork und Keramik schafft die Emile Henry Large Storage Bowl keller\u00e4hnliche Bedingungen mitten in Ihrer K\u00fcche oder Ihrem Esszimmer.<\/p>\n<p>Oben h\u00e4lt die Korkschale selbst die zartesten Fr\u00fcchte. Da die Fr\u00fcchte auf der Korkoberfl\u00e4che ruhen, ist es weniger wahrscheinlich, dass sie bei Kontakt verderben. Die aus verschiedenen Kulturen \u00fcberlieferten Ratschl\u00e4ge beruhen auf der Vorstellung, dass Kork dazu beitr\u00e4gt, Fruchtfliegen fernzuhalten und die Feuchtigkeit zu absorbieren, die die Fr\u00fcchte abgeben k\u00f6nnten.<\/p>\n<p>Alle Produkte von Emile Henry werden in Frankreich hergestellt und haben eine zehnj\u00e4hrige Garantie.<\/p>\n<p><strong>L\u00e4nge\/Durchmesser:<\/strong> 36 cm<br \/>\n<strong>Breite:<\/strong> 36 cm<br \/>\n<strong>H\u00f6he:<\/strong> 5 cm<br \/>\n<strong>Gewicht:<\/strong> 0,5 kg<\/p>\n","protected":false},"excerpt":{"rendered":"<p>Die gro\u00dfe Schale von Emile Henry mit ihrem raffinierten Design und den nat\u00fcrlichen Materialien, die sich ideal f\u00fcr die Aufbewahrung<\/p>\n","protected":false},"featured_media":482384,"template":"","meta":{"_acf_changed":false,"inline_featured_image":false},"product_cat":[6787,14243],"product_tag":[19093,19100],"acf":[],"yoast_head":"<!-- This site is optimized with the Yoast SEO Premium plugin v18.6 (Yoast SEO v19.13) - https:\/\/yoast.com\/wordpress\/plugins\/seo\/ -->\n<title>EMILE HENRY Obst- und Gem\u00fcseschale Argile - Erresse Shop<\/title>\n<meta name=\"description\" content=\"Die gro\u00dfe Schale von Emile Henry mit ihrem raffinierten Design und den nat\u00fcrlichen Materialien, die sich ideal f\u00fcr die Aufbewahrung von Frischwaren\" \/>\n<meta name=\"robots\" content=\"index, follow, max-snippet:-1, max-image-preview:large, max-video-preview:-1\" \/>\n<link rel=\"canonical\" href=\"https:\/\/www.erresse-shop.it\/de\/shop\/tisch\/koerbe-und-schalen\/emile-henry-obst-und-gemueseschale-argile\/\" \/>\n<meta property=\"og:locale\" content=\"de_DE\" \/>\n<meta property=\"og:type\" content=\"article\" \/>\n<meta property=\"og:title\" content=\"EMILE HENRY Obst- und Gem\u00fcseschale Argile\" \/>\n<meta property=\"og:description\" content=\"Die gro\u00dfe Schale von Emile Henry mit ihrem raffinierten Design und den nat\u00fcrlichen Materialien, die sich ideal f\u00fcr die Aufbewahrung von Frischwaren\" \/>\n<meta property=\"og:url\" content=\"https:\/\/www.erresse-shop.it\/de\/shop\/tisch\/koerbe-und-schalen\/emile-henry-obst-und-gemueseschale-argile\/\" \/>\n<meta property=\"og:site_name\" content=\"Erresse Shop\" \/>\n<meta property=\"article:modified_time\" content=\"2026-02-17T09:55:47+00:00\" \/>\n<meta property=\"og:image\" content=\"https:\/\/www.erresse-shop.it\/wp-content\/uploads\/2025\/03\/EMILE-HENRY-Ciotola-per-Frutta-e-Verdura-Argile.jpg\" \/>\n\t<meta property=\"og:image:width\" content=\"1200\" \/>\n\t<meta property=\"og:image:height\" content=\"1200\" \/>\n\t<meta property=\"og:image:type\" content=\"image\/jpeg\" \/>\n<meta name=\"twitter:card\" content=\"summary_large_image\" \/>\n<script type=\"application\/ld+json\" class=\"yoast-schema-graph\">{\"@context\":\"https:\/\/schema.org\",\"@graph\":[{\"@type\":\"WebPage\",\"@id\":\"https:\/\/www.erresse-shop.it\/de\/shop\/tisch\/koerbe-und-schalen\/emile-henry-obst-und-gemueseschale-argile\/\",\"url\":\"https:\/\/www.erresse-shop.it\/de\/shop\/tisch\/koerbe-und-schalen\/emile-henry-obst-und-gemueseschale-argile\/\",\"name\":\"EMILE HENRY Obst- und Gem\u00fcseschale Argile - Erresse Shop\",\"isPartOf\":{\"@id\":\"https:\/\/www.erresse-shop.it\/de\/#website\"},\"datePublished\":\"2025-03-21T07:27:23+00:00\",\"dateModified\":\"2026-02-17T09:55:47+00:00\",\"description\":\"Die gro\u00dfe Schale von Emile Henry mit ihrem raffinierten Design und den nat\u00fcrlichen Materialien, die sich ideal f\u00fcr die Aufbewahrung von Frischwaren\",\"breadcrumb\":{\"@id\":\"https:\/\/www.erresse-shop.it\/de\/shop\/tisch\/koerbe-und-schalen\/emile-henry-obst-und-gemueseschale-argile\/#breadcrumb\"},\"inLanguage\":\"de-DE\",\"potentialAction\":[{\"@type\":\"ReadAction\",\"target\":[\"https:\/\/www.erresse-shop.it\/de\/shop\/tisch\/koerbe-und-schalen\/emile-henry-obst-und-gemueseschale-argile\/\"]}]},{\"@type\":\"BreadcrumbList\",\"@id\":\"https:\/\/www.erresse-shop.it\/de\/shop\/tisch\/koerbe-und-schalen\/emile-henry-obst-und-gemueseschale-argile\/#breadcrumb\",\"itemListElement\":[{\"@type\":\"ListItem\",\"position\":1,\"name\":\"Home\",\"item\":\"https:\/\/www.erresse-shop.it\/de\/\"},{\"@type\":\"ListItem\",\"position\":2,\"name\":\"Shop\",\"item\":\"https:\/\/www.erresse-shop.it\/de\/shop\/\"},{\"@type\":\"ListItem\",\"position\":3,\"name\":\"EMILE HENRY Obst- und Gem\u00fcseschale Argile\"}]},{\"@type\":\"WebSite\",\"@id\":\"https:\/\/www.erresse-shop.it\/de\/#website\",\"url\":\"https:\/\/www.erresse-shop.it\/de\/\",\"name\":\"Erresse Shop\",\"description\":\"Articoli di qualit\u00e0 per la casa\",\"potentialAction\":[{\"@type\":\"SearchAction\",\"target\":{\"@type\":\"EntryPoint\",\"urlTemplate\":\"https:\/\/www.erresse-shop.it\/de\/?s={search_term_string}\"},\"query-input\":\"required name=search_term_string\"}],\"inLanguage\":\"de-DE\"}]}<\/script>\n<!-- \/ Yoast SEO Premium plugin. -->","yoast_head_json":{"title":"EMILE HENRY Obst- und Gem\u00fcseschale Argile - Erresse Shop","description":"Die gro\u00dfe Schale von Emile Henry mit ihrem raffinierten Design und den nat\u00fcrlichen Materialien, die sich ideal f\u00fcr die Aufbewahrung von Frischwaren","robots":{"index":"index","follow":"follow","max-snippet":"max-snippet:-1","max-image-preview":"max-image-preview:large","max-video-preview":"max-video-preview:-1"},"canonical":"https:\/\/www.erresse-shop.it\/de\/shop\/tisch\/koerbe-und-schalen\/emile-henry-obst-und-gemueseschale-argile\/","og_locale":"de_DE","og_type":"article","og_title":"EMILE HENRY Obst- und Gem\u00fcseschale Argile","og_description":"Die gro\u00dfe Schale von Emile Henry mit ihrem raffinierten Design und den nat\u00fcrlichen Materialien, die sich ideal f\u00fcr die Aufbewahrung von Frischwaren","og_url":"https:\/\/www.erresse-shop.it\/de\/shop\/tisch\/koerbe-und-schalen\/emile-henry-obst-und-gemueseschale-argile\/","og_site_name":"Erresse Shop","article_modified_time":"2026-02-17T09:55:47+00:00","og_image":[{"width":1200,"height":1200,"url":"https:\/\/www.erresse-shop.it\/wp-content\/uploads\/2025\/03\/EMILE-HENRY-Ciotola-per-Frutta-e-Verdura-Argile.jpg","type":"image\/jpeg"}],"twitter_card":"summary_large_image","schema":{"@context":"https:\/\/schema.org","@graph":[{"@type":"WebPage","@id":"https:\/\/www.erresse-shop.it\/de\/shop\/tisch\/koerbe-und-schalen\/emile-henry-obst-und-gemueseschale-argile\/","url":"https:\/\/www.erresse-shop.it\/de\/shop\/tisch\/koerbe-und-schalen\/emile-henry-obst-und-gemueseschale-argile\/","name":"EMILE HENRY Obst- und Gem\u00fcseschale Argile - Erresse Shop","isPartOf":{"@id":"https:\/\/www.erresse-shop.it\/de\/#website"},"datePublished":"2025-03-21T07:27:23+00:00","dateModified":"2026-02-17T09:55:47+00:00","description":"Die gro\u00dfe Schale von Emile Henry mit ihrem raffinierten Design und den nat\u00fcrlichen Materialien, die sich ideal f\u00fcr die Aufbewahrung von Frischwaren","breadcrumb":{"@id":"https:\/\/www.erresse-shop.it\/de\/shop\/tisch\/koerbe-und-schalen\/emile-henry-obst-und-gemueseschale-argile\/#breadcrumb"},"inLanguage":"de-DE","potentialAction":[{"@type":"ReadAction","target":["https:\/\/www.erresse-shop.it\/de\/shop\/tisch\/koerbe-und-schalen\/emile-henry-obst-und-gemueseschale-argile\/"]}]},{"@type":"BreadcrumbList","@id":"https:\/\/www.erresse-shop.it\/de\/shop\/tisch\/koerbe-und-schalen\/emile-henry-obst-und-gemueseschale-argile\/#breadcrumb","itemListElement":[{"@type":"ListItem","position":1,"name":"Home","item":"https:\/\/www.erresse-shop.it\/de\/"},{"@type":"ListItem","position":2,"name":"Shop","item":"https:\/\/www.erresse-shop.it\/de\/shop\/"},{"@type":"ListItem","position":3,"name":"EMILE HENRY Obst- und Gem\u00fcseschale Argile"}]},{"@type":"WebSite","@id":"https:\/\/www.erresse-shop.it\/de\/#website","url":"https:\/\/www.erresse-shop.it\/de\/","name":"Erresse Shop","description":"Articoli di qualit\u00e0 per la casa","potentialAction":[{"@type":"SearchAction","target":{"@type":"EntryPoint","urlTemplate":"https:\/\/www.erresse-shop.it\/de\/?s={search_term_string}"},"query-input":"required name=search_term_string"}],"inLanguage":"de-DE"}]}},"df_price":114,"df_sale_price":114,"df_regular_price":152.9,"df_image_link":"https:\/\/www.erresse-shop.it\/wp-content\/uploads\/2025\/03\/EMILE-HENRY-Ciotola-per-Frutta-e-Verdura-Argile-300x300.jpg","_links":{"self":[{"href":"https:\/\/www.erresse-shop.it\/de\/wp-json\/wp\/v2\/product\/482363"}],"collection":[{"href":"https:\/\/www.erresse-shop.it\/de\/wp-json\/wp\/v2\/product"}],"about":[{"href":"https:\/\/www.erresse-shop.it\/de\/wp-json\/wp\/v2\/types\/product"}],"wp:featuredmedia":[{"embeddable":true,"href":"https:\/\/www.erresse-shop.it\/de\/wp-json\/wp\/v2\/media\/482384"}],"wp:attachment":[{"href":"https:\/\/www.erresse-shop.it\/de\/wp-json\/wp\/v2\/media?parent=482363"}],"wp:term":[{"taxonomy":"product_cat","embeddable":true,"href":"https:\/\/www.erresse-shop.it\/de\/wp-json\/wp\/v2\/product_cat?post=482363"},{"taxonomy":"product_tag","embeddable":true,"href":"https:\/\/www.erresse-shop.it\/de\/wp-json\/wp\/v2\/product_tag?post=482363"}],"curies":[{"name":"wp","href":"https:\/\/api.w.org\/{rel}","templated":true}]}}