{"id":482302,"date":"2025-03-21T06:52:24","date_gmt":"2025-03-21T06:52:26","guid":{"rendered":"https:\/\/www.erresse-shop.it\/?post_type=product&#038;p=482302"},"modified":"2026-02-17T10:00:57","modified_gmt":"2026-02-17T10:00:57","slug":"jura-kaffeemaschine-ena-5-night-inox","status":"publish","type":"product","link":"https:\/\/www.erresse-shop.it\/de\/shop\/kleine-elektrogeraete\/kaffeemaschinen-espresso\/automatisch\/jura-kaffeemaschine-ena-5-night-inox\/","title":{"rendered":"JURA Kaffeemaschine ENA 5 Night Inox"},"content":{"rendered":"<div>\n<h3 id=\"pagelayout_0_pagetype_0_pagecontent_0_tabcontent_0_repTabContentBlock_conContentBlock_0_genTitle_0\" class=\"title\"><span style=\"font-size: 14pt;\">Klassisch: Hei\u00dfes Gebr\u00e4u<\/span><\/h3>\n<p>Intensiver Espresso und hei\u00dfer Kaffee: Mit der ENA 5 gelingen diese beiden Klassiker tadellos. Um das nuancenreiche Profil des Espressos perfekt zur Geltung zu bringen, nutzt sie das gepulste Extraktionsverfahren P.E.P.<sup>\u00ae<\/sup>, das die Extraktionszeit optimiert und mehr Aromastoffe aus dem frisch gemahlenen Kaffee freisetzt: f\u00fcr einen Espresso in au\u00dfergew\u00f6hnlicher Barista-Qualit\u00e4t. Durch den herk\u00f6mmlichen Br\u00fchvorgang erh\u00e4lt der Kaffee seine hervorragende, charakteristische Note. Beide Spezialit\u00e4ten lassen sich ganz einfach an individuelle Geschmacksvorlieben anpassen.<\/p>\n<\/div>\n<div>\n<h3 id=\"pagelayout_0_pagetype_0_pagecontent_0_tabcontent_0_repTabContentBlock_conContentBlock_1_genTitle_1\" class=\"title\"><span style=\"font-size: 14pt;\">Spezial: Kalt gebr\u00fchter Kaffee<\/span><\/h3>\n<p>Auch die Welt der trendigen Cold Brew Kaffeespezialit\u00e4ten hat die ENA 5 im Blick. Bereiten Sie Cold Brew mit dem Cold Extraction Process auf Knopfdruck zu. Bei der vollautomatischen Kaltextraktion wird kaltes Wasser mit dem f\u00fcr die Espressomethode typischen hohen Druck in langsamen, sto\u00dfweisen St\u00f6\u00dfen durch den frisch gemahlenen Kaffee geleitet. So entwickeln sich die charakteristischen Fruchtaromen des belebenden und k\u00f6stlichen Cold Brew.<\/p>\n<h3 id=\"pagelayout_0_pagetype_0_pagecontent_0_tabcontent_0_repTabContentBlock_conContentBlock_2_genTitle_2\" class=\"title\"><span style=\"font-size: 14pt;\">Neuer Genuss: Leichtes Gebr\u00e4u<\/span><\/h3>\n<p>JURA pr\u00e4sentiert den neuen Light-Extraktionsprozess und integriert ihn in die ENA 5. Light Brew wird bei rund 60 \u00b0C ausgegeben und mit weniger Kaffee zubereitet als der klassische Hot Brew. Das Ergebnis ist ein v\u00f6llig neues und einzigartiges Geschmacksprofil, das Light Brew in wohltemperierter, trinkfertiger Form anbietet. Kenner sch\u00e4tzen Light Brew wegen seiner leichten, luftigen Note und seinem zarten Aroma.<\/p>\n<\/div>\n<p><span style=\"font-size: 14pt;\"><strong>Technische Daten<\/strong><\/span><\/p>\n<p><strong>Fassungsverm\u00f6gen des Wassertanks: <\/strong>1,1\u00a0l<br \/>\n<strong>Kapazit\u00e4t des Kaffeebohnenbeh\u00e4lters:<\/strong> 125 g<br \/>\n<strong>Kaffeesatzbeh\u00e4lter:<\/strong> (ungef\u00e4hre Portionen) 10<br \/>\n<strong>Kabell\u00e4nge:<\/strong> 1,1 m<br \/>\n<strong>Spannung \/ Leistung:<\/strong> 230 V ~\u2009\/\u20091450 W<br \/>\n<strong>Gewicht:<\/strong> 8,7 kg<br \/>\n<strong>Abmessungen (B \u00d7 H \u00d7 T):<\/strong> 27,1\u2009\u00d7\u200932,3\u2009\u00d7\u200944,5 cm<\/p>\n<p><strong>Spezifische Vorteile:<\/strong><\/p>\n<ul>\n<li><strong>Kaltextraktionsverfahren:<\/strong> F\u00fcr authentische Cold Brew Spezialit\u00e4ten Bei diesem Kaffeevollautomaten erfolgt die Extraktion f\u00fcr kalte Kaffeespezialit\u00e4ten mit kaltem Wasser.<\/li>\n<li><strong>Leichter Extraktionsprozess:<\/strong> Light Brew ist ein leichter Kaffee, der mit weniger Kaffeepulver zubereitet wird und dank der reduzierten Br\u00fchtemperatur sofort trinkfertig ist.<\/li>\n<li><strong>WLAN-Verbindung zum Heimnetzwerk:<\/strong> Der entsprechende Sender muss mitgeliefert oder separat bestellt werden.<\/li>\n<li>Sender im Lieferumfang enthalten<\/li>\n<\/ul>\n<p><strong>Anzahl der Spezialit\u00e4ten<\/strong>: 6<\/p>\n<ul>\n<li>Espresso<\/li>\n<li>Kalt gebr\u00fchter Espresso<\/li>\n<li>Espresso Light Brew<\/li>\n<li>Kaffee<\/li>\n<li>Kalt gebr\u00fchter Kaffee<\/li>\n<li>Leicht gebr\u00fchter Kaffee<\/li>\n<\/ul>\n<p>&nbsp;<\/p>\n","protected":false},"excerpt":{"rendered":"<p>Klassisch: Hei\u00dfes Gebr\u00e4u Intensiver Espresso und hei\u00dfer Kaffee: Mit der ENA 5 gelingen diese beiden Klassiker tadellos. Um das nuancenreiche<\/p>\n","protected":false},"featured_media":482329,"template":"","meta":{"_acf_changed":false,"inline_featured_image":false},"product_cat":[6733,6703,25361],"product_tag":[23569,23564,20766,13966],"acf":[],"yoast_head":"<!-- This site is optimized with the Yoast SEO Premium plugin v18.6 (Yoast SEO v19.13) - https:\/\/yoast.com\/wordpress\/plugins\/seo\/ -->\n<title>JURA Kaffeemaschine ENA 5 Night Inox - Erresse Shop<\/title>\n<meta name=\"description\" content=\"Klassisch: Hei\u00dfes Gebr\u00e4u Intensiver Espresso und hei\u00dfer Kaffee: Mit der ENA 5 gelingen diese beiden Klassiker tadellos. Um das nuancenreiche Profil des\" \/>\n<meta name=\"robots\" content=\"index, follow, max-snippet:-1, max-image-preview:large, max-video-preview:-1\" \/>\n<link rel=\"canonical\" href=\"https:\/\/www.erresse-shop.it\/de\/shop\/kleine-elektrogeraete\/kaffeemaschinen-espresso\/automatisch\/jura-kaffeemaschine-ena-5-night-inox\/\" \/>\n<meta property=\"og:locale\" content=\"de_DE\" \/>\n<meta property=\"og:type\" content=\"article\" \/>\n<meta property=\"og:title\" content=\"JURA Kaffeemaschine ENA 5 Night Inox\" \/>\n<meta property=\"og:description\" content=\"Klassisch: Hei\u00dfes Gebr\u00e4u Intensiver Espresso und hei\u00dfer Kaffee: Mit der ENA 5 gelingen diese beiden Klassiker tadellos. Um das nuancenreiche Profil des\" \/>\n<meta property=\"og:url\" content=\"https:\/\/www.erresse-shop.it\/de\/shop\/kleine-elektrogeraete\/kaffeemaschinen-espresso\/automatisch\/jura-kaffeemaschine-ena-5-night-inox\/\" \/>\n<meta property=\"og:site_name\" content=\"Erresse Shop\" \/>\n<meta property=\"article:modified_time\" content=\"2026-02-17T10:00:57+00:00\" \/>\n<meta property=\"og:image\" content=\"https:\/\/www.erresse-shop.it\/wp-content\/uploads\/2025\/03\/JURA-Macchina-Da-Caffe-ENA-5-Night-Inox.jpg\" \/>\n\t<meta property=\"og:image:width\" content=\"1200\" \/>\n\t<meta property=\"og:image:height\" content=\"1200\" \/>\n\t<meta property=\"og:image:type\" content=\"image\/jpeg\" \/>\n<meta name=\"twitter:card\" content=\"summary_large_image\" \/>\n<script type=\"application\/ld+json\" class=\"yoast-schema-graph\">{\"@context\":\"https:\/\/schema.org\",\"@graph\":[{\"@type\":\"WebPage\",\"@id\":\"https:\/\/www.erresse-shop.it\/de\/shop\/kleine-elektrogeraete\/kaffeemaschinen-espresso\/automatisch\/jura-kaffeemaschine-ena-5-night-inox\/\",\"url\":\"https:\/\/www.erresse-shop.it\/de\/shop\/kleine-elektrogeraete\/kaffeemaschinen-espresso\/automatisch\/jura-kaffeemaschine-ena-5-night-inox\/\",\"name\":\"JURA Kaffeemaschine ENA 5 Night Inox - Erresse Shop\",\"isPartOf\":{\"@id\":\"https:\/\/www.erresse-shop.it\/de\/#website\"},\"datePublished\":\"2025-03-21T06:52:26+00:00\",\"dateModified\":\"2026-02-17T10:00:57+00:00\",\"description\":\"Klassisch: Hei\u00dfes Gebr\u00e4u Intensiver Espresso und hei\u00dfer Kaffee: Mit der ENA 5 gelingen diese beiden Klassiker tadellos. Um das nuancenreiche Profil des\",\"breadcrumb\":{\"@id\":\"https:\/\/www.erresse-shop.it\/de\/shop\/kleine-elektrogeraete\/kaffeemaschinen-espresso\/automatisch\/jura-kaffeemaschine-ena-5-night-inox\/#breadcrumb\"},\"inLanguage\":\"de-DE\",\"potentialAction\":[{\"@type\":\"ReadAction\",\"target\":[\"https:\/\/www.erresse-shop.it\/de\/shop\/kleine-elektrogeraete\/kaffeemaschinen-espresso\/automatisch\/jura-kaffeemaschine-ena-5-night-inox\/\"]}]},{\"@type\":\"BreadcrumbList\",\"@id\":\"https:\/\/www.erresse-shop.it\/de\/shop\/kleine-elektrogeraete\/kaffeemaschinen-espresso\/automatisch\/jura-kaffeemaschine-ena-5-night-inox\/#breadcrumb\",\"itemListElement\":[{\"@type\":\"ListItem\",\"position\":1,\"name\":\"Home\",\"item\":\"https:\/\/www.erresse-shop.it\/de\/\"},{\"@type\":\"ListItem\",\"position\":2,\"name\":\"Shop\",\"item\":\"https:\/\/www.erresse-shop.it\/de\/shop\/\"},{\"@type\":\"ListItem\",\"position\":3,\"name\":\"JURA Kaffeemaschine ENA 5 Night Inox\"}]},{\"@type\":\"WebSite\",\"@id\":\"https:\/\/www.erresse-shop.it\/de\/#website\",\"url\":\"https:\/\/www.erresse-shop.it\/de\/\",\"name\":\"Erresse Shop\",\"description\":\"Articoli di qualit\u00e0 per la casa\",\"potentialAction\":[{\"@type\":\"SearchAction\",\"target\":{\"@type\":\"EntryPoint\",\"urlTemplate\":\"https:\/\/www.erresse-shop.it\/de\/?s={search_term_string}\"},\"query-input\":\"required name=search_term_string\"}],\"inLanguage\":\"de-DE\"}]}<\/script>\n<!-- \/ Yoast SEO Premium plugin. -->","yoast_head_json":{"title":"JURA Kaffeemaschine ENA 5 Night Inox - Erresse Shop","description":"Klassisch: Hei\u00dfes Gebr\u00e4u Intensiver Espresso und hei\u00dfer Kaffee: Mit der ENA 5 gelingen diese beiden Klassiker tadellos. Um das nuancenreiche Profil des","robots":{"index":"index","follow":"follow","max-snippet":"max-snippet:-1","max-image-preview":"max-image-preview:large","max-video-preview":"max-video-preview:-1"},"canonical":"https:\/\/www.erresse-shop.it\/de\/shop\/kleine-elektrogeraete\/kaffeemaschinen-espresso\/automatisch\/jura-kaffeemaschine-ena-5-night-inox\/","og_locale":"de_DE","og_type":"article","og_title":"JURA Kaffeemaschine ENA 5 Night Inox","og_description":"Klassisch: Hei\u00dfes Gebr\u00e4u Intensiver Espresso und hei\u00dfer Kaffee: Mit der ENA 5 gelingen diese beiden Klassiker tadellos. Um das nuancenreiche Profil des","og_url":"https:\/\/www.erresse-shop.it\/de\/shop\/kleine-elektrogeraete\/kaffeemaschinen-espresso\/automatisch\/jura-kaffeemaschine-ena-5-night-inox\/","og_site_name":"Erresse Shop","article_modified_time":"2026-02-17T10:00:57+00:00","og_image":[{"width":1200,"height":1200,"url":"https:\/\/www.erresse-shop.it\/wp-content\/uploads\/2025\/03\/JURA-Macchina-Da-Caffe-ENA-5-Night-Inox.jpg","type":"image\/jpeg"}],"twitter_card":"summary_large_image","schema":{"@context":"https:\/\/schema.org","@graph":[{"@type":"WebPage","@id":"https:\/\/www.erresse-shop.it\/de\/shop\/kleine-elektrogeraete\/kaffeemaschinen-espresso\/automatisch\/jura-kaffeemaschine-ena-5-night-inox\/","url":"https:\/\/www.erresse-shop.it\/de\/shop\/kleine-elektrogeraete\/kaffeemaschinen-espresso\/automatisch\/jura-kaffeemaschine-ena-5-night-inox\/","name":"JURA Kaffeemaschine ENA 5 Night Inox - Erresse Shop","isPartOf":{"@id":"https:\/\/www.erresse-shop.it\/de\/#website"},"datePublished":"2025-03-21T06:52:26+00:00","dateModified":"2026-02-17T10:00:57+00:00","description":"Klassisch: Hei\u00dfes Gebr\u00e4u Intensiver Espresso und hei\u00dfer Kaffee: Mit der ENA 5 gelingen diese beiden Klassiker tadellos. Um das nuancenreiche Profil des","breadcrumb":{"@id":"https:\/\/www.erresse-shop.it\/de\/shop\/kleine-elektrogeraete\/kaffeemaschinen-espresso\/automatisch\/jura-kaffeemaschine-ena-5-night-inox\/#breadcrumb"},"inLanguage":"de-DE","potentialAction":[{"@type":"ReadAction","target":["https:\/\/www.erresse-shop.it\/de\/shop\/kleine-elektrogeraete\/kaffeemaschinen-espresso\/automatisch\/jura-kaffeemaschine-ena-5-night-inox\/"]}]},{"@type":"BreadcrumbList","@id":"https:\/\/www.erresse-shop.it\/de\/shop\/kleine-elektrogeraete\/kaffeemaschinen-espresso\/automatisch\/jura-kaffeemaschine-ena-5-night-inox\/#breadcrumb","itemListElement":[{"@type":"ListItem","position":1,"name":"Home","item":"https:\/\/www.erresse-shop.it\/de\/"},{"@type":"ListItem","position":2,"name":"Shop","item":"https:\/\/www.erresse-shop.it\/de\/shop\/"},{"@type":"ListItem","position":3,"name":"JURA Kaffeemaschine ENA 5 Night Inox"}]},{"@type":"WebSite","@id":"https:\/\/www.erresse-shop.it\/de\/#website","url":"https:\/\/www.erresse-shop.it\/de\/","name":"Erresse Shop","description":"Articoli di qualit\u00e0 per la casa","potentialAction":[{"@type":"SearchAction","target":{"@type":"EntryPoint","urlTemplate":"https:\/\/www.erresse-shop.it\/de\/?s={search_term_string}"},"query-input":"required name=search_term_string"}],"inLanguage":"de-DE"}]}},"df_price":929.95,"df_sale_price":929.95,"df_regular_price":1199,"df_image_link":"https:\/\/www.erresse-shop.it\/wp-content\/uploads\/2025\/03\/JURA-Macchina-Da-Caffe-ENA-5-Night-Inox-300x300.jpg","_links":{"self":[{"href":"https:\/\/www.erresse-shop.it\/de\/wp-json\/wp\/v2\/product\/482302"}],"collection":[{"href":"https:\/\/www.erresse-shop.it\/de\/wp-json\/wp\/v2\/product"}],"about":[{"href":"https:\/\/www.erresse-shop.it\/de\/wp-json\/wp\/v2\/types\/product"}],"wp:featuredmedia":[{"embeddable":true,"href":"https:\/\/www.erresse-shop.it\/de\/wp-json\/wp\/v2\/media\/482329"}],"wp:attachment":[{"href":"https:\/\/www.erresse-shop.it\/de\/wp-json\/wp\/v2\/media?parent=482302"}],"wp:term":[{"taxonomy":"product_cat","embeddable":true,"href":"https:\/\/www.erresse-shop.it\/de\/wp-json\/wp\/v2\/product_cat?post=482302"},{"taxonomy":"product_tag","embeddable":true,"href":"https:\/\/www.erresse-shop.it\/de\/wp-json\/wp\/v2\/product_tag?post=482302"}],"curies":[{"name":"wp","href":"https:\/\/api.w.org\/{rel}","templated":true}]}}