{"id":482206,"date":"2025-03-20T14:32:51","date_gmt":"2025-03-20T14:32:52","guid":{"rendered":"https:\/\/www.erresse-shop.it\/?post_type=product&#038;p=482206"},"modified":"2026-02-17T10:09:56","modified_gmt":"2026-02-17T10:09:56","slug":"zwilling-fresh-save-kunststoff-zubehoerset-5-stueck-grau","status":"publish","type":"product","link":"https:\/\/www.erresse-shop.it\/de\/shop\/kuche\/vakuum\/zwilling-fresh-save-kunststoff-zubehoerset-5-stueck-grau\/","title":{"rendered":"ZWILLING Fresh &#038; Save Kunststoff-Zubeh\u00f6rset 5 St\u00fcck Grau"},"content":{"rendered":"<p>ZWILLING FRESH &amp; SCH\u00dcSSEL SPAREN: Das revolution\u00e4re Vakuumsystem sorgt nicht nur f\u00fcr mehr Frische. Dar\u00fcber hinaus vereinfacht es Ihren K\u00fcchenalltag dank zahlreicher L\u00f6sungen, die Unordnung bei der Essenszubereitung vermeiden.<\/p>\n<p>Unser praktisches Zubeh\u00f6rset enth\u00e4lt: Einen adaptiven Spritzschutz, passend f\u00fcr die 18 und 24 cm gro\u00dfen BOWLS und STAUB CERAMIQUE Schalen (ohne Griffe). Mit diesem Zubeh\u00f6r k\u00f6nnen Sie Zutaten kleckerfrei vermischen und vermengen und es dient gleichzeitig als St\u00fctze f\u00fcr die Verwendung von Zubeh\u00f6rteilen mit gro\u00dfen Sch\u00fcsseln.<\/p>\n<p>Drei austauschbare Aufs\u00e4tze: perfekt zum Reiben, Schneiden, Zesten, Sch\u00e4len und Hacken. Sie passen in alle 12-cm-Sch\u00fcsseln und k\u00f6nnen f\u00fcr die Verwendung mit gr\u00f6\u00dferen Sch\u00fcsseln in den Spritzschutz eingesetzt werden. So k\u00f6nnen Sie direkt in die Sch\u00fcsseln reiben.<\/p>\n<p>Eine rutschfeste Silikon-Backmatte f\u00fcr stabilen Halt beim Mixen und Reiben, als nachhaltiger Backpapier-Ersatz und praktische Knethilfe. Einfach in der Sp\u00fclmaschine zu reinigen.<\/p>\n<ul>\n<li>Zubeh\u00f6rset f\u00fcr ZWILLING FRESH &amp; SAVE BOWLS mit Spritzschutz, 3 Reibeaufs\u00e4tzen und rutschfester Silikonmatte, ofenfest<\/li>\n<li>Spritzschutz passend f\u00fcr BOWLS und STAUB CERAMIQUE Sch\u00fcsseln (ohne Griffe) 18 und 24 cm<\/li>\n<li>3 Aufs\u00e4tze f\u00fcr grobes, feines und geschnittenes Reiben<\/li>\n<li>Reibe mit ZWILLING Z-Cut-Design und bidirektionaler Schneidtechnologie<\/li>\n<li>Die Reiben k\u00f6nnen in den Spritzschutz eingesetzt werden und sind auch f\u00fcr 18 und 24 cm Sch\u00fcsseln verwendbar<\/li>\n<li>Rutschfeste Silikonmatte f\u00fcr stabilen Halt beim Mixen und Reiben<\/li>\n<li>Vielseitige Silikonmatte: Erm\u00f6glicht das Ausrollen und Schneiden und ersetzt Backpapier (backofenfest bis 240\u00b0C)<\/li>\n<\/ul>\n<p><strong>Produktdetails:<\/strong><\/p>\n<ul>\n<li class=\"attribute\"><span class=\"label\">Hitzebest\u00e4ndigkeit:<\/span><span class=\"value\">240 \u00baC<\/span><\/li>\n<li class=\"attribute\"><span class=\"label\">K\u00e4ltebest\u00e4ndigkeit:<\/span><span class=\"value\">0 \u00baC<\/span><\/li>\n<li class=\"attribute\"><span class=\"label\">Material:<\/span><span class=\"value\">Kunststoff<\/span><\/li>\n<li class=\"attribute\"><span class=\"label\">Vorhandener Versicherungsschutz:<\/span><span class=\"value\">nein<\/span><\/li>\n<li class=\"attribute\"><span class=\"label\">Sp\u00fclmaschinenfest:<\/span><span class=\"value\">Ja<\/span><\/li>\n<li class=\"attribute\"><span class=\"label\">Anzahl der Teile:<\/span><span class=\"value\">5<\/span><\/li>\n<\/ul>\n<p>&nbsp;<\/p>\n","protected":false},"excerpt":{"rendered":"<p>ZWILLING FRESH &amp; SCH\u00dcSSEL SPAREN: Das revolution\u00e4re Vakuumsystem sorgt nicht nur f\u00fcr mehr Frische. Dar\u00fcber hinaus vereinfacht es Ihren K\u00fcchenalltag<\/p>\n","protected":false},"featured_media":482245,"template":"","meta":{"_acf_changed":false,"inline_featured_image":false},"product_cat":[6742,26043],"product_tag":[],"acf":[],"yoast_head":"<!-- This site is optimized with the Yoast SEO Premium plugin v18.6 (Yoast SEO v19.13) - https:\/\/yoast.com\/wordpress\/plugins\/seo\/ -->\n<title>ZWILLING Fresh &amp; Save Kunststoff-Zubeh\u00f6rset 5 St\u00fcck Grau - Erresse Shop<\/title>\n<meta name=\"description\" content=\"ZWILLING FRESH &amp; SCH\u00dcSSEL SPAREN: Das revolution\u00e4re Vakuumsystem sorgt nicht nur f\u00fcr mehr Frische. Dar\u00fcber hinaus vereinfacht es Ihren K\u00fcchenalltag\" \/>\n<meta name=\"robots\" content=\"index, follow, max-snippet:-1, max-image-preview:large, max-video-preview:-1\" \/>\n<link rel=\"canonical\" href=\"https:\/\/www.erresse-shop.it\/de\/shop\/kuche\/vakuum\/zwilling-fresh-save-kunststoff-zubehoerset-5-stueck-grau\/\" \/>\n<meta property=\"og:locale\" content=\"de_DE\" \/>\n<meta property=\"og:type\" content=\"article\" \/>\n<meta property=\"og:title\" content=\"ZWILLING Fresh &amp; Save Kunststoff-Zubeh\u00f6rset 5 St\u00fcck Grau\" \/>\n<meta property=\"og:description\" content=\"ZWILLING FRESH &amp; SCH\u00dcSSEL SPAREN: Das revolution\u00e4re Vakuumsystem sorgt nicht nur f\u00fcr mehr Frische. Dar\u00fcber hinaus vereinfacht es Ihren K\u00fcchenalltag\" \/>\n<meta property=\"og:url\" content=\"https:\/\/www.erresse-shop.it\/de\/shop\/kuche\/vakuum\/zwilling-fresh-save-kunststoff-zubehoerset-5-stueck-grau\/\" \/>\n<meta property=\"og:site_name\" content=\"Erresse Shop\" \/>\n<meta property=\"article:modified_time\" content=\"2026-02-17T10:09:56+00:00\" \/>\n<meta property=\"og:image\" content=\"https:\/\/www.erresse-shop.it\/wp-content\/uploads\/2025\/03\/ZWILLING-Set-Accessori-Fresh-Save-in-Plastica-5-Pezzi-Grigio.jpg\" \/>\n\t<meta property=\"og:image:width\" content=\"1200\" \/>\n\t<meta property=\"og:image:height\" content=\"1200\" \/>\n\t<meta property=\"og:image:type\" content=\"image\/jpeg\" \/>\n<meta name=\"twitter:card\" content=\"summary_large_image\" \/>\n<script type=\"application\/ld+json\" class=\"yoast-schema-graph\">{\"@context\":\"https:\/\/schema.org\",\"@graph\":[{\"@type\":\"WebPage\",\"@id\":\"https:\/\/www.erresse-shop.it\/de\/shop\/kuche\/vakuum\/zwilling-fresh-save-kunststoff-zubehoerset-5-stueck-grau\/\",\"url\":\"https:\/\/www.erresse-shop.it\/de\/shop\/kuche\/vakuum\/zwilling-fresh-save-kunststoff-zubehoerset-5-stueck-grau\/\",\"name\":\"ZWILLING Fresh & Save Kunststoff-Zubeh\u00f6rset 5 St\u00fcck Grau - Erresse Shop\",\"isPartOf\":{\"@id\":\"https:\/\/www.erresse-shop.it\/de\/#website\"},\"datePublished\":\"2025-03-20T14:32:52+00:00\",\"dateModified\":\"2026-02-17T10:09:56+00:00\",\"description\":\"ZWILLING FRESH &amp; SCH\u00dcSSEL SPAREN: Das revolution\u00e4re Vakuumsystem sorgt nicht nur f\u00fcr mehr Frische. Dar\u00fcber hinaus vereinfacht es Ihren K\u00fcchenalltag\",\"breadcrumb\":{\"@id\":\"https:\/\/www.erresse-shop.it\/de\/shop\/kuche\/vakuum\/zwilling-fresh-save-kunststoff-zubehoerset-5-stueck-grau\/#breadcrumb\"},\"inLanguage\":\"de-DE\",\"potentialAction\":[{\"@type\":\"ReadAction\",\"target\":[\"https:\/\/www.erresse-shop.it\/de\/shop\/kuche\/vakuum\/zwilling-fresh-save-kunststoff-zubehoerset-5-stueck-grau\/\"]}]},{\"@type\":\"BreadcrumbList\",\"@id\":\"https:\/\/www.erresse-shop.it\/de\/shop\/kuche\/vakuum\/zwilling-fresh-save-kunststoff-zubehoerset-5-stueck-grau\/#breadcrumb\",\"itemListElement\":[{\"@type\":\"ListItem\",\"position\":1,\"name\":\"Home\",\"item\":\"https:\/\/www.erresse-shop.it\/de\/\"},{\"@type\":\"ListItem\",\"position\":2,\"name\":\"Shop\",\"item\":\"https:\/\/www.erresse-shop.it\/de\/shop\/\"},{\"@type\":\"ListItem\",\"position\":3,\"name\":\"ZWILLING Fresh &#038; Save Kunststoff-Zubeh\u00f6rset 5 St\u00fcck Grau\"}]},{\"@type\":\"WebSite\",\"@id\":\"https:\/\/www.erresse-shop.it\/de\/#website\",\"url\":\"https:\/\/www.erresse-shop.it\/de\/\",\"name\":\"Erresse Shop\",\"description\":\"Articoli di qualit\u00e0 per la casa\",\"potentialAction\":[{\"@type\":\"SearchAction\",\"target\":{\"@type\":\"EntryPoint\",\"urlTemplate\":\"https:\/\/www.erresse-shop.it\/de\/?s={search_term_string}\"},\"query-input\":\"required name=search_term_string\"}],\"inLanguage\":\"de-DE\"}]}<\/script>\n<!-- \/ Yoast SEO Premium plugin. -->","yoast_head_json":{"title":"ZWILLING Fresh & Save Kunststoff-Zubeh\u00f6rset 5 St\u00fcck Grau - Erresse Shop","description":"ZWILLING FRESH &amp; SCH\u00dcSSEL SPAREN: Das revolution\u00e4re Vakuumsystem sorgt nicht nur f\u00fcr mehr Frische. Dar\u00fcber hinaus vereinfacht es Ihren K\u00fcchenalltag","robots":{"index":"index","follow":"follow","max-snippet":"max-snippet:-1","max-image-preview":"max-image-preview:large","max-video-preview":"max-video-preview:-1"},"canonical":"https:\/\/www.erresse-shop.it\/de\/shop\/kuche\/vakuum\/zwilling-fresh-save-kunststoff-zubehoerset-5-stueck-grau\/","og_locale":"de_DE","og_type":"article","og_title":"ZWILLING Fresh & Save Kunststoff-Zubeh\u00f6rset 5 St\u00fcck Grau","og_description":"ZWILLING FRESH &amp; SCH\u00dcSSEL SPAREN: Das revolution\u00e4re Vakuumsystem sorgt nicht nur f\u00fcr mehr Frische. Dar\u00fcber hinaus vereinfacht es Ihren K\u00fcchenalltag","og_url":"https:\/\/www.erresse-shop.it\/de\/shop\/kuche\/vakuum\/zwilling-fresh-save-kunststoff-zubehoerset-5-stueck-grau\/","og_site_name":"Erresse Shop","article_modified_time":"2026-02-17T10:09:56+00:00","og_image":[{"width":1200,"height":1200,"url":"https:\/\/www.erresse-shop.it\/wp-content\/uploads\/2025\/03\/ZWILLING-Set-Accessori-Fresh-Save-in-Plastica-5-Pezzi-Grigio.jpg","type":"image\/jpeg"}],"twitter_card":"summary_large_image","schema":{"@context":"https:\/\/schema.org","@graph":[{"@type":"WebPage","@id":"https:\/\/www.erresse-shop.it\/de\/shop\/kuche\/vakuum\/zwilling-fresh-save-kunststoff-zubehoerset-5-stueck-grau\/","url":"https:\/\/www.erresse-shop.it\/de\/shop\/kuche\/vakuum\/zwilling-fresh-save-kunststoff-zubehoerset-5-stueck-grau\/","name":"ZWILLING Fresh & Save Kunststoff-Zubeh\u00f6rset 5 St\u00fcck Grau - Erresse Shop","isPartOf":{"@id":"https:\/\/www.erresse-shop.it\/de\/#website"},"datePublished":"2025-03-20T14:32:52+00:00","dateModified":"2026-02-17T10:09:56+00:00","description":"ZWILLING FRESH &amp; SCH\u00dcSSEL SPAREN: Das revolution\u00e4re Vakuumsystem sorgt nicht nur f\u00fcr mehr Frische. Dar\u00fcber hinaus vereinfacht es Ihren K\u00fcchenalltag","breadcrumb":{"@id":"https:\/\/www.erresse-shop.it\/de\/shop\/kuche\/vakuum\/zwilling-fresh-save-kunststoff-zubehoerset-5-stueck-grau\/#breadcrumb"},"inLanguage":"de-DE","potentialAction":[{"@type":"ReadAction","target":["https:\/\/www.erresse-shop.it\/de\/shop\/kuche\/vakuum\/zwilling-fresh-save-kunststoff-zubehoerset-5-stueck-grau\/"]}]},{"@type":"BreadcrumbList","@id":"https:\/\/www.erresse-shop.it\/de\/shop\/kuche\/vakuum\/zwilling-fresh-save-kunststoff-zubehoerset-5-stueck-grau\/#breadcrumb","itemListElement":[{"@type":"ListItem","position":1,"name":"Home","item":"https:\/\/www.erresse-shop.it\/de\/"},{"@type":"ListItem","position":2,"name":"Shop","item":"https:\/\/www.erresse-shop.it\/de\/shop\/"},{"@type":"ListItem","position":3,"name":"ZWILLING Fresh &#038; Save Kunststoff-Zubeh\u00f6rset 5 St\u00fcck Grau"}]},{"@type":"WebSite","@id":"https:\/\/www.erresse-shop.it\/de\/#website","url":"https:\/\/www.erresse-shop.it\/de\/","name":"Erresse Shop","description":"Articoli di qualit\u00e0 per la casa","potentialAction":[{"@type":"SearchAction","target":{"@type":"EntryPoint","urlTemplate":"https:\/\/www.erresse-shop.it\/de\/?s={search_term_string}"},"query-input":"required name=search_term_string"}],"inLanguage":"de-DE"}]}},"df_price":28.95,"df_sale_price":28.95,"df_regular_price":39.95,"df_image_link":"https:\/\/www.erresse-shop.it\/wp-content\/uploads\/2025\/03\/ZWILLING-Set-Accessori-Fresh-Save-in-Plastica-5-Pezzi-Grigio-300x300.jpg","_links":{"self":[{"href":"https:\/\/www.erresse-shop.it\/de\/wp-json\/wp\/v2\/product\/482206"}],"collection":[{"href":"https:\/\/www.erresse-shop.it\/de\/wp-json\/wp\/v2\/product"}],"about":[{"href":"https:\/\/www.erresse-shop.it\/de\/wp-json\/wp\/v2\/types\/product"}],"wp:featuredmedia":[{"embeddable":true,"href":"https:\/\/www.erresse-shop.it\/de\/wp-json\/wp\/v2\/media\/482245"}],"wp:attachment":[{"href":"https:\/\/www.erresse-shop.it\/de\/wp-json\/wp\/v2\/media?parent=482206"}],"wp:term":[{"taxonomy":"product_cat","embeddable":true,"href":"https:\/\/www.erresse-shop.it\/de\/wp-json\/wp\/v2\/product_cat?post=482206"},{"taxonomy":"product_tag","embeddable":true,"href":"https:\/\/www.erresse-shop.it\/de\/wp-json\/wp\/v2\/product_tag?post=482206"}],"curies":[{"name":"wp","href":"https:\/\/api.w.org\/{rel}","templated":true}]}}