{"id":482090,"date":"2025-03-20T13:33:41","date_gmt":"2025-03-20T13:33:43","guid":{"rendered":"https:\/\/www.erresse-shop.it\/?post_type=product&#038;p=482090"},"modified":"2026-02-17T10:17:27","modified_gmt":"2026-02-17T10:17:27","slug":"zwilling-madura-plus-wok-mit-antihaft-keramikbeschichtung-30-cm-aluminium","status":"publish","type":"product","link":"https:\/\/www.erresse-shop.it\/de\/shop\/toepfe-pfannen\/wok-topf-pfanne\/zwilling-madura-plus-wok-mit-antihaft-keramikbeschichtung-30-cm-aluminium\/","title":{"rendered":"ZWILLING Madura Plus Wok mit Antihaft-Keramikbeschichtung 30 cm Aluminium"},"content":{"rendered":"<p>Entdecken Sie eine neue Art des Kochens mit dem 30 cm Madura Plus Wok von ZWILLING. Die neue Antihaftbeschichtung <strong>CERAFORCE TITANIUM<\/strong> der neuesten Generation, PFAS-frei hergestellt und mit einer extrem robusten Titanh\u00e4rtung versehen, bietet maximale Leistung. Und als Kr\u00f6nung sorgt der solide Aluminiumboden f\u00fcr eine schnelle W\u00e4rmeverteilung und garantiert so ein gleichm\u00e4\u00dfiges Garen der Speisen in der gesamten Pfanne. Der Edelstahlgriff mit Stay Cool-Technologie sorgt f\u00fcr eine verz\u00f6gerte \u00dcberhitzung und bietet Ihnen sicheren Halt. All das macht den Madura Plus Wok von ZWILLING zu einem wertvollen Begleiter bei kulinarischen Abenteuern.<\/p>\n<p>*bis zu 5-mal widerstandsf\u00e4higer als unsere bisherigen Keramikbeschichtungen (Gem\u00e4\u00df internem Antihaft-Testprotokoll Nr. 11\/2023 BALLARINI).<\/p>\n<ul>\n<li>Hochwertige Antihaftbeschichtung <strong>CERAFORCE TITANIUM<\/strong> der neuesten Generation<\/li>\n<li>Beschichtung ohne PFAS hergestellt<\/li>\n<li>Schnelle und gleichm\u00e4\u00dfige W\u00e4rmeverteilung<\/li>\n<li>Der ergonomische Stay-Cool-Griff ist f\u00fcr eine verz\u00f6gerte Erw\u00e4rmung konzipiert, um die Verwendung von Topflappen und \u00c4rmeln zu vermeiden und einen optimalen Halt zu gew\u00e4hrleisten.<\/li>\n<li>Besonders geeignet zum schonenden und fettarmen Garen von Fisch und Gem\u00fcse<\/li>\n<li>F\u00fcr alle Herdarten geeignet, auch Induktion, ofenfest bis 150 \u00b0C<\/li>\n<li>Hergestellt in Italien<\/li>\n<\/ul>\n<p><strong>Abmessungen:<\/strong><\/p>\n<ul>\n<li class=\"attribute\"><span class=\"label\">Produktl\u00e4nge:<\/span><span class=\"value\">51,20 cm<\/span><\/li>\n<li class=\"attribute\"><span class=\"label\">Produktbreite:<\/span><span class=\"value\">31,30 cm<\/span><\/li>\n<li class=\"attribute\"><span class=\"label\">Produkth\u00f6he:<\/span><span class=\"value\">11,20 cm<\/span><\/li>\n<li class=\"attribute\"><span class=\"label\">Oberer Durchmesser:<\/span><span class=\"value\">30,00 cm<\/span><\/li>\n<li class=\"attribute\"><span class=\"label\">Bodendurchmesser:<\/span><span class=\"value\">15,80 cm<\/span><\/li>\n<\/ul>\n<p><span class=\"label\">Nettogewicht: 1,47<\/span><span class=\"value\">\u00a0kg<\/span><\/p>\n","protected":false},"excerpt":{"rendered":"<p>Entdecken Sie eine neue Art des Kochens mit dem 30 cm Madura Plus Wok von ZWILLING. Die neue Antihaftbeschichtung CERAFORCE<\/p>\n","protected":false},"featured_media":482117,"template":"","meta":{"_acf_changed":false,"inline_featured_image":false},"product_cat":[6709,6781],"product_tag":[11593,11433,21533,11605,11690],"acf":[],"yoast_head":"<!-- This site is optimized with the Yoast SEO Premium plugin v18.6 (Yoast SEO v19.13) - https:\/\/yoast.com\/wordpress\/plugins\/seo\/ -->\n<title>ZWILLING Madura Plus Wok mit Antihaft-Keramikbeschichtung 30 cm Aluminium - Erresse Shop<\/title>\n<meta name=\"description\" content=\"Entdecken Sie eine neue Art des Kochens mit dem 30 cm Madura Plus Wok von ZWILLING. Die neue Antihaftbeschichtung CERAFORCE TITANIUM der neuesten\" \/>\n<meta name=\"robots\" content=\"index, follow, max-snippet:-1, max-image-preview:large, max-video-preview:-1\" \/>\n<link rel=\"canonical\" href=\"https:\/\/www.erresse-shop.it\/de\/shop\/toepfe-pfannen\/wok-topf-pfanne\/zwilling-madura-plus-wok-mit-antihaft-keramikbeschichtung-30-cm-aluminium\/\" \/>\n<meta property=\"og:locale\" content=\"de_DE\" \/>\n<meta property=\"og:type\" content=\"article\" \/>\n<meta property=\"og:title\" content=\"ZWILLING Madura Plus Wok mit Antihaft-Keramikbeschichtung 30 cm Aluminium\" \/>\n<meta property=\"og:description\" content=\"Entdecken Sie eine neue Art des Kochens mit dem 30 cm Madura Plus Wok von ZWILLING. Die neue Antihaftbeschichtung CERAFORCE TITANIUM der neuesten\" \/>\n<meta property=\"og:url\" content=\"https:\/\/www.erresse-shop.it\/de\/shop\/toepfe-pfannen\/wok-topf-pfanne\/zwilling-madura-plus-wok-mit-antihaft-keramikbeschichtung-30-cm-aluminium\/\" \/>\n<meta property=\"og:site_name\" content=\"Erresse Shop\" \/>\n<meta property=\"article:modified_time\" content=\"2026-02-17T10:17:27+00:00\" \/>\n<meta property=\"og:image\" content=\"https:\/\/www.erresse-shop.it\/wp-content\/uploads\/2025\/03\/ZWILLING-Madura-Plus-Wok-Antiaderente-28-cm-Alluminio.jpg\" \/>\n\t<meta property=\"og:image:width\" content=\"1200\" \/>\n\t<meta property=\"og:image:height\" content=\"1200\" \/>\n\t<meta property=\"og:image:type\" content=\"image\/jpeg\" \/>\n<meta name=\"twitter:card\" content=\"summary_large_image\" \/>\n<script type=\"application\/ld+json\" class=\"yoast-schema-graph\">{\"@context\":\"https:\/\/schema.org\",\"@graph\":[{\"@type\":\"WebPage\",\"@id\":\"https:\/\/www.erresse-shop.it\/de\/shop\/toepfe-pfannen\/wok-topf-pfanne\/zwilling-madura-plus-wok-mit-antihaft-keramikbeschichtung-30-cm-aluminium\/\",\"url\":\"https:\/\/www.erresse-shop.it\/de\/shop\/toepfe-pfannen\/wok-topf-pfanne\/zwilling-madura-plus-wok-mit-antihaft-keramikbeschichtung-30-cm-aluminium\/\",\"name\":\"ZWILLING Madura Plus Wok mit Antihaft-Keramikbeschichtung 30 cm Aluminium - Erresse Shop\",\"isPartOf\":{\"@id\":\"https:\/\/www.erresse-shop.it\/de\/#website\"},\"datePublished\":\"2025-03-20T13:33:43+00:00\",\"dateModified\":\"2026-02-17T10:17:27+00:00\",\"description\":\"Entdecken Sie eine neue Art des Kochens mit dem 30 cm Madura Plus Wok von ZWILLING. Die neue Antihaftbeschichtung CERAFORCE TITANIUM der neuesten\",\"breadcrumb\":{\"@id\":\"https:\/\/www.erresse-shop.it\/de\/shop\/toepfe-pfannen\/wok-topf-pfanne\/zwilling-madura-plus-wok-mit-antihaft-keramikbeschichtung-30-cm-aluminium\/#breadcrumb\"},\"inLanguage\":\"de-DE\",\"potentialAction\":[{\"@type\":\"ReadAction\",\"target\":[\"https:\/\/www.erresse-shop.it\/de\/shop\/toepfe-pfannen\/wok-topf-pfanne\/zwilling-madura-plus-wok-mit-antihaft-keramikbeschichtung-30-cm-aluminium\/\"]}]},{\"@type\":\"BreadcrumbList\",\"@id\":\"https:\/\/www.erresse-shop.it\/de\/shop\/toepfe-pfannen\/wok-topf-pfanne\/zwilling-madura-plus-wok-mit-antihaft-keramikbeschichtung-30-cm-aluminium\/#breadcrumb\",\"itemListElement\":[{\"@type\":\"ListItem\",\"position\":1,\"name\":\"Home\",\"item\":\"https:\/\/www.erresse-shop.it\/de\/\"},{\"@type\":\"ListItem\",\"position\":2,\"name\":\"Shop\",\"item\":\"https:\/\/www.erresse-shop.it\/de\/shop\/\"},{\"@type\":\"ListItem\",\"position\":3,\"name\":\"ZWILLING Madura Plus Wok mit Antihaft-Keramikbeschichtung 30 cm Aluminium\"}]},{\"@type\":\"WebSite\",\"@id\":\"https:\/\/www.erresse-shop.it\/de\/#website\",\"url\":\"https:\/\/www.erresse-shop.it\/de\/\",\"name\":\"Erresse Shop\",\"description\":\"Articoli di qualit\u00e0 per la casa\",\"potentialAction\":[{\"@type\":\"SearchAction\",\"target\":{\"@type\":\"EntryPoint\",\"urlTemplate\":\"https:\/\/www.erresse-shop.it\/de\/?s={search_term_string}\"},\"query-input\":\"required name=search_term_string\"}],\"inLanguage\":\"de-DE\"}]}<\/script>\n<!-- \/ Yoast SEO Premium plugin. -->","yoast_head_json":{"title":"ZWILLING Madura Plus Wok mit Antihaft-Keramikbeschichtung 30 cm Aluminium - Erresse Shop","description":"Entdecken Sie eine neue Art des Kochens mit dem 30 cm Madura Plus Wok von ZWILLING. Die neue Antihaftbeschichtung CERAFORCE TITANIUM der neuesten","robots":{"index":"index","follow":"follow","max-snippet":"max-snippet:-1","max-image-preview":"max-image-preview:large","max-video-preview":"max-video-preview:-1"},"canonical":"https:\/\/www.erresse-shop.it\/de\/shop\/toepfe-pfannen\/wok-topf-pfanne\/zwilling-madura-plus-wok-mit-antihaft-keramikbeschichtung-30-cm-aluminium\/","og_locale":"de_DE","og_type":"article","og_title":"ZWILLING Madura Plus Wok mit Antihaft-Keramikbeschichtung 30 cm Aluminium","og_description":"Entdecken Sie eine neue Art des Kochens mit dem 30 cm Madura Plus Wok von ZWILLING. Die neue Antihaftbeschichtung CERAFORCE TITANIUM der neuesten","og_url":"https:\/\/www.erresse-shop.it\/de\/shop\/toepfe-pfannen\/wok-topf-pfanne\/zwilling-madura-plus-wok-mit-antihaft-keramikbeschichtung-30-cm-aluminium\/","og_site_name":"Erresse Shop","article_modified_time":"2026-02-17T10:17:27+00:00","og_image":[{"width":1200,"height":1200,"url":"https:\/\/www.erresse-shop.it\/wp-content\/uploads\/2025\/03\/ZWILLING-Madura-Plus-Wok-Antiaderente-28-cm-Alluminio.jpg","type":"image\/jpeg"}],"twitter_card":"summary_large_image","schema":{"@context":"https:\/\/schema.org","@graph":[{"@type":"WebPage","@id":"https:\/\/www.erresse-shop.it\/de\/shop\/toepfe-pfannen\/wok-topf-pfanne\/zwilling-madura-plus-wok-mit-antihaft-keramikbeschichtung-30-cm-aluminium\/","url":"https:\/\/www.erresse-shop.it\/de\/shop\/toepfe-pfannen\/wok-topf-pfanne\/zwilling-madura-plus-wok-mit-antihaft-keramikbeschichtung-30-cm-aluminium\/","name":"ZWILLING Madura Plus Wok mit Antihaft-Keramikbeschichtung 30 cm Aluminium - Erresse Shop","isPartOf":{"@id":"https:\/\/www.erresse-shop.it\/de\/#website"},"datePublished":"2025-03-20T13:33:43+00:00","dateModified":"2026-02-17T10:17:27+00:00","description":"Entdecken Sie eine neue Art des Kochens mit dem 30 cm Madura Plus Wok von ZWILLING. Die neue Antihaftbeschichtung CERAFORCE TITANIUM der neuesten","breadcrumb":{"@id":"https:\/\/www.erresse-shop.it\/de\/shop\/toepfe-pfannen\/wok-topf-pfanne\/zwilling-madura-plus-wok-mit-antihaft-keramikbeschichtung-30-cm-aluminium\/#breadcrumb"},"inLanguage":"de-DE","potentialAction":[{"@type":"ReadAction","target":["https:\/\/www.erresse-shop.it\/de\/shop\/toepfe-pfannen\/wok-topf-pfanne\/zwilling-madura-plus-wok-mit-antihaft-keramikbeschichtung-30-cm-aluminium\/"]}]},{"@type":"BreadcrumbList","@id":"https:\/\/www.erresse-shop.it\/de\/shop\/toepfe-pfannen\/wok-topf-pfanne\/zwilling-madura-plus-wok-mit-antihaft-keramikbeschichtung-30-cm-aluminium\/#breadcrumb","itemListElement":[{"@type":"ListItem","position":1,"name":"Home","item":"https:\/\/www.erresse-shop.it\/de\/"},{"@type":"ListItem","position":2,"name":"Shop","item":"https:\/\/www.erresse-shop.it\/de\/shop\/"},{"@type":"ListItem","position":3,"name":"ZWILLING Madura Plus Wok mit Antihaft-Keramikbeschichtung 30 cm Aluminium"}]},{"@type":"WebSite","@id":"https:\/\/www.erresse-shop.it\/de\/#website","url":"https:\/\/www.erresse-shop.it\/de\/","name":"Erresse Shop","description":"Articoli di qualit\u00e0 per la casa","potentialAction":[{"@type":"SearchAction","target":{"@type":"EntryPoint","urlTemplate":"https:\/\/www.erresse-shop.it\/de\/?s={search_term_string}"},"query-input":"required name=search_term_string"}],"inLanguage":"de-DE"}]}},"df_price":52.95,"df_sale_price":52.95,"df_regular_price":89.95,"df_image_link":"https:\/\/www.erresse-shop.it\/wp-content\/uploads\/2025\/03\/ZWILLING-Madura-Plus-Wok-Antiaderente-28-cm-Alluminio-300x300.jpg","_links":{"self":[{"href":"https:\/\/www.erresse-shop.it\/de\/wp-json\/wp\/v2\/product\/482090"}],"collection":[{"href":"https:\/\/www.erresse-shop.it\/de\/wp-json\/wp\/v2\/product"}],"about":[{"href":"https:\/\/www.erresse-shop.it\/de\/wp-json\/wp\/v2\/types\/product"}],"wp:featuredmedia":[{"embeddable":true,"href":"https:\/\/www.erresse-shop.it\/de\/wp-json\/wp\/v2\/media\/482117"}],"wp:attachment":[{"href":"https:\/\/www.erresse-shop.it\/de\/wp-json\/wp\/v2\/media?parent=482090"}],"wp:term":[{"taxonomy":"product_cat","embeddable":true,"href":"https:\/\/www.erresse-shop.it\/de\/wp-json\/wp\/v2\/product_cat?post=482090"},{"taxonomy":"product_tag","embeddable":true,"href":"https:\/\/www.erresse-shop.it\/de\/wp-json\/wp\/v2\/product_tag?post=482090"}],"curies":[{"name":"wp","href":"https:\/\/api.w.org\/{rel}","templated":true}]}}