{"id":482049,"date":"2025-03-20T13:18:57","date_gmt":"2025-03-20T13:18:58","guid":{"rendered":"https:\/\/www.erresse-shop.it\/?post_type=product&#038;p=482049"},"modified":"2026-02-17T10:19:47","modified_gmt":"2026-02-17T10:19:47","slug":"zwilling-madura-plus-pfanne-mit-antihaftbeschichteter-keramikbeschichtung-28-cm-aluminium","status":"publish","type":"product","link":"https:\/\/www.erresse-shop.it\/de\/shop\/toepfe-pfannen\/schmorpfannen\/zwilling-madura-plus-pfanne-mit-antihaftbeschichteter-keramikbeschichtung-28-cm-aluminium\/","title":{"rendered":"ZWILLING Madura Plus Pfanne mit antihaftbeschichteter Keramikbeschichtung 28 cm Aluminium"},"content":{"rendered":"<p>Entdecken Sie eine neue Art des Kochens mit der 28 cm gro\u00dfen Bratpfanne Madura Plus von ZWILLING. Die neue Antihaftbeschichtung <strong>CERAFORCE TITANIUM<\/strong> der neuesten Generation, PFAS-frei hergestellt und mit einer extrem robusten Titanh\u00e4rtung versehen, bietet maximale Leistung. Und als Kr\u00f6nung sorgt der solide Aluminiumboden f\u00fcr eine schnelle W\u00e4rmeverteilung und garantiert so ein gleichm\u00e4\u00dfiges Garen der Speisen in der gesamten Pfanne. Der Edelstahlgriff mit Stay Cool-Technologie sorgt f\u00fcr eine verz\u00f6gerte \u00dcberhitzung und bietet Ihnen sicheren Halt. All das macht die Madura Plus Pfanne von ZWILLING zu einem wertvollen Begleiter bei kulinarischen Abenteuern.<\/p>\n<p>*bis zu 5-mal widerstandsf\u00e4higer als unsere bisherigen Keramikbeschichtungen (Gem\u00e4\u00df internem Antihaft-Testprotokoll Nr. 11\/2023 BALLARINI).<\/p>\n<ul>\n<li>Hochwertige Antihaftbeschichtung<strong> CERAFORCE TITANIUM<\/strong> der neuesten Generation<\/li>\n<li>Beschichtung ohne PFAS hergestellt<\/li>\n<li>Schnelle und gleichm\u00e4\u00dfige W\u00e4rmeverteilung<\/li>\n<li>Der ergonomische Stay-Cool-Griff ist f\u00fcr eine verz\u00f6gerte Erw\u00e4rmung konzipiert, um die Verwendung von Topflappen und \u00c4rmeln zu vermeiden und einen optimalen Halt zu gew\u00e4hrleisten.<\/li>\n<li>Perfekt zum schonenden, fettarmen Garen von Fisch und Gem\u00fcse sowie zum Anbraten verschiedenster Speisen in der Pfanne.<\/li>\n<li>Mit Tropfschutzkante<\/li>\n<li>F\u00fcr alle Herdarten geeignet, auch Induktion, ofenfest bis 150 \u00b0C<\/li>\n<li>Hergestellt in Italien<\/li>\n<\/ul>\n<p><strong>Abmessungen:<\/strong><\/p>\n<ul>\n<li class=\"attribute\"><span class=\"label\">L\u00e4nge: <\/span><span class=\"value\">49,60 cm<\/span><\/li>\n<li class=\"attribute\"><span class=\"label\">Breite: <\/span><span class=\"value\">29,30 cm<\/span><\/li>\n<li class=\"attribute\"><span class=\"label\">H\u00f6he: <\/span><span class=\"value\">10,10 cm<\/span><\/li>\n<li class=\"attribute\"><span class=\"label\">Oberer Durchmesser: <\/span><span class=\"value\">28,00 cm<\/span><\/li>\n<li class=\"attribute\"><span class=\"label\">Bodendurchmesser: <\/span><span class=\"value\">22,50 cm<\/span><\/li>\n<\/ul>\n<p><span class=\"label\">Nettogewicht: 1,53<\/span><span class=\"value\">\u00a0kg<\/span><\/p>\n","protected":false},"excerpt":{"rendered":"<p>Entdecken Sie eine neue Art des Kochens mit der 28 cm gro\u00dfen Bratpfanne Madura Plus von ZWILLING. Die neue Antihaftbeschichtung<\/p>\n","protected":false},"featured_media":482082,"template":"","meta":{"_acf_changed":false,"inline_featured_image":false},"product_cat":[6709,14798],"product_tag":[11593,11433,21533,11605,11607,12205],"acf":[],"yoast_head":"<!-- This site is optimized with the Yoast SEO Premium plugin v18.6 (Yoast SEO v19.13) - https:\/\/yoast.com\/wordpress\/plugins\/seo\/ -->\n<title>ZWILLING Madura Plus Pfanne mit antihaftbeschichteter Keramikbeschichtung 28 cm Aluminium - Erresse Shop<\/title>\n<meta name=\"description\" content=\"Entdecken Sie eine neue Art des Kochens mit der 28 cm gro\u00dfen Bratpfanne Madura Plus von ZWILLING. Die neue Antihaftbeschichtung CERAFORCE TITANIUM der\" \/>\n<meta name=\"robots\" content=\"index, follow, max-snippet:-1, max-image-preview:large, max-video-preview:-1\" \/>\n<link rel=\"canonical\" href=\"https:\/\/www.erresse-shop.it\/de\/shop\/toepfe-pfannen\/schmorpfannen\/zwilling-madura-plus-pfanne-mit-antihaftbeschichteter-keramikbeschichtung-28-cm-aluminium\/\" \/>\n<meta property=\"og:locale\" content=\"de_DE\" \/>\n<meta property=\"og:type\" content=\"article\" \/>\n<meta property=\"og:title\" content=\"ZWILLING Madura Plus Pfanne mit antihaftbeschichteter Keramikbeschichtung 28 cm Aluminium\" \/>\n<meta property=\"og:description\" content=\"Entdecken Sie eine neue Art des Kochens mit der 28 cm gro\u00dfen Bratpfanne Madura Plus von ZWILLING. Die neue Antihaftbeschichtung CERAFORCE TITANIUM der\" \/>\n<meta property=\"og:url\" content=\"https:\/\/www.erresse-shop.it\/de\/shop\/toepfe-pfannen\/schmorpfannen\/zwilling-madura-plus-pfanne-mit-antihaftbeschichteter-keramikbeschichtung-28-cm-aluminium\/\" \/>\n<meta property=\"og:site_name\" content=\"Erresse Shop\" \/>\n<meta property=\"article:modified_time\" content=\"2026-02-17T10:19:47+00:00\" \/>\n<meta property=\"og:image\" content=\"https:\/\/www.erresse-shop.it\/wp-content\/uploads\/2025\/03\/ZWILLING-Madura-Plus-Tegame-Antiaderente-28-cm-Alluminio.jpg\" \/>\n\t<meta property=\"og:image:width\" content=\"1200\" \/>\n\t<meta property=\"og:image:height\" content=\"1200\" \/>\n\t<meta property=\"og:image:type\" content=\"image\/jpeg\" \/>\n<meta name=\"twitter:card\" content=\"summary_large_image\" \/>\n<script type=\"application\/ld+json\" class=\"yoast-schema-graph\">{\"@context\":\"https:\/\/schema.org\",\"@graph\":[{\"@type\":\"WebPage\",\"@id\":\"https:\/\/www.erresse-shop.it\/de\/shop\/toepfe-pfannen\/schmorpfannen\/zwilling-madura-plus-pfanne-mit-antihaftbeschichteter-keramikbeschichtung-28-cm-aluminium\/\",\"url\":\"https:\/\/www.erresse-shop.it\/de\/shop\/toepfe-pfannen\/schmorpfannen\/zwilling-madura-plus-pfanne-mit-antihaftbeschichteter-keramikbeschichtung-28-cm-aluminium\/\",\"name\":\"ZWILLING Madura Plus Pfanne mit antihaftbeschichteter Keramikbeschichtung 28 cm Aluminium - Erresse Shop\",\"isPartOf\":{\"@id\":\"https:\/\/www.erresse-shop.it\/de\/#website\"},\"datePublished\":\"2025-03-20T13:18:58+00:00\",\"dateModified\":\"2026-02-17T10:19:47+00:00\",\"description\":\"Entdecken Sie eine neue Art des Kochens mit der 28 cm gro\u00dfen Bratpfanne Madura Plus von ZWILLING. Die neue Antihaftbeschichtung CERAFORCE TITANIUM der\",\"breadcrumb\":{\"@id\":\"https:\/\/www.erresse-shop.it\/de\/shop\/toepfe-pfannen\/schmorpfannen\/zwilling-madura-plus-pfanne-mit-antihaftbeschichteter-keramikbeschichtung-28-cm-aluminium\/#breadcrumb\"},\"inLanguage\":\"de-DE\",\"potentialAction\":[{\"@type\":\"ReadAction\",\"target\":[\"https:\/\/www.erresse-shop.it\/de\/shop\/toepfe-pfannen\/schmorpfannen\/zwilling-madura-plus-pfanne-mit-antihaftbeschichteter-keramikbeschichtung-28-cm-aluminium\/\"]}]},{\"@type\":\"BreadcrumbList\",\"@id\":\"https:\/\/www.erresse-shop.it\/de\/shop\/toepfe-pfannen\/schmorpfannen\/zwilling-madura-plus-pfanne-mit-antihaftbeschichteter-keramikbeschichtung-28-cm-aluminium\/#breadcrumb\",\"itemListElement\":[{\"@type\":\"ListItem\",\"position\":1,\"name\":\"Home\",\"item\":\"https:\/\/www.erresse-shop.it\/de\/\"},{\"@type\":\"ListItem\",\"position\":2,\"name\":\"Shop\",\"item\":\"https:\/\/www.erresse-shop.it\/de\/shop\/\"},{\"@type\":\"ListItem\",\"position\":3,\"name\":\"ZWILLING Madura Plus Pfanne mit antihaftbeschichteter Keramikbeschichtung 28 cm Aluminium\"}]},{\"@type\":\"WebSite\",\"@id\":\"https:\/\/www.erresse-shop.it\/de\/#website\",\"url\":\"https:\/\/www.erresse-shop.it\/de\/\",\"name\":\"Erresse Shop\",\"description\":\"Articoli di qualit\u00e0 per la casa\",\"potentialAction\":[{\"@type\":\"SearchAction\",\"target\":{\"@type\":\"EntryPoint\",\"urlTemplate\":\"https:\/\/www.erresse-shop.it\/de\/?s={search_term_string}\"},\"query-input\":\"required name=search_term_string\"}],\"inLanguage\":\"de-DE\"}]}<\/script>\n<!-- \/ Yoast SEO Premium plugin. -->","yoast_head_json":{"title":"ZWILLING Madura Plus Pfanne mit antihaftbeschichteter Keramikbeschichtung 28 cm Aluminium - Erresse Shop","description":"Entdecken Sie eine neue Art des Kochens mit der 28 cm gro\u00dfen Bratpfanne Madura Plus von ZWILLING. Die neue Antihaftbeschichtung CERAFORCE TITANIUM der","robots":{"index":"index","follow":"follow","max-snippet":"max-snippet:-1","max-image-preview":"max-image-preview:large","max-video-preview":"max-video-preview:-1"},"canonical":"https:\/\/www.erresse-shop.it\/de\/shop\/toepfe-pfannen\/schmorpfannen\/zwilling-madura-plus-pfanne-mit-antihaftbeschichteter-keramikbeschichtung-28-cm-aluminium\/","og_locale":"de_DE","og_type":"article","og_title":"ZWILLING Madura Plus Pfanne mit antihaftbeschichteter Keramikbeschichtung 28 cm Aluminium","og_description":"Entdecken Sie eine neue Art des Kochens mit der 28 cm gro\u00dfen Bratpfanne Madura Plus von ZWILLING. Die neue Antihaftbeschichtung CERAFORCE TITANIUM der","og_url":"https:\/\/www.erresse-shop.it\/de\/shop\/toepfe-pfannen\/schmorpfannen\/zwilling-madura-plus-pfanne-mit-antihaftbeschichteter-keramikbeschichtung-28-cm-aluminium\/","og_site_name":"Erresse Shop","article_modified_time":"2026-02-17T10:19:47+00:00","og_image":[{"width":1200,"height":1200,"url":"https:\/\/www.erresse-shop.it\/wp-content\/uploads\/2025\/03\/ZWILLING-Madura-Plus-Tegame-Antiaderente-28-cm-Alluminio.jpg","type":"image\/jpeg"}],"twitter_card":"summary_large_image","schema":{"@context":"https:\/\/schema.org","@graph":[{"@type":"WebPage","@id":"https:\/\/www.erresse-shop.it\/de\/shop\/toepfe-pfannen\/schmorpfannen\/zwilling-madura-plus-pfanne-mit-antihaftbeschichteter-keramikbeschichtung-28-cm-aluminium\/","url":"https:\/\/www.erresse-shop.it\/de\/shop\/toepfe-pfannen\/schmorpfannen\/zwilling-madura-plus-pfanne-mit-antihaftbeschichteter-keramikbeschichtung-28-cm-aluminium\/","name":"ZWILLING Madura Plus Pfanne mit antihaftbeschichteter Keramikbeschichtung 28 cm Aluminium - Erresse Shop","isPartOf":{"@id":"https:\/\/www.erresse-shop.it\/de\/#website"},"datePublished":"2025-03-20T13:18:58+00:00","dateModified":"2026-02-17T10:19:47+00:00","description":"Entdecken Sie eine neue Art des Kochens mit der 28 cm gro\u00dfen Bratpfanne Madura Plus von ZWILLING. Die neue Antihaftbeschichtung CERAFORCE TITANIUM der","breadcrumb":{"@id":"https:\/\/www.erresse-shop.it\/de\/shop\/toepfe-pfannen\/schmorpfannen\/zwilling-madura-plus-pfanne-mit-antihaftbeschichteter-keramikbeschichtung-28-cm-aluminium\/#breadcrumb"},"inLanguage":"de-DE","potentialAction":[{"@type":"ReadAction","target":["https:\/\/www.erresse-shop.it\/de\/shop\/toepfe-pfannen\/schmorpfannen\/zwilling-madura-plus-pfanne-mit-antihaftbeschichteter-keramikbeschichtung-28-cm-aluminium\/"]}]},{"@type":"BreadcrumbList","@id":"https:\/\/www.erresse-shop.it\/de\/shop\/toepfe-pfannen\/schmorpfannen\/zwilling-madura-plus-pfanne-mit-antihaftbeschichteter-keramikbeschichtung-28-cm-aluminium\/#breadcrumb","itemListElement":[{"@type":"ListItem","position":1,"name":"Home","item":"https:\/\/www.erresse-shop.it\/de\/"},{"@type":"ListItem","position":2,"name":"Shop","item":"https:\/\/www.erresse-shop.it\/de\/shop\/"},{"@type":"ListItem","position":3,"name":"ZWILLING Madura Plus Pfanne mit antihaftbeschichteter Keramikbeschichtung 28 cm Aluminium"}]},{"@type":"WebSite","@id":"https:\/\/www.erresse-shop.it\/de\/#website","url":"https:\/\/www.erresse-shop.it\/de\/","name":"Erresse Shop","description":"Articoli di qualit\u00e0 per la casa","potentialAction":[{"@type":"SearchAction","target":{"@type":"EntryPoint","urlTemplate":"https:\/\/www.erresse-shop.it\/de\/?s={search_term_string}"},"query-input":"required name=search_term_string"}],"inLanguage":"de-DE"}]}},"df_price":69.95,"df_sale_price":69.95,"df_regular_price":89.95,"df_image_link":"https:\/\/www.erresse-shop.it\/wp-content\/uploads\/2025\/03\/ZWILLING-Madura-Plus-Tegame-Antiaderente-28-cm-Alluminio-300x300.jpg","_links":{"self":[{"href":"https:\/\/www.erresse-shop.it\/de\/wp-json\/wp\/v2\/product\/482049"}],"collection":[{"href":"https:\/\/www.erresse-shop.it\/de\/wp-json\/wp\/v2\/product"}],"about":[{"href":"https:\/\/www.erresse-shop.it\/de\/wp-json\/wp\/v2\/types\/product"}],"wp:featuredmedia":[{"embeddable":true,"href":"https:\/\/www.erresse-shop.it\/de\/wp-json\/wp\/v2\/media\/482082"}],"wp:attachment":[{"href":"https:\/\/www.erresse-shop.it\/de\/wp-json\/wp\/v2\/media?parent=482049"}],"wp:term":[{"taxonomy":"product_cat","embeddable":true,"href":"https:\/\/www.erresse-shop.it\/de\/wp-json\/wp\/v2\/product_cat?post=482049"},{"taxonomy":"product_tag","embeddable":true,"href":"https:\/\/www.erresse-shop.it\/de\/wp-json\/wp\/v2\/product_tag?post=482049"}],"curies":[{"name":"wp","href":"https:\/\/api.w.org\/{rel}","templated":true}]}}