{"id":481936,"date":"2025-03-20T11:35:28","date_gmt":"2025-03-20T11:35:36","guid":{"rendered":"https:\/\/www.erresse-shop.it\/?post_type=product&#038;p=481936"},"modified":"2025-03-25T09:03:40","modified_gmt":"2025-03-25T09:03:40","slug":"zwilling-madura-plus-antihaft-pfanne-20-cm-aluminium-copia","status":"publish","type":"product","link":"https:\/\/www.erresse-shop.it\/de\/shop\/toepfe-pfannen\/pfannen\/zwilling-madura-plus-antihaft-pfanne-20-cm-aluminium-copia\/","title":{"rendered":"ZWILLING Madura Plus Bratpfanne mit antihaftbeschichteter Keramikbeschichtung 24 cm Aluminium"},"content":{"rendered":"<p>Entdecken Sie eine neue Art des Kochens mit der ZWILLING Madura Plus 24 cm Bratpfanne. Die neue Antihaftbeschichtung <strong>CERAFORCE TITANIUM<\/strong> der n\u00e4chsten Generation, hergestellt ohne PFAS und mit einer extrem robusten Titanh\u00e4rtung, bietet maximale Leistung. Der massive Aluminiumboden sorgt zudem f\u00fcr eine schnelle W\u00e4rmeverteilung und gleichm\u00e4\u00dfiges Garen in der gesamten Pfanne. Der Edelstahlgriff mit Stay Cool-Technologie sorgt f\u00fcr verz\u00f6gertes \u00dcberhitzen und sicheren Halt. All das macht die ZWILLING Madura Plus Bratpfanne zu einem wertvollen Begleiter f\u00fcr kulinarische Abenteuer.<\/p>\n<p>*Bis zu 5-mal widerstandsf\u00e4higer als unsere bisherigen Keramikbeschichtungen (Gem\u00e4\u00df internem Antihaft-Testprotokoll Nr. 11\/2023 BALLARINI).<\/p>\n<ul>\n<li>Hochwertige Antihaftbeschichtung <strong>CERAFORCE TITANIUM<\/strong> der neuesten Generation<\/li>\n<li>PFAS-freie Beschichtung<\/li>\n<li>Schnelle und gleichm\u00e4\u00dfige W\u00e4rmeverteilung<\/li>\n<li>Der ergonomische Stay-Cool-Griff sorgt f\u00fcr verz\u00f6gertes Erhitzen, sodass Topflappen und -h\u00fclsen \u00fcberfl\u00fcssig werden und optimaler Halt gew\u00e4hrleistet ist.<\/li>\n<li>Besonders geeignet zum schonenden Garen von Fisch, Gem\u00fcse und Eierspeisen mit wenig Fett.<\/li>\n<li>Mit Tropfschutzrand<\/li>\n<li>F\u00fcr alle Herdarten geeignet, inklusive Induktion, backofengeeignet bis 150 \u00b0C.<\/li>\n<li>Hergestellt in Italien<\/li>\n<\/ul>\n<p><strong>Ma\u00dfe:<\/strong><\/p>\n<ul>\n<li class=\"attribute\"><span class=\"label\">L\u00e4nge:<\/span><span class=\"value\">45,40 cm<\/span><\/li>\n<li class=\"attribute\"><span class=\"label\">Breite: <\/span><span class=\"value\">25,40 cm<\/span><\/li>\n<li class=\"attribute\"><span class=\"label\">H\u00f6he: <\/span><span class=\"value\">7,70 cm<\/span><\/li>\n<li class=\"attribute\"><span class=\"label\">Durchmesser oben: <\/span><span class=\"value\">24,00 cm<\/span><\/li>\n<li class=\"attribute\"><span class=\"label\">Durchmesser unten: <\/span><span class=\"value\">16,80 cm<\/span><\/li>\n<\/ul>\n<p><span class=\"label\">Nettogewicht: 1<\/span><span class=\"value\">\u00a0kg<\/span><\/p>\n","protected":false},"excerpt":{"rendered":"<p>Entdecken Sie eine neue Art des Kochens mit der ZWILLING Madura Plus 24 cm Bratpfanne. Die neue Antihaftbeschichtung CERAFORCE TITANIUM<\/p>\n","protected":false},"featured_media":481963,"template":"","meta":{"_acf_changed":false,"inline_featured_image":false},"product_cat":[6709,14801],"product_tag":[11593,11433,21533,11605],"acf":[],"yoast_head":"<!-- This site is optimized with the Yoast SEO Premium plugin v18.6 (Yoast SEO v19.13) - https:\/\/yoast.com\/wordpress\/plugins\/seo\/ -->\n<title>ZWILLINGLa Mer Fresh&amp;Save Glas\/Kunststoff-Vakuum-Set 16 Teile<\/title>\n<meta name=\"description\" content=\"Entdecken Sie ZWILLINGLa Mer Fresh&amp;Save Glas\/Kunststoff-Vakuum-Set 16 Teile bei ErresseShop. Qualit\u00e4t, Stil und Funktionalit\u00e4t \u2013 jetzt online bestellen!\" \/>\n<meta name=\"robots\" content=\"index, follow, max-snippet:-1, max-image-preview:large, max-video-preview:-1\" \/>\n<link rel=\"canonical\" href=\"https:\/\/www.erresse-shop.it\/de\/shop\/toepfe-pfannen\/pfannen\/zwilling-madura-plus-antihaft-pfanne-20-cm-aluminium-copia\/\" \/>\n<meta property=\"og:locale\" content=\"de_DE\" \/>\n<meta property=\"og:type\" content=\"article\" \/>\n<meta property=\"og:title\" content=\"ZWILLING Madura Plus Bratpfanne mit antihaftbeschichteter Keramikbeschichtung 24 cm Aluminium\" \/>\n<meta property=\"og:description\" content=\"Entdecken Sie ZWILLINGLa Mer Fresh&amp;Save Glas\/Kunststoff-Vakuum-Set 16 Teile bei ErresseShop. Qualit\u00e4t, Stil und Funktionalit\u00e4t \u2013 jetzt online bestellen!\" \/>\n<meta property=\"og:url\" content=\"https:\/\/www.erresse-shop.it\/de\/shop\/toepfe-pfannen\/pfannen\/zwilling-madura-plus-antihaft-pfanne-20-cm-aluminium-copia\/\" \/>\n<meta property=\"og:site_name\" content=\"Erresse Shop\" \/>\n<meta property=\"article:modified_time\" content=\"2025-03-25T09:03:40+00:00\" \/>\n<meta property=\"og:image\" content=\"https:\/\/www.erresse-shop.it\/wp-content\/uploads\/2025\/03\/ZWILLING-Madura-Plus-Padella-Antiaderente-24-cm-Alluminio.jpg\" \/>\n\t<meta property=\"og:image:width\" content=\"1200\" \/>\n\t<meta property=\"og:image:height\" content=\"1200\" \/>\n\t<meta property=\"og:image:type\" content=\"image\/jpeg\" \/>\n<meta name=\"twitter:card\" content=\"summary_large_image\" \/>\n<script type=\"application\/ld+json\" class=\"yoast-schema-graph\">{\"@context\":\"https:\/\/schema.org\",\"@graph\":[{\"@type\":\"WebPage\",\"@id\":\"https:\/\/www.erresse-shop.it\/de\/shop\/toepfe-pfannen\/pfannen\/zwilling-madura-plus-antihaft-pfanne-20-cm-aluminium-copia\/\",\"url\":\"https:\/\/www.erresse-shop.it\/de\/shop\/toepfe-pfannen\/pfannen\/zwilling-madura-plus-antihaft-pfanne-20-cm-aluminium-copia\/\",\"name\":\"ZWILLINGLa Mer Fresh&Save Glas\/Kunststoff-Vakuum-Set 16 Teile\",\"isPartOf\":{\"@id\":\"https:\/\/www.erresse-shop.it\/de\/#website\"},\"datePublished\":\"2025-03-20T11:35:36+00:00\",\"dateModified\":\"2025-03-25T09:03:40+00:00\",\"description\":\"Entdecken Sie ZWILLINGLa Mer Fresh&Save Glas\/Kunststoff-Vakuum-Set 16 Teile bei ErresseShop. Qualit\u00e4t, Stil und Funktionalit\u00e4t \u2013 jetzt online bestellen!\",\"breadcrumb\":{\"@id\":\"https:\/\/www.erresse-shop.it\/de\/shop\/toepfe-pfannen\/pfannen\/zwilling-madura-plus-antihaft-pfanne-20-cm-aluminium-copia\/#breadcrumb\"},\"inLanguage\":\"de-DE\",\"potentialAction\":[{\"@type\":\"ReadAction\",\"target\":[\"https:\/\/www.erresse-shop.it\/de\/shop\/toepfe-pfannen\/pfannen\/zwilling-madura-plus-antihaft-pfanne-20-cm-aluminium-copia\/\"]}]},{\"@type\":\"BreadcrumbList\",\"@id\":\"https:\/\/www.erresse-shop.it\/de\/shop\/toepfe-pfannen\/pfannen\/zwilling-madura-plus-antihaft-pfanne-20-cm-aluminium-copia\/#breadcrumb\",\"itemListElement\":[{\"@type\":\"ListItem\",\"position\":1,\"name\":\"Home\",\"item\":\"https:\/\/www.erresse-shop.it\/de\/\"},{\"@type\":\"ListItem\",\"position\":2,\"name\":\"Shop\",\"item\":\"https:\/\/www.erresse-shop.it\/de\/shop\/\"},{\"@type\":\"ListItem\",\"position\":3,\"name\":\"ZWILLING Madura Plus Bratpfanne mit antihaftbeschichteter Keramikbeschichtung 24 cm Aluminium\"}]},{\"@type\":\"WebSite\",\"@id\":\"https:\/\/www.erresse-shop.it\/de\/#website\",\"url\":\"https:\/\/www.erresse-shop.it\/de\/\",\"name\":\"Erresse Shop\",\"description\":\"Articoli di qualit\u00e0 per la casa\",\"potentialAction\":[{\"@type\":\"SearchAction\",\"target\":{\"@type\":\"EntryPoint\",\"urlTemplate\":\"https:\/\/www.erresse-shop.it\/de\/?s={search_term_string}\"},\"query-input\":\"required name=search_term_string\"}],\"inLanguage\":\"de-DE\"}]}<\/script>\n<!-- \/ Yoast SEO Premium plugin. -->","yoast_head_json":{"title":"ZWILLINGLa Mer Fresh&Save Glas\/Kunststoff-Vakuum-Set 16 Teile","description":"Entdecken Sie ZWILLINGLa Mer Fresh&Save Glas\/Kunststoff-Vakuum-Set 16 Teile bei ErresseShop. Qualit\u00e4t, Stil und Funktionalit\u00e4t \u2013 jetzt online bestellen!","robots":{"index":"index","follow":"follow","max-snippet":"max-snippet:-1","max-image-preview":"max-image-preview:large","max-video-preview":"max-video-preview:-1"},"canonical":"https:\/\/www.erresse-shop.it\/de\/shop\/toepfe-pfannen\/pfannen\/zwilling-madura-plus-antihaft-pfanne-20-cm-aluminium-copia\/","og_locale":"de_DE","og_type":"article","og_title":"ZWILLING Madura Plus Bratpfanne mit antihaftbeschichteter Keramikbeschichtung 24 cm Aluminium","og_description":"Entdecken Sie ZWILLINGLa Mer Fresh&Save Glas\/Kunststoff-Vakuum-Set 16 Teile bei ErresseShop. Qualit\u00e4t, Stil und Funktionalit\u00e4t \u2013 jetzt online bestellen!","og_url":"https:\/\/www.erresse-shop.it\/de\/shop\/toepfe-pfannen\/pfannen\/zwilling-madura-plus-antihaft-pfanne-20-cm-aluminium-copia\/","og_site_name":"Erresse Shop","article_modified_time":"2025-03-25T09:03:40+00:00","og_image":[{"width":1200,"height":1200,"url":"https:\/\/www.erresse-shop.it\/wp-content\/uploads\/2025\/03\/ZWILLING-Madura-Plus-Padella-Antiaderente-24-cm-Alluminio.jpg","type":"image\/jpeg"}],"twitter_card":"summary_large_image","schema":{"@context":"https:\/\/schema.org","@graph":[{"@type":"WebPage","@id":"https:\/\/www.erresse-shop.it\/de\/shop\/toepfe-pfannen\/pfannen\/zwilling-madura-plus-antihaft-pfanne-20-cm-aluminium-copia\/","url":"https:\/\/www.erresse-shop.it\/de\/shop\/toepfe-pfannen\/pfannen\/zwilling-madura-plus-antihaft-pfanne-20-cm-aluminium-copia\/","name":"ZWILLINGLa Mer Fresh&Save Glas\/Kunststoff-Vakuum-Set 16 Teile","isPartOf":{"@id":"https:\/\/www.erresse-shop.it\/de\/#website"},"datePublished":"2025-03-20T11:35:36+00:00","dateModified":"2025-03-25T09:03:40+00:00","description":"Entdecken Sie ZWILLINGLa Mer Fresh&Save Glas\/Kunststoff-Vakuum-Set 16 Teile bei ErresseShop. Qualit\u00e4t, Stil und Funktionalit\u00e4t \u2013 jetzt online bestellen!","breadcrumb":{"@id":"https:\/\/www.erresse-shop.it\/de\/shop\/toepfe-pfannen\/pfannen\/zwilling-madura-plus-antihaft-pfanne-20-cm-aluminium-copia\/#breadcrumb"},"inLanguage":"de-DE","potentialAction":[{"@type":"ReadAction","target":["https:\/\/www.erresse-shop.it\/de\/shop\/toepfe-pfannen\/pfannen\/zwilling-madura-plus-antihaft-pfanne-20-cm-aluminium-copia\/"]}]},{"@type":"BreadcrumbList","@id":"https:\/\/www.erresse-shop.it\/de\/shop\/toepfe-pfannen\/pfannen\/zwilling-madura-plus-antihaft-pfanne-20-cm-aluminium-copia\/#breadcrumb","itemListElement":[{"@type":"ListItem","position":1,"name":"Home","item":"https:\/\/www.erresse-shop.it\/de\/"},{"@type":"ListItem","position":2,"name":"Shop","item":"https:\/\/www.erresse-shop.it\/de\/shop\/"},{"@type":"ListItem","position":3,"name":"ZWILLING Madura Plus Bratpfanne mit antihaftbeschichteter Keramikbeschichtung 24 cm Aluminium"}]},{"@type":"WebSite","@id":"https:\/\/www.erresse-shop.it\/de\/#website","url":"https:\/\/www.erresse-shop.it\/de\/","name":"Erresse Shop","description":"Articoli di qualit\u00e0 per la casa","potentialAction":[{"@type":"SearchAction","target":{"@type":"EntryPoint","urlTemplate":"https:\/\/www.erresse-shop.it\/de\/?s={search_term_string}"},"query-input":"required name=search_term_string"}],"inLanguage":"de-DE"}]}},"df_price":34.975,"df_sale_price":34.975,"df_regular_price":69.95,"df_image_link":"https:\/\/www.erresse-shop.it\/wp-content\/uploads\/2025\/03\/ZWILLING-Madura-Plus-Padella-Antiaderente-24-cm-Alluminio-300x300.jpg","_links":{"self":[{"href":"https:\/\/www.erresse-shop.it\/de\/wp-json\/wp\/v2\/product\/481936"}],"collection":[{"href":"https:\/\/www.erresse-shop.it\/de\/wp-json\/wp\/v2\/product"}],"about":[{"href":"https:\/\/www.erresse-shop.it\/de\/wp-json\/wp\/v2\/types\/product"}],"wp:featuredmedia":[{"embeddable":true,"href":"https:\/\/www.erresse-shop.it\/de\/wp-json\/wp\/v2\/media\/481963"}],"wp:attachment":[{"href":"https:\/\/www.erresse-shop.it\/de\/wp-json\/wp\/v2\/media?parent=481936"}],"wp:term":[{"taxonomy":"product_cat","embeddable":true,"href":"https:\/\/www.erresse-shop.it\/de\/wp-json\/wp\/v2\/product_cat?post=481936"},{"taxonomy":"product_tag","embeddable":true,"href":"https:\/\/www.erresse-shop.it\/de\/wp-json\/wp\/v2\/product_tag?post=481936"}],"curies":[{"name":"wp","href":"https:\/\/api.w.org\/{rel}","templated":true}]}}