{"id":481803,"date":"2025-03-20T10:31:24","date_gmt":"2025-03-20T10:31:25","guid":{"rendered":"https:\/\/www.erresse-shop.it\/?post_type=product&#038;p=481803"},"modified":"2026-02-17T10:27:31","modified_gmt":"2026-02-17T10:27:31","slug":"riedel-vinova-4er-set-rotweinglaeser","status":"publish","type":"product","link":"https:\/\/www.erresse-shop.it\/de\/shop\/tisch\/weinbar-korkenzieher-dekanter-eiskubel\/weinglaeser\/riedel-vinova-4er-set-rotweinglaeser\/","title":{"rendered":"RIEDEL ViNova 4er-Set Rotweingl\u00e4ser"},"content":{"rendered":"<div>\n<div>\n<div>\n<div class=\"mt-1.5 flex flex-col text-sm @thread-xl\/thread:pt-header-height md:pb-9\">\n<article class=\"group\/turn w-full text-token-text-primary focus-visible:outline-2 focus-visible:outline-offset-[-4px]\" dir=\"auto\" tabindex=\"-1\" data-testid=\"conversation-turn-28\" data-scroll-anchor=\"true\">\n<div class=\"text-base my-auto mx-auto py-[18px] px-6\">\n<div>\n<div>\n<div>\n<div>\n<div dir=\"auto\">\n<div>\n<div class=\"Markdown-Prosa mit vollst\u00e4ndigem Wortumbruch dunkel:Prosa-Invertierung dunkel\">\n<p data-start=\"0\" data-end=\"58\"><strong data-start=\"0\" data-end=\"58\">ViNOVA Rotweinglas-Set \u2013 4-teilig<\/strong><\/p>\n<p data-start=\"60\" data-end=\"495\">Entdecken Sie moderne Eleganz mit dem ViNOVA Rotweinglas-Set, ideal f\u00fcr eine Vielzahl von Rotweinen. Die Rautenform mit ihren extremen Winkeln ist f\u00fcr kr\u00e4ftige, kr\u00e4ftige Weine aus der Neuen Welt konzipiert und bietet reichlich Raum f\u00fcr die Entwicklung der Aromen und ein verbessertes Geschmackserlebnis. Diese Gl\u00e4ser eignen sich perfekt, um den fruchtigen Charakter hervorzuheben und die Tannine auszugleichen, was f\u00fcr eine harmonische Verkostung sorgt.<\/p>\n<p data-start=\"497\" data-end=\"528\"><strong data-start=\"497\" data-end=\"528\">Hauptfunktionen:<\/strong><\/p>\n<ul data-start=\"529\" data-end=\"984\">\n<li data-start=\"529\" data-end=\"597\"><strong data-start=\"531\" data-end=\"567\">4er-Set Rotweingl\u00e4ser<\/strong> f\u00fcr eine perfekte Verkostung<\/li>\n<li data-start=\"598\" data-end=\"677\"><strong data-start=\"600\" data-end=\"621\">Diamant-Design<\/strong>, das die Entwicklung von Aromen f\u00f6rdert und den Geschmack verst\u00e4rkt<\/li>\n<li data-start=\"678\" data-end=\"756\"><strong data-start=\"680\" data-end=\"707\">Hergestellt aus hochwertigem Kristall<\/strong> f\u00fcr au\u00dfergew\u00f6hnliche Brillanz<\/li>\n<li data-start=\"757\" data-end=\"834\"><strong data-start=\"759\" data-end=\"779\">Leicht zu reinigen<\/strong>: Sp\u00fclmaschinenfest f\u00fcr bequeme Pflege<\/li>\n<li data-start=\"835\" data-end=\"917\"><strong data-start=\"837\" data-end=\"862\">Pr\u00e4zisionsgefertigt<\/strong>, mit minimalen Ma\u00dftoleranzen<\/li>\n<li data-start=\"918\" data-end=\"984\"><strong data-start=\"920\" data-end=\"944\">Zeitlose Eleganz<\/strong>, die jeden Tisch und jeden Anlass bereichert<\/li>\n<\/ul>\n<p data-start=\"986\" data-end=\"1179\" data-is-last-node=\"\" data-is-only-node=\"\">ViNOVA vereint Funktionalit\u00e4t und modernes Design f\u00fcr perfekten Weingenuss. Eine gro\u00dfartige Wahl f\u00fcr Weinliebhaber und ein ideales Geschenk f\u00fcr alle, die die Kunst des Verkostens zu sch\u00e4tzen wissen.<\/p>\n<p data-start=\"823\" data-end=\"1042\" data-is-last-node=\"\" data-is-only-node=\"\">Kapazit\u00e4t: 550,0 ccm<br \/>\nH\u00f6he: 240,0 mm<\/p>\n<\/div>\n<\/div>\n<\/div>\n<\/div>\n<\/div>\n<\/div>\n<\/div>\n<\/div>\n<\/article>\n<\/div>\n<\/div>\n<\/div>\n<\/div>\n","protected":false},"excerpt":{"rendered":"<p>ViNOVA Rotweinglas-Set \u2013 4-teilig Entdecken Sie moderne Eleganz mit dem ViNOVA Rotweinglas-Set, ideal f\u00fcr eine Vielzahl von Rotweinen. Die Rautenform<\/p>\n","protected":false},"featured_media":481836,"template":"","meta":{"_acf_changed":false,"inline_featured_image":false},"product_cat":[6850,14459],"product_tag":[25088,23705,11479,23911,23661,24416,21986,25022,21822,23683],"acf":[],"yoast_head":"<!-- This site is optimized with the Yoast SEO Premium plugin v18.6 (Yoast SEO v19.13) - https:\/\/yoast.com\/wordpress\/plugins\/seo\/ -->\n<title>RIEDEL ViNova 4er-Set Rotweingl\u00e4ser - Erresse Shop<\/title>\n<meta name=\"description\" content=\"ViNOVA Rotweinglas-Set \u2013 4-teilig Entdecken Sie moderne Eleganz mit dem ViNOVA Rotweinglas-Set, ideal f\u00fcr eine Vielzahl von Rotweinen. Die Rautenform mit\" \/>\n<meta name=\"robots\" content=\"index, follow, max-snippet:-1, max-image-preview:large, max-video-preview:-1\" \/>\n<link rel=\"canonical\" href=\"https:\/\/www.erresse-shop.it\/de\/shop\/tisch\/weinbar-korkenzieher-dekanter-eiskubel\/weinglaeser\/riedel-vinova-4er-set-rotweinglaeser\/\" \/>\n<meta property=\"og:locale\" content=\"de_DE\" \/>\n<meta property=\"og:type\" content=\"article\" \/>\n<meta property=\"og:title\" content=\"RIEDEL ViNova 4er-Set Rotweingl\u00e4ser\" \/>\n<meta property=\"og:description\" content=\"ViNOVA Rotweinglas-Set \u2013 4-teilig Entdecken Sie moderne Eleganz mit dem ViNOVA Rotweinglas-Set, ideal f\u00fcr eine Vielzahl von Rotweinen. Die Rautenform mit\" \/>\n<meta property=\"og:url\" content=\"https:\/\/www.erresse-shop.it\/de\/shop\/tisch\/weinbar-korkenzieher-dekanter-eiskubel\/weinglaeser\/riedel-vinova-4er-set-rotweinglaeser\/\" \/>\n<meta property=\"og:site_name\" content=\"Erresse Shop\" \/>\n<meta property=\"article:modified_time\" content=\"2026-02-17T10:27:31+00:00\" \/>\n<meta property=\"og:image\" content=\"https:\/\/www.erresse-shop.it\/wp-content\/uploads\/2025\/03\/RIEDEL-Vinova-Set-4-Bicchieri-Vino-Rosso.jpg\" \/>\n\t<meta property=\"og:image:width\" content=\"1200\" \/>\n\t<meta property=\"og:image:height\" content=\"1200\" \/>\n\t<meta property=\"og:image:type\" content=\"image\/jpeg\" \/>\n<meta name=\"twitter:card\" content=\"summary_large_image\" \/>\n<script type=\"application\/ld+json\" class=\"yoast-schema-graph\">{\"@context\":\"https:\/\/schema.org\",\"@graph\":[{\"@type\":\"WebPage\",\"@id\":\"https:\/\/www.erresse-shop.it\/de\/shop\/tisch\/weinbar-korkenzieher-dekanter-eiskubel\/weinglaeser\/riedel-vinova-4er-set-rotweinglaeser\/\",\"url\":\"https:\/\/www.erresse-shop.it\/de\/shop\/tisch\/weinbar-korkenzieher-dekanter-eiskubel\/weinglaeser\/riedel-vinova-4er-set-rotweinglaeser\/\",\"name\":\"RIEDEL ViNova 4er-Set Rotweingl\u00e4ser - Erresse Shop\",\"isPartOf\":{\"@id\":\"https:\/\/www.erresse-shop.it\/de\/#website\"},\"datePublished\":\"2025-03-20T10:31:25+00:00\",\"dateModified\":\"2026-02-17T10:27:31+00:00\",\"description\":\"ViNOVA Rotweinglas-Set \u2013 4-teilig Entdecken Sie moderne Eleganz mit dem ViNOVA Rotweinglas-Set, ideal f\u00fcr eine Vielzahl von Rotweinen. Die Rautenform mit\",\"breadcrumb\":{\"@id\":\"https:\/\/www.erresse-shop.it\/de\/shop\/tisch\/weinbar-korkenzieher-dekanter-eiskubel\/weinglaeser\/riedel-vinova-4er-set-rotweinglaeser\/#breadcrumb\"},\"inLanguage\":\"de-DE\",\"potentialAction\":[{\"@type\":\"ReadAction\",\"target\":[\"https:\/\/www.erresse-shop.it\/de\/shop\/tisch\/weinbar-korkenzieher-dekanter-eiskubel\/weinglaeser\/riedel-vinova-4er-set-rotweinglaeser\/\"]}]},{\"@type\":\"BreadcrumbList\",\"@id\":\"https:\/\/www.erresse-shop.it\/de\/shop\/tisch\/weinbar-korkenzieher-dekanter-eiskubel\/weinglaeser\/riedel-vinova-4er-set-rotweinglaeser\/#breadcrumb\",\"itemListElement\":[{\"@type\":\"ListItem\",\"position\":1,\"name\":\"Home\",\"item\":\"https:\/\/www.erresse-shop.it\/de\/\"},{\"@type\":\"ListItem\",\"position\":2,\"name\":\"Shop\",\"item\":\"https:\/\/www.erresse-shop.it\/de\/shop\/\"},{\"@type\":\"ListItem\",\"position\":3,\"name\":\"RIEDEL ViNova 4er-Set Rotweingl\u00e4ser\"}]},{\"@type\":\"WebSite\",\"@id\":\"https:\/\/www.erresse-shop.it\/de\/#website\",\"url\":\"https:\/\/www.erresse-shop.it\/de\/\",\"name\":\"Erresse Shop\",\"description\":\"Articoli di qualit\u00e0 per la casa\",\"potentialAction\":[{\"@type\":\"SearchAction\",\"target\":{\"@type\":\"EntryPoint\",\"urlTemplate\":\"https:\/\/www.erresse-shop.it\/de\/?s={search_term_string}\"},\"query-input\":\"required name=search_term_string\"}],\"inLanguage\":\"de-DE\"}]}<\/script>\n<!-- \/ Yoast SEO Premium plugin. -->","yoast_head_json":{"title":"RIEDEL ViNova 4er-Set Rotweingl\u00e4ser - Erresse Shop","description":"ViNOVA Rotweinglas-Set \u2013 4-teilig Entdecken Sie moderne Eleganz mit dem ViNOVA Rotweinglas-Set, ideal f\u00fcr eine Vielzahl von Rotweinen. Die Rautenform mit","robots":{"index":"index","follow":"follow","max-snippet":"max-snippet:-1","max-image-preview":"max-image-preview:large","max-video-preview":"max-video-preview:-1"},"canonical":"https:\/\/www.erresse-shop.it\/de\/shop\/tisch\/weinbar-korkenzieher-dekanter-eiskubel\/weinglaeser\/riedel-vinova-4er-set-rotweinglaeser\/","og_locale":"de_DE","og_type":"article","og_title":"RIEDEL ViNova 4er-Set Rotweingl\u00e4ser","og_description":"ViNOVA Rotweinglas-Set \u2013 4-teilig Entdecken Sie moderne Eleganz mit dem ViNOVA Rotweinglas-Set, ideal f\u00fcr eine Vielzahl von Rotweinen. Die Rautenform mit","og_url":"https:\/\/www.erresse-shop.it\/de\/shop\/tisch\/weinbar-korkenzieher-dekanter-eiskubel\/weinglaeser\/riedel-vinova-4er-set-rotweinglaeser\/","og_site_name":"Erresse Shop","article_modified_time":"2026-02-17T10:27:31+00:00","og_image":[{"width":1200,"height":1200,"url":"https:\/\/www.erresse-shop.it\/wp-content\/uploads\/2025\/03\/RIEDEL-Vinova-Set-4-Bicchieri-Vino-Rosso.jpg","type":"image\/jpeg"}],"twitter_card":"summary_large_image","schema":{"@context":"https:\/\/schema.org","@graph":[{"@type":"WebPage","@id":"https:\/\/www.erresse-shop.it\/de\/shop\/tisch\/weinbar-korkenzieher-dekanter-eiskubel\/weinglaeser\/riedel-vinova-4er-set-rotweinglaeser\/","url":"https:\/\/www.erresse-shop.it\/de\/shop\/tisch\/weinbar-korkenzieher-dekanter-eiskubel\/weinglaeser\/riedel-vinova-4er-set-rotweinglaeser\/","name":"RIEDEL ViNova 4er-Set Rotweingl\u00e4ser - Erresse Shop","isPartOf":{"@id":"https:\/\/www.erresse-shop.it\/de\/#website"},"datePublished":"2025-03-20T10:31:25+00:00","dateModified":"2026-02-17T10:27:31+00:00","description":"ViNOVA Rotweinglas-Set \u2013 4-teilig Entdecken Sie moderne Eleganz mit dem ViNOVA Rotweinglas-Set, ideal f\u00fcr eine Vielzahl von Rotweinen. Die Rautenform mit","breadcrumb":{"@id":"https:\/\/www.erresse-shop.it\/de\/shop\/tisch\/weinbar-korkenzieher-dekanter-eiskubel\/weinglaeser\/riedel-vinova-4er-set-rotweinglaeser\/#breadcrumb"},"inLanguage":"de-DE","potentialAction":[{"@type":"ReadAction","target":["https:\/\/www.erresse-shop.it\/de\/shop\/tisch\/weinbar-korkenzieher-dekanter-eiskubel\/weinglaeser\/riedel-vinova-4er-set-rotweinglaeser\/"]}]},{"@type":"BreadcrumbList","@id":"https:\/\/www.erresse-shop.it\/de\/shop\/tisch\/weinbar-korkenzieher-dekanter-eiskubel\/weinglaeser\/riedel-vinova-4er-set-rotweinglaeser\/#breadcrumb","itemListElement":[{"@type":"ListItem","position":1,"name":"Home","item":"https:\/\/www.erresse-shop.it\/de\/"},{"@type":"ListItem","position":2,"name":"Shop","item":"https:\/\/www.erresse-shop.it\/de\/shop\/"},{"@type":"ListItem","position":3,"name":"RIEDEL ViNova 4er-Set Rotweingl\u00e4ser"}]},{"@type":"WebSite","@id":"https:\/\/www.erresse-shop.it\/de\/#website","url":"https:\/\/www.erresse-shop.it\/de\/","name":"Erresse Shop","description":"Articoli di qualit\u00e0 per la casa","potentialAction":[{"@type":"SearchAction","target":{"@type":"EntryPoint","urlTemplate":"https:\/\/www.erresse-shop.it\/de\/?s={search_term_string}"},"query-input":"required name=search_term_string"}],"inLanguage":"de-DE"}]}},"df_price":14.805,"df_sale_price":14.805,"df_regular_price":32.9,"df_image_link":"https:\/\/www.erresse-shop.it\/wp-content\/uploads\/2025\/03\/RIEDEL-Vinova-Set-4-Bicchieri-Vino-Rosso-300x300.jpg","_links":{"self":[{"href":"https:\/\/www.erresse-shop.it\/de\/wp-json\/wp\/v2\/product\/481803"}],"collection":[{"href":"https:\/\/www.erresse-shop.it\/de\/wp-json\/wp\/v2\/product"}],"about":[{"href":"https:\/\/www.erresse-shop.it\/de\/wp-json\/wp\/v2\/types\/product"}],"wp:featuredmedia":[{"embeddable":true,"href":"https:\/\/www.erresse-shop.it\/de\/wp-json\/wp\/v2\/media\/481836"}],"wp:attachment":[{"href":"https:\/\/www.erresse-shop.it\/de\/wp-json\/wp\/v2\/media?parent=481803"}],"wp:term":[{"taxonomy":"product_cat","embeddable":true,"href":"https:\/\/www.erresse-shop.it\/de\/wp-json\/wp\/v2\/product_cat?post=481803"},{"taxonomy":"product_tag","embeddable":true,"href":"https:\/\/www.erresse-shop.it\/de\/wp-json\/wp\/v2\/product_tag?post=481803"}],"curies":[{"name":"wp","href":"https:\/\/api.w.org\/{rel}","templated":true}]}}