{"id":481727,"date":"2025-03-20T10:08:09","date_gmt":"2025-03-20T10:08:10","guid":{"rendered":"https:\/\/www.erresse-shop.it\/?post_type=product&#038;p=481727"},"modified":"2025-03-20T10:17:51","modified_gmt":"2025-03-20T10:17:51","slug":"riedel-set-2-glaser-chardonnay-gin-tonic-copia-2","status":"publish","type":"product","link":"https:\/\/www.erresse-shop.it\/de\/shop\/tisch\/weinbar-korkenzieher-dekanter-eiskubel\/weinglaeser\/riedel-set-2-glaser-chardonnay-gin-tonic-copia-2\/","title":{"rendered":"RIEDEL 2er-Set Champagnergl\u00e4ser"},"content":{"rendered":"<div class=\"flex flex-1 grow basis-auto flex-col overflow-hidden\">\n<div class=\"relative h-full\">\n<div class=\"flex h-full flex-col overflow-y-auto [scrollbar-gutter:stable]\">\n<div class=\"mt-1.5 flex flex-col text-sm @thread-xl\/thread:pt-header-height md:pb-9\">\n<article class=\"group\/turn w-full text-token-text-primary focus-visible:outline-2 focus-visible:outline-offset-[-4px]\" dir=\"auto\" tabindex=\"-1\" data-testid=\"conversation-turn-28\" data-scroll-anchor=\"true\">\n<div class=\"text-base my-auto mx-auto py-[18px] px-6\">\n<div class=\"mx-auto flex flex-1 text-base gap-4 md:gap-5 lg:gap-6 md:max-w-3xl\">\n<div class=\"group\/conversation-turn relative flex w-full min-w-0 flex-col agent-turn @xs\/thread:px-0 @sm\/thread:px-1.5 @md\/thread:px-4\">\n<div class=\"flex-col gap-1 md:gap-3\">\n<div class=\"flex max-w-full flex-col flex-grow\">\n<div class=\"min-h-8 text-message relative flex w-full flex-col items-end gap-2 whitespace-normal break-words text-start [.text-message+&#038;]:mt-5\" dir=\"auto\" data-message-author-role=\"assistant\" data-message-id=\"0be73d8d-d48d-4334-901a-7a04bf24ba78\" data-message-model-slug=\"gpt-4o-mini\">\n<div class=\"flex w-full flex-col gap-1 empty:hidden first:pt-[3px]\">\n<div class=\"markdown prose w-full break-words dark:prose-invert dark\">\n<p data-start=\"0\" data-end=\"51\"><strong data-start=\"0\" data-end=\"51\">Sektfl\u00f6ten-Set 2024 \u2013 2-teilig<\/strong><\/p>\n<p data-start=\"53\" data-end=\"482\">Das 2024 GRAPE@RIEDEL Sektglas ist perfekt f\u00fcr trockenen, frischen und leichten Champagner und Schaumwein. Es unterstreicht die Sch\u00f6nheit und Komplexit\u00e4t der Perlage. Seine l\u00e4ngliche Form beg\u00fcnstigt die Perlage und bietet ein einzigartiges und raffiniertes Geschmackserlebnis. Die Perlage im Glas sorgt f\u00fcr eine gleichm\u00e4\u00dfige Perlage und macht es zur idealen Wahl f\u00fcr Champagner- und Sektliebhaber.<\/p>\n<p data-start=\"484\" data-end=\"517\"><strong data-start=\"484\" data-end=\"517\">Produktmerkmale:<\/strong><\/p>\n<ul data-start=\"518\" data-end=\"821\">\n<li data-start=\"518\" data-end=\"556\">Set mit 2 Champagnerfl\u00f6ten<\/li>\n<li data-start=\"557\" data-end=\"610\">Aus hochwertigem, klarem Kristallglas<\/li>\n<li data-start=\"611\" data-end=\"660\">Elegante und schlanke Form, hervorragend f\u00fcr Perlage<\/li>\n<li data-start=\"661\" data-end=\"709\">Perfektes Design f\u00fcr einen raffinierten Genuss<\/li>\n<li data-start=\"710\" data-end=\"765\">Maschinell gefertigt f\u00fcr Pr\u00e4zision und Langlebigkeit<\/li>\n<li data-start=\"766\" data-end=\"821\">Sp\u00fclmaschinenfest f\u00fcr einfache Pflege<\/li>\n<\/ul>\n<p data-start=\"823\" data-end=\"1042\" data-is-last-node=\"\" data-is-only-node=\"\">Entdecken Sie die perfekte Balance aus Stil, Funktionalit\u00e4t und Erschwinglichkeit mit der GRAPE@RIEDEL Kollektion 2024. Dieses Sektglas eignet sich f\u00fcr eine gro\u00dfe Auswahl an Weinen, Getr\u00e4nken und Cocktails und ist das ideale Glas f\u00fcr jeden besonderen Anlass.<\/p>\n<p data-start=\"823\" data-end=\"1042\" data-is-last-node=\"\" data-is-only-node=\"\">Fassungsverm\u00f6gen: 250,0 ccm<br \/>\nH\u00f6he: 241,0 mm<\/p>\n<\/div>\n<\/div>\n<\/div>\n<\/div>\n<\/div>\n<\/div>\n<\/div>\n<\/div>\n<\/article>\n<\/div>\n<\/div>\n<\/div>\n<\/div>\n<\/div>\n<div class=\"isolate w-full basis-auto has-[[data-has-thread-error]]:pt-2 has-[[data-has-thread-error]]:[box-shadow:var(--sharp-edge-bottom-shadow)] dark:border-white\/20 md:border-transparent md:pt-0 md:dunkel:Rand-transparent\">\n<div class=\"text-base mx-auto px-3 md:px-4 w-voll md:px-5 lg:px-4 xl:px-5\">\n<div class=\"mx-auto flex flex-1 text-base gap-4 md:gap-5 lg:gap-6 md:max-w-3xl\">\n<form class=\"w-voll\" aria-haspopup=\"dialog\" aria-expanded=\"false\" aria-controls=\"radix-:r6:\" data-state=\"geschlossen\">\n<div class=\"relative z-[1] flex h-voll max-w-voll flex-1 flex-col\">\n<div class=\"group relative z-[1] flex w-voll items-center\">\n<div class=\"w-voll\">\n<div id=\"composer-background\" class=\"flex w-voll cursor-text flex-col gerundet-t-3xl Rahmen-t Rahmen-Token-Rahmen-Licht Dauer-150 Ease-In-Out Enthalten-Inline-Gr\u00f6\u00dfe Bewegungssicher: \u00dcbergang-[Farbe, Hintergrundfarbe, Rahmenfarbe, Textdekorationsfarbe, F\u00fcllung, Strich, Kastenschatten, unten] Dunkel: Rahmen-kein Dunkel: Schatten-kein Schatten-[0_9px_9px_0px_rgba(0,0,0,0.01),_0_2px_5px_0px_rgba(0,0,0,0.06)] hat-[:Fokus]:Schatten-[0_2px_12px_0px_rgba(0,0,0,0,04),_0_9px_9px_0px_rgba(0,0,0,0,01),_0_2px_5px_0px_rgba(0,0,0,0,06)] bg-Token-Hauptoberfl\u00e4che-prim\u00e4r dunkel:bg-[#303030] gerundet-b-3xl Rahmen-b\">\n<div class=\"px-3 py-1\">\n<div class=\"flex flex-col justify-start\">\n<div class=\"flex min-h-[44px] Elemente-start pl-1\">\n<div class=\"min-w-0 max-w-full flex-1\">\n<div class=\"_prosemirror-parent_11fu7_1 Text-Token-Text-prim\u00e4r max-h-[25dvh] max-h-52 overflow-auto [scrollbar-width:thin] default-browser\">\n<div id=\"prompt-textarea\" class=\"ProseMirror\" contenteditable=\"true\" translate=\"no\" data-virtualkeyboard=\"true\"><\/div>\n<\/div>\n<\/div>\n<div class=\"w-[32px] pt-1\"><\/div>\n<\/div>\n<\/div>\n<\/div>\n<\/div>\n<\/div>\n<\/div>\n<\/div>\n<\/form>\n<\/div>\n<\/div>\n<\/div>\n","protected":false},"excerpt":{"rendered":"<p>Sektfl\u00f6ten-Set 2024 \u2013 2-teilig Das 2024 GRAPE@RIEDEL Sektglas ist perfekt f\u00fcr trockenen, frischen und leichten Champagner und Schaumwein. Es unterstreicht<\/p>\n","protected":false},"featured_media":481755,"template":"","meta":{"_acf_changed":false,"inline_featured_image":false},"product_cat":[6850,14459],"product_tag":[25088,23705,11479,23911,23661,24416,21986,25022,21822,23683],"acf":[],"yoast_head":"<!-- This site is optimized with the Yoast SEO Premium plugin v18.6 (Yoast SEO v19.13) - https:\/\/yoast.com\/wordpress\/plugins\/seo\/ -->\n<title>RIEDEL 2er-Set Champagnergl\u00e4ser - Erresse Shop<\/title>\n<meta name=\"description\" content=\"Sektfl\u00f6ten-Set 2024 \u2013 2-teilig Das 2024 GRAPE@RIEDEL Sektglas ist perfekt f\u00fcr trockenen, frischen und leichten Champagner und Schaumwein. Es unterstreicht\" \/>\n<meta name=\"robots\" content=\"index, follow, max-snippet:-1, max-image-preview:large, max-video-preview:-1\" \/>\n<link rel=\"canonical\" href=\"https:\/\/www.erresse-shop.it\/de\/shop\/tisch\/weinbar-korkenzieher-dekanter-eiskubel\/weinglaeser\/riedel-set-2-glaser-chardonnay-gin-tonic-copia-2\/\" \/>\n<meta property=\"og:locale\" content=\"de_DE\" \/>\n<meta property=\"og:type\" content=\"article\" \/>\n<meta property=\"og:title\" content=\"RIEDEL 2er-Set Champagnergl\u00e4ser\" \/>\n<meta property=\"og:description\" content=\"Sektfl\u00f6ten-Set 2024 \u2013 2-teilig Das 2024 GRAPE@RIEDEL Sektglas ist perfekt f\u00fcr trockenen, frischen und leichten Champagner und Schaumwein. Es unterstreicht\" \/>\n<meta property=\"og:url\" content=\"https:\/\/www.erresse-shop.it\/de\/shop\/tisch\/weinbar-korkenzieher-dekanter-eiskubel\/weinglaeser\/riedel-set-2-glaser-chardonnay-gin-tonic-copia-2\/\" \/>\n<meta property=\"og:site_name\" content=\"Erresse Shop\" \/>\n<meta property=\"article:modified_time\" content=\"2025-03-20T10:17:51+00:00\" \/>\n<meta property=\"og:image\" content=\"https:\/\/www.erresse-shop.it\/wp-content\/uploads\/2025\/03\/RIEDEL-Set-2-Bicchieri-da-Champagne.jpg\" \/>\n\t<meta property=\"og:image:width\" content=\"1200\" \/>\n\t<meta property=\"og:image:height\" content=\"1200\" \/>\n\t<meta property=\"og:image:type\" content=\"image\/jpeg\" \/>\n<meta name=\"twitter:card\" content=\"summary_large_image\" \/>\n<script type=\"application\/ld+json\" class=\"yoast-schema-graph\">{\"@context\":\"https:\/\/schema.org\",\"@graph\":[{\"@type\":\"WebPage\",\"@id\":\"https:\/\/www.erresse-shop.it\/de\/shop\/tisch\/weinbar-korkenzieher-dekanter-eiskubel\/weinglaeser\/riedel-set-2-glaser-chardonnay-gin-tonic-copia-2\/\",\"url\":\"https:\/\/www.erresse-shop.it\/de\/shop\/tisch\/weinbar-korkenzieher-dekanter-eiskubel\/weinglaeser\/riedel-set-2-glaser-chardonnay-gin-tonic-copia-2\/\",\"name\":\"RIEDEL 2er-Set Champagnergl\u00e4ser - Erresse Shop\",\"isPartOf\":{\"@id\":\"https:\/\/www.erresse-shop.it\/de\/#website\"},\"datePublished\":\"2025-03-20T10:08:10+00:00\",\"dateModified\":\"2025-03-20T10:17:51+00:00\",\"description\":\"Sektfl\u00f6ten-Set 2024 \u2013 2-teilig Das 2024 GRAPE@RIEDEL Sektglas ist perfekt f\u00fcr trockenen, frischen und leichten Champagner und Schaumwein. Es unterstreicht\",\"breadcrumb\":{\"@id\":\"https:\/\/www.erresse-shop.it\/de\/shop\/tisch\/weinbar-korkenzieher-dekanter-eiskubel\/weinglaeser\/riedel-set-2-glaser-chardonnay-gin-tonic-copia-2\/#breadcrumb\"},\"inLanguage\":\"de-DE\",\"potentialAction\":[{\"@type\":\"ReadAction\",\"target\":[\"https:\/\/www.erresse-shop.it\/de\/shop\/tisch\/weinbar-korkenzieher-dekanter-eiskubel\/weinglaeser\/riedel-set-2-glaser-chardonnay-gin-tonic-copia-2\/\"]}]},{\"@type\":\"BreadcrumbList\",\"@id\":\"https:\/\/www.erresse-shop.it\/de\/shop\/tisch\/weinbar-korkenzieher-dekanter-eiskubel\/weinglaeser\/riedel-set-2-glaser-chardonnay-gin-tonic-copia-2\/#breadcrumb\",\"itemListElement\":[{\"@type\":\"ListItem\",\"position\":1,\"name\":\"Home\",\"item\":\"https:\/\/www.erresse-shop.it\/de\/\"},{\"@type\":\"ListItem\",\"position\":2,\"name\":\"Shop\",\"item\":\"https:\/\/www.erresse-shop.it\/de\/shop\/\"},{\"@type\":\"ListItem\",\"position\":3,\"name\":\"RIEDEL 2er-Set Champagnergl\u00e4ser\"}]},{\"@type\":\"WebSite\",\"@id\":\"https:\/\/www.erresse-shop.it\/de\/#website\",\"url\":\"https:\/\/www.erresse-shop.it\/de\/\",\"name\":\"Erresse Shop\",\"description\":\"Articoli di qualit\u00e0 per la casa\",\"potentialAction\":[{\"@type\":\"SearchAction\",\"target\":{\"@type\":\"EntryPoint\",\"urlTemplate\":\"https:\/\/www.erresse-shop.it\/de\/?s={search_term_string}\"},\"query-input\":\"required name=search_term_string\"}],\"inLanguage\":\"de-DE\"}]}<\/script>\n<!-- \/ Yoast SEO Premium plugin. -->","yoast_head_json":{"title":"RIEDEL 2er-Set Champagnergl\u00e4ser - Erresse Shop","description":"Sektfl\u00f6ten-Set 2024 \u2013 2-teilig Das 2024 GRAPE@RIEDEL Sektglas ist perfekt f\u00fcr trockenen, frischen und leichten Champagner und Schaumwein. Es unterstreicht","robots":{"index":"index","follow":"follow","max-snippet":"max-snippet:-1","max-image-preview":"max-image-preview:large","max-video-preview":"max-video-preview:-1"},"canonical":"https:\/\/www.erresse-shop.it\/de\/shop\/tisch\/weinbar-korkenzieher-dekanter-eiskubel\/weinglaeser\/riedel-set-2-glaser-chardonnay-gin-tonic-copia-2\/","og_locale":"de_DE","og_type":"article","og_title":"RIEDEL 2er-Set Champagnergl\u00e4ser","og_description":"Sektfl\u00f6ten-Set 2024 \u2013 2-teilig Das 2024 GRAPE@RIEDEL Sektglas ist perfekt f\u00fcr trockenen, frischen und leichten Champagner und Schaumwein. Es unterstreicht","og_url":"https:\/\/www.erresse-shop.it\/de\/shop\/tisch\/weinbar-korkenzieher-dekanter-eiskubel\/weinglaeser\/riedel-set-2-glaser-chardonnay-gin-tonic-copia-2\/","og_site_name":"Erresse Shop","article_modified_time":"2025-03-20T10:17:51+00:00","og_image":[{"width":1200,"height":1200,"url":"https:\/\/www.erresse-shop.it\/wp-content\/uploads\/2025\/03\/RIEDEL-Set-2-Bicchieri-da-Champagne.jpg","type":"image\/jpeg"}],"twitter_card":"summary_large_image","schema":{"@context":"https:\/\/schema.org","@graph":[{"@type":"WebPage","@id":"https:\/\/www.erresse-shop.it\/de\/shop\/tisch\/weinbar-korkenzieher-dekanter-eiskubel\/weinglaeser\/riedel-set-2-glaser-chardonnay-gin-tonic-copia-2\/","url":"https:\/\/www.erresse-shop.it\/de\/shop\/tisch\/weinbar-korkenzieher-dekanter-eiskubel\/weinglaeser\/riedel-set-2-glaser-chardonnay-gin-tonic-copia-2\/","name":"RIEDEL 2er-Set Champagnergl\u00e4ser - Erresse Shop","isPartOf":{"@id":"https:\/\/www.erresse-shop.it\/de\/#website"},"datePublished":"2025-03-20T10:08:10+00:00","dateModified":"2025-03-20T10:17:51+00:00","description":"Sektfl\u00f6ten-Set 2024 \u2013 2-teilig Das 2024 GRAPE@RIEDEL Sektglas ist perfekt f\u00fcr trockenen, frischen und leichten Champagner und Schaumwein. Es unterstreicht","breadcrumb":{"@id":"https:\/\/www.erresse-shop.it\/de\/shop\/tisch\/weinbar-korkenzieher-dekanter-eiskubel\/weinglaeser\/riedel-set-2-glaser-chardonnay-gin-tonic-copia-2\/#breadcrumb"},"inLanguage":"de-DE","potentialAction":[{"@type":"ReadAction","target":["https:\/\/www.erresse-shop.it\/de\/shop\/tisch\/weinbar-korkenzieher-dekanter-eiskubel\/weinglaeser\/riedel-set-2-glaser-chardonnay-gin-tonic-copia-2\/"]}]},{"@type":"BreadcrumbList","@id":"https:\/\/www.erresse-shop.it\/de\/shop\/tisch\/weinbar-korkenzieher-dekanter-eiskubel\/weinglaeser\/riedel-set-2-glaser-chardonnay-gin-tonic-copia-2\/#breadcrumb","itemListElement":[{"@type":"ListItem","position":1,"name":"Home","item":"https:\/\/www.erresse-shop.it\/de\/"},{"@type":"ListItem","position":2,"name":"Shop","item":"https:\/\/www.erresse-shop.it\/de\/shop\/"},{"@type":"ListItem","position":3,"name":"RIEDEL 2er-Set Champagnergl\u00e4ser"}]},{"@type":"WebSite","@id":"https:\/\/www.erresse-shop.it\/de\/#website","url":"https:\/\/www.erresse-shop.it\/de\/","name":"Erresse Shop","description":"Articoli di qualit\u00e0 per la casa","potentialAction":[{"@type":"SearchAction","target":{"@type":"EntryPoint","urlTemplate":"https:\/\/www.erresse-shop.it\/de\/?s={search_term_string}"},"query-input":"required name=search_term_string"}],"inLanguage":"de-DE"}]}},"df_price":11.205,"df_sale_price":11.205,"df_regular_price":24.9,"df_image_link":"https:\/\/www.erresse-shop.it\/wp-content\/uploads\/2025\/03\/RIEDEL-Set-2-Bicchieri-da-Champagne-300x300.jpg","_links":{"self":[{"href":"https:\/\/www.erresse-shop.it\/de\/wp-json\/wp\/v2\/product\/481727"}],"collection":[{"href":"https:\/\/www.erresse-shop.it\/de\/wp-json\/wp\/v2\/product"}],"about":[{"href":"https:\/\/www.erresse-shop.it\/de\/wp-json\/wp\/v2\/types\/product"}],"wp:featuredmedia":[{"embeddable":true,"href":"https:\/\/www.erresse-shop.it\/de\/wp-json\/wp\/v2\/media\/481755"}],"wp:attachment":[{"href":"https:\/\/www.erresse-shop.it\/de\/wp-json\/wp\/v2\/media?parent=481727"}],"wp:term":[{"taxonomy":"product_cat","embeddable":true,"href":"https:\/\/www.erresse-shop.it\/de\/wp-json\/wp\/v2\/product_cat?post=481727"},{"taxonomy":"product_tag","embeddable":true,"href":"https:\/\/www.erresse-shop.it\/de\/wp-json\/wp\/v2\/product_tag?post=481727"}],"curies":[{"name":"wp","href":"https:\/\/api.w.org\/{rel}","templated":true}]}}