{"id":481714,"date":"2025-03-20T09:59:59","date_gmt":"2025-03-20T10:00:01","guid":{"rendered":"https:\/\/www.erresse-shop.it\/?post_type=product&#038;p=481714"},"modified":"2025-03-20T10:06:50","modified_gmt":"2025-03-20T10:06:50","slug":"riedel-veritas-4er-set-rieslingglaser-und-dekanter-mosel-copia-2","status":"publish","type":"product","link":"https:\/\/www.erresse-shop.it\/de\/shop\/tisch\/trinkglaeser\/riedel-veritas-4er-set-rieslingglaser-und-dekanter-mosel-copia-2\/","title":{"rendered":"RIEDEL Veritas 4er Set Cabernetgl\u00e4ser und Dekanter Mosel"},"content":{"rendered":"<p data-start=\"0\" data-end=\"58\"><strong data-start=\"0\" data-end=\"58\">RIEDEL Veritas Cabernet und Mosel Dekanter-Set \u2013 5-teilig<\/strong><\/p>\n<p data-start=\"60\" data-end=\"404\">Erleben Sie den H\u00f6hepunkt der Weinverkostung mit dem RIEDEL Veritas Cabernet Set, bestehend aus 4 Gl\u00e4sern und einem Mosel Dekanter. Das Cabernet-Glas eignet sich perfekt f\u00fcr komplexe, vollmundige Rotweine mit hohem Tanningehalt. Es betont den Fruchtcharakter und reduziert die Bitterkeit der Tannine. So entsteht ein ausgewogenes Erlebnis, das bei jedem Schluck perfekt ist.<\/p>\n<p data-start=\"406\" data-end=\"646\">Der Mosel Dekanter mit seiner ikonischen Optik ist eine hervorragende Wahl f\u00fcr Weinliebhaber, die ein elegantes, vielseitiges und benutzerfreundliches Produkt suchen. Seine optimierte Struktur f\u00f6rdert die Sauerstoffversorgung des Weines und verbessert so seine Qualit\u00e4ten.<\/p>\n<p data-start=\"648\" data-end=\"681\"><strong data-start=\"648\" data-end=\"681\">Produktmerkmale:<\/strong><\/p>\n<ul data-start=\"682\" data-end=\"1053\">\n<li data-start=\"682\" data-end=\"754\">Set mit 4 RIEDEL Veritas Cabernet-Gl\u00e4sern und 1 Mosel-Dekanter<\/li>\n<li data-start=\"755\" data-end=\"808\">Hergestellt aus hochwertigem, klarem Kristallglas<\/li>\n<li data-start=\"809\" data-end=\"855\">Maschinengefertigte Gl\u00e4ser f\u00fcr Pr\u00e4zision und Langlebigkeit<\/li>\n<li data-start=\"856\" data-end=\"912\">Dekanter mit markantem Design und fortschrittlicher Funktionalit\u00e4t<\/li>\n<li data-start=\"913\" data-end=\"961\">Pflegeleicht, sp\u00fclmaschinenfest Sicher<\/li>\n<li data-start=\"962\" data-end=\"1053\">RIEDEL empfiehlt die Verwendung von Dekanter-Reinigungsperlen zur Fleckenentfernung<\/li>\n<\/ul>\n<p data-start=\"1055\" data-end=\"1224\" data-is-last-node=\"\" data-is-only-node=\"\">Revolutionieren Sie Ihr Verkostungserlebnis mit diesem Set, das Sch\u00f6nheit, Funktionalit\u00e4t und Pr\u00e4zision vereint und das perfekte Glas f\u00fcr jeden Weinliebhaber kreiert.<\/p \n\n","protected":false},"excerpt":{"rendered":"<p>RIEDEL Veritas Cabernet und Mosel Dekanter-Set \u2013 5-teilig Erleben Sie den H\u00f6hepunkt der Weinverkostung mit dem RIEDEL Veritas Cabernet Set,<\/p>\n","protected":false},"featured_media":481723,"template":"","meta":{"_acf_changed":false,"inline_featured_image":false},"product_cat":[6787,6811],"product_tag":[25088,23705,11479,23911,22551,14411,22556,25022,21822,23352],"acf":[],"yoast_head":"<!-- This site is optimized with the Yoast SEO Premium plugin v18.6 (Yoast SEO v19.13) - https:\/\/yoast.com\/wordpress\/plugins\/seo\/ -->\n<title>RIEDEL Veritas 4er Set Cabernetgl\u00e4ser und Dekanter Mosel - Erresse Shop<\/title>\n<meta name=\"description\" content=\"RIEDEL Veritas Cabernet und Mosel Dekanter-Set \u2013 5-teilig Erleben Sie den H\u00f6hepunkt der Weinverkostung mit dem RIEDEL Veritas Cabernet Set, bestehend aus\" \/>\n<meta name=\"robots\" content=\"index, follow, max-snippet:-1, max-image-preview:large, max-video-preview:-1\" \/>\n<link rel=\"canonical\" href=\"https:\/\/www.erresse-shop.it\/de\/shop\/tisch\/trinkglaeser\/riedel-veritas-4er-set-rieslingglaser-und-dekanter-mosel-copia-2\/\" \/>\n<meta property=\"og:locale\" content=\"de_DE\" \/>\n<meta property=\"og:type\" content=\"article\" \/>\n<meta property=\"og:title\" content=\"RIEDEL Veritas 4er Set Cabernetgl\u00e4ser und Dekanter Mosel\" \/>\n<meta property=\"og:description\" content=\"RIEDEL Veritas Cabernet und Mosel Dekanter-Set \u2013 5-teilig Erleben Sie den H\u00f6hepunkt der Weinverkostung mit dem RIEDEL Veritas Cabernet Set, bestehend aus\" \/>\n<meta property=\"og:url\" content=\"https:\/\/www.erresse-shop.it\/de\/shop\/tisch\/trinkglaeser\/riedel-veritas-4er-set-rieslingglaser-und-dekanter-mosel-copia-2\/\" \/>\n<meta property=\"og:site_name\" content=\"Erresse Shop\" \/>\n<meta property=\"article:modified_time\" content=\"2025-03-20T10:06:50+00:00\" \/>\n<meta property=\"og:image\" content=\"https:\/\/www.erresse-shop.it\/wp-content\/uploads\/2025\/03\/RIEDEL-Veritas-Set-4-Calici-Cabernet-e-Decanter-Mosel.jpg\" \/>\n\t<meta property=\"og:image:width\" content=\"1200\" \/>\n\t<meta property=\"og:image:height\" content=\"1200\" \/>\n\t<meta property=\"og:image:type\" content=\"image\/jpeg\" \/>\n<meta name=\"twitter:card\" content=\"summary_large_image\" \/>\n<script type=\"application\/ld+json\" class=\"yoast-schema-graph\">{\"@context\":\"https:\/\/schema.org\",\"@graph\":[{\"@type\":\"WebPage\",\"@id\":\"https:\/\/www.erresse-shop.it\/de\/shop\/tisch\/trinkglaeser\/riedel-veritas-4er-set-rieslingglaser-und-dekanter-mosel-copia-2\/\",\"url\":\"https:\/\/www.erresse-shop.it\/de\/shop\/tisch\/trinkglaeser\/riedel-veritas-4er-set-rieslingglaser-und-dekanter-mosel-copia-2\/\",\"name\":\"RIEDEL Veritas 4er Set Cabernetgl\u00e4ser und Dekanter Mosel - Erresse Shop\",\"isPartOf\":{\"@id\":\"https:\/\/www.erresse-shop.it\/de\/#website\"},\"datePublished\":\"2025-03-20T10:00:01+00:00\",\"dateModified\":\"2025-03-20T10:06:50+00:00\",\"description\":\"RIEDEL Veritas Cabernet und Mosel Dekanter-Set \u2013 5-teilig Erleben Sie den H\u00f6hepunkt der Weinverkostung mit dem RIEDEL Veritas Cabernet Set, bestehend aus\",\"breadcrumb\":{\"@id\":\"https:\/\/www.erresse-shop.it\/de\/shop\/tisch\/trinkglaeser\/riedel-veritas-4er-set-rieslingglaser-und-dekanter-mosel-copia-2\/#breadcrumb\"},\"inLanguage\":\"de-DE\",\"potentialAction\":[{\"@type\":\"ReadAction\",\"target\":[\"https:\/\/www.erresse-shop.it\/de\/shop\/tisch\/trinkglaeser\/riedel-veritas-4er-set-rieslingglaser-und-dekanter-mosel-copia-2\/\"]}]},{\"@type\":\"BreadcrumbList\",\"@id\":\"https:\/\/www.erresse-shop.it\/de\/shop\/tisch\/trinkglaeser\/riedel-veritas-4er-set-rieslingglaser-und-dekanter-mosel-copia-2\/#breadcrumb\",\"itemListElement\":[{\"@type\":\"ListItem\",\"position\":1,\"name\":\"Home\",\"item\":\"https:\/\/www.erresse-shop.it\/de\/\"},{\"@type\":\"ListItem\",\"position\":2,\"name\":\"Shop\",\"item\":\"https:\/\/www.erresse-shop.it\/de\/shop\/\"},{\"@type\":\"ListItem\",\"position\":3,\"name\":\"RIEDEL Veritas 4er Set Cabernetgl\u00e4ser und Dekanter Mosel\"}]},{\"@type\":\"WebSite\",\"@id\":\"https:\/\/www.erresse-shop.it\/de\/#website\",\"url\":\"https:\/\/www.erresse-shop.it\/de\/\",\"name\":\"Erresse Shop\",\"description\":\"Articoli di qualit\u00e0 per la casa\",\"potentialAction\":[{\"@type\":\"SearchAction\",\"target\":{\"@type\":\"EntryPoint\",\"urlTemplate\":\"https:\/\/www.erresse-shop.it\/de\/?s={search_term_string}\"},\"query-input\":\"required name=search_term_string\"}],\"inLanguage\":\"de-DE\"}]}<\/script>\n<!-- \/ Yoast SEO Premium plugin. -->","yoast_head_json":{"title":"RIEDEL Veritas 4er Set Cabernetgl\u00e4ser und Dekanter Mosel - Erresse Shop","description":"RIEDEL Veritas Cabernet und Mosel Dekanter-Set \u2013 5-teilig Erleben Sie den H\u00f6hepunkt der Weinverkostung mit dem RIEDEL Veritas Cabernet Set, bestehend aus","robots":{"index":"index","follow":"follow","max-snippet":"max-snippet:-1","max-image-preview":"max-image-preview:large","max-video-preview":"max-video-preview:-1"},"canonical":"https:\/\/www.erresse-shop.it\/de\/shop\/tisch\/trinkglaeser\/riedel-veritas-4er-set-rieslingglaser-und-dekanter-mosel-copia-2\/","og_locale":"de_DE","og_type":"article","og_title":"RIEDEL Veritas 4er Set Cabernetgl\u00e4ser und Dekanter Mosel","og_description":"RIEDEL Veritas Cabernet und Mosel Dekanter-Set \u2013 5-teilig Erleben Sie den H\u00f6hepunkt der Weinverkostung mit dem RIEDEL Veritas Cabernet Set, bestehend aus","og_url":"https:\/\/www.erresse-shop.it\/de\/shop\/tisch\/trinkglaeser\/riedel-veritas-4er-set-rieslingglaser-und-dekanter-mosel-copia-2\/","og_site_name":"Erresse Shop","article_modified_time":"2025-03-20T10:06:50+00:00","og_image":[{"width":1200,"height":1200,"url":"https:\/\/www.erresse-shop.it\/wp-content\/uploads\/2025\/03\/RIEDEL-Veritas-Set-4-Calici-Cabernet-e-Decanter-Mosel.jpg","type":"image\/jpeg"}],"twitter_card":"summary_large_image","schema":{"@context":"https:\/\/schema.org","@graph":[{"@type":"WebPage","@id":"https:\/\/www.erresse-shop.it\/de\/shop\/tisch\/trinkglaeser\/riedel-veritas-4er-set-rieslingglaser-und-dekanter-mosel-copia-2\/","url":"https:\/\/www.erresse-shop.it\/de\/shop\/tisch\/trinkglaeser\/riedel-veritas-4er-set-rieslingglaser-und-dekanter-mosel-copia-2\/","name":"RIEDEL Veritas 4er Set Cabernetgl\u00e4ser und Dekanter Mosel - Erresse Shop","isPartOf":{"@id":"https:\/\/www.erresse-shop.it\/de\/#website"},"datePublished":"2025-03-20T10:00:01+00:00","dateModified":"2025-03-20T10:06:50+00:00","description":"RIEDEL Veritas Cabernet und Mosel Dekanter-Set \u2013 5-teilig Erleben Sie den H\u00f6hepunkt der Weinverkostung mit dem RIEDEL Veritas Cabernet Set, bestehend aus","breadcrumb":{"@id":"https:\/\/www.erresse-shop.it\/de\/shop\/tisch\/trinkglaeser\/riedel-veritas-4er-set-rieslingglaser-und-dekanter-mosel-copia-2\/#breadcrumb"},"inLanguage":"de-DE","potentialAction":[{"@type":"ReadAction","target":["https:\/\/www.erresse-shop.it\/de\/shop\/tisch\/trinkglaeser\/riedel-veritas-4er-set-rieslingglaser-und-dekanter-mosel-copia-2\/"]}]},{"@type":"BreadcrumbList","@id":"https:\/\/www.erresse-shop.it\/de\/shop\/tisch\/trinkglaeser\/riedel-veritas-4er-set-rieslingglaser-und-dekanter-mosel-copia-2\/#breadcrumb","itemListElement":[{"@type":"ListItem","position":1,"name":"Home","item":"https:\/\/www.erresse-shop.it\/de\/"},{"@type":"ListItem","position":2,"name":"Shop","item":"https:\/\/www.erresse-shop.it\/de\/shop\/"},{"@type":"ListItem","position":3,"name":"RIEDEL Veritas 4er Set Cabernetgl\u00e4ser und Dekanter Mosel"}]},{"@type":"WebSite","@id":"https:\/\/www.erresse-shop.it\/de\/#website","url":"https:\/\/www.erresse-shop.it\/de\/","name":"Erresse Shop","description":"Articoli di qualit\u00e0 per la casa","potentialAction":[{"@type":"SearchAction","target":{"@type":"EntryPoint","urlTemplate":"https:\/\/www.erresse-shop.it\/de\/?s={search_term_string}"},"query-input":"required name=search_term_string"}],"inLanguage":"de-DE"}]}},"df_price":51.75,"df_sale_price":51.75,"df_regular_price":115,"df_image_link":"https:\/\/www.erresse-shop.it\/wp-content\/uploads\/2025\/03\/RIEDEL-Veritas-Set-4-Calici-Cabernet-e-Decanter-Mosel-300x300.jpg","_links":{"self":[{"href":"https:\/\/www.erresse-shop.it\/de\/wp-json\/wp\/v2\/product\/481714"}],"collection":[{"href":"https:\/\/www.erresse-shop.it\/de\/wp-json\/wp\/v2\/product"}],"about":[{"href":"https:\/\/www.erresse-shop.it\/de\/wp-json\/wp\/v2\/types\/product"}],"wp:featuredmedia":[{"embeddable":true,"href":"https:\/\/www.erresse-shop.it\/de\/wp-json\/wp\/v2\/media\/481723"}],"wp:attachment":[{"href":"https:\/\/www.erresse-shop.it\/de\/wp-json\/wp\/v2\/media?parent=481714"}],"wp:term":[{"taxonomy":"product_cat","embeddable":true,"href":"https:\/\/www.erresse-shop.it\/de\/wp-json\/wp\/v2\/product_cat?post=481714"},{"taxonomy":"product_tag","embeddable":true,"href":"https:\/\/www.erresse-shop.it\/de\/wp-json\/wp\/v2\/product_tag?post=481714"}],"curies":[{"name":"wp","href":"https:\/\/api.w.org\/{rel}","templated":true}]}}