{"id":481680,"date":"2025-03-20T09:44:14","date_gmt":"2025-03-20T09:44:15","guid":{"rendered":"https:\/\/www.erresse-shop.it\/?post_type=product&#038;p=481680"},"modified":"2025-03-20T09:58:18","modified_gmt":"2025-03-20T09:58:18","slug":"riedel-performance-champagne-satz-von-4-copia","status":"publish","type":"product","link":"https:\/\/www.erresse-shop.it\/de\/shop\/tisch\/trinkglaeser\/riedel-performance-champagne-satz-von-4-copia\/","title":{"rendered":"RIEDEL Pay 3 Get 4 Performance Riesling"},"content":{"rendered":"<p data-start=\"0\" data-end=\"55\"><strong data-start=\"0\" data-end=\"55\">RIEDEL Performance Rieslingglas-Set \u2013 4-teilig<\/strong><\/p>\n<p data-start=\"57\" data-end=\"470\">Erh\u00f6hen Sie Ihr Verkostungserlebnis mit dem RIEDEL Performance Rieslingglas. Es wurde entwickelt, um den hohen S\u00e4uregehalt und den Restzuckergehalt fruchtiger Wei\u00dfweine auszugleichen. Die Form, eine Weiterentwicklung von RIEDELs vielseitigstem Wei\u00dfweinglas, wurde 2018 innerhalb der Performance-Serie neu gestaltet, um die aromatische Leistung zu verbessern und die frischen und mineralischen Noten der Weine hervorzuheben.<\/p>\n<p data-start=\"472\" data-end=\"803\">Dieses Glas aus hochwertigem, klarem Kristallglas bietet dank seiner gr\u00f6\u00dferen Gr\u00f6\u00dfe und fortschrittlichen Technologie ein verbessertes Aromaerlebnis. Die RIEDEL Performance Serie ist die erste Serie mit Gl\u00e4sern mit subtiler optischer Wirkung, die die Aromenvielfalt und die Qualit\u00e4t der Verkostung verbessern.<\/p>\n<p data-start=\"805\" data-end=\"838\"><strong data-start=\"805\" data-end=\"838\">Produktmerkmale:<\/strong><\/p>\n<ul data-start=\"839\" data-end=\"1174\">\n<li data-start=\"839\" data-end=\"887\">RIEDEL Performance Rieslinggl\u00e4ser 4er-Set<\/li>\n<li data-start=\"888\" data-end=\"941\">Hergestellt aus hochwertigem, klarem Kristallglas<\/li>\n<li data-start=\"942\" data-end=\"1010\">Innovatives Design zur Hervorhebung der Aromen fruchtiger Wei\u00dfweine<\/li>\n<li data-start=\"1011\" data-end=\"1060\">Maschinengefertigt f\u00fcr h\u00f6chste Pr\u00e4zision<\/li>\n<li data-start=\"1061\" data-end=\"1116\">Sp\u00fclmaschinenfest f\u00fcr einfache Pflege<\/li>\n<li data-start=\"1117\" data-end=\"1174\">Zum Top-Preis: 4 zum Preis von 3<\/li>\n<\/ul>\n<p data-start=\"1176\" data-end=\"1351\" data-is-last-node=\"\" data-is-only-node=\"\">Das RIEDEL Performance Riesling Set ist perfekt f\u00fcr Weinliebhaber, die Wert auf eine perfekte Verkostung legen. Es ist die ideale Wahl, um jeden Moment des Weingenusses zu veredeln.<\/p>\n<p data-start=\"1176\" data-end=\"1351\" data-is-last-node=\"\" data-is-only-node=\"\">Fassungsverm\u00f6gen: 623,0 ccm<br \/>\nH\u00f6he: 245,0 mm<\/p>\n","protected":false},"excerpt":{"rendered":"<p>RIEDEL Performance Rieslingglas-Set \u2013 4-teilig Erh\u00f6hen Sie Ihr Verkostungserlebnis mit dem RIEDEL Performance Rieslingglas. Es wurde entwickelt, um den hohen<\/p>\n","protected":false},"featured_media":481707,"template":"","meta":{"_acf_changed":false,"inline_featured_image":false},"product_cat":[6787,6811],"product_tag":[25088,23705,11479,23911,14411,22556,25022,21822],"acf":[],"yoast_head":"<!-- This site is optimized with the Yoast SEO Premium plugin v18.6 (Yoast SEO v19.13) - https:\/\/yoast.com\/wordpress\/plugins\/seo\/ -->\n<title>RIEDEL Pay 3 Get 4 Performance Riesling - Erresse Shop<\/title>\n<meta name=\"description\" content=\"RIEDEL Performance Rieslingglas-Set \u2013 4-teilig Erh\u00f6hen Sie Ihr Verkostungserlebnis mit dem RIEDEL Performance Rieslingglas. Es wurde entwickelt, um den\" \/>\n<meta name=\"robots\" content=\"index, follow, max-snippet:-1, max-image-preview:large, max-video-preview:-1\" \/>\n<link rel=\"canonical\" href=\"https:\/\/www.erresse-shop.it\/de\/shop\/tisch\/trinkglaeser\/riedel-performance-champagne-satz-von-4-copia\/\" \/>\n<meta property=\"og:locale\" content=\"de_DE\" \/>\n<meta property=\"og:type\" content=\"article\" \/>\n<meta property=\"og:title\" content=\"RIEDEL Pay 3 Get 4 Performance Riesling\" \/>\n<meta property=\"og:description\" content=\"RIEDEL Performance Rieslingglas-Set \u2013 4-teilig Erh\u00f6hen Sie Ihr Verkostungserlebnis mit dem RIEDEL Performance Rieslingglas. Es wurde entwickelt, um den\" \/>\n<meta property=\"og:url\" content=\"https:\/\/www.erresse-shop.it\/de\/shop\/tisch\/trinkglaeser\/riedel-performance-champagne-satz-von-4-copia\/\" \/>\n<meta property=\"og:site_name\" content=\"Erresse Shop\" \/>\n<meta property=\"article:modified_time\" content=\"2025-03-20T09:58:18+00:00\" \/>\n<meta property=\"og:image\" content=\"https:\/\/www.erresse-shop.it\/wp-content\/uploads\/2025\/03\/RIEDEL-Pay-3-Get-4-Performance-Riesling.jpg\" \/>\n\t<meta property=\"og:image:width\" content=\"1200\" \/>\n\t<meta property=\"og:image:height\" content=\"1200\" \/>\n\t<meta property=\"og:image:type\" content=\"image\/jpeg\" \/>\n<meta name=\"twitter:card\" content=\"summary_large_image\" \/>\n<script type=\"application\/ld+json\" class=\"yoast-schema-graph\">{\"@context\":\"https:\/\/schema.org\",\"@graph\":[{\"@type\":\"WebPage\",\"@id\":\"https:\/\/www.erresse-shop.it\/de\/shop\/tisch\/trinkglaeser\/riedel-performance-champagne-satz-von-4-copia\/\",\"url\":\"https:\/\/www.erresse-shop.it\/de\/shop\/tisch\/trinkglaeser\/riedel-performance-champagne-satz-von-4-copia\/\",\"name\":\"RIEDEL Pay 3 Get 4 Performance Riesling - Erresse Shop\",\"isPartOf\":{\"@id\":\"https:\/\/www.erresse-shop.it\/de\/#website\"},\"datePublished\":\"2025-03-20T09:44:15+00:00\",\"dateModified\":\"2025-03-20T09:58:18+00:00\",\"description\":\"RIEDEL Performance Rieslingglas-Set \u2013 4-teilig Erh\u00f6hen Sie Ihr Verkostungserlebnis mit dem RIEDEL Performance Rieslingglas. Es wurde entwickelt, um den\",\"breadcrumb\":{\"@id\":\"https:\/\/www.erresse-shop.it\/de\/shop\/tisch\/trinkglaeser\/riedel-performance-champagne-satz-von-4-copia\/#breadcrumb\"},\"inLanguage\":\"de-DE\",\"potentialAction\":[{\"@type\":\"ReadAction\",\"target\":[\"https:\/\/www.erresse-shop.it\/de\/shop\/tisch\/trinkglaeser\/riedel-performance-champagne-satz-von-4-copia\/\"]}]},{\"@type\":\"BreadcrumbList\",\"@id\":\"https:\/\/www.erresse-shop.it\/de\/shop\/tisch\/trinkglaeser\/riedel-performance-champagne-satz-von-4-copia\/#breadcrumb\",\"itemListElement\":[{\"@type\":\"ListItem\",\"position\":1,\"name\":\"Home\",\"item\":\"https:\/\/www.erresse-shop.it\/de\/\"},{\"@type\":\"ListItem\",\"position\":2,\"name\":\"Shop\",\"item\":\"https:\/\/www.erresse-shop.it\/de\/shop\/\"},{\"@type\":\"ListItem\",\"position\":3,\"name\":\"RIEDEL Pay 3 Get 4 Performance Riesling\"}]},{\"@type\":\"WebSite\",\"@id\":\"https:\/\/www.erresse-shop.it\/de\/#website\",\"url\":\"https:\/\/www.erresse-shop.it\/de\/\",\"name\":\"Erresse Shop\",\"description\":\"Articoli di qualit\u00e0 per la casa\",\"potentialAction\":[{\"@type\":\"SearchAction\",\"target\":{\"@type\":\"EntryPoint\",\"urlTemplate\":\"https:\/\/www.erresse-shop.it\/de\/?s={search_term_string}\"},\"query-input\":\"required name=search_term_string\"}],\"inLanguage\":\"de-DE\"}]}<\/script>\n<!-- \/ Yoast SEO Premium plugin. -->","yoast_head_json":{"title":"RIEDEL Pay 3 Get 4 Performance Riesling - Erresse Shop","description":"RIEDEL Performance Rieslingglas-Set \u2013 4-teilig Erh\u00f6hen Sie Ihr Verkostungserlebnis mit dem RIEDEL Performance Rieslingglas. Es wurde entwickelt, um den","robots":{"index":"index","follow":"follow","max-snippet":"max-snippet:-1","max-image-preview":"max-image-preview:large","max-video-preview":"max-video-preview:-1"},"canonical":"https:\/\/www.erresse-shop.it\/de\/shop\/tisch\/trinkglaeser\/riedel-performance-champagne-satz-von-4-copia\/","og_locale":"de_DE","og_type":"article","og_title":"RIEDEL Pay 3 Get 4 Performance Riesling","og_description":"RIEDEL Performance Rieslingglas-Set \u2013 4-teilig Erh\u00f6hen Sie Ihr Verkostungserlebnis mit dem RIEDEL Performance Rieslingglas. Es wurde entwickelt, um den","og_url":"https:\/\/www.erresse-shop.it\/de\/shop\/tisch\/trinkglaeser\/riedel-performance-champagne-satz-von-4-copia\/","og_site_name":"Erresse Shop","article_modified_time":"2025-03-20T09:58:18+00:00","og_image":[{"width":1200,"height":1200,"url":"https:\/\/www.erresse-shop.it\/wp-content\/uploads\/2025\/03\/RIEDEL-Pay-3-Get-4-Performance-Riesling.jpg","type":"image\/jpeg"}],"twitter_card":"summary_large_image","schema":{"@context":"https:\/\/schema.org","@graph":[{"@type":"WebPage","@id":"https:\/\/www.erresse-shop.it\/de\/shop\/tisch\/trinkglaeser\/riedel-performance-champagne-satz-von-4-copia\/","url":"https:\/\/www.erresse-shop.it\/de\/shop\/tisch\/trinkglaeser\/riedel-performance-champagne-satz-von-4-copia\/","name":"RIEDEL Pay 3 Get 4 Performance Riesling - Erresse Shop","isPartOf":{"@id":"https:\/\/www.erresse-shop.it\/de\/#website"},"datePublished":"2025-03-20T09:44:15+00:00","dateModified":"2025-03-20T09:58:18+00:00","description":"RIEDEL Performance Rieslingglas-Set \u2013 4-teilig Erh\u00f6hen Sie Ihr Verkostungserlebnis mit dem RIEDEL Performance Rieslingglas. Es wurde entwickelt, um den","breadcrumb":{"@id":"https:\/\/www.erresse-shop.it\/de\/shop\/tisch\/trinkglaeser\/riedel-performance-champagne-satz-von-4-copia\/#breadcrumb"},"inLanguage":"de-DE","potentialAction":[{"@type":"ReadAction","target":["https:\/\/www.erresse-shop.it\/de\/shop\/tisch\/trinkglaeser\/riedel-performance-champagne-satz-von-4-copia\/"]}]},{"@type":"BreadcrumbList","@id":"https:\/\/www.erresse-shop.it\/de\/shop\/tisch\/trinkglaeser\/riedel-performance-champagne-satz-von-4-copia\/#breadcrumb","itemListElement":[{"@type":"ListItem","position":1,"name":"Home","item":"https:\/\/www.erresse-shop.it\/de\/"},{"@type":"ListItem","position":2,"name":"Shop","item":"https:\/\/www.erresse-shop.it\/de\/shop\/"},{"@type":"ListItem","position":3,"name":"RIEDEL Pay 3 Get 4 Performance Riesling"}]},{"@type":"WebSite","@id":"https:\/\/www.erresse-shop.it\/de\/#website","url":"https:\/\/www.erresse-shop.it\/de\/","name":"Erresse Shop","description":"Articoli di qualit\u00e0 per la casa","potentialAction":[{"@type":"SearchAction","target":{"@type":"EntryPoint","urlTemplate":"https:\/\/www.erresse-shop.it\/de\/?s={search_term_string}"},"query-input":"required name=search_term_string"}],"inLanguage":"de-DE"}]}},"df_price":39.825,"df_sale_price":39.825,"df_regular_price":88.5,"df_image_link":"https:\/\/www.erresse-shop.it\/wp-content\/uploads\/2025\/03\/RIEDEL-Pay-3-Get-4-Performance-Riesling-300x300.jpg","_links":{"self":[{"href":"https:\/\/www.erresse-shop.it\/de\/wp-json\/wp\/v2\/product\/481680"}],"collection":[{"href":"https:\/\/www.erresse-shop.it\/de\/wp-json\/wp\/v2\/product"}],"about":[{"href":"https:\/\/www.erresse-shop.it\/de\/wp-json\/wp\/v2\/types\/product"}],"wp:featuredmedia":[{"embeddable":true,"href":"https:\/\/www.erresse-shop.it\/de\/wp-json\/wp\/v2\/media\/481707"}],"wp:attachment":[{"href":"https:\/\/www.erresse-shop.it\/de\/wp-json\/wp\/v2\/media?parent=481680"}],"wp:term":[{"taxonomy":"product_cat","embeddable":true,"href":"https:\/\/www.erresse-shop.it\/de\/wp-json\/wp\/v2\/product_cat?post=481680"},{"taxonomy":"product_tag","embeddable":true,"href":"https:\/\/www.erresse-shop.it\/de\/wp-json\/wp\/v2\/product_tag?post=481680"}],"curies":[{"name":"wp","href":"https:\/\/api.w.org\/{rel}","templated":true}]}}