{"id":481597,"date":"2025-03-20T09:07:43","date_gmt":"2025-03-20T09:07:44","guid":{"rendered":"https:\/\/www.erresse-shop.it\/?post_type=product&#038;p=481597"},"modified":"2026-02-17T10:32:54","modified_gmt":"2026-02-17T10:32:54","slug":"riedel-set-summer-drinks","status":"publish","type":"product","link":"https:\/\/www.erresse-shop.it\/de\/shop\/tisch\/trinkglaeser\/riedel-set-summer-drinks\/","title":{"rendered":"RIEDEL Set Summer Drinks"},"content":{"rendered":"<article class=\"group\/turn w-full text-token-text-primary focus-visible:outline-2 focus-visible:outline-offset-[-4px]\" dir=\"auto\" tabindex=\"-1\" data-testid=\"conversation-turn-10\" data-scroll-anchor=\"true\">\n<div class=\"text-base my-auto mx-auto py-[18px] px-6\">\n<div class=\"mx-auto flex flex-1 text-base gap-4 md:gap-5 lg:gap-6 md:max-w-3xl\">\n<div class=\"group\/conversation-turn relative flex w-full min-w-0 flex-col agent-turn @xs\/thread:px-0 @sm\/thread:px-1.5 @md\/thread:px-4\">\n<div class=\"flex-col gap-1 md:gap-3\">\n<div class=\"flex max-w-full flex-col flex-grow\">\n<div class=\"min-h-8 text-message relative flex w-full flex-col items-end gap-2 whitespace-normal break-words text-start [.text-message+&amp;]:mt-5\" dir=\"auto\" data-message-author-role=\"assistant\" data-message-id=\"8f2a676c-74ea-4120-a2ff-e9546a300ccf\" data-message-model-slug=\"gpt-4o-mini\">\n<div class=\"flex w-full flex-col gap-1 empty:hidden first:pt-[3px]\">\n<div class=\"markdown prose w-full break-words dark:prose-invert dark\">\n<p data-start=\"0\" data-end=\"59\"><strong data-start=\"0\" data-end=\"59\">RIEDEL Cocktail und Aperitifglas-Set \u2013 4-teilig<\/strong><\/p>\n<p data-start=\"61\" data-end=\"391\">Machen Sie Ihre Sommerdrinks und Aperitifs zu etwas Besonderem mit diesem eleganten Set. Servieren Sie Ihre Lieblingsgetr\u00e4nke zu jedem Anlass perfekt. Das Set enth\u00e4lt Gl\u00e4ser, die sich ideal zum Verkosten von Wei\u00dfwein, Champagner und Spritz-Cocktails eignen und f\u00fcr ein angenehmes und stilvolles Geschmackserlebnis sorgen.<\/p>\n<p data-start=\"393\" data-end=\"792\">Perfekt f\u00fcr die Zubereitung eleganter Cocktails, das Servieren erfrischender Aperitifs, die Verkostung eines prickelnden Wei\u00dfweins oder den Genuss eines klassischen Gin Tonic. Jedes Glas unterstreicht die einzigartigen Eigenschaften jedes Getr\u00e4nks. Mit seinem vielseitigen und raffinierten Design ist dieses Set ein Must-have f\u00fcr jeden Getr\u00e4nkeliebhaber. Ideal f\u00fcr zu Hause oder als perfektes Geschenk f\u00fcr Cocktail- und Spirituosenliebhaber.<\/p>\n<p data-start=\"794\" data-end=\"827\"><strong data-start=\"794\" data-end=\"827\">Produktmerkmale:<\/strong><\/p>\n<ul data-start=\"828\" data-end=\"1190\">\n<li data-start=\"828\" data-end=\"915\">4er-Set Gl\u00e4ser, perfekt f\u00fcr Cocktails, Aperitifs, Wei\u00dfwein und Champagner<\/li>\n<li data-start=\"916\" data-end=\"969\">Hergestellt aus hochwertigem, klarem Kristall<\/li>\n<li data-start=\"970\" data-end=\"1019\">Maschinengefertigt f\u00fcr h\u00f6chste Pr\u00e4zision<\/li>\n<li data-start=\"1020\" data-end=\"1075\">Sp\u00fclmaschinenfest f\u00fcr einfache Pflege<\/li>\n<li data-start=\"1076\" data-end=\"1139\">Vielseitiges Design, ideal f\u00fcr Cocktails, Aperitifs und Spirituosen<\/li>\n<li data-start=\"1140\" data-end=\"1190\">Perfekt f\u00fcr zu Hause oder als elegantes Geschenk<\/li>\n<\/ul>\n<p data-start=\"1192\" data-end=\"1466\" data-is-last-node=\"\" data-is-only-node=\"\">Erleben Sie neue H\u00f6hen bei Ihren Drinks mit dem RIEDEL Mix-, Spirituosen- und Cocktail-Set. Mit einer Reihe von Stilen f\u00fcr jeden Geschmack ist dieses Set der perfekte Begleiter f\u00fcr jeden Anlass und verleiht Ihren entspannten Momenten Stil und Raffinesse.<\/p>\n<\/div>\n<\/div>\n<\/div>\n<\/div>\n<\/div>\n<\/div>\n<\/div>\n<\/div>\n<\/article>\n<p data-start=\"1366\" data-end=\"1628\" data-is-last-node=\"\" data-is-only-node=\"\">Fassungsverm\u00f6gen: 550,0 ccm<br \/>\nH\u00f6he: 236,0 mm<\/p>\n","protected":false},"excerpt":{"rendered":"<p>RIEDEL Cocktail und Aperitifglas-Set \u2013 4-teilig Machen Sie Ihre Sommerdrinks und Aperitifs zu etwas Besonderem mit diesem eleganten Set. Servieren<\/p>\n","protected":false},"featured_media":481630,"template":"","meta":{"_acf_changed":false,"inline_featured_image":false},"product_cat":[6787,6811],"product_tag":[25088,23705,11479,23911,11913,14411,22556,25022,21822,17756],"acf":[],"yoast_head":"<!-- This site is optimized with the Yoast SEO Premium plugin v18.6 (Yoast SEO v19.13) - https:\/\/yoast.com\/wordpress\/plugins\/seo\/ -->\n<title>RIEDEL Set Summer Drinks - Erresse Shop<\/title>\n<meta name=\"description\" content=\"RIEDEL Cocktail und Aperitifglas-Set \u2013 4-teilig Machen Sie Ihre Sommerdrinks und Aperitifs zu etwas Besonderem mit diesem eleganten Set. Servieren Sie\" \/>\n<meta name=\"robots\" content=\"index, follow, max-snippet:-1, max-image-preview:large, max-video-preview:-1\" \/>\n<link rel=\"canonical\" href=\"https:\/\/www.erresse-shop.it\/de\/shop\/tisch\/trinkglaeser\/riedel-set-summer-drinks\/\" \/>\n<meta property=\"og:locale\" content=\"de_DE\" \/>\n<meta property=\"og:type\" content=\"article\" \/>\n<meta property=\"og:title\" content=\"RIEDEL Set Summer Drinks\" \/>\n<meta property=\"og:description\" content=\"RIEDEL Cocktail und Aperitifglas-Set \u2013 4-teilig Machen Sie Ihre Sommerdrinks und Aperitifs zu etwas Besonderem mit diesem eleganten Set. Servieren Sie\" \/>\n<meta property=\"og:url\" content=\"https:\/\/www.erresse-shop.it\/de\/shop\/tisch\/trinkglaeser\/riedel-set-summer-drinks\/\" \/>\n<meta property=\"og:site_name\" content=\"Erresse Shop\" \/>\n<meta property=\"article:modified_time\" content=\"2026-02-17T10:32:54+00:00\" \/>\n<meta property=\"og:image\" content=\"https:\/\/www.erresse-shop.it\/wp-content\/uploads\/2025\/03\/RIEDEL-Set-Summer-Drinks.jpg\" \/>\n\t<meta property=\"og:image:width\" content=\"1200\" \/>\n\t<meta property=\"og:image:height\" content=\"1200\" \/>\n\t<meta property=\"og:image:type\" content=\"image\/jpeg\" \/>\n<meta name=\"twitter:card\" content=\"summary_large_image\" \/>\n<script type=\"application\/ld+json\" class=\"yoast-schema-graph\">{\"@context\":\"https:\/\/schema.org\",\"@graph\":[{\"@type\":\"WebPage\",\"@id\":\"https:\/\/www.erresse-shop.it\/de\/shop\/tisch\/trinkglaeser\/riedel-set-summer-drinks\/\",\"url\":\"https:\/\/www.erresse-shop.it\/de\/shop\/tisch\/trinkglaeser\/riedel-set-summer-drinks\/\",\"name\":\"RIEDEL Set Summer Drinks - Erresse Shop\",\"isPartOf\":{\"@id\":\"https:\/\/www.erresse-shop.it\/de\/#website\"},\"datePublished\":\"2025-03-20T09:07:44+00:00\",\"dateModified\":\"2026-02-17T10:32:54+00:00\",\"description\":\"RIEDEL Cocktail und Aperitifglas-Set \u2013 4-teilig Machen Sie Ihre Sommerdrinks und Aperitifs zu etwas Besonderem mit diesem eleganten Set. Servieren Sie\",\"breadcrumb\":{\"@id\":\"https:\/\/www.erresse-shop.it\/de\/shop\/tisch\/trinkglaeser\/riedel-set-summer-drinks\/#breadcrumb\"},\"inLanguage\":\"de-DE\",\"potentialAction\":[{\"@type\":\"ReadAction\",\"target\":[\"https:\/\/www.erresse-shop.it\/de\/shop\/tisch\/trinkglaeser\/riedel-set-summer-drinks\/\"]}]},{\"@type\":\"BreadcrumbList\",\"@id\":\"https:\/\/www.erresse-shop.it\/de\/shop\/tisch\/trinkglaeser\/riedel-set-summer-drinks\/#breadcrumb\",\"itemListElement\":[{\"@type\":\"ListItem\",\"position\":1,\"name\":\"Home\",\"item\":\"https:\/\/www.erresse-shop.it\/de\/\"},{\"@type\":\"ListItem\",\"position\":2,\"name\":\"Shop\",\"item\":\"https:\/\/www.erresse-shop.it\/de\/shop\/\"},{\"@type\":\"ListItem\",\"position\":3,\"name\":\"RIEDEL Set Summer Drinks\"}]},{\"@type\":\"WebSite\",\"@id\":\"https:\/\/www.erresse-shop.it\/de\/#website\",\"url\":\"https:\/\/www.erresse-shop.it\/de\/\",\"name\":\"Erresse Shop\",\"description\":\"Articoli di qualit\u00e0 per la casa\",\"potentialAction\":[{\"@type\":\"SearchAction\",\"target\":{\"@type\":\"EntryPoint\",\"urlTemplate\":\"https:\/\/www.erresse-shop.it\/de\/?s={search_term_string}\"},\"query-input\":\"required name=search_term_string\"}],\"inLanguage\":\"de-DE\"}]}<\/script>\n<!-- \/ Yoast SEO Premium plugin. -->","yoast_head_json":{"title":"RIEDEL Set Summer Drinks - Erresse Shop","description":"RIEDEL Cocktail und Aperitifglas-Set \u2013 4-teilig Machen Sie Ihre Sommerdrinks und Aperitifs zu etwas Besonderem mit diesem eleganten Set. Servieren Sie","robots":{"index":"index","follow":"follow","max-snippet":"max-snippet:-1","max-image-preview":"max-image-preview:large","max-video-preview":"max-video-preview:-1"},"canonical":"https:\/\/www.erresse-shop.it\/de\/shop\/tisch\/trinkglaeser\/riedel-set-summer-drinks\/","og_locale":"de_DE","og_type":"article","og_title":"RIEDEL Set Summer Drinks","og_description":"RIEDEL Cocktail und Aperitifglas-Set \u2013 4-teilig Machen Sie Ihre Sommerdrinks und Aperitifs zu etwas Besonderem mit diesem eleganten Set. Servieren Sie","og_url":"https:\/\/www.erresse-shop.it\/de\/shop\/tisch\/trinkglaeser\/riedel-set-summer-drinks\/","og_site_name":"Erresse Shop","article_modified_time":"2026-02-17T10:32:54+00:00","og_image":[{"width":1200,"height":1200,"url":"https:\/\/www.erresse-shop.it\/wp-content\/uploads\/2025\/03\/RIEDEL-Set-Summer-Drinks.jpg","type":"image\/jpeg"}],"twitter_card":"summary_large_image","schema":{"@context":"https:\/\/schema.org","@graph":[{"@type":"WebPage","@id":"https:\/\/www.erresse-shop.it\/de\/shop\/tisch\/trinkglaeser\/riedel-set-summer-drinks\/","url":"https:\/\/www.erresse-shop.it\/de\/shop\/tisch\/trinkglaeser\/riedel-set-summer-drinks\/","name":"RIEDEL Set Summer Drinks - Erresse Shop","isPartOf":{"@id":"https:\/\/www.erresse-shop.it\/de\/#website"},"datePublished":"2025-03-20T09:07:44+00:00","dateModified":"2026-02-17T10:32:54+00:00","description":"RIEDEL Cocktail und Aperitifglas-Set \u2013 4-teilig Machen Sie Ihre Sommerdrinks und Aperitifs zu etwas Besonderem mit diesem eleganten Set. Servieren Sie","breadcrumb":{"@id":"https:\/\/www.erresse-shop.it\/de\/shop\/tisch\/trinkglaeser\/riedel-set-summer-drinks\/#breadcrumb"},"inLanguage":"de-DE","potentialAction":[{"@type":"ReadAction","target":["https:\/\/www.erresse-shop.it\/de\/shop\/tisch\/trinkglaeser\/riedel-set-summer-drinks\/"]}]},{"@type":"BreadcrumbList","@id":"https:\/\/www.erresse-shop.it\/de\/shop\/tisch\/trinkglaeser\/riedel-set-summer-drinks\/#breadcrumb","itemListElement":[{"@type":"ListItem","position":1,"name":"Home","item":"https:\/\/www.erresse-shop.it\/de\/"},{"@type":"ListItem","position":2,"name":"Shop","item":"https:\/\/www.erresse-shop.it\/de\/shop\/"},{"@type":"ListItem","position":3,"name":"RIEDEL Set Summer Drinks"}]},{"@type":"WebSite","@id":"https:\/\/www.erresse-shop.it\/de\/#website","url":"https:\/\/www.erresse-shop.it\/de\/","name":"Erresse Shop","description":"Articoli di qualit\u00e0 per la casa","potentialAction":[{"@type":"SearchAction","target":{"@type":"EntryPoint","urlTemplate":"https:\/\/www.erresse-shop.it\/de\/?s={search_term_string}"},"query-input":"required name=search_term_string"}],"inLanguage":"de-DE"}]}},"df_price":16.875,"df_sale_price":16.875,"df_regular_price":37.5,"df_image_link":"https:\/\/www.erresse-shop.it\/wp-content\/uploads\/2025\/03\/RIEDEL-Set-Summer-Drinks-300x300.jpg","_links":{"self":[{"href":"https:\/\/www.erresse-shop.it\/de\/wp-json\/wp\/v2\/product\/481597"}],"collection":[{"href":"https:\/\/www.erresse-shop.it\/de\/wp-json\/wp\/v2\/product"}],"about":[{"href":"https:\/\/www.erresse-shop.it\/de\/wp-json\/wp\/v2\/types\/product"}],"wp:featuredmedia":[{"embeddable":true,"href":"https:\/\/www.erresse-shop.it\/de\/wp-json\/wp\/v2\/media\/481630"}],"wp:attachment":[{"href":"https:\/\/www.erresse-shop.it\/de\/wp-json\/wp\/v2\/media?parent=481597"}],"wp:term":[{"taxonomy":"product_cat","embeddable":true,"href":"https:\/\/www.erresse-shop.it\/de\/wp-json\/wp\/v2\/product_cat?post=481597"},{"taxonomy":"product_tag","embeddable":true,"href":"https:\/\/www.erresse-shop.it\/de\/wp-json\/wp\/v2\/product_tag?post=481597"}],"curies":[{"name":"wp","href":"https:\/\/api.w.org\/{rel}","templated":true}]}}